{"id":2,"date":"2023-03-11T19:10:15","date_gmt":"2023-03-11T18:10:15","guid":{"rendered":"https:\/\/law.prf.cuni.cz\/spravadani\/?page_id=2"},"modified":"2023-10-01T14:19:37","modified_gmt":"2023-10-01T12:19:37","slug":"zkusebni-stranka","status":"publish","type":"page","link":"https:\/\/law.prf.cuni.cz\/spravadani\/","title":{"rendered":"Konference Spr\u00e1va dan\u00ed"},"content":{"rendered":"\n<div class=\"wp-block-group alignwide has-background\" style=\"background-color:#ffffff\"><div class=\"wp-block-group__inner-container is-layout-flow wp-block-group-is-layout-flow\">\n<div class=\"wp-block-group alignfull is-vertical is-content-justification-center is-layout-flex wp-container-core-group-is-layout-1 wp-block-group-is-layout-flex\">\n<p class=\"has-text-align-center\" id=\"site-header\">Katedra finan\u010dn\u00edho pr\u00e1va a finan\u010dn\u00ed v\u011bdy Pr\u00e1vnick\u00e9 fakulty Univerzity Karlovy <br>srde\u010dn\u011b zve na odbornou konferenci <\/p>\n\n\n\n<h1 class=\"wp-block-heading has-text-align-center has-accent-color has-text-color\"><strong>SPR\u00c1VA DAN\u00cd<\/strong><\/h1>\n\n\n\n<p class=\"has-text-align-left has-background\" style=\"background-color:#ffffff00\">C\u00edlem konference je poskytnout prostor pro setk\u00e1n\u00ed odborn\u00edk\u016f na da\u0148ov\u00e9 pr\u00e1vo z \u0159ad da\u0148ov\u00fdch poradc\u016f, advok\u00e1t\u016f, pracovn\u00edk\u016f spr\u00e1vc\u016f dan\u011b, soudc\u016f a akademik\u016f nad aktu\u00e1ln\u00edmi t\u00e9maty spr\u00e1vy dan\u00ed. T\u011bmi mohou b\u00fdt nap\u0159\u00edklad:<\/p>\n\n\n\n<ul class=\"wp-block-list\">\n<li>Vyhled\u00e1vac\u00ed a kontroln\u00ed postupy<\/li>\n\n\n\n<li>Vztah trestn\u00edho \u0159\u00edzen\u00ed a spr\u00e1vy dan\u00ed<\/li>\n\n\n\n<li>Dokazov\u00e1n\u00ed ve spr\u00e1v\u011b dan\u00ed<\/li>\n\n\n\n<li>P\u0159\u00edslu\u0161enstv\u00ed dan\u011b<\/li>\n\n\n\n<li>Esenci\u00e1ln\u00ed v\u00fddaje p\u0159i stanoven\u00ed dan\u011b pomoc\u00ed pom\u016fcek<\/li>\n<\/ul>\n\n\n\n<p class=\"mxw-75 annotation\"><\/p>\n\n\n\n<p><\/p>\n\n\n\n<p><\/p>\n\n\n\n<p><\/p>\n\n\n\n<p class=\"has-text-align-center mxw-75 annotation\"><strong>6. \u0159\u00edjna 2023<\/strong>, <strong>Pr\u00e1vnick\u00e1 fakulta Univerzity Karlovy<\/strong><br>(n\u00e1m. Curieov\u00fdch 7, 116 40 Star\u00e9 M\u011bsto, Praha 1)<\/p>\n\n\n\n<div style=\"height:0px\" aria-hidden=\"true\" class=\"wp-block-spacer wp-container-content-1\"><\/div>\n\n\n\n<div class=\"wp-block-buttons is-horizontal is-content-justification-center is-layout-flex wp-container-core-buttons-is-layout-1 wp-block-buttons-is-layout-flex\">\n<div class=\"wp-block-button is-style-fill\"><a class=\"wp-block-button__link has-accent-background-color has-background wp-element-button\" href=\"https:\/\/law.prf.cuni.cz\/spravadani\/wp-content\/uploads\/sites\/12\/2023\/10\/Program-konference.pdf\" target=\"_blank\" rel=\"noreferrer noopener\">program<\/a><\/div>\n<\/div>\n\n\n\n<h2 class=\"wp-block-heading has-text-align-center test\">D\u016fle\u017eit\u00e9 informace<\/h2>\n\n\n\n<div class=\"wp-block-columns alignfull has-text-color has-background is-layout-flex wp-container-core-columns-is-layout-1 wp-block-columns-is-layout-flex\" style=\"color:#000000;background-color:#ffffff\">\n<div class=\"wp-block-column konani is-layout-flow wp-block-column-is-layout-flow\">\n<p class=\"has-text-align-center box box--border has-primary-color has-text-color\">P\u0159ihla\u0161ov\u00e1n\u00ed (aktivn\u00ed \u00fa\u010dast)<\/p>\n\n\n\n<p class=\"has-text-align-center has-primary-color has-text-color\"><strong>do p\u00e1tku 4. 8. 2023<\/strong><\/p>\n\n\n\n<p class=\"has-text-align-center\"><strong>UZAV\u0158ENO<\/strong><\/p>\n<\/div>\n\n\n\n<div class=\"wp-block-column prihlaseni is-layout-flow wp-block-column-is-layout-flow\">\n<p class=\"has-text-align-center box box--full\">Odevzd\u00e1n\u00ed p\u0159\u00edsp\u011bvk\u016f<\/p>\n\n\n\n<p class=\"has-text-align-center has-primary-color has-text-color\"><strong><strong>do p\u00e1tku 22. 9. 2023<\/strong><\/strong><\/p>\n<\/div>\n\n\n\n<div class=\"wp-block-column odevzdani is-layout-flow wp-block-column-is-layout-flow\">\n<p class=\"has-text-align-center box box--gray\">P\u0159ihla\u0161ov\u00e1n\u00ed (pasivn\u00ed \u00fa\u010dast)<\/p>\n\n\n\n<p class=\"has-text-align-center mb-0 has-primary-color has-text-color\"><strong><strong>do soboty 30. 9. 2023<\/strong><\/strong><\/p>\n\n\n\n<p><\/p>\n\n\n\n<p class=\"has-text-align-center mb-0 has-primary-color has-text-color\"><strong>UZAV\u0158ENO <\/strong><\/p>\n\n\n\n<p class=\"has-text-align-center\"><strong>(kapacita napln\u011bna)<\/strong><\/p>\n<\/div>\n<\/div>\n\n\n\n<ul class=\"wp-block-list\">\n<li>Konference se lze \u00fa\u010dastnit aktivn\u011b (s p\u0159\u00edsp\u011bvkem) i pasivn\u011b (pouze jako div\u00e1k a poslucha\u010d). V obou p\u0159\u00edpadech je nezbytn\u00e9 se p\u0159edem registrovat.<\/li>\n\n\n\n<li>P\u00edsemn\u00e9 vyhotoven\u00ed p\u0159\u00edsp\u011bvku je nutn\u00e9 zpracovat do \u0161ablony uve\u0159ejn\u011bn\u00e9 zde: <a href=\"https:\/\/law.prf.cuni.cz\/spravadani\/wp-content\/uploads\/sites\/12\/2023\/08\/Sablona-clanku-cs-sk.docx\" title=\"\">\u0160ablona pro p\u0159\u00edsp\u011bvek (\u010desky)<\/a>, <a href=\"https:\/\/law.prf.cuni.cz\/spravadani\/wp-content\/uploads\/sites\/12\/2023\/08\/Article-Template-en.docx\" target=\"_blank\" rel=\"noopener\" title=\"\u0160ablona pro p\u0159\u00edsp\u011bvek (anglicky)\">\u0160ablona pro p\u0159\u00edsp\u011bvek (anglicky)<\/a><\/li>\n\n\n\n<li>P\u00edsemn\u00e9 vyhotoven\u00ed p\u0159\u00edsp\u011bvku zas\u00edlejte v\u00fdhradn\u011b na emailovou adresu <a href=\"mailto:spravadani@prf.cuni.cz\" target=\"_blank\" rel=\"noopener\" title=\"\">spravadani@prf.cuni.cz<\/a>.<\/li>\n\n\n\n<li>V pr\u016fb\u011bhu konference bude zaji\u0161t\u011bno drobn\u00e9 ob\u010derstven\u00ed.<\/li>\n\n\n\n<li>Konferen\u010dn\u00ed poplatek se nevyb\u00edr\u00e1.<\/li>\n\n\n\n<li>Organiz\u00e1to\u0159i nezaji\u0161tuj\u00ed ubytov\u00e1n\u00ed.<\/li>\n<\/ul>\n\n\n\n<div style=\"height:0px\" aria-hidden=\"true\" class=\"wp-block-spacer wp-container-content-2\"><\/div>\n\n\n\n<h4 class=\"wp-block-heading\">Publika\u010dn\u00ed v\u00fdstupy<\/h4>\n\n\n\n<h5 class=\"wp-block-heading\">Postkonferen\u010dn\u00ed sborn\u00edk<\/h5>\n\n\n\n<p>V\u00fdstupem z konference bude recenzovan\u00fd postkonferen\u010dn\u00ed sborn\u00edk ve form\u011b e-booku dostupn\u00e9ho v re\u017eimu open access. Podm\u00ednkou za\u0159azen\u00ed p\u0159\u00edsp\u011bvku do sborn\u00edku je jeho v\u010dasn\u00e9 odevzd\u00e1n\u00ed a \u00fasp\u011b\u0161nost v recenzn\u00edm \u0159\u00edzen\u00ed (pop\u0159\u00edpad\u011b dostate\u010dn\u00e9 vypo\u0159\u00e1d\u00e1n\u00ed p\u0159ipom\u00ednek recenzent\u016f).<\/p>\n\n\n\n<h5 class=\"wp-block-heading\">Monografie<\/h5>\n\n\n\n<p>V r\u00e1mci vstupn\u00edho konferen\u010dn\u00edho budou prezentov\u00e1na d\u00edl\u010d\u00ed t\u00e9mata z p\u0159ipravovan\u00e9 monografie zam\u011b\u0159en\u00e9 na kontroln\u00ed postupy p\u0159i spr\u00e1v\u011b dan\u00ed.<\/p>\n\n\n\n<h2 class=\"wp-block-heading has-text-align-center\">Kontakty<\/h2>\n\n\n\n<div class=\"wp-block-columns is-layout-flex wp-container-core-columns-is-layout-2 wp-block-columns-is-layout-flex\">\n<div class=\"wp-block-column is-layout-flow wp-block-column-is-layout-flow\">\n<h5 class=\"wp-block-heading\">Organiza\u010dn\u00ed v\u00fdbor<\/h5>\n\n\n\n<p>Mgr. Ond\u0159ej M\u00e1lek<br>JUDr. Mgr. Michal Tul\u00e1\u010dek, Ph.D.<\/p>\n\n\n\n<p><a href=\"mailto:spravadani@prf.cuni.cz\" target=\"_blank\" rel=\"noopener\" title=\"mailto:spravadani@prf.cuni.cz\">spravadani@prf.cuni.cz<\/a><\/p>\n<\/div>\n\n\n\n<div class=\"wp-block-column is-layout-flow wp-block-column-is-layout-flow\">\n<h5 class=\"wp-block-heading\">Odborn\u00fd garant<\/h5>\n\n\n\n<p>prof. JUDr. Radim Boh\u00e1\u010d, Ph.D.<\/p>\n<\/div>\n<\/div>\n<\/div>\n<\/div><\/div>\n","protected":false},"excerpt":{"rendered":"<p>Katedra finan\u010dn\u00edho pr\u00e1va a finan\u010dn\u00ed v\u011bdy Pr\u00e1vnick\u00e9 fakulty Univerzity Karlovy srde\u010dn\u011b zve na odbornou konferenci SPR\u00c1VA DAN\u00cd C\u00edlem konference je poskytnout prostor pro setk\u00e1n\u00ed odborn\u00edk\u016f na da\u0148ov\u00e9 pr\u00e1vo z \u0159ad da\u0148ov\u00fdch poradc\u016f, advok\u00e1t\u016f, pracovn\u00edk\u016f spr\u00e1vc\u016f dan\u011b, soudc\u016f a akademik\u016f nad aktu\u00e1ln\u00edmi t\u00e9maty spr\u00e1vy dan\u00ed. T\u011bmi mohou b\u00fdt nap\u0159\u00edklad: 6. \u0159\u00edjna 2023, Pr\u00e1vnick\u00e1 fakulta Univerzity Karlovy(n\u00e1m. [&hellip;]<\/p>\n","protected":false},"author":1,"featured_media":0,"parent":0,"menu_order":0,"comment_status":"closed","ping_status":"open","template":"","meta":{"_monsterinsights_skip_tracking":false,"_monsterinsights_sitenote_active":false,"_monsterinsights_sitenote_note":"","_monsterinsights_sitenote_category":0,"_kadence_starter_templates_imported_post":false,"footnotes":""},"class_list":["post-2","page","type-page","status-publish","hentry"],"aioseo_notices":[],"_links":{"self":[{"href":"https:\/\/law.prf.cuni.cz\/spravadani\/wp-json\/wp\/v2\/pages\/2","targetHints":{"allow":["GET"]}}],"collection":[{"href":"https:\/\/law.prf.cuni.cz\/spravadani\/wp-json\/wp\/v2\/pages"}],"about":[{"href":"https:\/\/law.prf.cuni.cz\/spravadani\/wp-json\/wp\/v2\/types\/page"}],"author":[{"embeddable":true,"href":"https:\/\/law.prf.cuni.cz\/spravadani\/wp-json\/wp\/v2\/users\/1"}],"replies":[{"embeddable":true,"href":"https:\/\/law.prf.cuni.cz\/spravadani\/wp-json\/wp\/v2\/comments?post=2"}],"version-history":[{"count":71,"href":"https:\/\/law.prf.cuni.cz\/spravadani\/wp-json\/wp\/v2\/pages\/2\/revisions"}],"predecessor-version":[{"id":146,"href":"https:\/\/law.prf.cuni.cz\/spravadani\/wp-json\/wp\/v2\/pages\/2\/revisions\/146"}],"wp:attachment":[{"href":"https:\/\/law.prf.cuni.cz\/spravadani\/wp-json\/wp\/v2\/media?parent=2"}],"curies":[{"name":"wp","href":"https:\/\/api.w.org\/{rel}","templated":true}]}}