{"id":25971,"date":"2023-12-16T12:33:44","date_gmt":"2023-12-16T11:33:44","guid":{"rendered":"https:\/\/law.prf.cuni.cz\/repro-just\/archiv\/"},"modified":"2023-12-16T12:33:44","modified_gmt":"2023-12-16T11:33:44","slug":"archiv","status":"publish","type":"page","link":"https:\/\/law.prf.cuni.cz\/repro-just\/archiv\/","title":{"rendered":"Archiv"},"content":{"rendered":"\n<h1 class=\"wp-block-heading has-text-align-center has-black-color has-text-color has-large-font-size\">Archiv aktualit<\/h1>\n\n\n\n<div class=\"wp-block-group alignfull has-ast-global-color-5-background-color has-background is-layout-flow wp-block-group-is-layout-flow\" style=\"margin-top:0px;margin-bottom:0px\">\n<div class=\"wp-block-columns are-vertically-aligned-top is-layout-flex wp-container-core-columns-is-layout-1 wp-block-columns-is-layout-flex\" style=\"padding-top:0px;padding-bottom:0px\">\n<div class=\"wp-block-column is-vertically-aligned-top is-layout-flow wp-block-column-is-layout-flow\">\n<div class=\"wp-block-cover\" style=\"margin-top:0;margin-bottom:0;padding-top:0;padding-bottom:0\"><span aria-hidden=\"true\" class=\"wp-block-cover__background has-ast-global-color-3-background-color has-background-dim-80 has-background-dim\"><\/span><img loading=\"lazy\" decoding=\"async\" width=\"800\" height=\"800\" class=\"wp-block-cover__image-background wp-image-25678\" alt=\"\" src=\"https:\/\/law.prf.cuni.cz\/repro-just\/wp-content\/uploads\/sites\/33\/2023\/10\/znas.png\" data-object-fit=\"cover\" \/><div class=\"wp-block-cover__inner-container is-layout-flow wp-block-cover-is-layout-flow\">\n<figure class=\"wp-block-image\"><img decoding=\"async\" src=\"http:\/\/pravavpraze.fun\/wp-content\/uploads\/2023\/03\/LDH_III.png\" alt=\"\" class=\"wp-image-25511\" \/><\/figure>\n\n\n\n<h3 class=\"wp-block-heading has-ast-global-color-5-color has-text-color has-link-color\"><a href=\"https:\/\/www.prf.cuni.cz\/sites\/default\/files\/uploads\/files\/LDH_4_23.pdf\">Tresty za zn\u00e1siln\u011bn\u00ed <\/a><br><a href=\"https:\/\/www.prf.cuni.cz\/sites\/default\/files\/uploads\/files\/LDH_4_23.pdf\">jsou druh\u00e9 nejp\u0159\u00edsn\u011bj\u0161\u00ed <\/a><br><a href=\"https:\/\/www.prf.cuni.cz\/sites\/default\/files\/uploads\/files\/LDH_4_23.pdf\">po vra\u017ed\u011b<\/a><br><\/h3>\n\n\n\n<hr class=\"wp-block-separator has-text-color has-ast-global-color-0-color has-css-opacity has-ast-global-color-0-background-color has-background is-style-wide\" \/>\n\n\n\n<p><em> <\/em><\/p>\n\n\n\n<div class=\"wp-block-buttons is-layout-flex wp-block-buttons-is-layout-flex\">\n<div class=\"wp-block-button\"><a class=\"wp-block-button__link wp-element-button\" href=\"https:\/\/www.prf.cuni.cz\/sites\/default\/files\/uploads\/files\/LDH_4_23.pdf\">studie VI.<\/a><\/div>\n<\/div>\n\n\n\n<div class=\"wp-block-buttons is-layout-flex wp-block-buttons-is-layout-flex\">\n<div class=\"wp-block-button\"><a class=\"wp-block-button__link has-ast-global-color-0-color has-ast-global-color-5-background-color has-text-color has-background wp-element-button\" href=\"https:\/\/www.prf.cuni.cz\/sites\/default\/files\/uploads\/files\/Tiskova%CC%81%20zpra%CC%81va%20ze%20dne%206.%206.%202023%20-%20Tresty%20za%20zna%CC%81silne%CC%8Cni%CC%81%20jsou%20druhe%CC%81%20nejpr%CC%8Ci%CC%81sne%CC%8Cjs%CC%8Ci%CC%81%20po%20vraz%CC%8Cde%CC%8C%20%3A%20studie%20Legal%20Data%20Hub_0.docx\"><em>Tiskov\u00e1 zpr\u00e1va<\/em><\/a><\/div>\n<\/div>\n<\/div><\/div>\n<\/div>\n\n\n\n<div class=\"wp-block-column is-vertically-aligned-top is-layout-flow wp-block-column-is-layout-flow\" style=\"padding-top:0;padding-bottom:0\">\n<div class=\"wp-block-cover\"><span aria-hidden=\"true\" class=\"wp-block-cover__background has-ast-global-color-3-background-color has-background-dim-80 has-background-dim\"><\/span><img loading=\"lazy\" decoding=\"async\" width=\"800\" height=\"800\" class=\"wp-block-cover__image-background wp-image-25552\" alt=\"\" src=\"https:\/\/law.prf.cuni.cz\/repro-just\/wp-content\/uploads\/sites\/33\/2023\/05\/soudy.png\" data-object-fit=\"cover\" \/><div class=\"wp-block-cover__inner-container is-layout-flow wp-block-cover-is-layout-flow\">\n<figure class=\"wp-block-image\"><img decoding=\"async\" src=\"http:\/\/pravavpraze.fun\/wp-content\/uploads\/2023\/03\/LDH_II.png\" alt=\"\" class=\"wp-image-25510\" \/><\/figure>\n\n\n\n<h3 class=\"wp-block-heading has-white-color has-text-color has-link-color\">Jak \u010desk\u00e9 soudy rozhoduj\u00ed o v\u00fd\u017eivn\u00e9m<br><br>   <\/h3>\n\n\n\n<hr class=\"wp-block-separator has-text-color has-ast-global-color-0-color has-css-opacity has-ast-global-color-0-background-color has-background is-style-wide\" \/>\n\n\n\n<p><\/p>\n\n\n\n<div class=\"wp-block-buttons is-layout-flex wp-block-buttons-is-layout-flex\">\n<div class=\"wp-block-button\"><a class=\"wp-block-button__link wp-element-button\" href=\"https:\/\/www.prf.cuni.cz\/sites\/default\/files\/uploads\/files\/LDH-2023-03-Jak-ceske-soudy-rozhoduji-o-vyzivnem.pdf\">studie V.<\/a><\/div>\n<\/div>\n\n\n\n<div class=\"wp-block-buttons is-layout-flex wp-block-buttons-is-layout-flex\">\n<div class=\"wp-block-button\"><a class=\"wp-block-button__link has-ast-global-color-0-color has-ast-global-color-5-background-color has-text-color has-background wp-element-button\"><em>Tiskov\u00e1 zpr\u00e1va<\/em><\/a><\/div>\n<\/div>\n<\/div><\/div>\n<\/div>\n\n\n\n<div class=\"wp-block-column is-vertically-aligned-top is-layout-flow wp-block-column-is-layout-flow\" style=\"padding-top:0;padding-bottom:0\">\n<div class=\"wp-block-cover\"><span aria-hidden=\"true\" class=\"wp-block-cover__background has-ast-global-color-3-background-color has-background-dim-80 has-background-dim\"><\/span><img loading=\"lazy\" decoding=\"async\" width=\"800\" height=\"800\" class=\"wp-block-cover__image-background wp-image-25551\" alt=\"\" src=\"https:\/\/law.prf.cuni.cz\/repro-just\/wp-content\/uploads\/sites\/33\/2023\/05\/mereni.png\" data-object-fit=\"cover\" \/><div class=\"wp-block-cover__inner-container is-layout-flow wp-block-cover-is-layout-flow\">\n<figure class=\"wp-block-image\"><img decoding=\"async\" src=\"http:\/\/pravavpraze.fun\/wp-content\/uploads\/2023\/03\/LDH_I.png\" alt=\"\" class=\"wp-image-25509\" \/><\/figure>\n\n\n\n<h3 class=\"wp-block-heading has-ast-global-color-5-color has-text-color has-link-color\"><a href=\"https:\/\/www.prf.cuni.cz\/aktuality\/jak-zlepsit-vyber-pokut-experiment-se-zjednodusenim-informaci\" target=\"_blank\" rel=\"noopener\" title=\"\">Jak zlep\u0161it v\u00fdb\u011br pokut? Experiment se zjednodu\u0161en\u00edm informac\u00ed<\/a><\/h3>\n\n\n\n<hr class=\"wp-block-separator has-text-color has-ast-global-color-0-color has-css-opacity has-ast-global-color-0-background-color has-background is-style-wide\" \/>\n\n\n\n<p><\/p>\n\n\n\n<div class=\"wp-block-buttons is-layout-flex wp-block-buttons-is-layout-flex\">\n<div class=\"wp-block-button\"><a class=\"wp-block-button__link wp-element-button\" href=\"https:\/\/www.prf.cuni.cz\/sites\/default\/files\/uploads\/files\/HUB_studie_Jak%20zleps%CC%8Cit%20vy%CC%81be%CC%8Cr%20pokut_0.pdf\">studie IV.<\/a><\/div>\n<\/div>\n\n\n\n<div class=\"wp-block-buttons is-layout-flex wp-block-buttons-is-layout-flex\">\n<div class=\"wp-block-button\"><a class=\"wp-block-button__link has-ast-global-color-1-color has-ast-global-color-5-background-color has-text-color has-background wp-element-button\" href=\"https:\/\/www.prf.cuni.cz\/sites\/default\/files\/uploads\/files\/TZ_LDH2023-Jak%20zleps%CC%8Cit%20vy%CC%81be%CC%8Cr%20pokut.docx\"><em>Tiskov\u00e1 zpr\u00e1va<\/em><\/a><\/div>\n<\/div>\n<\/div><\/div>\n<\/div>\n<\/div>\n\n\n\n<div style=\"height:20px\" aria-hidden=\"true\" class=\"wp-block-spacer\"><\/div>\n\n\n\n<div class=\"wp-block-columns are-vertically-aligned-top is-layout-flex wp-container-core-columns-is-layout-2 wp-block-columns-is-layout-flex\" style=\"padding-top:0px;padding-bottom:0px\">\n<div class=\"wp-block-column is-vertically-aligned-top is-layout-flow wp-block-column-is-layout-flow\">\n<div class=\"wp-block-cover\"><span aria-hidden=\"true\" class=\"wp-block-cover__background has-ast-global-color-3-background-color has-background-dim-80 has-background-dim\"><\/span><img loading=\"lazy\" decoding=\"async\" width=\"800\" height=\"800\" class=\"wp-block-cover__image-background wp-image-25538\" alt=\"\" src=\"https:\/\/law.prf.cuni.cz\/repro-just\/wp-content\/uploads\/sites\/33\/2023\/05\/LDH_III.png\" data-object-fit=\"cover\" \/><div class=\"wp-block-cover__inner-container is-layout-flow wp-block-cover-is-layout-flow\">\n<figure class=\"wp-block-image\"><img decoding=\"async\" src=\"http:\/\/pravavpraze.fun\/wp-content\/uploads\/2023\/03\/LDH_III.png\" alt=\"\" class=\"wp-image-25511\" \/><\/figure>\n\n\n\n<h3 class=\"wp-block-heading has-ast-global-color-5-color has-text-color has-link-color\"><a href=\"https:\/\/www.prf.cuni.cz\/sites\/default\/files\/uploads\/files\/LDH2023-1-Kompenzace-ujmy-obetem-znasilneni.pdf\" target=\"_blank\" rel=\"noopener\" title=\"\">Kompenzace \u00fajmy ob\u011btem zn\u00e1siln\u011bn\u00ed: jak\u00e1 je realita?<\/a><br><\/h3>\n\n\n\n<hr class=\"wp-block-separator has-text-color has-ast-global-color-0-color has-css-opacity has-ast-global-color-0-background-color has-background is-style-wide\" \/>\n\n\n\n<p><\/p>\n\n\n\n<div class=\"wp-block-buttons is-layout-flex wp-block-buttons-is-layout-flex\">\n<div class=\"wp-block-button\"><a class=\"wp-block-button__link wp-element-button\" href=\"https:\/\/www.prf.cuni.cz\/sites\/default\/files\/uploads\/files\/LDH2023-1-Kompenzace-ujmy-obetem-znasilneni.pdf\">studie III.<\/a><\/div>\n<\/div>\n\n\n\n<div class=\"wp-block-buttons is-layout-flex wp-block-buttons-is-layout-flex\">\n<div class=\"wp-block-button\"><a class=\"wp-block-button__link has-ast-global-color-1-color has-ast-global-color-5-background-color has-text-color has-background wp-element-button\" href=\"https:\/\/www.prf.cuni.cz\/sites\/default\/files\/uploads\/files\/TZ_LDH2023-1-Kompenzace-ujmy-obetem-znasilneni.docx\"><em>Tiskov\u00e1 zpr\u00e1va<\/em><\/a><\/div>\n<\/div>\n<\/div><\/div>\n<\/div>\n\n\n\n<div class=\"wp-block-column is-vertically-aligned-top is-layout-flow wp-block-column-is-layout-flow\">\n<div class=\"wp-block-cover\"><span aria-hidden=\"true\" class=\"wp-block-cover__background has-ast-global-color-3-background-color has-background-dim-80 has-background-dim\"><\/span><img loading=\"lazy\" decoding=\"async\" width=\"800\" height=\"800\" class=\"wp-block-cover__image-background wp-image-25537\" alt=\"\" src=\"https:\/\/law.prf.cuni.cz\/repro-just\/wp-content\/uploads\/sites\/33\/2023\/05\/LDH_II.png\" data-object-fit=\"cover\" \/><div class=\"wp-block-cover__inner-container is-layout-flow wp-block-cover-is-layout-flow\">\n<figure class=\"wp-block-image\"><img decoding=\"async\" src=\"http:\/\/pravavpraze.fun\/wp-content\/uploads\/2023\/03\/LDH_II.png\" alt=\"\" class=\"wp-image-25510\" \/><\/figure>\n\n\n\n<h3 class=\"wp-block-heading has-ast-global-color-5-color has-text-color has-link-color\"><a rel=\"noreferrer noopener\" href=\"https:\/\/www.prf.cuni.cz\/sites\/default\/files\/uploads\/files\/LDH2022-1-Specialni-skutkove-podstaty-pro-recidivisty_0.pdf\" target=\"_blank\">Speci\u00e1ln\u00ed skutkov\u00e9 podstaty pro recidivisty: Nepromy\u0161len\u00e9 a \u0161kodliv\u00e9<\/a><\/h3>\n\n\n\n<hr class=\"wp-block-separator has-text-color has-ast-global-color-0-color has-css-opacity has-ast-global-color-0-background-color has-background is-style-wide\" \/>\n\n\n\n<p><\/p>\n\n\n\n<div class=\"wp-block-buttons is-layout-flex wp-block-buttons-is-layout-flex\">\n<div class=\"wp-block-button\"><a class=\"wp-block-button__link wp-element-button\" href=\"https:\/\/www.prf.cuni.cz\/sites\/default\/files\/uploads\/files\/LDH2022-1-Specialni-skutkove-podstaty-pro-recidivisty_0.pdf\">studie II.<\/a><\/div>\n<\/div>\n\n\n\n<div class=\"wp-block-buttons is-layout-flex wp-block-buttons-is-layout-flex\">\n<div class=\"wp-block-button\"><a class=\"wp-block-button__link has-ast-global-color-1-color has-ast-global-color-5-background-color has-text-color has-background wp-element-button\" href=\"https:\/\/www.prf.cuni.cz\/sites\/default\/files\/uploads\/files\/Tiskov%C3%A1%20zpr%C3%A1va%20-%20Legal%20Data%20Hub_0.docx\"><em>Tiskov\u00e1 zpr\u00e1va<\/em><\/a><\/div>\n<\/div>\n<\/div><\/div>\n<\/div>\n\n\n\n<div class=\"wp-block-column is-vertically-aligned-top is-layout-flow wp-block-column-is-layout-flow\">\n<div class=\"wp-block-cover\"><span aria-hidden=\"true\" class=\"wp-block-cover__background has-ast-global-color-3-background-color has-background-dim-80 has-background-dim\"><\/span><img loading=\"lazy\" decoding=\"async\" width=\"800\" height=\"800\" class=\"wp-block-cover__image-background wp-image-25536\" alt=\"\" src=\"https:\/\/law.prf.cuni.cz\/repro-just\/wp-content\/uploads\/sites\/33\/2023\/05\/LDH_I.png\" data-object-fit=\"cover\" \/><div class=\"wp-block-cover__inner-container is-layout-flow wp-block-cover-is-layout-flow\">\n<figure class=\"wp-block-image\"><img decoding=\"async\" src=\"http:\/\/pravavpraze.fun\/wp-content\/uploads\/2023\/03\/LDH_I.png\" alt=\"\" class=\"wp-image-25509\" \/><\/figure>\n\n\n\n<h3 class=\"wp-block-heading has-ast-global-color-5-color has-text-color has-link-color\"><a href=\"https:\/\/www.prf.cuni.cz\/sites\/default\/files\/uploads\/files\/LDH2021-1-Tresty-za-nouzoveho-stavu-nedoreseny-problem_1.pdf\" target=\"_blank\" rel=\"noopener\" title=\"\">Tresty za nouzov\u00e9ho stavu: nedo\u0159e\u0161en\u00fd probl\u00e9m<\/a><br><\/h3>\n\n\n\n<hr class=\"wp-block-separator has-text-color has-ast-global-color-0-color has-css-opacity has-ast-global-color-0-background-color has-background is-style-wide\" \/>\n\n\n\n<p><\/p>\n\n\n\n<div class=\"wp-block-buttons is-layout-flex wp-block-buttons-is-layout-flex\">\n<div class=\"wp-block-button\"><a class=\"wp-block-button__link wp-element-button\" href=\"https:\/\/www.prf.cuni.cz\/sites\/default\/files\/uploads\/files\/LDH2021-1-Tresty-za-nouzoveho-stavu-nedoreseny-problem_1.pdf\">studie I.<\/a><\/div>\n<\/div>\n\n\n\n<div class=\"wp-block-buttons is-layout-flex wp-block-buttons-is-layout-flex\">\n<div class=\"wp-block-button\"><a class=\"wp-block-button__link has-ast-global-color-1-color has-ast-global-color-5-background-color has-text-color has-background wp-element-button\" href=\"https:\/\/www.prf.cuni.cz\/sites\/default\/files\/uploads\/files\/25_5_2021_Tresty%20za%20nouzove%CC%81ho%20stavu_nedor%CC%8Ces%CC%8Ceny%CC%81%20proble%CC%81m%2C%20ktery%CC%81%20ma%CC%81%20r%CC%8Ces%CC%8Ceni%CC%81%20%284%29%20%281%29.docx\"><em>Tiskov\u00e1 zpr\u00e1va<\/em><\/a><\/div>\n<\/div>\n<\/div><\/div>\n<\/div>\n<\/div>\n<\/div>\n","protected":false},"excerpt":{"rendered":"<p>Archiv aktualit<\/p>\n","protected":false},"author":1,"featured_media":0,"parent":0,"menu_order":0,"comment_status":"closed","ping_status":"closed","template":"","meta":{"_monsterinsights_skip_tracking":false,"_monsterinsights_sitenote_active":false,"_monsterinsights_sitenote_note":"","_monsterinsights_sitenote_category":0,"site-sidebar-layout":"no-sidebar","site-content-layout":"plain-container","ast-site-content-layout":"normal-width-container","site-content-style":"unboxed","site-sidebar-style":"unboxed","ast-global-header-display":"","ast-banner-title-visibility":"","ast-main-header-display":"","ast-hfb-above-header-display":"","ast-hfb-below-header-display":"","ast-hfb-mobile-header-display":"","site-post-title":"disabled","ast-breadcrumbs-content":"","ast-featured-img":"disabled","footer-sml-layout":"","theme-transparent-header-meta":"enabled","adv-header-id-meta":"","stick-header-meta":"","header-above-stick-meta":"","header-main-stick-meta":"","header-below-stick-meta":"","astra-migrate-meta-layouts":"set","ast-page-background-enabled":"default","ast-page-background-meta":{"desktop":{"background-color":"var(--ast-global-color-5)","background-image":"","background-repeat":"repeat","background-position":"center center","background-size":"auto","background-attachment":"scroll","background-type":"","background-media":"","overlay-type":"","overlay-color":"","overlay-opacity":"","overlay-gradient":""},"tablet":{"background-color":"","background-image":"","background-repeat":"repeat","background-position":"center center","background-size":"auto","background-attachment":"scroll","background-type":"","background-media":"","overlay-type":"","overlay-color":"","overlay-opacity":"","overlay-gradient":""},"mobile":{"background-color":"","background-image":"","background-repeat":"repeat","background-position":"center center","background-size":"auto","background-attachment":"scroll","background-type":"","background-media":"","overlay-type":"","overlay-color":"","overlay-opacity":"","overlay-gradient":""}},"ast-content-background-meta":{"desktop":{"background-color":"var(--ast-global-color-4)","background-image":"","background-repeat":"repeat","background-position":"center center","background-size":"auto","background-attachment":"scroll","background-type":"","background-media":"","overlay-type":"","overlay-color":"","overlay-opacity":"","overlay-gradient":""},"tablet":{"background-color":"var(--ast-global-color-4)","background-image":"","background-repeat":"repeat","background-position":"center center","background-size":"auto","background-attachment":"scroll","background-type":"","background-media":"","overlay-type":"","overlay-color":"","overlay-opacity":"","overlay-gradient":""},"mobile":{"background-color":"var(--ast-global-color-4)","background-image":"","background-repeat":"repeat","background-position":"center center","background-size":"auto","background-attachment":"scroll","background-type":"","background-media":"","overlay-type":"","overlay-color":"","overlay-opacity":"","overlay-gradient":""}},"_kadence_starter_templates_imported_post":false,"footnotes":""},"class_list":["post-25971","page","type-page","status-publish","hentry"],"aioseo_notices":[],"_links":{"self":[{"href":"https:\/\/law.prf.cuni.cz\/repro-just\/wp-json\/wp\/v2\/pages\/25971","targetHints":{"allow":["GET"]}}],"collection":[{"href":"https:\/\/law.prf.cuni.cz\/repro-just\/wp-json\/wp\/v2\/pages"}],"about":[{"href":"https:\/\/law.prf.cuni.cz\/repro-just\/wp-json\/wp\/v2\/types\/page"}],"author":[{"embeddable":true,"href":"https:\/\/law.prf.cuni.cz\/repro-just\/wp-json\/wp\/v2\/users\/1"}],"replies":[{"embeddable":true,"href":"https:\/\/law.prf.cuni.cz\/repro-just\/wp-json\/wp\/v2\/comments?post=25971"}],"version-history":[{"count":0,"href":"https:\/\/law.prf.cuni.cz\/repro-just\/wp-json\/wp\/v2\/pages\/25971\/revisions"}],"wp:attachment":[{"href":"https:\/\/law.prf.cuni.cz\/repro-just\/wp-json\/wp\/v2\/media?parent=25971"}],"curies":[{"name":"wp","href":"https:\/\/api.w.org\/{rel}","templated":true}]}}