{"id":25267,"date":"2021-01-29T06:07:03","date_gmt":"2021-01-29T05:07:03","guid":{"rendered":"https:\/\/law.prf.cuni.cz\/repro-just\/kontakty\/"},"modified":"2026-04-24T11:15:37","modified_gmt":"2026-04-24T09:15:37","slug":"contact","status":"publish","type":"page","link":"https:\/\/law.prf.cuni.cz\/repro-just\/contact\/","title":{"rendered":"Contact"},"content":{"rendered":"\n<div class=\"wp-block-cover is-light has-parallax alignfull\" style=\"margin-top:180px\"><span aria-hidden=\"true\" class=\"wp-block-cover__background has-background-dim\" style=\"background-color:#999999\"><\/span><div class=\"wp-block-cover__image-background wp-image-25730 has-parallax\" style=\"background-position:50% 50%;background-image:url(https:\/\/law.prf.cuni.cz\/repro-just\/wp-content\/uploads\/sites\/33\/2023\/10\/PF_UK_E-1.jpg)\"><\/div><div class=\"wp-block-cover__inner-container is-layout-flow wp-block-cover-is-layout-flow\">\n<p class=\"has-text-align-center has-large-font-size\"><\/p>\n<\/div><\/div>\n\n\n\n<div class=\"wp-block-group is-layout-flow wp-block-group-is-layout-flow\">\n<p class=\"has-text-align-center has-ast-global-color-6-color has-text-color\"><strong>Univerzita Karlova, Pr\u00e1vnick\u00e1 fakulta<br>n\u00e1m. Curieov\u00fdch 901\/7<br>116 40 Praha 1<\/strong><\/p>\n\n\n\n<p class=\"has-text-align-center has-ast-global-color-2-color has-text-color\">telefon: +420 221 005 546<br>email: <a href=\"mailto:dusekl@prf.cuni.cz\" target=\"_blank\" rel=\"noopener\" title=\" @LegalDataHub\">dusekl@prf.cuni.cz<\/a><br>twitter projektu: <a href=\"https:\/\/twitter.com\/LegalDataHub\" target=\"_blank\" rel=\"noopener\" title=\"@LegalDataHub\">@LegalDataHub<\/a><br><br><\/p>\n<\/div>\n\n\n\n<p><\/p>\n","protected":false},"excerpt":{"rendered":"<p>Univerzita Karlova, Pr\u00e1vnick\u00e1 fakultan\u00e1m. Curieov\u00fdch 901\/7116 40 Praha 1 telefon: +420 221 005 546email: dusekl@prf.cuni.cztwitter projektu: @LegalDataHub<\/p>\n","protected":false},"author":1,"featured_media":0,"parent":0,"menu_order":0,"comment_status":"closed","ping_status":"closed","template":"","meta":{"_monsterinsights_skip_tracking":false,"_monsterinsights_sitenote_active":false,"_monsterinsights_sitenote_note":"","_monsterinsights_sitenote_category":0,"site-sidebar-layout":"no-sidebar","site-content-layout":"plain-container","ast-site-content-layout":"normal-width-container","site-content-style":"unboxed","site-sidebar-style":"unboxed","ast-global-header-display":"","ast-banner-title-visibility":"","ast-main-header-display":"","ast-hfb-above-header-display":"","ast-hfb-below-header-display":"","ast-hfb-mobile-header-display":"","site-post-title":"disabled","ast-breadcrumbs-content":"","ast-featured-img":"disabled","footer-sml-layout":"","theme-transparent-header-meta":"enabled","adv-header-id-meta":"","stick-header-meta":"","header-above-stick-meta":"","header-main-stick-meta":"","header-below-stick-meta":"","astra-migrate-meta-layouts":"set","ast-page-background-enabled":"default","ast-page-background-meta":{"desktop":{"background-color":"var(--ast-global-color-5)","background-image":"","background-repeat":"repeat","background-position":"center center","background-size":"auto","background-attachment":"scroll","background-type":"","background-media":"","overlay-type":"","overlay-color":"","overlay-opacity":"","overlay-gradient":""},"tablet":{"background-color":"","background-image":"","background-repeat":"repeat","background-position":"center center","background-size":"auto","background-attachment":"scroll","background-type":"","background-media":"","overlay-type":"","overlay-color":"","overlay-opacity":"","overlay-gradient":""},"mobile":{"background-color":"","background-image":"","background-repeat":"repeat","background-position":"center center","background-size":"auto","background-attachment":"scroll","background-type":"","background-media":"","overlay-type":"","overlay-color":"","overlay-opacity":"","overlay-gradient":""}},"ast-content-background-meta":{"desktop":{"background-color":"var(--ast-global-color-4)","background-image":"","background-repeat":"repeat","background-position":"center center","background-size":"auto","background-attachment":"scroll","background-type":"","background-media":"","overlay-type":"","overlay-color":"","overlay-opacity":"","overlay-gradient":""},"tablet":{"background-color":"var(--ast-global-color-4)","background-image":"","background-repeat":"repeat","background-position":"center center","background-size":"auto","background-attachment":"scroll","background-type":"","background-media":"","overlay-type":"","overlay-color":"","overlay-opacity":"","overlay-gradient":""},"mobile":{"background-color":"var(--ast-global-color-4)","background-image":"","background-repeat":"repeat","background-position":"center center","background-size":"auto","background-attachment":"scroll","background-type":"","background-media":"","overlay-type":"","overlay-color":"","overlay-opacity":"","overlay-gradient":""}},"_kadence_starter_templates_imported_post":false,"footnotes":""},"class_list":["post-25267","page","type-page","status-publish","hentry"],"aioseo_notices":[],"_links":{"self":[{"href":"https:\/\/law.prf.cuni.cz\/repro-just\/wp-json\/wp\/v2\/pages\/25267","targetHints":{"allow":["GET"]}}],"collection":[{"href":"https:\/\/law.prf.cuni.cz\/repro-just\/wp-json\/wp\/v2\/pages"}],"about":[{"href":"https:\/\/law.prf.cuni.cz\/repro-just\/wp-json\/wp\/v2\/types\/page"}],"author":[{"embeddable":true,"href":"https:\/\/law.prf.cuni.cz\/repro-just\/wp-json\/wp\/v2\/users\/1"}],"replies":[{"embeddable":true,"href":"https:\/\/law.prf.cuni.cz\/repro-just\/wp-json\/wp\/v2\/comments?post=25267"}],"version-history":[{"count":2,"href":"https:\/\/law.prf.cuni.cz\/repro-just\/wp-json\/wp\/v2\/pages\/25267\/revisions"}],"predecessor-version":[{"id":26066,"href":"https:\/\/law.prf.cuni.cz\/repro-just\/wp-json\/wp\/v2\/pages\/25267\/revisions\/26066"}],"wp:attachment":[{"href":"https:\/\/law.prf.cuni.cz\/repro-just\/wp-json\/wp\/v2\/media?parent=25267"}],"curies":[{"name":"wp","href":"https:\/\/api.w.org\/{rel}","templated":true}]}}