{"id":25265,"date":"2021-01-29T06:07:03","date_gmt":"2021-01-29T05:07:03","guid":{"rendered":"https:\/\/law.prf.cuni.cz\/repro-just\/o-nas\/"},"modified":"2021-01-29T06:07:03","modified_gmt":"2021-01-29T05:07:03","slug":"o-nas","status":"publish","type":"page","link":"https:\/\/law.prf.cuni.cz\/repro-just\/o-nas\/","title":{"rendered":"O n\u00e1s"},"content":{"rendered":"\n<p><\/p>\n\n\n\n<div class=\"wp-block-cover alignfull has-parallax has-ast-global-color-6-color has-text-color has-medium-font-size\" style=\"margin-top:30px;margin-bottom:30px;min-height:550px\"><span aria-hidden=\"true\" class=\"wp-block-cover__background has-ast-global-color-5-background-color has-background-dim-80 has-background-dim\"><\/span><div role=\"img\" class=\"wp-block-cover__image-background wp-image-25740 has-parallax\" style=\"background-position:50% 50%;background-image:url(https:\/\/law.prf.cuni.cz\/repro-just\/wp-content\/uploads\/sites\/33\/2023\/10\/shutterstock_1194925342.jpg)\"><\/div><div class=\"wp-block-cover__inner-container is-layout-flow wp-block-cover-is-layout-flow\">\n<p class=\"has-medium-font-size\" style=\"line-height:2\">Legal Data Hub je projektem Pr\u00e1vnick\u00e9 fakulty Univerzity Karlovy. Projekt Legal Data Hub sdru\u017euje akademiky a studenty Pr\u00e1vnick\u00e9 fakulty UK, kte\u0159\u00ed zkoumaj\u00ed fungov\u00e1n\u00ed justice, pr\u00e1vn\u00ed regulace a kriminalitu pomoc\u00ed analy\u0301zy dat a statisticky\u0301ch metod. Jeho posl\u00e1n\u00edm je obohacovat pozn\u00e1n\u00ed o pr\u00e1vn\u00edm syst\u00e9mu a podporovat tvorbu legislativy zalo\u017een\u00e9 na datech a empirick\u00e9 evidenci.<br>Legal Data Hub publikuje kr\u00e1tk\u00e9 studie k aktu\u00e1ln\u00edm t\u00e9mat\u016fm z vlastn\u00ed iniciativy \u010di na zak\u00e1zku a popularizuje vy\u0301sledky akademicky\u0301ch studi\u00ed pro \u0161ir\u0161\u00ed publikum. Poskytuje t\u00e9\u017e technick\u00e9 z\u00e1zem\u00ed pro empirick\u00e9 analy\u0301zy. Auto\u0159i prezentuj\u00ed vy\u0301sledky projektu v m\u00e9di\u00edch. Krom\u011b tvorby studi\u00ed je st\u0159edn\u011bdoby\u0301m c\u00edlem Legal Data Hubu tvorba datovy\u0301ch aplikac\u00ed \u2013 prvn\u00ed dokon\u010denou je jaktrestame.cz.<br>Projekt vznikl p\u0159i kated\u0159e n\u00e1rodn\u00edho hospod\u00e1\u0159stv\u00ed PF UK v roce 2021. Zakladatelem a vedouc\u00edm projektu je Libor Du\u0161ek.<\/p>\n<\/div><\/div>\n\n\n\n<div class=\"wp-block-group is-layout-flow wp-block-group-is-layout-flow\">\n<div class=\"wp-block-group alignfull is-layout-flow wp-block-group-is-layout-flow\" style=\"padding-top:0px;padding-bottom:0px\">\n<h3 class=\"wp-block-heading has-text-align-center has-ast-global-color-1-color has-text-color has-large-font-size\" style=\"padding-top:0;padding-bottom:0\">N\u00e1\u0161&nbsp;t\u00fdm<\/h3>\n\n\n\n<div style=\"height:29px\" aria-hidden=\"true\" class=\"wp-block-spacer\"><\/div>\n\n\n\n<div class=\"wp-block-columns alignwide is-layout-flex wp-container-core-columns-is-layout-1 wp-block-columns-is-layout-flex\">\n<div class=\"wp-block-column is-vertically-aligned-top is-layout-flow wp-block-column-is-layout-flow\">\n<figure class=\"wp-block-image size-full is-resized\"><img loading=\"lazy\" decoding=\"async\" width=\"400\" height=\"400\" src=\"https:\/\/law.prf.cuni.cz\/repro-just\/wp-content\/uploads\/sites\/33\/2023\/10\/6.png\" alt=\"\" class=\"wp-image-25843\" style=\"object-fit:cover;width:125px;height:125px\" \/><\/figure>\n\n\n\n<h4 class=\"wp-block-heading has-ast-global-color-1-color has-text-color\">doc. Mgr. Bc. Libor Du\u0161ek Ph.D.<\/h4>\n\n\n\n<p class=\"has-black-color has-text-color\">Libor Du\u0161ek je ekonom, p\u016fsob\u00ed na Pr\u00e1vnick\u00e9 fakult\u011b Univerzity Karlovy jako vedouc\u00ed katedry n\u00e1rodn\u00edho hospod\u00e1\u0159stv\u00ed a projektu Legal Data Hub. Specializuje se na ekonomickou anal\u00fdzu pr\u00e1va, ekonomickou anal\u00fdzu neleg\u00e1ln\u00edho jedn\u00e1n\u00ed a da\u0148ovou politiku. Absolvoval magistersk\u00e9 studium ekonomie na Fakult\u011b soci\u00e1ln\u00edch v\u011bd UK a doktorsk\u00e9 na University of Chicago. D\u0159\u00edve p\u016fsobil na akademick\u00e9m pracovi\u0161ti CERGE-EI, think-tanku IDEA a kated\u0159e institucion\u00e1ln\u00ed ekonomie na V\u0160E. Obdr\u017eel cenu \u010cesk\u00e9 spole\u010dnosti ekonomick\u00e9 \\&#8221;Mlad\u00fd ekonom 2003\\&#8221;. Od roku 2022 \u010dlen N\u00e1rodn\u00ed ekonomick\u00e9 rady vl\u00e1dy.  <\/p>\n\n\n\n<p><\/p>\n<\/div>\n\n\n\n<div class=\"wp-block-column is-vertically-aligned-top is-layout-flow wp-block-column-is-layout-flow\">\n<figure class=\"wp-block-image size-full is-resized\"><img loading=\"lazy\" decoding=\"async\" width=\"400\" height=\"400\" src=\"https:\/\/law.prf.cuni.cz\/repro-just\/wp-content\/uploads\/sites\/33\/2023\/10\/5.png\" alt=\"\" class=\"wp-image-25842\" style=\"object-fit:cover;width:125px;height:125px\" \/><\/figure>\n\n\n\n<h4 class=\"wp-block-heading has-ast-global-color-1-color has-text-color\">JUDr. Jakub Dr\u00e1pal, M.Phil., Ph.D.<\/h4>\n\n\n\n<p class=\"has-black-color has-text-color\">Jakub Dr\u00e1pal je v\u00fdzkumn\u00fdm pracovn\u00edkem katedry n\u00e1rodn\u00edho hospod\u00e1\u0159stv\u00ed a odborn\u00fdm asistentem katedry trestn\u00edho pr\u00e1va na Pr\u00e1vnick\u00e9 fakult\u011b UK a v\u00fdzkumn\u00fdm pracovn\u00edkem \u00dastavu st\u00e1tu a pr\u00e1va AV \u010cR. V sou\u010dasn\u00e9 dob\u011b p\u016fsob\u00ed jako post-doc na Univerzit\u011b v Leidenu, Institutu pro trestn\u00ed pr\u00e1vo a kriminologii.<\/p>\n\n\n\n<p><\/p>\n<\/div>\n<\/div>\n\n\n\n<div class=\"wp-block-columns is-layout-flex wp-container-core-columns-is-layout-2 wp-block-columns-is-layout-flex\">\n<div class=\"wp-block-column is-vertically-aligned-top is-layout-flow wp-block-column-is-layout-flow\">\n<figure class=\"wp-block-image size-full is-resized\"><img loading=\"lazy\" decoding=\"async\" width=\"400\" height=\"400\" src=\"https:\/\/law.prf.cuni.cz\/repro-just\/wp-content\/uploads\/sites\/33\/2023\/10\/4.png\" alt=\"\" class=\"wp-image-25839\" style=\"object-fit:cover;width:125px;height:125px\" \/><\/figure>\n\n\n\n<h4 class=\"wp-block-heading has-ast-global-color-1-color has-text-color\">doc. Ing. Josef Montag Ph.D.<\/h4>\n\n\n\n<p class=\"has-black-color has-text-color\">Dr. Montag je docentem na kated\u0159e n\u00e1rodn\u00edho hospod\u00e1\u0159stv\u00ed Pr\u00e1vnick\u00e9 fakulty Univerzity Karlovy, kde se specializuje na ekonomickou anal\u00fdzu pr\u00e1va a aplikovanou ekonomii. V\u011bnuje se p\u0159ev\u00e1\u017en\u011b empirick\u00e9mu (experiment\u00e1ln\u00edmu) v\u00fdzkumu, zam\u011b\u0159uje se na t\u00e9mata jako diskriminace men\u0161in a krimin\u00e1ln\u00ed jedn\u00e1n\u00ed.<\/p>\n\n\n\n<p><\/p>\n<\/div>\n\n\n\n<div class=\"wp-block-column is-vertically-aligned-top is-layout-flow wp-block-column-is-layout-flow\">\n<figure class=\"wp-block-image size-full is-resized\"><img loading=\"lazy\" decoding=\"async\" width=\"400\" height=\"400\" src=\"https:\/\/law.prf.cuni.cz\/repro-just\/wp-content\/uploads\/sites\/33\/2023\/10\/1.png\" alt=\"\" class=\"wp-image-25837\" style=\"object-fit:cover;width:125px;height:125px\" \/><\/figure>\n\n\n\n<h4 class=\"wp-block-heading has-ast-global-color-1-color has-text-color\">Jakub Kvapil\u00edk, M.Sc.<\/h4>\n\n\n\n<p class=\"has-black-color has-text-color\">Studoval ekonomii na Univerzit\u011b Bocconi a pozd\u011bji absolvoval magistersk\u00e9 studium na Wirtschaftsuniversit\u00e4t Wien (WU). Aktu\u00e1ln\u011b studuje v doktorsk\u00e9m programu na Kated\u0159e n\u00e1rodn\u00edho hospod\u00e1\u0159stv\u00ed Pr\u00e1vnick\u00e9 fakulty Univerzity Karlovy, kde se v r\u00e1mci sv\u00e9 dizerta\u010dn\u00ed pr\u00e1ce nebo aktivit Legal Data Hubu v\u011bnuje empirick\u00e9mu zkoum\u00e1n\u00ed vybran\u00fdch oblast\u00ed \u010desk\u00e9 justice jako nap\u0159. evaluaci rozhodovac\u00edho procesu Nejvy\u0161\u0161\u00edho spr\u00e1vn\u00edho soudu.<\/p>\n\n\n\n<p><\/p>\n<\/div>\n<\/div>\n\n\n\n<div class=\"wp-block-columns is-layout-flex wp-container-core-columns-is-layout-3 wp-block-columns-is-layout-flex\">\n<div class=\"wp-block-column is-vertically-aligned-top is-layout-flow wp-block-column-is-layout-flow\">\n<figure class=\"wp-block-image size-full is-resized\"><img loading=\"lazy\" decoding=\"async\" width=\"400\" height=\"400\" src=\"https:\/\/law.prf.cuni.cz\/repro-just\/wp-content\/uploads\/sites\/33\/2023\/10\/2.png\" alt=\"\" class=\"wp-image-25840\" style=\"object-fit:cover;width:125px;height:125px\" \/><\/figure>\n\n\n\n<h4 class=\"wp-block-heading has-ast-global-color-1-color has-text-color\">Mgr. Michal \u0160olt\u00e9s M.A., Ph.D.<\/h4>\n\n\n\n<p class=\"has-ast-global-color-6-color has-text-color\">  <\/p>\n\n\n\n<p><\/p>\n<\/div>\n\n\n\n<div class=\"wp-block-column is-vertically-aligned-top is-layout-flow wp-block-column-is-layout-flow\">\n<figure class=\"wp-block-image size-full is-resized\"><img loading=\"lazy\" decoding=\"async\" width=\"400\" height=\"400\" src=\"https:\/\/law.prf.cuni.cz\/repro-just\/wp-content\/uploads\/sites\/33\/2023\/10\/3.png\" alt=\"\" class=\"wp-image-25841\" style=\"object-fit:cover;width:125px;height:125px\" \/><\/figure>\n\n\n\n<h4 class=\"wp-block-heading has-ast-global-color-1-color has-text-color\">Mgr. Tom\u00e1\u0161 Van\u010da<\/h4>\n\n\n\n<p class=\"has-black-color has-text-color\">Absolvoval magistersk\u00e9 studium na Pr\u00e1vnick\u00e9 fakult\u011b univerzity Karlovy, kde d\u00e1le studuje na Kated\u0159e n\u00e1rodn\u00edho hospod\u00e1\u0159stv\u00ed doktorsk\u00e9 studium. Sou\u010dasn\u011b je zde tak\u00e9 v\u00fdzkumn\u00fdm pracovn\u00edkem. Ve v\u00fdzkumu se zab\u00fdv\u00e1 p\u0159edev\u0161\u00edm trestn\u00edm pr\u00e1vem, trestn\u00ed politikou a speci\u00e1ln\u011b se zam\u011b\u0159uje na postaven\u00ed ob\u011bt\u00ed trestn\u00e9 \u010dinnosti v trestn\u00edm \u0159\u00edzen\u00ed.<\/p>\n\n\n\n<p><\/p>\n<\/div>\n<\/div>\n\n\n\n<div class=\"wp-block-columns is-layout-flex wp-container-core-columns-is-layout-4 wp-block-columns-is-layout-flex\">\n<div class=\"wp-block-column is-vertically-aligned-top is-layout-flow wp-block-column-is-layout-flow\">\n<figure class=\"wp-block-image size-full is-resized\"><img loading=\"lazy\" decoding=\"async\" width=\"400\" height=\"400\" src=\"https:\/\/law.prf.cuni.cz\/repro-just\/wp-content\/uploads\/sites\/33\/2023\/12\/A.png\" alt=\"\" class=\"wp-image-25986\" style=\"object-fit:cover;width:125px;height:125px\" \/><\/figure>\n\n\n\n<h4 class=\"wp-block-heading has-ast-global-color-1-color has-text-color\">Alena \u017dib\u0159idov\u00e1<\/h4>\n\n\n\n<p class=\"has-black-color has-text-color\">Studuje na Pr\u00e1vnick\u00e9 fakult\u011b Univerzity Karlovy, kde se z\u00e1rove\u0148 v\u011bnuje<br>v\u00fdzkumu. Zam\u011b\u0159uje se na trestn\u00ed pr\u00e1vo a (empirick\u00e9) zkoum\u00e1n\u00ed fungov\u00e1n\u00ed<br>syst\u00e9mu trestn\u00ed spravedlnosti. Nejv\u00edce ji zaj\u00edmaj\u00ed procesn\u00ed aspekty<br>trestn\u00edho \u0159\u00edzen\u00ed, oblast navrhov\u00e1n\u00ed a ukl\u00e1d\u00e1n\u00ed trest\u016f a fungov\u00e1n\u00ed<br>soustavy st\u00e1tn\u00edho zastupitelstv\u00ed.<\/p>\n\n\n\n<p><\/p>\n<\/div>\n\n\n\n<div class=\"wp-block-column is-vertically-aligned-top is-layout-flow wp-block-column-is-layout-flow\">\n<figure class=\"wp-block-image size-full is-resized\"><img loading=\"lazy\" decoding=\"async\" width=\"400\" height=\"400\" src=\"https:\/\/law.prf.cuni.cz\/repro-just\/wp-content\/uploads\/sites\/33\/2023\/12\/B.png\" alt=\"\" class=\"wp-image-25988\" style=\"object-fit:cover;width:125px;height:125px\" \/><\/figure>\n\n\n\n<h4 class=\"wp-block-heading has-ast-global-color-1-color has-text-color\">Bc. Jan Je\u017eek<\/h4>\n\n\n\n<p class=\"has-black-color has-text-color\">Je studentem magistersk\u00fdch program\u016f na Pr\u00e1vnick\u00e9 fakult\u011b a na Institutu ekonomick\u00fdch studi\u00ed FSV, kde studuje program Finan\u010dn\u00ed trhy a datov\u00e1 anal\u00fdza. <br>Na kated\u0159e TNH p\u016fsob\u00ed jako pomocn\u00fd v\u011bdeck\u00fd asistent od r. 2022.<\/p>\n\n\n\n<p><\/p>\n<\/div>\n<\/div>\n<\/div>\n<\/div>\n\n\n\n<p><\/p>\n","protected":false},"excerpt":{"rendered":"<p>N\u00e1\u0161&nbsp;t\u00fdm doc. Mgr. Bc. Libor Du\u0161ek Ph.D. Libor Du\u0161ek je ekonom, p\u016fsob\u00ed na Pr\u00e1vnick\u00e9 fakult\u011b Univerzity Karlovy jako vedouc\u00ed katedry [&hellip;]<\/p>\n","protected":false},"author":1,"featured_media":0,"parent":0,"menu_order":0,"comment_status":"closed","ping_status":"closed","template":"","meta":{"_monsterinsights_skip_tracking":false,"_monsterinsights_sitenote_active":false,"_monsterinsights_sitenote_note":"","_monsterinsights_sitenote_category":0,"site-sidebar-layout":"no-sidebar","site-content-layout":"plain-container","ast-site-content-layout":"normal-width-container","site-content-style":"unboxed","site-sidebar-style":"unboxed","ast-global-header-display":"","ast-banner-title-visibility":"","ast-main-header-display":"","ast-hfb-above-header-display":"","ast-hfb-below-header-display":"","ast-hfb-mobile-header-display":"","site-post-title":"disabled","ast-breadcrumbs-content":"","ast-featured-img":"disabled","footer-sml-layout":"","theme-transparent-header-meta":"enabled","adv-header-id-meta":"","stick-header-meta":"","header-above-stick-meta":"","header-main-stick-meta":"","header-below-stick-meta":"","astra-migrate-meta-layouts":"set","ast-page-background-enabled":"default","ast-page-background-meta":{"desktop":{"background-color":"var(--ast-global-color-5)","background-image":"","background-repeat":"repeat","background-position":"center center","background-size":"auto","background-attachment":"scroll","background-type":"","background-media":"","overlay-type":"","overlay-color":"","overlay-opacity":"","overlay-gradient":""},"tablet":{"background-color":"","background-image":"","background-repeat":"repeat","background-position":"center center","background-size":"auto","background-attachment":"scroll","background-type":"","background-media":"","overlay-type":"","overlay-color":"","overlay-opacity":"","overlay-gradient":""},"mobile":{"background-color":"","background-image":"","background-repeat":"repeat","background-position":"center center","background-size":"auto","background-attachment":"scroll","background-type":"","background-media":"","overlay-type":"","overlay-color":"","overlay-opacity":"","overlay-gradient":""}},"ast-content-background-meta":{"desktop":{"background-color":"var(--ast-global-color-4)","background-image":"","background-repeat":"repeat","background-position":"center center","background-size":"auto","background-attachment":"scroll","background-type":"","background-media":"","overlay-type":"","overlay-color":"","overlay-opacity":"","overlay-gradient":""},"tablet":{"background-color":"var(--ast-global-color-4)","background-image":"","background-repeat":"repeat","background-position":"center center","background-size":"auto","background-attachment":"scroll","background-type":"","background-media":"","overlay-type":"","overlay-color":"","overlay-opacity":"","overlay-gradient":""},"mobile":{"background-color":"var(--ast-global-color-4)","background-image":"","background-repeat":"repeat","background-position":"center center","background-size":"auto","background-attachment":"scroll","background-type":"","background-media":"","overlay-type":"","overlay-color":"","overlay-opacity":"","overlay-gradient":""}},"_kadence_starter_templates_imported_post":false,"footnotes":""},"class_list":["post-25265","page","type-page","status-publish","hentry"],"aioseo_notices":[],"_links":{"self":[{"href":"https:\/\/law.prf.cuni.cz\/repro-just\/wp-json\/wp\/v2\/pages\/25265","targetHints":{"allow":["GET"]}}],"collection":[{"href":"https:\/\/law.prf.cuni.cz\/repro-just\/wp-json\/wp\/v2\/pages"}],"about":[{"href":"https:\/\/law.prf.cuni.cz\/repro-just\/wp-json\/wp\/v2\/types\/page"}],"author":[{"embeddable":true,"href":"https:\/\/law.prf.cuni.cz\/repro-just\/wp-json\/wp\/v2\/users\/1"}],"replies":[{"embeddable":true,"href":"https:\/\/law.prf.cuni.cz\/repro-just\/wp-json\/wp\/v2\/comments?post=25265"}],"version-history":[{"count":0,"href":"https:\/\/law.prf.cuni.cz\/repro-just\/wp-json\/wp\/v2\/pages\/25265\/revisions"}],"wp:attachment":[{"href":"https:\/\/law.prf.cuni.cz\/repro-just\/wp-json\/wp\/v2\/media?parent=25265"}],"curies":[{"name":"wp","href":"https:\/\/api.w.org\/{rel}","templated":true}]}}