{"id":25264,"date":"2021-01-29T06:07:03","date_gmt":"2021-01-29T06:07:03","guid":{"rendered":"https:\/\/law.prf.cuni.cz\/repro-just\/home\/"},"modified":"2026-04-24T11:34:50","modified_gmt":"2026-04-24T09:34:50","slug":"home","status":"publish","type":"page","link":"https:\/\/law.prf.cuni.cz\/repro-just\/","title":{"rendered":"Home"},"content":{"rendered":"\n<div class=\"wp-block-cover alignfull has-parallax has-medium-font-size\" style=\"margin-top:180px;margin-bottom:90px;padding-top:4rem;padding-bottom:4rem;min-height:550px;aspect-ratio:unset;\"><span aria-hidden=\"true\" class=\"wp-block-cover__background has-background-dim\" style=\"background-color:#d22f3f\"><\/span><div class=\"wp-block-cover__image-background wp-image-25532 has-parallax\" style=\"background-position:50% 50%;background-image:url(https:\/\/law.prf.cuni.cz\/repro-just\/wp-content\/uploads\/sites\/33\/2023\/05\/shutterstock_1338684023.jpg)\"><\/div><div class=\"wp-block-cover__inner-container is-layout-constrained wp-container-core-cover-is-layout-1 wp-block-cover-is-layout-constrained\">\n<h1 class=\"wp-block-heading has-ast-global-color-5-color has-text-color\" style=\"font-size:68px\"><strong>Repro-Just<\/strong><\/h1>\n\n\n\n<h2 class=\"wp-block-heading has-ast-global-color-5-color has-text-color has-medium-font-size\" style=\"font-size:60px\">Advancing Reproductive Justice in International Criminal Law<\/h2>\n\n\n\n<p class=\"has-ast-global-color-5-color has-text-color has-medium-font-size\"><\/p>\n\n\n\n<div class=\"wp-block-buttons is-layout-flex wp-block-buttons-is-layout-flex\">\n<div class=\"wp-block-button has-custom-font-size has-medium-font-size\"><a class=\"wp-block-button__link wp-element-button\">About us<\/a><\/div>\n<\/div>\n<\/div><\/div>\n\n\n\n<h2 class=\"wp-block-heading has-text-align-center has-text-color has-link-color has-large-font-size wp-elements-78a41eb62b4001c1d9e82a829770feb3\" style=\"color:#d22f3f;padding-top:var(--wp--preset--spacing--30);padding-bottom:var(--wp--preset--spacing--30)\">News<\/h2>\n\n\n\n<div class=\"wp-block-group is-layout-flow wp-block-group-is-layout-flow\">\n<div class=\"wp-block-columns are-vertically-aligned-top is-layout-flex wp-container-core-columns-is-layout-1 wp-block-columns-is-layout-flex\">\n<div class=\"wp-block-column is-vertically-aligned-top is-layout-flow wp-block-column-is-layout-flow\">\n<div class=\"wp-block-cover is-light\"><span aria-hidden=\"true\" class=\"wp-block-cover__background has-background-dim-80 has-background-dim\" style=\"background-color:#9c9c9c\"><\/span><img loading=\"lazy\" decoding=\"async\" width=\"800\" height=\"800\" class=\"wp-block-cover__image-background wp-image-25551\" alt=\"\" src=\"https:\/\/law.prf.cuni.cz\/repro-just\/wp-content\/uploads\/sites\/33\/2023\/05\/mereni.png\" data-object-fit=\"cover\"\/><div class=\"wp-block-cover__inner-container is-layout-flow wp-block-cover-is-layout-flow\">\n<h2 class=\"wp-block-heading has-ast-global-color-5-color has-text-color has-link-color\" style=\"font-size:30px\">Tresty za zn\u00e1siln\u011bn\u00ed <br>jsou druh\u00e9 nejp\u0159\u00edsn\u011bj\u0161\u00ed <br>po vra\u017ed\u011b<br><\/h2>\n\n\n\n<hr class=\"wp-block-separator has-css-opacity has-text-color has-ast-global-color-0-color has-ast-global-color-0-background-color has-background is-style-wide\"\/>\n\n\n\n<p><em> <\/em><\/p>\n\n\n\n<div class=\"wp-block-buttons is-layout-flex wp-block-buttons-is-layout-flex\">\n<div class=\"wp-block-button\"><a class=\"wp-block-button__link wp-element-button\" href=\"https:\/\/www.prf.cuni.cz\/sites\/default\/files\/uploads\/files\/LDH_4_23.pdf\">studie VI.<\/a><\/div>\n<\/div>\n\n\n\n<div class=\"wp-block-buttons is-layout-flex wp-block-buttons-is-layout-flex\">\n<div class=\"wp-block-button\"><a class=\"wp-block-button__link wp-element-button\" href=\"https:\/\/www.prf.cuni.cz\/sites\/default\/files\/uploads\/files\/Tiskova%CC%81%20zpra%CC%81va%20ze%20dne%206.%206.%202023%20-%20Tresty%20za%20zna%CC%81silne%CC%8Cni%CC%81%20jsou%20druhe%CC%81%20nejpr%CC%8Ci%CC%81sne%CC%8Cjs%CC%8Ci%CC%81%20po%20vraz%CC%8Cde%CC%8C%20%3A%20studie%20Legal%20Data%20Hub_0.docx\"><em>Tiskov\u00e1 zpr\u00e1va<\/em><\/a><\/div>\n<\/div>\n<\/div><\/div>\n<\/div>\n\n\n\n<div class=\"wp-block-column is-vertically-aligned-top is-layout-flow wp-block-column-is-layout-flow\">\n<div class=\"wp-block-cover\"><span aria-hidden=\"true\" class=\"wp-block-cover__background has-background-dim-80 has-background-dim\" style=\"background-color:#535353\"><\/span><img loading=\"lazy\" decoding=\"async\" width=\"800\" height=\"800\" class=\"wp-block-cover__image-background wp-image-25538\" alt=\"\" src=\"https:\/\/law.prf.cuni.cz\/repro-just\/wp-content\/uploads\/sites\/33\/2023\/05\/LDH_III.png\" data-object-fit=\"cover\"\/><div class=\"wp-block-cover__inner-container is-layout-flow wp-block-cover-is-layout-flow\">\n<h2 class=\"wp-block-heading has-white-color has-text-color has-link-color\" style=\"font-size:30px\">Jak \u010desk\u00e9 soudy rozhoduj\u00ed o v\u00fd\u017eivn\u00e9m<br><\/h2>\n\n\n\n<hr class=\"wp-block-separator has-css-opacity has-text-color has-ast-global-color-0-color has-ast-global-color-0-background-color has-background is-style-wide\"\/>\n\n\n\n<p><\/p>\n\n\n\n<div class=\"wp-block-buttons is-layout-flex wp-block-buttons-is-layout-flex\">\n<div class=\"wp-block-button\"><a class=\"wp-block-button__link wp-element-button\" href=\"https:\/\/www.prf.cuni.cz\/sites\/default\/files\/uploads\/files\/LDH-2023-03-Jak-ceske-soudy-rozhoduji-o-vyzivnem.pdf\">studie V.<\/a><\/div>\n<\/div>\n\n\n\n<div class=\"wp-block-buttons is-layout-flex wp-block-buttons-is-layout-flex\">\n<div class=\"wp-block-button\"><a class=\"wp-block-button__link wp-element-button\"><em>Tiskov\u00e1 zpr\u00e1va<\/em><\/a><\/div>\n<\/div>\n<\/div><\/div>\n<\/div>\n\n\n\n<div class=\"wp-block-column is-vertically-aligned-top is-layout-flow wp-block-column-is-layout-flow\">\n<div class=\"wp-block-cover is-light\"><span aria-hidden=\"true\" class=\"wp-block-cover__background has-background-dim-80 has-background-dim\" style=\"background-color:#969696\"><\/span><img loading=\"lazy\" decoding=\"async\" width=\"800\" height=\"800\" class=\"wp-block-cover__image-background wp-image-25536\" alt=\"\" src=\"https:\/\/law.prf.cuni.cz\/repro-just\/wp-content\/uploads\/sites\/33\/2023\/05\/LDH_I.png\" data-object-fit=\"cover\"\/><div class=\"wp-block-cover__inner-container is-layout-flow wp-block-cover-is-layout-flow\">\n<h2 class=\"wp-block-heading has-ast-global-color-5-color has-text-color has-link-color\" style=\"font-size:30px\">Jak zlep\u0161it v\u00fdb\u011br pokut? Experiment se zjednodu\u0161en\u00edm informac\u00ed<\/h2>\n\n\n\n<hr class=\"wp-block-separator has-css-opacity has-text-color has-ast-global-color-0-color has-ast-global-color-0-background-color has-background is-style-wide\"\/>\n\n\n\n<p><\/p>\n\n\n\n<div class=\"wp-block-buttons is-layout-flex wp-block-buttons-is-layout-flex\">\n<div class=\"wp-block-button\"><a class=\"wp-block-button__link wp-element-button\" href=\"https:\/\/www.prf.cuni.cz\/sites\/default\/files\/uploads\/files\/HUB_studie_Jak%20zleps%CC%8Cit%20vy%CC%81be%CC%8Cr%20pokut_0.pdf\">studie IV.<\/a><\/div>\n<\/div>\n\n\n\n<div class=\"wp-block-buttons is-layout-flex wp-block-buttons-is-layout-flex\">\n<div class=\"wp-block-button\"><a class=\"wp-block-button__link wp-element-button\" href=\"https:\/\/www.prf.cuni.cz\/sites\/default\/files\/uploads\/files\/TZ_LDH2023-Jak%20zleps%CC%8Cit%20vy%CC%81be%CC%8Cr%20pokut.docx\"><em>Tiskov\u00e1 zpr\u00e1va<\/em><\/a><\/div>\n<\/div>\n<\/div><\/div>\n<\/div>\n<\/div>\n\n\n\n<div style=\"height:100px\" aria-hidden=\"true\" class=\"wp-block-spacer\"><\/div>\n\n\n\n<div class=\"wp-block-columns are-vertically-aligned-top is-layout-flex wp-container-core-columns-is-layout-2 wp-block-columns-is-layout-flex\">\n<div class=\"wp-block-column is-vertically-aligned-top is-layout-flow wp-block-column-is-layout-flow\"><\/div>\n\n\n\n<div class=\"wp-block-column is-vertically-aligned-top is-layout-flow wp-block-column-is-layout-flow\"><\/div>\n\n\n\n<div class=\"wp-block-column is-vertically-aligned-top is-layout-flow wp-block-column-is-layout-flow\"><\/div>\n<\/div>\n<\/div>\n\n\n\n<p class=\"has-text-align-center has-ast-global-color-5-color has-text-color has-medium-font-size\"><\/p>\n\n\n\n<div class=\"wp-block-buttons is-content-justification-center is-layout-flex wp-container-core-buttons-is-layout-8 wp-block-buttons-is-layout-flex\">\n<div class=\"wp-block-button\"><a class=\"wp-block-button__link wp-element-button\">Archive<\/a><\/div>\n<\/div>\n\n\n\n<div class=\"wp-block-group has-background is-layout-flow wp-block-group-is-layout-flow\" style=\"background-color:#ffffff00\">\n<h2 class=\"wp-block-heading has-text-align-center has-black-color has-text-color has-large-font-size\">Thanks!<\/h2>\n\n\n\n<div style=\"height:100px\" aria-hidden=\"true\" class=\"wp-block-spacer\"><\/div>\n\n\n\n<div class=\"wp-block-columns is-layout-flex wp-container-core-columns-is-layout-3 wp-block-columns-is-layout-flex\">\n<div class=\"wp-block-column is-layout-flow wp-block-column-is-layout-flow\"><\/div>\n\n\n\n<div class=\"wp-block-column is-layout-flow wp-block-column-is-layout-flow\"><\/div>\n\n\n\n<div class=\"wp-block-column is-layout-flow wp-block-column-is-layout-flow\"><\/div>\n<\/div>\n\n\n\n<div style=\"height:100px\" aria-hidden=\"true\" class=\"wp-block-spacer\"><\/div>\n\n\n\n<div class=\"wp-block-columns is-layout-flex wp-container-core-columns-is-layout-4 wp-block-columns-is-layout-flex\">\n<div class=\"wp-block-column is-layout-flow wp-block-column-is-layout-flow\"><\/div>\n\n\n\n<div class=\"wp-block-column is-layout-flow wp-block-column-is-layout-flow\"><\/div>\n\n\n\n<div class=\"wp-block-column is-layout-flow wp-block-column-is-layout-flow\"><\/div>\n<\/div>\n\n\n\n<div style=\"height:100px\" aria-hidden=\"true\" class=\"wp-block-spacer\"><\/div>\n<\/div>\n","protected":false},"excerpt":{"rendered":"<p>News Thanks!<\/p>\n","protected":false},"author":1,"featured_media":0,"parent":0,"menu_order":0,"comment_status":"closed","ping_status":"closed","template":"","meta":{"_monsterinsights_skip_tracking":false,"_monsterinsights_sitenote_active":false,"_monsterinsights_sitenote_note":"","_monsterinsights_sitenote_category":0,"site-sidebar-layout":"no-sidebar","site-content-layout":"plain-container","ast-site-content-layout":"normal-width-container","site-content-style":"unboxed","site-sidebar-style":"unboxed","ast-global-header-display":"","ast-banner-title-visibility":"","ast-main-header-display":"","ast-hfb-above-header-display":"","ast-hfb-below-header-display":"","ast-hfb-mobile-header-display":"","site-post-title":"disabled","ast-breadcrumbs-content":"","ast-featured-img":"disabled","footer-sml-layout":"","ast-disable-related-posts":"","theme-transparent-header-meta":"enabled","adv-header-id-meta":"","stick-header-meta":"","header-above-stick-meta":"","header-main-stick-meta":"","header-below-stick-meta":"","astra-migrate-meta-layouts":"set","ast-page-background-enabled":"default","ast-page-background-meta":{"desktop":{"background-color":"var(--ast-global-color-5)","background-image":"","background-repeat":"repeat","background-position":"center center","background-size":"auto","background-attachment":"scroll","background-type":"","background-media":"","overlay-type":"","overlay-color":"","overlay-opacity":"","overlay-gradient":""},"tablet":{"background-color":"","background-image":"","background-repeat":"repeat","background-position":"center center","background-size":"auto","background-attachment":"scroll","background-type":"","background-media":"","overlay-type":"","overlay-color":"","overlay-opacity":"","overlay-gradient":""},"mobile":{"background-color":"","background-image":"","background-repeat":"repeat","background-position":"center center","background-size":"auto","background-attachment":"scroll","background-type":"","background-media":"","overlay-type":"","overlay-color":"","overlay-opacity":"","overlay-gradient":""}},"ast-content-background-meta":{"desktop":{"background-color":"var(--ast-global-color-4)","background-image":"","background-repeat":"repeat","background-position":"center center","background-size":"auto","background-attachment":"scroll","background-type":"","background-media":"","overlay-type":"","overlay-color":"","overlay-opacity":"","overlay-gradient":""},"tablet":{"background-color":"var(--ast-global-color-4)","background-image":"","background-repeat":"repeat","background-position":"center center","background-size":"auto","background-attachment":"scroll","background-type":"","background-media":"","overlay-type":"","overlay-color":"","overlay-opacity":"","overlay-gradient":""},"mobile":{"background-color":"var(--ast-global-color-4)","background-image":"","background-repeat":"repeat","background-position":"center center","background-size":"auto","background-attachment":"scroll","background-type":"","background-media":"","overlay-type":"","overlay-color":"","overlay-opacity":"","overlay-gradient":""}},"_kadence_starter_templates_imported_post":false,"footnotes":""},"class_list":["post-25264","page","type-page","status-publish","hentry"],"aioseo_notices":[],"_links":{"self":[{"href":"https:\/\/law.prf.cuni.cz\/repro-just\/wp-json\/wp\/v2\/pages\/25264","targetHints":{"allow":["GET"]}}],"collection":[{"href":"https:\/\/law.prf.cuni.cz\/repro-just\/wp-json\/wp\/v2\/pages"}],"about":[{"href":"https:\/\/law.prf.cuni.cz\/repro-just\/wp-json\/wp\/v2\/types\/page"}],"author":[{"embeddable":true,"href":"https:\/\/law.prf.cuni.cz\/repro-just\/wp-json\/wp\/v2\/users\/1"}],"replies":[{"embeddable":true,"href":"https:\/\/law.prf.cuni.cz\/repro-just\/wp-json\/wp\/v2\/comments?post=25264"}],"version-history":[{"count":22,"href":"https:\/\/law.prf.cuni.cz\/repro-just\/wp-json\/wp\/v2\/pages\/25264\/revisions"}],"predecessor-version":[{"id":26083,"href":"https:\/\/law.prf.cuni.cz\/repro-just\/wp-json\/wp\/v2\/pages\/25264\/revisions\/26083"}],"wp:attachment":[{"href":"https:\/\/law.prf.cuni.cz\/repro-just\/wp-json\/wp\/v2\/media?parent=25264"}],"curies":[{"name":"wp","href":"https:\/\/api.w.org\/{rel}","templated":true}]}}