{"id":2,"date":"2024-04-08T08:55:57","date_gmt":"2024-04-08T06:55:57","guid":{"rendered":"https:\/\/law.prf.cuni.cz\/rekodifikace-10let\/?page_id=2"},"modified":"2024-10-08T15:27:55","modified_gmt":"2024-10-08T13:27:55","slug":"zkusebni-stranka","status":"publish","type":"page","link":"https:\/\/law.prf.cuni.cz\/rekodifikace-10let\/","title":{"rendered":"Konference"},"content":{"rendered":"\n<div class=\"wp-block-group alignwide has-background\" style=\"background-color:#ffffff\"><div class=\"wp-block-group__inner-container is-layout-flow wp-block-group-is-layout-flow\">\n<div class=\"wp-block-group alignfull is-vertical is-content-justification-center is-layout-flex wp-container-core-group-is-layout-1 wp-block-group-is-layout-flex\">\n<p class=\"has-text-align-center\" id=\"site-header\">Katedry ob\u010dansk\u00e9ho a obchodn\u00edho pr\u00e1va Pr\u00e1vnick\u00e9 fakulty Univerzity Karlovy <br>srde\u010dn\u011b zvou na odbornou konferenci k t\u00e9matu<\/p>\n\n\n\n<h1 class=\"wp-block-heading has-text-align-center has-accent-color has-text-color\" style=\"text-transform:uppercase\">10 let \u00fa\u010dinnosti rekodifikace soukrom\u00e9ho pr\u00e1va v \u010cR<\/h1>\n\n\n\n<p class=\"has-text-align-center date-and-place\"><em>Konference p\u0159i p\u0159\u00edle\u017eitosti 10 let \u00fa\u010dinnosti ob\u010dansk\u00e9ho z\u00e1kon\u00edku, z\u00e1kona o obchodn\u00edch korporac\u00edch, z\u00e1kona o mezin\u00e1rodn\u00edm pr\u00e1vu soukrom\u00e9m a souvisej\u00edc\u00ed legislativy.<\/em><\/p>\n<\/div>\n\n\n\n<p class=\"has-text-align-center delimiter-wrap delimiter-after delimiter-before\"><strong>16. a 17. \u0159\u00edjna 2024<\/strong>, <strong>Pr\u00e1vnick\u00e1 fakulta Univerzity Karlovy<\/strong><br>(<a href=\"https:\/\/maps.app.goo.gl\/fLMgsfyiD6M9pbjE7\" target=\"_blank\" rel=\"noopener\" title=\"n\u00e1m. Curieov\u00fdch 7, 116 40 Star\u00e9 M\u011bsto, Praha 1\">n\u00e1m. Curieov\u00fdch 7, 116 40 Star\u00e9 M\u011bsto, Praha 1<\/a>)<\/p>\n\n\n\n<p class=\"has-text-align-center\"><strong>POZOR &#8211; ZM\u011aNA!!! Z d\u016fvodu velk\u00e9ho z\u00e1jmu o konferenci se cel\u00fd st\u0159ede\u010dn\u00ed program p\u0159esouv\u00e1 na p\u016fdu PF UK, do m\u00edstnosti 120. \u010casov\u00fd harmonogram se nem\u011bn\u00ed. D\u011bkujeme za pochopen\u00ed.<\/strong><\/p>\n<\/div><\/div>\n\n\n\n<div class=\"wp-block-group alignwide has-background\" style=\"background-color:#ffffff\"><div class=\"wp-block-group__inner-container is-layout-flow wp-block-group-is-layout-flow\">\n<div style=\"height:40px\" aria-hidden=\"true\" class=\"wp-block-spacer\"><\/div>\n\n\n\n<p class=\"has-text-align-center\">V\u011bdeck\u00e1 konference se v jednotliv\u00fdch bloc\u00edch zam\u011b\u0159\u00ed p\u0159edev\u0161\u00edm na tato t\u00e9mata:<\/p>\n\n\n\n<ul class=\"wp-block-list\">\n<li>Z\u00e1sady soukrom\u00e9ho pr\u00e1va a posuny v jejich koncepci<\/li>\n\n\n\n<li>Dispozitivnost \/ kogentnost soukrom\u00e9ho pr\u00e1va<\/li>\n\n\n\n<li>Pr\u00e1vn\u00ed jedn\u00e1n\u00ed a jeho vady<\/li>\n\n\n\n<li>Alternativn\u00ed formy spr\u00e1vy majetku<\/li>\n\n\n\n<li>Ochrana slab\u0161\u00ed strany<\/li>\n\n\n\n<li>Materi\u00e1ln\u00ed kontrola smluv<\/li>\n\n\n\n<li>Jm\u011bn\u00ed d\u00edt\u011bte v&nbsp;rodin\u011b-pr\u00e1vn\u00ed a d\u011bdicko-pr\u00e1vn\u00ed perspektiv\u011b<\/li>\n\n\n\n<li>Pojet\u00ed civiln\u00edho deliktu<\/li>\n\n\n\n<li>Insolven\u010dn\u00ed delikty<\/li>\n\n\n\n<li>V\u011bcn\u011b-pr\u00e1vn\u00ed povaha pod\u00edlu v obchodn\u00ed korporaci<\/li>\n\n\n\n<li>Spole\u010dnost s ru\u010den\u00edm omezen\u00fdm<\/li>\n\n\n\n<li>Dru\u017estevn\u00ed pr\u00e1vo<\/li>\n<\/ul>\n\n\n\n<div class=\"wp-block-group alignfull is-vertical is-content-justification-center is-layout-flex wp-container-core-group-is-layout-4 wp-block-group-is-layout-flex\">\n<div style=\"height:0px\" aria-hidden=\"true\" class=\"wp-block-spacer wp-container-content-1\"><\/div>\n\n\n\n<div class=\"wp-block-buttons is-horizontal is-content-justification-center is-layout-flex wp-container-core-buttons-is-layout-1 wp-block-buttons-is-layout-flex\">\n<div class=\"wp-block-button is-style-fill\"><a class=\"wp-block-button__link has-accent-background-color has-background wp-element-button\" href=\"https:\/\/forms.office.com\/e\/Es7GrfT0tb?origin=lprLink\" target=\"_blank\" rel=\"noreferrer noopener\">registrace<\/a><\/div>\n\n\n\n<div class=\"wp-block-button is-style-fill\"><a class=\"wp-block-button__link has-accent-background-color has-background wp-element-button\" href=\"https:\/\/law.prf.cuni.cz\/rekodifikace-10let\/wp-content\/uploads\/sites\/23\/2024\/10\/Konference-10-let-rekodifikace_program_verze-III.pdf\">Program<\/a><\/div>\n<\/div>\n\n\n\n<h3 class=\"wp-block-heading has-text-align-center test\">D\u016fle\u017eit\u00e9 informace<\/h3>\n\n\n\n<ul class=\"wp-block-list\">\n<li>Pro \u00fa\u010dast na konferenci je nezbytn\u00e9 se p\u0159edem registrovat (viz proklik v\u00fd\u0161e). Registrace bude otev\u0159ena do 9. 10. 2024.<\/li>\n\n\n\n<li>K&nbsp;\u00fa\u010dasti zveme p\u0159edev\u0161\u00edm akademiky, soudce, advok\u00e1ty, not\u00e1\u0159e a dal\u0161\u00ed odborn\u00edky z&nbsp;jin\u00fdch pr\u00e1vnick\u00fdch profes\u00ed, jako\u017e i studenty magistersk\u00e9ho \u010di doktorsk\u00e9ho studia.<\/li>\n\n\n\n<li>Konferen\u010dn\u00ed poplatek \u010din\u00ed 2.000,- K\u010d. \u010clenov\u00e9 akademick\u00e9 obce PF UK a vystupuj\u00edc\u00ed poplatek nehrad\u00ed. Pokyny k platb\u011b budou registrovan\u00fdm \u00fa\u010dastn\u00edk\u016fm zasl\u00e1ny emailem.<\/li>\n\n\n\n<li>V pr\u016fb\u011bhu konference bude zaji\u0161t\u011bno ob\u010derstven\u00ed. Sou\u010d\u00e1st\u00ed konference bude slavnostn\u00ed raut ve st\u0159edu 16. 10. v prostor\u00e1ch Pr\u00e1vnick\u00e9 fakulty.<\/li>\n\n\n\n<li>Organiz\u00e1to\u0159i nezaji\u0161tuj\u00ed ubytov\u00e1n\u00ed.<\/li>\n<\/ul>\n\n\n\n<h3 class=\"wp-block-heading has-text-align-center\">Organiza\u010dn\u00ed v\u00fdbor<\/h3>\n\n\n\n<div class=\"wp-block-columns is-layout-flex wp-container-core-columns-is-layout-1 wp-block-columns-is-layout-flex\">\n<div class=\"wp-block-column is-vertically-aligned-top is-layout-flow wp-block-column-is-layout-flow\" style=\"flex-basis:50%\">\n<p class=\"has-text-align-center\">prof. JUDr. PhDr. David Elischer, Ph.D. <br> prof. JUDr. Monika Pauknerov\u00e1,CSc.,DSc.<br>doc. JUDr. Ond\u0159ej Frinta, Ph.D.<br>JUDr. Kl\u00e1ra Hurychov\u00e1, Ph.D. <\/p>\n<\/div>\n\n\n\n<div class=\"wp-block-column is-vertically-aligned-top is-layout-flow wp-block-column-is-layout-flow\" style=\"flex-basis:50%\">\n<p class=\"has-text-align-center\">JUDr. Robert Pelik\u00e1n <br>JUDr. Ond\u0159ej Mocek, Ph.D.<br>          JUDr. Miroslav Sedl\u00e1\u010dek, LL.M., Ph.D. <\/p>\n<\/div>\n<\/div>\n\n\n\n<p><a href=\"mailto:rekodifikace@prf.cuni.cz\" target=\"_blank\" rel=\"noopener\" title=\"\">rekodifikace@prf.cuni.cz<\/a> <\/p>\n\n\n\n<div style=\"height:67px\" aria-hidden=\"true\" class=\"wp-block-spacer wp-container-content-2\"><\/div>\n\n\n\n<p class=\"has-text-align-center\"><strong>Hlavn\u00ed sponzo\u0159i konference: <\/strong><\/p>\n\n\n\n<div class=\"wp-block-columns are-vertically-aligned-center sponzori is-layout-flex wp-container-core-columns-is-layout-2 wp-block-columns-is-layout-flex\">\n<div class=\"wp-block-column is-vertically-aligned-center is-layout-flow wp-block-column-is-layout-flow\" style=\"flex-basis:33.33%\">\n<figure class=\"wp-block-image is-resized max-width-auto\"><img loading=\"lazy\" decoding=\"async\" width=\"4167\" height=\"661\" src=\"https:\/\/law.prf.cuni.cz\/rekodifikace-10let\/wp-content\/uploads\/sites\/23\/2024\/07\/WT_Logo_RGB.png\" alt=\"\" class=\"wp-image-79\" style=\"width:200px\" \/><\/figure>\n<\/div>\n\n\n\n<div class=\"wp-block-column is-vertically-aligned-center is-layout-flow wp-block-column-is-layout-flow\" style=\"flex-basis:33.33%\"><div class=\"wp-block-image max-width-auto\">\n<figure class=\"aligncenter size-full is-resized\"><img loading=\"lazy\" decoding=\"async\" width=\"320\" height=\"153\" src=\"https:\/\/law.prf.cuni.cz\/rekodifikace-10let\/wp-content\/uploads\/sites\/23\/2024\/07\/Ceska_sporitelna_-_logo_2023.png\" alt=\"\" class=\"wp-image-80\" style=\"aspect-ratio:2.0915032679738563;object-fit:cover;width:200px\" \/><\/figure><\/div><\/div>\n\n\n\n<div class=\"wp-block-column is-vertically-aligned-center is-layout-flow wp-block-column-is-layout-flow\" style=\"flex-basis:33.33%\"><div class=\"wp-block-image max-width-auto\">\n<figure class=\"aligncenter size-full is-resized\"><img loading=\"lazy\" decoding=\"async\" width=\"498\" height=\"246\" src=\"https:\/\/law.prf.cuni.cz\/rekodifikace-10let\/wp-content\/uploads\/sites\/23\/2024\/07\/PRK.png\" alt=\"\" class=\"wp-image-77\" style=\"width:200px\" \/><\/figure><\/div><\/div>\n<\/div>\n\n\n\n<p class=\"has-text-align-center\"><strong>Dal\u0161\u00ed sponzo\u0159i konference: <\/strong><\/p>\n\n\n\n<div class=\"wp-block-group\"><div class=\"wp-block-group__inner-container is-layout-constrained wp-block-group-is-layout-constrained\">\n<div class=\"wp-block-columns sponzori is-layout-flex wp-container-core-columns-is-layout-3 wp-block-columns-is-layout-flex\">\n<div class=\"wp-block-column is-layout-flow wp-block-column-is-layout-flow\" style=\"flex-basis:50%\">\n<figure class=\"wp-block-image is-resized\"><img loading=\"lazy\" decoding=\"async\" width=\"2362\" height=\"2355\" src=\"https:\/\/law.prf.cuni.cz\/rekodifikace-10let\/wp-content\/uploads\/sites\/23\/2024\/07\/KSB_bar.jpg\" alt=\"\" class=\"wp-image-81\" style=\"aspect-ratio:1.002972399150743;width:164px;height:auto\" \/><\/figure>\n<\/div>\n\n\n\n<div class=\"wp-block-column is-layout-flow wp-block-column-is-layout-flow\" style=\"flex-basis:50%\">\n<figure class=\"wp-block-image size-full is-resized\"><img loading=\"lazy\" decoding=\"async\" width=\"209\" height=\"232\" src=\"https:\/\/law.prf.cuni.cz\/rekodifikace-10let\/wp-content\/uploads\/sites\/23\/2024\/07\/Randova-nadace.jpg\" alt=\"\" class=\"wp-image-78\" style=\"aspect-ratio:0.9008620689655172;width:132px;height:auto\" \/><\/figure>\n\n\n<div class=\"wp-block-image\">\n<figure class=\"alignright size-full is-resized\"><img loading=\"lazy\" decoding=\"async\" width=\"7227\" height=\"1946\" src=\"https:\/\/law.prf.cuni.cz\/rekodifikace-10let\/wp-content\/uploads\/sites\/23\/2024\/09\/WK_H_01_Pos_RGB_2400_Color.png\" alt=\"\" class=\"wp-image-128\" style=\"aspect-ratio:3.71377183967112;width:583px;height:auto\" \/><\/figure><\/div><\/div>\n<\/div>\n<\/div><\/div>\n<\/div>\n<\/div><\/div>\n","protected":false},"excerpt":{"rendered":"<p>Katedry ob\u010dansk\u00e9ho a obchodn\u00edho pr\u00e1va Pr\u00e1vnick\u00e9 fakulty Univerzity Karlovy srde\u010dn\u011b zvou na odbornou konferenci k t\u00e9matu 10 let \u00fa\u010dinnosti rekodifikace soukrom\u00e9ho pr\u00e1va v \u010cR Konference p\u0159i p\u0159\u00edle\u017eitosti 10 let \u00fa\u010dinnosti ob\u010dansk\u00e9ho z\u00e1kon\u00edku, z\u00e1kona o obchodn\u00edch korporac\u00edch, z\u00e1kona o mezin\u00e1rodn\u00edm pr\u00e1vu soukrom\u00e9m a souvisej\u00edc\u00ed legislativy. 16. a 17. \u0159\u00edjna 2024, Pr\u00e1vnick\u00e1 fakulta Univerzity Karlovy(n\u00e1m. Curieov\u00fdch 7, [&hellip;]<\/p>\n","protected":false},"author":1,"featured_media":0,"parent":0,"menu_order":0,"comment_status":"closed","ping_status":"open","template":"","meta":{"_monsterinsights_skip_tracking":false,"_monsterinsights_sitenote_active":false,"_monsterinsights_sitenote_note":"","_monsterinsights_sitenote_category":0,"_kadence_starter_templates_imported_post":false,"footnotes":""},"class_list":["post-2","page","type-page","status-publish","hentry"],"aioseo_notices":[],"_links":{"self":[{"href":"https:\/\/law.prf.cuni.cz\/rekodifikace-10let\/wp-json\/wp\/v2\/pages\/2","targetHints":{"allow":["GET"]}}],"collection":[{"href":"https:\/\/law.prf.cuni.cz\/rekodifikace-10let\/wp-json\/wp\/v2\/pages"}],"about":[{"href":"https:\/\/law.prf.cuni.cz\/rekodifikace-10let\/wp-json\/wp\/v2\/types\/page"}],"author":[{"embeddable":true,"href":"https:\/\/law.prf.cuni.cz\/rekodifikace-10let\/wp-json\/wp\/v2\/users\/1"}],"replies":[{"embeddable":true,"href":"https:\/\/law.prf.cuni.cz\/rekodifikace-10let\/wp-json\/wp\/v2\/comments?post=2"}],"version-history":[{"count":58,"href":"https:\/\/law.prf.cuni.cz\/rekodifikace-10let\/wp-json\/wp\/v2\/pages\/2\/revisions"}],"predecessor-version":[{"id":152,"href":"https:\/\/law.prf.cuni.cz\/rekodifikace-10let\/wp-json\/wp\/v2\/pages\/2\/revisions\/152"}],"wp:attachment":[{"href":"https:\/\/law.prf.cuni.cz\/rekodifikace-10let\/wp-json\/wp\/v2\/media?parent=2"}],"curies":[{"name":"wp","href":"https:\/\/api.w.org\/{rel}","templated":true}]}}