{"id":940,"date":"2021-10-25T23:13:11","date_gmt":"2021-10-25T22:13:11","guid":{"rendered":"http:\/\/pravavpraze.fun\/?page_id=940"},"modified":"2025-11-03T11:35:42","modified_gmt":"2025-11-03T10:35:42","slug":"studium-prav","status":"publish","type":"page","link":"https:\/\/law.prf.cuni.cz\/pravavpraze\/studium-prav\/","title":{"rendered":"Studium pr\u00e1v na Pr\u00e1vnick\u00e9 fakult\u011b UK"},"content":{"rendered":"\n<div style=\"height:15px\" aria-hidden=\"true\" class=\"wp-block-spacer\"><\/div>\n\n\n<div class=\"wp-block-image\">\n<figure class=\"aligncenter size-full\"><a href=\"https:\/\/law.prf.cuni.cz\/pravavpraze\/wp-content\/uploads\/sites\/2\/2023\/10\/30.png\"><img loading=\"lazy\" decoding=\"async\" width=\"1024\" height=\"576\" src=\"https:\/\/law.prf.cuni.cz\/pravavpraze\/wp-content\/uploads\/sites\/2\/2023\/10\/30.png\" alt=\"\" class=\"wp-image-2187\"\/><\/a><\/figure><\/div>\n\n\n<div class=\"wp-block-cover alignfull\" style=\"min-height:600px;aspect-ratio:unset;\"><span aria-hidden=\"true\" class=\"wp-block-cover__background has-nv-text-dark-bg-background-color has-background-dim-100 has-background-dim\"><\/span><div class=\"wp-block-cover__inner-container is-layout-flow wp-block-cover-is-layout-flow\">\n<div class=\"wp-block-group\"><div class=\"wp-block-group__inner-container is-layout-flow wp-block-group-is-layout-flow\">\n<div style=\"height:80px\" aria-hidden=\"true\" class=\"wp-block-spacer\"><\/div>\n\n\n\n<h1 class=\"wp-block-heading has-text-align-center has-neve-link-hover-color-color has-text-color\">Studium pr\u00e1v na Pr\u00e1vnick\u00e9 fakult\u011b<\/h1>\n\n\n\n<div class=\"wp-block-columns are-vertically-aligned-center has-nv-dark-bg-color has-nv-site-bg-background-color has-text-color has-background is-layout-flex wp-container-core-columns-is-layout-1 wp-block-columns-is-layout-flex\">\n<div class=\"wp-block-column is-vertically-aligned-center has-nv-dark-bg-color has-nv-site-bg-background-color has-text-color has-background is-layout-flow wp-block-column-is-layout-flow\" style=\"flex-basis:50%\">\n<figure class=\"wp-block-image size-full is-style-default\"><img loading=\"lazy\" decoding=\"async\" width=\"600\" height=\"600\" src=\"https:\/\/law.prf.cuni.cz\/pravavpraze\/wp-content\/uploads\/sites\/2\/2023\/10\/D.png\" alt=\"\" class=\"wp-image-2180\"\/><\/figure>\n<\/div>\n\n\n\n<div class=\"wp-block-column is-vertically-aligned-center has-nv-text-dark-bg-color has-text-color is-layout-flow wp-block-column-is-layout-flow\" style=\"flex-basis:50%\">\n<div style=\"height:20px\" aria-hidden=\"true\" class=\"wp-block-spacer\"><\/div>\n\n\n\n<h2 class=\"wp-block-heading has-text-align-left has-neve-text-color-color has-text-color\">\u00davodn\u00ed soust\u0159ed\u011bn\u00ed <br>1. ro\u010dn\u00edku <\/h2>\n\n\n\n<p class=\"has-text-align-left has-neve-text-color-color has-text-color\" style=\"font-size:17px\">Tradi\u010dn\u00ed <strong>\u00favodn\u00ed soust\u0159ed\u011bn\u00ed pro studenty<\/strong> pr\u00e1v nastupuj\u00edc\u00ed do prvn\u00edho ro\u010dn\u00edku se kon\u00e1 na p\u0159elomu srpna a z\u00e1\u0159\u00ed. Studenti se zde mohou poprv\u00e9 setkat se sv\u00fdmi spolu\u017e\u00e1ky i pedagogy v neform\u00e1ln\u00edm prost\u0159ed\u00ed je\u0161t\u011b p\u0159edt\u00edm, ne\u017e za\u010dne rutina akademick\u00e9ho roku. <\/p>\n\n\n\n<div class=\"wp-block-buttons is-horizontal is-content-justification-left is-layout-flex wp-container-core-buttons-is-layout-1 wp-block-buttons-is-layout-flex\"><\/div>\n<\/div>\n<\/div>\n<\/div><\/div>\n<\/div><\/div>\n\n\n\n<div class=\"wp-block-cover alignfull\" style=\"min-height:600px;aspect-ratio:unset;\"><span aria-hidden=\"true\" class=\"wp-block-cover__background has-nv-light-bg-background-color has-background-dim-100 has-background-dim\"><\/span><div class=\"wp-block-cover__inner-container is-layout-flow wp-block-cover-is-layout-flow\">\n<div class=\"wp-block-group\"><div class=\"wp-block-group__inner-container is-layout-flow wp-block-group-is-layout-flow\">\n<div style=\"height:47px\" aria-hidden=\"true\" class=\"wp-block-spacer\"><\/div>\n\n\n\n<div class=\"wp-block-columns are-vertically-aligned-center has-nv-dark-bg-color has-nv-light-bg-background-color has-text-color has-background is-layout-flex wp-container-core-columns-is-layout-2 wp-block-columns-is-layout-flex\">\n<div class=\"wp-block-column is-vertically-aligned-center is-layout-flow wp-block-column-is-layout-flow\" style=\"flex-basis:50%\">\n<h2 class=\"wp-block-heading has-text-align-left has-neve-link-color-color has-text-color\">\u00davod do studia pr\u00e1va<\/h2>\n\n\n\n<p class=\"has-neve-link-color-color has-text-color\">Jedn\u00e1 se o <strong>blokov\u00fd povinn\u00fd p\u0159edm\u011bt<\/strong>, kter\u00fd se <strong>vyu\u010duje ji\u017e v pr\u016fb\u011bhu z\u00e1\u0159\u00ed<\/strong> p\u0159ed za\u010d\u00e1tkem akademick\u00e9ho roku tak, aby m\u011bli v\u0161ichni zvl\u00e1dnutou v\u011bt\u0161inu studijn\u00edch dovednost\u00ed, kter\u00e9 jim umo\u017en\u00ed efektivn\u011b studovat.<\/p>\n\n\n\n<p class=\"has-neve-link-color-color has-text-color\">Studenti si vyzkou\u0161\u00ed celou \u0159adu aktivit m\u00ed\u0159\u00edc\u00edch na rozvoj z\u00e1kladn\u00edch pr\u00e1vn\u00edch znalost\u00ed a dovednost\u00ed nezbytn\u00fdch pro studenty pr\u00e1v a z\u00edskan\u00fd p\u0159ehled jim usnadn\u00ed n\u00e1stup do studia i samotn\u00e9 studium povinn\u00fdch i voliteln\u00fdch p\u0159edm\u011bt\u016f.<br><\/p>\n\n\n\n<div class=\"wp-block-buttons is-horizontal is-content-justification-left is-layout-flex wp-container-core-buttons-is-layout-2 wp-block-buttons-is-layout-flex\"><\/div>\n\n\n\n<div style=\"height:40px\" aria-hidden=\"true\" class=\"wp-block-spacer\"><\/div>\n<\/div>\n\n\n\n<div class=\"wp-block-column is-vertically-aligned-center is-layout-flow wp-block-column-is-layout-flow\" style=\"flex-basis:50%\">\n<figure class=\"wp-block-image size-full\"><img loading=\"lazy\" decoding=\"async\" width=\"600\" height=\"600\" src=\"https:\/\/law.prf.cuni.cz\/pravavpraze\/wp-content\/uploads\/sites\/2\/2022\/09\/uvod.png\" alt=\"\" class=\"wp-image-1954\" srcset=\"https:\/\/law.prf.cuni.cz\/pravavpraze\/wp-content\/uploads\/sites\/2\/2022\/09\/uvod.png 600w, https:\/\/law.prf.cuni.cz\/pravavpraze\/wp-content\/uploads\/sites\/2\/2022\/09\/uvod-300x300.png 300w, https:\/\/law.prf.cuni.cz\/pravavpraze\/wp-content\/uploads\/sites\/2\/2022\/09\/uvod-150x150.png 150w\" sizes=\"auto, (max-width: 600px) 100vw, 600px\" \/><\/figure>\n<\/div>\n<\/div>\n\n\n\n<div style=\"height:40px\" aria-hidden=\"true\" class=\"wp-block-spacer\"><\/div>\n<\/div><\/div>\n<\/div><\/div>\n\n\n\n<div class=\"wp-block-cover alignfull\" style=\"min-height:600px;aspect-ratio:unset;\"><span aria-hidden=\"true\" class=\"wp-block-cover__background has-nv-text-dark-bg-background-color has-background-dim-100 has-background-dim\"><\/span><div class=\"wp-block-cover__inner-container is-layout-flow wp-block-cover-is-layout-flow\">\n<div class=\"wp-block-group\"><div class=\"wp-block-group__inner-container is-layout-flow wp-block-group-is-layout-flow\">\n<div style=\"height:80px\" aria-hidden=\"true\" class=\"wp-block-spacer\"><\/div>\n\n\n\n<div class=\"wp-block-columns are-vertically-aligned-center has-nv-dark-bg-color has-nv-site-bg-background-color has-text-color has-background is-layout-flex wp-container-core-columns-is-layout-3 wp-block-columns-is-layout-flex\">\n<div class=\"wp-block-column is-vertically-aligned-center has-nv-dark-bg-color has-nv-site-bg-background-color has-text-color has-background is-layout-flow wp-block-column-is-layout-flow\" style=\"flex-basis:50%\">\n<figure class=\"wp-block-image size-full is-style-default\"><img loading=\"lazy\" decoding=\"async\" width=\"600\" height=\"600\" src=\"https:\/\/law.prf.cuni.cz\/pravavpraze\/wp-content\/uploads\/sites\/2\/2023\/10\/100.png\" alt=\"\" class=\"wp-image-2202\"\/><\/figure>\n<\/div>\n\n\n\n<div class=\"wp-block-column is-vertically-aligned-center has-nv-text-dark-bg-color has-text-color is-layout-flow wp-block-column-is-layout-flow\" style=\"flex-basis:50%\">\n<div style=\"height:20px\" aria-hidden=\"true\" class=\"wp-block-spacer\"><\/div>\n\n\n\n<h2 class=\"wp-block-heading has-text-align-left has-neve-text-color-color has-text-color\">Studijn\u00ed pl\u00e1n<\/h2>\n\n\n\n<p class=\"has-neve-link-color-color has-text-color\">Studijn\u00ed pl\u00e1n <strong>magistersk\u00e9ho studia<\/strong> pro studijn\u00ed program <strong>Pr\u00e1vo a pr\u00e1vn\u00ed v\u011bda <\/strong>obsahuje krom\u011b jin\u00e9ho tak\u00e9 podm\u00ednky pro absolvov\u00e1n\u00ed studia, podm\u00ednky pro postup do vy\u0161\u0161\u00edho ro\u010dn\u00edku \u010di doporu\u010den\u00fd pr\u016fb\u011bh studia. Ka\u017ed\u00fd student by se m\u011bl se sv\u00fdm studijn\u00edm pl\u00e1nem sezn\u00e1mit ji\u017e na za\u010d\u00e1tku studia.  <\/p>\n\n\n\n<p><\/p>\n\n\n\n<p><\/p>\n\n\n\n<div class=\"wp-block-buttons is-horizontal is-content-justification-center is-layout-flex wp-container-core-buttons-is-layout-3 wp-block-buttons-is-layout-flex\">\n<div class=\"wp-block-button is-style-primary\"><a class=\"wp-block-button__link wp-element-button\" href=\"https:\/\/www.prf.cuni.cz\/studijni-plany\/studijni-plan-hpravo2023\" target=\"_blank\" rel=\"noreferrer noopener\">STUDIJN\u00cd PL\u00c1N<\/a><\/div>\n<\/div>\n<\/div>\n<\/div>\n<\/div><\/div>\n<\/div><\/div>\n\n\n\n<div class=\"wp-block-cover alignfull\" style=\"min-height:300px;aspect-ratio:unset;\"><span aria-hidden=\"true\" class=\"wp-block-cover__background has-nv-dark-bg-background-color has-background-dim-80 has-background-dim\"><\/span><div class=\"wp-block-cover__inner-container is-layout-flow wp-block-cover-is-layout-flow\">\n<p><\/p>\n\n\n\n<h2 class=\"wp-block-heading has-text-align-center has-nv-text-dark-bg-color has-text-color\"> P\u0159ihlaste se Pr\u00e1vnickou fakultu <br>Univerzity Karlovy! <\/h2>\n\n\n\n<p class=\"has-text-align-center has-nv-site-bg-color has-text-color has-link-color has-medium-font-size wp-elements-674b97d6d30b7465876d1105afcd254c\"><strong>P\u0159ijet\u00ed ke studiu je pouze ve va\u0161ich rukou!<\/strong><\/p>\n\n\n\n<div class=\"wp-block-buttons is-horizontal is-content-justification-center is-layout-flex wp-container-core-buttons-is-layout-4 wp-block-buttons-is-layout-flex\">\n<div class=\"wp-block-button is-style-primary\"><a class=\"wp-block-button__link wp-element-button\" href=\"https:\/\/is.cuni.cz\/studium\/prijimacky\/index.php?do=detail_obor&amp;id_obor=34229\" target=\"_blank\" rel=\"noreferrer noopener\">PODAT P\u0158IHL\u00c1\u0160KU<\/a><\/div>\n<\/div>\n\n\n\n<p><\/p>\n<\/div><\/div>\n","protected":false},"excerpt":{"rendered":"","protected":false},"author":2,"featured_media":0,"parent":0,"menu_order":0,"comment_status":"closed","ping_status":"closed","template":"","meta":{"_monsterinsights_skip_tracking":false,"_monsterinsights_sitenote_active":false,"_monsterinsights_sitenote_note":"","_monsterinsights_sitenote_category":0,"neve_meta_sidebar":"default","neve_meta_container":"","neve_meta_enable_content_width":"on","neve_meta_content_width":100,"neve_meta_title_alignment":"","neve_meta_author_avatar":"","neve_post_elements_order":"","neve_meta_disable_header":"","neve_meta_disable_footer":"","neve_meta_disable_title":"on","_kadence_starter_templates_imported_post":false,"footnotes":""},"class_list":["post-940","page","type-page","status-publish","hentry"],"aioseo_notices":[],"_links":{"self":[{"href":"https:\/\/law.prf.cuni.cz\/pravavpraze\/wp-json\/wp\/v2\/pages\/940","targetHints":{"allow":["GET"]}}],"collection":[{"href":"https:\/\/law.prf.cuni.cz\/pravavpraze\/wp-json\/wp\/v2\/pages"}],"about":[{"href":"https:\/\/law.prf.cuni.cz\/pravavpraze\/wp-json\/wp\/v2\/types\/page"}],"author":[{"embeddable":true,"href":"https:\/\/law.prf.cuni.cz\/pravavpraze\/wp-json\/wp\/v2\/users\/2"}],"replies":[{"embeddable":true,"href":"https:\/\/law.prf.cuni.cz\/pravavpraze\/wp-json\/wp\/v2\/comments?post=940"}],"version-history":[{"count":27,"href":"https:\/\/law.prf.cuni.cz\/pravavpraze\/wp-json\/wp\/v2\/pages\/940\/revisions"}],"predecessor-version":[{"id":2430,"href":"https:\/\/law.prf.cuni.cz\/pravavpraze\/wp-json\/wp\/v2\/pages\/940\/revisions\/2430"}],"wp:attachment":[{"href":"https:\/\/law.prf.cuni.cz\/pravavpraze\/wp-json\/wp\/v2\/media?parent=940"}],"curies":[{"name":"wp","href":"https:\/\/api.w.org\/{rel}","templated":true}]}}