{"id":3263,"date":"2025-05-28T17:04:36","date_gmt":"2025-05-28T15:04:36","guid":{"rendered":"https:\/\/law.prf.cuni.cz\/migration\/?page_id=3263"},"modified":"2025-06-10T17:58:44","modified_gmt":"2025-06-10T15:58:44","slug":"vyzkumna-temata","status":"publish","type":"page","link":"https:\/\/law.prf.cuni.cz\/migration\/vyzkumna-temata\/","title":{"rendered":"V\u00fdzkumn\u00e1 t\u00e9mata"},"content":{"rendered":"<style>.kb-row-layout-id3263_9f5c36-d6 > .kt-row-column-wrap{align-content:start;}:where(.kb-row-layout-id3263_9f5c36-d6 > .kt-row-column-wrap) > .wp-block-kadence-column{justify-content:start;}.kb-row-layout-id3263_9f5c36-d6 > .kt-row-column-wrap{column-gap:var(--global-kb-gap-md, 2rem);row-gap:var(--global-kb-gap-md, 2rem);max-width:960px;margin-left:auto;margin-right:auto;padding-bottom:var(--global-kb-spacing-xl, 4rem);grid-template-columns:minmax(0, 1fr);}.kb-row-layout-id3263_9f5c36-d6 > .kt-row-layout-overlay{opacity:0.30;}@media all and (max-width: 1024px){.kb-row-layout-id3263_9f5c36-d6 > .kt-row-column-wrap{grid-template-columns:minmax(0, 1fr);}}@media all and (max-width: 767px){.kb-row-layout-id3263_9f5c36-d6 > .kt-row-column-wrap{grid-template-columns:minmax(0, 1fr);}}<\/style><div class=\"kb-row-layout-wrap kb-row-layout-id3263_9f5c36-d6 alignfull has-theme-palette9-background-color kt-row-has-bg wp-block-kadence-rowlayout\"><div class=\"kt-row-column-wrap kt-has-1-columns kt-row-layout-equal kt-tab-layout-inherit kt-mobile-layout-row kt-row-valign-top\">\n<style>.kadence-column3263_504963-2e > .kt-inside-inner-col{display:flex;}.kadence-column3263_504963-2e > .kt-inside-inner-col,.kadence-column3263_504963-2e > .kt-inside-inner-col:before{border-top-left-radius:0px;border-top-right-radius:0px;border-bottom-right-radius:0px;border-bottom-left-radius:0px;}.kadence-column3263_504963-2e > .kt-inside-inner-col{column-gap:var(--global-kb-gap-sm, 1rem);}.kadence-column3263_504963-2e > .kt-inside-inner-col{flex-direction:column;align-items:center;}.kadence-column3263_504963-2e > .kt-inside-inner-col > .kb-image-is-ratio-size{align-self:stretch;}.kadence-column3263_504963-2e > .kt-inside-inner-col > .wp-block-kadence-advancedgallery{align-self:stretch;}.kadence-column3263_504963-2e > .kt-inside-inner-col > .aligncenter{width:100%;}.kadence-column3263_504963-2e > .kt-inside-inner-col:before{opacity:0.3;}.kadence-column3263_504963-2e{position:relative;}@media all and (max-width: 1024px){.kadence-column3263_504963-2e > .kt-inside-inner-col{flex-direction:column;justify-content:center;align-items:center;}}@media all and (max-width: 767px){.kadence-column3263_504963-2e > .kt-inside-inner-col{flex-direction:column;justify-content:center;align-items:center;}}<\/style>\n<div class=\"wp-block-kadence-column kadence-column3263_504963-2e inner-column-1\"><div class=\"kt-inside-inner-col\"><style>.wp-block-kadence-advancedheading.kt-adv-heading3263_17758c-9c, .wp-block-kadence-advancedheading.kt-adv-heading3263_17758c-9c[data-kb-block=\"kb-adv-heading3263_17758c-9c\"]{margin-top:0px;margin-bottom:0px;text-align:center;font-size:40px;line-height:1.3;font-style:normal;}.wp-block-kadence-advancedheading.kt-adv-heading3263_17758c-9c mark.kt-highlight, .wp-block-kadence-advancedheading.kt-adv-heading3263_17758c-9c[data-kb-block=\"kb-adv-heading3263_17758c-9c\"] mark.kt-highlight{font-style:normal;color:#f76a0c;-webkit-box-decoration-break:clone;box-decoration-break:clone;padding-top:0px;padding-right:0px;padding-bottom:0px;padding-left:0px;}@media all and (max-width: 1024px){.wp-block-kadence-advancedheading.kt-adv-heading3263_17758c-9c, .wp-block-kadence-advancedheading.kt-adv-heading3263_17758c-9c[data-kb-block=\"kb-adv-heading3263_17758c-9c\"]{font-size:36px;line-height:1.3;}}@media all and (max-width: 767px){.wp-block-kadence-advancedheading.kt-adv-heading3263_17758c-9c, .wp-block-kadence-advancedheading.kt-adv-heading3263_17758c-9c[data-kb-block=\"kb-adv-heading3263_17758c-9c\"]{font-size:28px;line-height:1.3;}}<\/style>\n<p class=\"kt-adv-heading3263_17758c-9c wp-block-kadence-advancedheading has-theme-palette-3-color has-text-color\" data-kb-block=\"kb-adv-heading3263_17758c-9c\">P\u0159ipravujeme&#8230;<\/p>\n<\/div><\/div>\n\n<\/div><\/div>","protected":false},"excerpt":{"rendered":"<p>P\u0159ipravujeme&#8230;<\/p>\n","protected":false},"author":10,"featured_media":0,"parent":0,"menu_order":0,"comment_status":"closed","ping_status":"closed","template":"","meta":{"_kad_blocks_custom_css":"","_kad_blocks_head_custom_js":"","_kad_blocks_body_custom_js":"","_kad_blocks_footer_custom_js":"","_monsterinsights_skip_tracking":false,"_monsterinsights_sitenote_active":false,"_monsterinsights_sitenote_note":"","_monsterinsights_sitenote_category":0,"_price":"","_stock":"","_tribe_ticket_header":"","_tribe_default_ticket_provider":"","_tribe_ticket_capacity":"0","_ticket_start_date":"","_ticket_end_date":"","_tribe_ticket_show_description":"","_tribe_ticket_show_not_going":false,"_tribe_ticket_use_global_stock":"","_tribe_ticket_global_stock_level":"","_global_stock_mode":"","_global_stock_cap":"","_tribe_rsvp_for_event":"","_tribe_ticket_going_count":"","_tribe_ticket_not_going_count":"","_tribe_tickets_list":"[]","_tribe_ticket_has_attendee_info_fields":false,"_EventAllDay":false,"_EventTimezone":"","_EventStartDate":"","_EventEndDate":"","_EventStartDateUTC":"","_EventEndDateUTC":"","_EventShowMap":false,"_EventShowMapLink":false,"_EventURL":"","_EventCost":"","_EventCostDescription":"","_EventCurrencySymbol":"","_EventCurrencyCode":"","_EventCurrencyPosition":"","_EventDateTimeSeparator":"","_EventTimeRangeSeparator":"","_EventOrganizerID":[],"_EventVenueID":[],"_OrganizerEmail":"","_OrganizerPhone":"","_OrganizerWebsite":"","_VenueAddress":"","_VenueCity":"","_VenueCountry":"","_VenueProvince":"","_VenueState":"","_VenueZip":"","_VenuePhone":"","_VenueURL":"","_VenueStateProvince":"","_VenueLat":"","_VenueLng":"","_VenueShowMap":false,"_VenueShowMapLink":false,"_kadence_starter_templates_imported_post":false,"_kad_post_transparent":"disable","_kad_post_title":"hide","_kad_post_layout":"","_kad_post_sidebar_id":"","_kad_post_content_style":"","_kad_post_vertical_padding":"","_kad_post_feature":"","_kad_post_feature_position":"","_kad_post_header":false,"_kad_post_footer":false,"footnotes":"","_tec_slr_enabled":"","_tec_slr_layout":""},"class_list":["post-3263","page","type-page","status-publish","hentry"],"aioseo_notices":[],"taxonomy_info":[],"featured_image_src_large":false,"author_info":{"display_name":"petra","author_link":"https:\/\/law.prf.cuni.cz\/migration\/author\/petra\/"},"comment_info":0,"ticketed":false,"_links":{"self":[{"href":"https:\/\/law.prf.cuni.cz\/migration\/wp-json\/wp\/v2\/pages\/3263","targetHints":{"allow":["GET"]}}],"collection":[{"href":"https:\/\/law.prf.cuni.cz\/migration\/wp-json\/wp\/v2\/pages"}],"about":[{"href":"https:\/\/law.prf.cuni.cz\/migration\/wp-json\/wp\/v2\/types\/page"}],"author":[{"embeddable":true,"href":"https:\/\/law.prf.cuni.cz\/migration\/wp-json\/wp\/v2\/users\/10"}],"replies":[{"embeddable":true,"href":"https:\/\/law.prf.cuni.cz\/migration\/wp-json\/wp\/v2\/comments?post=3263"}],"version-history":[{"count":4,"href":"https:\/\/law.prf.cuni.cz\/migration\/wp-json\/wp\/v2\/pages\/3263\/revisions"}],"predecessor-version":[{"id":3342,"href":"https:\/\/law.prf.cuni.cz\/migration\/wp-json\/wp\/v2\/pages\/3263\/revisions\/3342"}],"wp:attachment":[{"href":"https:\/\/law.prf.cuni.cz\/migration\/wp-json\/wp\/v2\/media?parent=3263"}],"curies":[{"name":"wp","href":"https:\/\/api.w.org\/{rel}","templated":true}]}}