{"id":2676,"date":"2025-03-23T22:13:48","date_gmt":"2025-03-23T21:13:48","guid":{"rendered":"https:\/\/law.prf.cuni.cz\/migration\/?page_id=2676"},"modified":"2025-06-24T14:56:28","modified_gmt":"2025-06-24T12:56:28","slug":"pribehy-ceskeho-uprchlictvi","status":"publish","type":"page","link":"https:\/\/law.prf.cuni.cz\/migration\/pribehy-ceskeho-uprchlictvi\/","title":{"rendered":"P\u0159\u00edb\u011bhy \u010desk\u00e9ho uprchlictv\u00ed"},"content":{"rendered":"<style>.kb-row-layout-id2676_15bdf2-e8 > .kt-row-column-wrap{align-content:start;}:where(.kb-row-layout-id2676_15bdf2-e8 > .kt-row-column-wrap) > .wp-block-kadence-column{justify-content:start;}.kb-row-layout-id2676_15bdf2-e8 > .kt-row-column-wrap{column-gap:var(--global-kb-gap-lg, 4rem);row-gap:var(--global-kb-gap-lg, 4rem);padding-bottom:var(--global-kb-spacing-xxl, 5rem);grid-template-columns:repeat(2, minmax(0, 1fr));}.kb-row-layout-id2676_15bdf2-e8 > .kt-row-layout-overlay{opacity:1;}@media all and (max-width: 1024px){.kb-row-layout-id2676_15bdf2-e8 > .kt-row-column-wrap{grid-template-columns:repeat(2, minmax(0, 1fr));}}@media all and (max-width: 767px){.kb-row-layout-id2676_15bdf2-e8 > .kt-row-column-wrap{grid-template-columns:minmax(0, 1fr);}}<\/style><div class=\"kb-row-layout-wrap kb-row-layout-id2676_15bdf2-e8 alignnone has-theme-palette9-background-color kt-row-has-bg wp-block-kadence-rowlayout\"><div class=\"kt-row-column-wrap kt-has-2-columns kt-row-layout-equal kt-tab-layout-inherit kt-mobile-layout-row kt-row-valign-top\">\n<style>.kadence-column2676_326476-99 > .kt-inside-inner-col,.kadence-column2676_326476-99 > .kt-inside-inner-col:before{border-top-left-radius:0px;border-top-right-radius:0px;border-bottom-right-radius:0px;border-bottom-left-radius:0px;}.kadence-column2676_326476-99 > .kt-inside-inner-col{column-gap:var(--global-kb-gap-sm, 1rem);}.kadence-column2676_326476-99 > .kt-inside-inner-col{flex-direction:column;}.kadence-column2676_326476-99 > .kt-inside-inner-col > .aligncenter{width:100%;}.kadence-column2676_326476-99 > .kt-inside-inner-col:before{opacity:0.3;}.kadence-column2676_326476-99{position:relative;}@media all and (max-width: 1024px){.kadence-column2676_326476-99 > .kt-inside-inner-col{flex-direction:column;justify-content:center;}}@media all and (max-width: 767px){.kadence-column2676_326476-99 > .kt-inside-inner-col{flex-direction:column;justify-content:center;}}<\/style>\n<div class=\"wp-block-kadence-column kadence-column2676_326476-99 inner-column-1\"><div class=\"kt-inside-inner-col\"><style>.wp-block-kadence-advancedheading.kt-adv-heading2676_ac27be-b2, .wp-block-kadence-advancedheading.kt-adv-heading2676_ac27be-b2[data-kb-block=\"kb-adv-heading2676_ac27be-b2\"]{max-width:638px;margin-right:auto;margin-left:auto;text-align:center;font-style:normal;}.wp-block-kadence-advancedheading.kt-adv-heading2676_ac27be-b2 mark.kt-highlight, .wp-block-kadence-advancedheading.kt-adv-heading2676_ac27be-b2[data-kb-block=\"kb-adv-heading2676_ac27be-b2\"] mark.kt-highlight{font-style:normal;color:#f76a0c;-webkit-box-decoration-break:clone;box-decoration-break:clone;padding-top:0px;padding-right:0px;padding-bottom:0px;padding-left:0px;}@media all and (max-width: 767px){.wp-block-kadence-advancedheading.kt-adv-heading2676_ac27be-b2, .wp-block-kadence-advancedheading.kt-adv-heading2676_ac27be-b2[data-kb-block=\"kb-adv-heading2676_ac27be-b2\"]{font-size:28px;}}<\/style>\n<h2 class=\"kt-adv-heading2676_ac27be-b2 wp-block-kadence-advancedheading has-kb-palette-1-color has-text-color\" data-kb-block=\"kb-adv-heading2676_ac27be-b2\">P\u0159\u00edb\u011bhy \u010desk\u00e9ho uprchlictv\u00ed<\/h2>\n\n\n<style>.wp-block-kadence-advancedheading.kt-adv-heading2676_0addc0-4d, .wp-block-kadence-advancedheading.kt-adv-heading2676_0addc0-4d[data-kb-block=\"kb-adv-heading2676_0addc0-4d\"]{max-width:480px;margin-right:auto;margin-left:auto;margin-bottom:var(--global-kb-spacing-md, 2rem);text-align:center;font-style:normal;writing-mode:horizontal-tb;text-orientation:mixed;}.wp-block-kadence-advancedheading.kt-adv-heading2676_0addc0-4d mark.kt-highlight, .wp-block-kadence-advancedheading.kt-adv-heading2676_0addc0-4d[data-kb-block=\"kb-adv-heading2676_0addc0-4d\"] mark.kt-highlight{font-style:normal;color:#f76a0c;-webkit-box-decoration-break:clone;box-decoration-break:clone;padding-top:0px;padding-right:0px;padding-bottom:0px;padding-left:0px;}<\/style>\n<p class=\"kt-adv-heading2676_0addc0-4d wp-block-kadence-advancedheading has-kb-palette-1-color has-text-color\" data-kb-block=\"kb-adv-heading2676_0addc0-4d\" data-aos=\"fade\"><\/p>\n\n\n\n<p class=\"has-text-align-center has-theme-palette-3-color has-text-color has-link-color wp-elements-b8cecbc09a601cc7919943933f87d784\"><strong>Devades\u00e1t\u00e1 l\u00e9ta \u2013 pro n\u011bkoho obdob\u00ed nad\u011bje a nov\u011b nabyt\u00e9 svobody, pro jin\u00e9 (nap\u0159\u00edklad pro vys\u00eddlen\u00e9 osoby z b\u00fdval\u00e9 Jugosl\u00e1vie) obdob\u00ed nejistoty a hled\u00e1n\u00ed nov\u00e9ho domova. <\/strong><\/p>\n\n\n\n<p class=\"has-text-align-center has-theme-palette-3-color has-text-color has-link-color wp-elements-d97eca3e36483d724392abb1237aea3b\" style=\"margin-top:0;margin-right:0;margin-bottom:0;margin-left:0\">Projekt Centra pro migra\u010dn\u00ed a uprchlick\u00e9 pr\u00e1vo (CeMiReLa) se vyd\u00e1v\u00e1 na cestu \u010deskou a \u010deskoslovenskou uprchlickou histori\u00ed a sleduje p\u0159\u00edb\u011bhy jej\u00edch v\u00fdznamn\u00fdch akt\u00e9r\u016f. Zam\u011b\u0159uje se&nbsp;zejm\u00e9na na obdob\u00ed prvn\u00edch porevolu\u010dn\u00edch let, kdy se za\u010dala ps\u00e1t modern\u00ed, postkomunistick\u00e1 kapitola \u010desk\u00e9 azylov\u00e9 a migra\u010dn\u00ed politiky a kter\u00e9 p\u0159ineslo prvn\u00ed zat\u011b\u017ek\u00e1vac\u00ed zkou\u0161ku syst\u00e9mu, toti\u017e p\u0159\u00edchod tis\u00edc\u016f osob v souvislosti s v\u00e1lkou v Jugosl\u00e1vii. S\u00e9rie rozhovor\u016f p\u0159ibli\u017euje p\u0159\u00edb\u011bhy osob, kter\u00e9 okolnosti donutily opustit svou domovinu a vyhledat \u00fato\u010di\u0161t\u011b na \u010desk\u00e9m \u00fazem\u00ed. Sleduje ale i \u017eivoty t\u011bch, kte\u0159\u00ed jim v t\u00e9to t\u011b\u017ek\u00e9 situaci pom\u00e1hali a zaslou\u017eili se o jejich p\u0159ijet\u00ed nebo za\u010dlen\u011bn\u00ed do spole\u010dnosti. Projekt je realizov\u00e1n Centrem migra\u010dn\u00edho a uprchlick\u00e9ho pr\u00e1va Pr\u00e1vnick\u00e9 fakulty Univerzity Karlovy za podpory UNHCR \u010cesk\u00e1 republika.<\/p>\n\n\n\n<p><\/p>\n\n\n<style>.wp-block-kadence-advancedbtn.kb-btns2676_d0a99a-1e{gap:var(--global-kb-gap-xs, 0.5rem );justify-content:center;align-items:center;}.kt-btns2676_d0a99a-1e .kt-button{font-weight:normal;font-style:normal;}.kt-btns2676_d0a99a-1e .kt-btn-wrap-0{margin-right:5px;}.wp-block-kadence-advancedbtn.kt-btns2676_d0a99a-1e .kt-btn-wrap-0 .kt-button{color:#555555;border-color:#555555;}.wp-block-kadence-advancedbtn.kt-btns2676_d0a99a-1e .kt-btn-wrap-0 .kt-button:hover, .wp-block-kadence-advancedbtn.kt-btns2676_d0a99a-1e .kt-btn-wrap-0 .kt-button:focus{color:#ffffff;border-color:#444444;}.wp-block-kadence-advancedbtn.kt-btns2676_d0a99a-1e .kt-btn-wrap-0 .kt-button::before{display:none;}.wp-block-kadence-advancedbtn.kt-btns2676_d0a99a-1e .kt-btn-wrap-0 .kt-button:hover, .wp-block-kadence-advancedbtn.kt-btns2676_d0a99a-1e .kt-btn-wrap-0 .kt-button:focus{background:#444444;}<\/style>\n<div class=\"wp-block-kadence-advancedbtn kb-buttons-wrap kb-btns2676_d0a99a-1e\"><style>ul.menu .wp-block-kadence-advancedbtn .kb-btn2676_12e13e-42.kb-button{width:initial;}<\/style><a class=\"kb-button kt-button button kb-btn2676_12e13e-42 kt-btn-size-large kt-btn-width-type-auto kb-btn-global-fill  kt-btn-has-text-true kt-btn-has-svg-false  wp-block-kadence-singlebtn\" href=\"https:\/\/www.pametnaroda.cz\/cs\/pribehy-ceskeho-uprchlictvi\"><span class=\"kt-btn-inner-text\">str\u00e1nka projektu<\/span><\/a><\/div>\n<\/div><\/div>\n\n\n<style>.kadence-column2676_d6bb3a-5d > .kt-inside-inner-col,.kadence-column2676_d6bb3a-5d > .kt-inside-inner-col:before{border-top-left-radius:0px;border-top-right-radius:0px;border-bottom-right-radius:0px;border-bottom-left-radius:0px;}.kadence-column2676_d6bb3a-5d > .kt-inside-inner-col{column-gap:var(--global-kb-gap-sm, 1rem);}.kadence-column2676_d6bb3a-5d > .kt-inside-inner-col{flex-direction:column;}.kadence-column2676_d6bb3a-5d > .kt-inside-inner-col > .aligncenter{width:100%;}.kadence-column2676_d6bb3a-5d > .kt-inside-inner-col:before{opacity:0.3;}.kadence-column2676_d6bb3a-5d{position:relative;}@media all and (max-width: 1024px){.kadence-column2676_d6bb3a-5d > .kt-inside-inner-col{flex-direction:column;justify-content:center;}}@media all and (max-width: 767px){.kadence-column2676_d6bb3a-5d > .kt-inside-inner-col{flex-direction:column;justify-content:center;}}<\/style>\n<div class=\"wp-block-kadence-column kadence-column2676_d6bb3a-5d\"><div class=\"kt-inside-inner-col\">\n<p class=\"has-text-align-center has-theme-palette-3-color has-text-color has-link-color has-larger-font-size wp-elements-44b4427a8c0bfd0ac207c5a6ef9a4434\" style=\"text-transform:uppercase\"><strong>Pam\u011btn\u00edci<\/strong><\/p>\n\n\n\n<p class=\"has-text-align-center has-theme-palette-2-color has-text-color has-link-color has-medium-font-size wp-elements-2a850496ce5f266b6951ef93f709c4b7\"><strong><a href=\"https:\/\/www.pametnaroda.cz\/cs\/grusova-anna-1942\" target=\"_blank\" rel=\"noopener\" title=\"\">Anna Gru\u0161ov\u00e1<\/a><\/strong><\/p>\n\n\n\n<p class=\"has-text-align-center has-theme-palette-2-color has-text-color has-link-color has-medium-font-size wp-elements-76ce6bfad62d018b98278ac2e58058e6\"><strong><a href=\"https:\/\/www.pametnaroda.cz\/cs\/drozdek-azra-1986\" title=\"\">Azra Drozdek<\/a><\/strong><\/p>\n\n\n\n<p class=\"has-text-align-center has-theme-palette-2-color has-text-color has-link-color has-medium-font-size wp-elements-7692390abb06ffaa6ef853fe6a83a643\"><strong><a href=\"https:\/\/www.pametnaroda.cz\/cs\/roubalova-kostlanova-vera-1947\" title=\"\">V\u011bra Roubalov\u00e1 Kostl\u00e1nov\u00e1<\/a><\/strong><\/p>\n\n\n\n<p class=\"has-text-align-center has-theme-palette-3-color has-text-color has-link-color has-medium-font-size wp-elements-132876209a88a9e684ae600932ed8519\"><strong>Petr Nov\u00e1k<\/strong><\/p>\n\n\n\n<p class=\"has-text-align-center has-theme-palette-3-color has-text-color has-link-color has-medium-font-size wp-elements-0332953aeafd62361f84b273a811ccac\"><strong>Rudolf Reitz<\/strong><\/p>\n\n\n\n<p class=\"has-text-align-center has-theme-palette-3-color has-text-color has-link-color has-medium-font-size wp-elements-d7c0a794385ea452bcd66de0bed3e698\"><strong>Selma Muhi\u010d Dizdarevi\u010d<\/strong><br><br><strong>Dalibor J\u00edlek <\/strong>(archiv CeMiReLa)<br><br><strong>Pavel Hlav\u00e1\u010d <\/strong>(archiv CeMiReLa)<\/p>\n\n\n\n<p><\/p>\n\n\n\n<p><\/p>\n<\/div><\/div>\n\n<\/div><\/div>","protected":false},"excerpt":{"rendered":"<p>P\u0159\u00edb\u011bhy \u010desk\u00e9ho uprchlictv\u00ed Devades\u00e1t\u00e1 l\u00e9ta \u2013 pro n\u011bkoho obdob\u00ed nad\u011bje a nov\u011b nabyt\u00e9 svobody, pro jin\u00e9 (nap\u0159\u00edklad pro vys\u00eddlen\u00e9 osoby z b\u00fdval\u00e9 Jugosl\u00e1vie) obdob\u00ed nejistoty a hled\u00e1n\u00ed nov\u00e9ho domova. Projekt&#8230;<\/p>\n","protected":false},"author":10,"featured_media":0,"parent":0,"menu_order":0,"comment_status":"closed","ping_status":"closed","template":"","meta":{"_kad_blocks_custom_css":"","_kad_blocks_head_custom_js":"","_kad_blocks_body_custom_js":"","_kad_blocks_footer_custom_js":"","_monsterinsights_skip_tracking":false,"_monsterinsights_sitenote_active":false,"_monsterinsights_sitenote_note":"","_monsterinsights_sitenote_category":0,"_price":"","_stock":"","_tribe_ticket_header":"","_tribe_default_ticket_provider":"","_tribe_ticket_capacity":"0","_ticket_start_date":"","_ticket_end_date":"","_tribe_ticket_show_description":"","_tribe_ticket_show_not_going":false,"_tribe_ticket_use_global_stock":"","_tribe_ticket_global_stock_level":"","_global_stock_mode":"","_global_stock_cap":"","_tribe_rsvp_for_event":"","_tribe_ticket_going_count":"","_tribe_ticket_not_going_count":"","_tribe_tickets_list":"[]","_tribe_ticket_has_attendee_info_fields":false,"_EventAllDay":false,"_EventTimezone":"","_EventStartDate":"","_EventEndDate":"","_EventStartDateUTC":"","_EventEndDateUTC":"","_EventShowMap":false,"_EventShowMapLink":false,"_EventURL":"","_EventCost":"","_EventCostDescription":"","_EventCurrencySymbol":"","_EventCurrencyCode":"","_EventCurrencyPosition":"","_EventDateTimeSeparator":"","_EventTimeRangeSeparator":"","_EventOrganizerID":[],"_EventVenueID":[],"_OrganizerEmail":"","_OrganizerPhone":"","_OrganizerWebsite":"","_VenueAddress":"","_VenueCity":"","_VenueCountry":"","_VenueProvince":"","_VenueState":"","_VenueZip":"","_VenuePhone":"","_VenueURL":"","_VenueStateProvince":"","_VenueLat":"","_VenueLng":"","_VenueShowMap":false,"_VenueShowMapLink":false,"_kadence_starter_templates_imported_post":false,"_kad_post_transparent":"","_kad_post_title":"hide","_kad_post_layout":"","_kad_post_sidebar_id":"","_kad_post_content_style":"","_kad_post_vertical_padding":"","_kad_post_feature":"","_kad_post_feature_position":"","_kad_post_header":false,"_kad_post_footer":false,"footnotes":"","_tec_slr_enabled":"","_tec_slr_layout":""},"class_list":["post-2676","page","type-page","status-publish","hentry"],"aioseo_notices":[],"taxonomy_info":[],"featured_image_src_large":false,"author_info":{"display_name":"petra","author_link":"https:\/\/law.prf.cuni.cz\/migration\/author\/petra\/"},"comment_info":0,"ticketed":false,"_links":{"self":[{"href":"https:\/\/law.prf.cuni.cz\/migration\/wp-json\/wp\/v2\/pages\/2676","targetHints":{"allow":["GET"]}}],"collection":[{"href":"https:\/\/law.prf.cuni.cz\/migration\/wp-json\/wp\/v2\/pages"}],"about":[{"href":"https:\/\/law.prf.cuni.cz\/migration\/wp-json\/wp\/v2\/types\/page"}],"author":[{"embeddable":true,"href":"https:\/\/law.prf.cuni.cz\/migration\/wp-json\/wp\/v2\/users\/10"}],"replies":[{"embeddable":true,"href":"https:\/\/law.prf.cuni.cz\/migration\/wp-json\/wp\/v2\/comments?post=2676"}],"version-history":[{"count":18,"href":"https:\/\/law.prf.cuni.cz\/migration\/wp-json\/wp\/v2\/pages\/2676\/revisions"}],"predecessor-version":[{"id":3469,"href":"https:\/\/law.prf.cuni.cz\/migration\/wp-json\/wp\/v2\/pages\/2676\/revisions\/3469"}],"wp:attachment":[{"href":"https:\/\/law.prf.cuni.cz\/migration\/wp-json\/wp\/v2\/media?parent=2676"}],"curies":[{"name":"wp","href":"https:\/\/api.w.org\/{rel}","templated":true}]}}