{"id":15,"date":"2022-04-25T12:47:47","date_gmt":"2022-04-25T12:47:47","guid":{"rendered":""},"modified":"2025-06-24T11:53:23","modified_gmt":"2025-06-24T09:53:23","slug":"vyzkum","status":"publish","type":"page","link":"https:\/\/law.prf.cuni.cz\/migration\/vyzkum\/","title":{"rendered":"V\u00fdzkum"},"content":{"rendered":"<style>.kb-row-layout-id15_36bfb5-ae > .kt-row-column-wrap{align-content:start;}:where(.kb-row-layout-id15_36bfb5-ae > .kt-row-column-wrap) > .wp-block-kadence-column{justify-content:start;}.kb-row-layout-id15_36bfb5-ae > .kt-row-column-wrap{column-gap:var(--global-kb-gap-md, 2rem);row-gap:var(--global-kb-gap-md, 2rem);padding-top:var(--global-kb-spacing-sm, 1.5rem);padding-bottom:var(--global-kb-spacing-sm, 1.5rem);grid-template-columns:minmax(0, 1fr);}.kb-row-layout-id15_36bfb5-ae > .kt-row-layout-overlay{opacity:0.30;}@media all and (max-width: 1024px){.kb-row-layout-id15_36bfb5-ae > .kt-row-column-wrap{grid-template-columns:minmax(0, 1fr);}}@media all and (max-width: 767px){.kb-row-layout-id15_36bfb5-ae > .kt-row-column-wrap{grid-template-columns:minmax(0, 1fr);}}<\/style><div class=\"kb-row-layout-wrap kb-row-layout-id15_36bfb5-ae alignnone wp-block-kadence-rowlayout\"><div class=\"kt-row-column-wrap kt-has-1-columns kt-row-layout-equal kt-tab-layout-inherit kt-mobile-layout-row kt-row-valign-top\">\n<style>.kadence-column15_3a6f0d-9d > .kt-inside-inner-col,.kadence-column15_3a6f0d-9d > .kt-inside-inner-col:before{border-top-left-radius:0px;border-top-right-radius:0px;border-bottom-right-radius:0px;border-bottom-left-radius:0px;}.kadence-column15_3a6f0d-9d > .kt-inside-inner-col{column-gap:var(--global-kb-gap-sm, 1rem);}.kadence-column15_3a6f0d-9d > .kt-inside-inner-col{flex-direction:column;}.kadence-column15_3a6f0d-9d > .kt-inside-inner-col > .aligncenter{width:100%;}.kadence-column15_3a6f0d-9d > .kt-inside-inner-col:before{opacity:0.3;}.kadence-column15_3a6f0d-9d{position:relative;}@media all and (max-width: 1024px){.kadence-column15_3a6f0d-9d > .kt-inside-inner-col{flex-direction:column;justify-content:center;}}@media all and (max-width: 767px){.kadence-column15_3a6f0d-9d > .kt-inside-inner-col{flex-direction:column;justify-content:center;}}<\/style>\n<div class=\"wp-block-kadence-column kadence-column15_3a6f0d-9d\"><div class=\"kt-inside-inner-col\"><style>.kb-row-layout-id15_a1f607-62 > .kt-row-column-wrap{align-content:start;}:where(.kb-row-layout-id15_a1f607-62 > .kt-row-column-wrap) > .wp-block-kadence-column{justify-content:start;}.kb-row-layout-id15_a1f607-62 > .kt-row-column-wrap{column-gap:var(--global-kb-gap-md, 2rem);row-gap:var(--global-kb-gap-md, 2rem);padding-top:var(--global-kb-spacing-sm, 1.5rem);padding-bottom:var(--global-kb-spacing-sm, 1.5rem);grid-template-columns:minmax(0, 1fr);}.kb-row-layout-id15_a1f607-62 > .kt-row-layout-overlay{opacity:0.30;}@media all and (max-width: 1024px){.kb-row-layout-id15_a1f607-62 > .kt-row-column-wrap{grid-template-columns:minmax(0, 1fr);}}@media all and (max-width: 767px){.kb-row-layout-id15_a1f607-62 > .kt-row-column-wrap{grid-template-columns:minmax(0, 1fr);}}<\/style><div class=\"kb-row-layout-wrap kb-row-layout-id15_a1f607-62 alignnone wp-block-kadence-rowlayout\"><div class=\"kt-row-column-wrap kt-has-1-columns kt-row-layout-equal kt-tab-layout-inherit kt-mobile-layout-row kt-row-valign-top\">\n<style>.kadence-column15_300da0-11 > .kt-inside-inner-col,.kadence-column15_300da0-11 > .kt-inside-inner-col:before{border-top-left-radius:0px;border-top-right-radius:0px;border-bottom-right-radius:0px;border-bottom-left-radius:0px;}.kadence-column15_300da0-11 > .kt-inside-inner-col{column-gap:var(--global-kb-gap-sm, 1rem);}.kadence-column15_300da0-11 > .kt-inside-inner-col{flex-direction:column;}.kadence-column15_300da0-11 > .kt-inside-inner-col > .aligncenter{width:100%;}.kadence-column15_300da0-11 > .kt-inside-inner-col:before{opacity:0.3;}.kadence-column15_300da0-11{position:relative;}@media all and (max-width: 1024px){.kadence-column15_300da0-11 > .kt-inside-inner-col{flex-direction:column;justify-content:center;}}@media all and (max-width: 767px){.kadence-column15_300da0-11 > .kt-inside-inner-col{flex-direction:column;justify-content:center;}}<\/style>\n<div class=\"wp-block-kadence-column kadence-column15_300da0-11\"><div class=\"kt-inside-inner-col\"><style>.kb-row-layout-id15_7b7e0f-38 > .kt-row-column-wrap{align-content:start;}:where(.kb-row-layout-id15_7b7e0f-38 > .kt-row-column-wrap) > .wp-block-kadence-column{justify-content:start;}.kb-row-layout-id15_7b7e0f-38 > .kt-row-column-wrap{column-gap:var(--global-kb-gap-md, 2rem);row-gap:var(--global-kb-gap-md, 2rem);max-width:960px;margin-left:auto;margin-right:auto;padding-top:var(--global-kb-spacing-xl, 4rem);padding-bottom:var(--global-kb-spacing-xl, 4rem);grid-template-columns:minmax(0, 1fr);}.kb-row-layout-id15_7b7e0f-38 > .kt-row-layout-overlay{opacity:0.30;}@media all and (max-width: 1024px){.kb-row-layout-id15_7b7e0f-38 > .kt-row-column-wrap{grid-template-columns:minmax(0, 1fr);}}@media all and (max-width: 767px){.kb-row-layout-id15_7b7e0f-38 > .kt-row-column-wrap{grid-template-columns:minmax(0, 1fr);}}<\/style><div class=\"kb-row-layout-wrap kb-row-layout-id15_7b7e0f-38 alignfull has-theme-palette9-background-color kt-row-has-bg wp-block-kadence-rowlayout\"><div class=\"kt-row-column-wrap kt-has-1-columns kt-row-layout-equal kt-tab-layout-inherit kt-mobile-layout-row kt-row-valign-top\">\n<style>.kadence-column15_5f1fdd-c5 > .kt-inside-inner-col{display:flex;}.kadence-column15_5f1fdd-c5 > .kt-inside-inner-col,.kadence-column15_5f1fdd-c5 > .kt-inside-inner-col:before{border-top-left-radius:0px;border-top-right-radius:0px;border-bottom-right-radius:0px;border-bottom-left-radius:0px;}.kadence-column15_5f1fdd-c5 > .kt-inside-inner-col{column-gap:var(--global-kb-gap-sm, 1rem);}.kadence-column15_5f1fdd-c5 > .kt-inside-inner-col{flex-direction:column;align-items:center;}.kadence-column15_5f1fdd-c5 > .kt-inside-inner-col > .kb-image-is-ratio-size{align-self:stretch;}.kadence-column15_5f1fdd-c5 > .kt-inside-inner-col > .wp-block-kadence-advancedgallery{align-self:stretch;}.kadence-column15_5f1fdd-c5 > .kt-inside-inner-col > .aligncenter{width:100%;}.kadence-column15_5f1fdd-c5 > .kt-inside-inner-col:before{opacity:0.3;}.kadence-column15_5f1fdd-c5{position:relative;}@media all and (max-width: 1024px){.kadence-column15_5f1fdd-c5 > .kt-inside-inner-col{flex-direction:column;justify-content:center;align-items:center;}}@media all and (max-width: 767px){.kadence-column15_5f1fdd-c5 > .kt-inside-inner-col{flex-direction:column;justify-content:center;align-items:center;}}<\/style>\n<div class=\"wp-block-kadence-column kadence-column15_5f1fdd-c5 inner-column-1\"><div class=\"kt-inside-inner-col\"><style>.wp-block-kadence-advancedheading.kt-adv-heading15_40a294-cc, .wp-block-kadence-advancedheading.kt-adv-heading15_40a294-cc[data-kb-block=\"kb-adv-heading15_40a294-cc\"]{margin-top:0px;margin-bottom:0px;text-align:center;font-size:var(--global-kb-font-size-md, 1.25rem);line-height:1.3;font-style:normal;font-family:var( --global-heading-font-family, inherit );}.wp-block-kadence-advancedheading.kt-adv-heading15_40a294-cc mark.kt-highlight, .wp-block-kadence-advancedheading.kt-adv-heading15_40a294-cc[data-kb-block=\"kb-adv-heading15_40a294-cc\"] mark.kt-highlight{font-style:normal;color:#f76a0c;-webkit-box-decoration-break:clone;box-decoration-break:clone;padding-top:0px;padding-right:0px;padding-bottom:0px;padding-left:0px;}@media all and (max-width: 1024px){.wp-block-kadence-advancedheading.kt-adv-heading15_40a294-cc, .wp-block-kadence-advancedheading.kt-adv-heading15_40a294-cc[data-kb-block=\"kb-adv-heading15_40a294-cc\"]{font-size:36px;line-height:1.3;}}@media all and (max-width: 767px){.wp-block-kadence-advancedheading.kt-adv-heading15_40a294-cc, .wp-block-kadence-advancedheading.kt-adv-heading15_40a294-cc[data-kb-block=\"kb-adv-heading15_40a294-cc\"]{font-size:28px;line-height:1.3;}}<\/style>\n<p class=\"kt-adv-heading15_40a294-cc wp-block-kadence-advancedheading has-theme-palette-3-color has-text-color\" data-kb-block=\"kb-adv-heading15_40a294-cc\">Na\u0161e \u010dinnost zahrnuje interdisciplin\u00e1rn\u00ed v\u00fdzkum, <br>kter\u00fd propojuje mezin\u00e1rodn\u00ed, evropsk\u00e9 a vnitrost\u00e1tn\u00ed pr\u00e1vo.<br><br>\u010clenov\u00e9 Centra pravideln\u011b publikuj\u00ed knihy, p\u016fvodn\u00ed \u010dl\u00e1nky a v\u00fdzkumn\u00e9 p\u0159\u00edsp\u011bvky.<\/p>\n<\/div><\/div>\n\n\n<style>.kadence-column15_2a014d-6c > .kt-inside-inner-col,.kadence-column15_2a014d-6c > .kt-inside-inner-col:before{border-top-left-radius:0px;border-top-right-radius:0px;border-bottom-right-radius:0px;border-bottom-left-radius:0px;}.kadence-column15_2a014d-6c > .kt-inside-inner-col{column-gap:var(--global-kb-gap-sm, 1rem);}.kadence-column15_2a014d-6c > .kt-inside-inner-col{flex-direction:column;}.kadence-column15_2a014d-6c > .kt-inside-inner-col > .aligncenter{width:100%;}.kadence-column15_2a014d-6c > .kt-inside-inner-col:before{opacity:0.3;}.kadence-column15_2a014d-6c{position:relative;}@media all and (max-width: 1024px){.kadence-column15_2a014d-6c > .kt-inside-inner-col{flex-direction:column;justify-content:center;}}@media all and (max-width: 767px){.kadence-column15_2a014d-6c > .kt-inside-inner-col{flex-direction:column;justify-content:center;}}<\/style>\n<div class=\"wp-block-kadence-column kadence-column15_2a014d-6c\"><div class=\"kt-inside-inner-col\"><style>.wp-block-kadence-advancedbtn.kb-btns15_80ab27-e2{gap:var(--global-kb-gap-xs, 0.5rem );justify-content:center;align-items:center;}.kt-btns15_80ab27-e2 .kt-button{font-weight:normal;font-style:normal;}.kt-btns15_80ab27-e2 .kt-btn-wrap-0{margin-right:5px;}.wp-block-kadence-advancedbtn.kt-btns15_80ab27-e2 .kt-btn-wrap-0 .kt-button{color:#555555;border-color:#555555;}.wp-block-kadence-advancedbtn.kt-btns15_80ab27-e2 .kt-btn-wrap-0 .kt-button:hover, .wp-block-kadence-advancedbtn.kt-btns15_80ab27-e2 .kt-btn-wrap-0 .kt-button:focus{color:#ffffff;border-color:#444444;}.wp-block-kadence-advancedbtn.kt-btns15_80ab27-e2 .kt-btn-wrap-0 .kt-button::before{display:none;}.wp-block-kadence-advancedbtn.kt-btns15_80ab27-e2 .kt-btn-wrap-0 .kt-button:hover, .wp-block-kadence-advancedbtn.kt-btns15_80ab27-e2 .kt-btn-wrap-0 .kt-button:focus{background:#444444;}<\/style>\n<div class=\"wp-block-kadence-advancedbtn kb-buttons-wrap kb-btns15_80ab27-e2\"><style>.wp-block-kadence-advancedbtn .kb-btn15_570e88-2a.kb-button, ul.menu .wp-block-kadence-advancedbtn .kb-btn15_570e88-2a.kb-button{width:280px;}<\/style><a class=\"kb-button kt-button button kb-btn15_570e88-2a kt-btn-size-large kt-btn-width-type-fixed kb-btn-global-fill  kt-btn-has-text-true kt-btn-has-svg-false  wp-block-kadence-singlebtn\" href=\"https:\/\/law.prf.cuni.cz\/migration\/clanky-a-publikace\/\"><span class=\"kt-btn-inner-text\">\u010cl\u00e1nky a publikace<\/span><\/a>\n\n<style>.wp-block-kadence-advancedbtn .kb-btn15_460758-45.kb-button, ul.menu .wp-block-kadence-advancedbtn .kb-btn15_460758-45.kb-button{width:280px;}<\/style><a class=\"kb-button kt-button button kb-btn15_460758-45 kt-btn-size-large kt-btn-width-type-fixed kb-btn-global-fill  kt-btn-has-text-true kt-btn-has-svg-false  wp-block-kadence-singlebtn\" href=\"https:\/\/law.prf.cuni.cz\/migration\/projekty\/\"><span class=\"kt-btn-inner-text\">Na\u0161e projekty<\/span><\/a>\n\n<style>.wp-block-kadence-advancedbtn .kb-btn15_d1aa1d-df.kb-button, ul.menu .wp-block-kadence-advancedbtn .kb-btn15_d1aa1d-df.kb-button{width:280px;}<\/style><a class=\"kb-button kt-button button kb-btn15_d1aa1d-df kt-btn-size-large kt-btn-width-type-fixed kb-btn-global-fill  kt-btn-has-text-true kt-btn-has-svg-false  wp-block-kadence-singlebtn\" href=\"https:\/\/law.prf.cuni.cz\/migration\/vyzkumna-temata\/\"><span class=\"kt-btn-inner-text\">V\u00fdzkumn\u00e1 t\u00e9mata<\/span><\/a><\/div>\n<\/div><\/div>\n\n\n<style>.kadence-column15_63ea79-16 > .kt-inside-inner-col,.kadence-column15_63ea79-16 > .kt-inside-inner-col:before{border-top-left-radius:0px;border-top-right-radius:0px;border-bottom-right-radius:0px;border-bottom-left-radius:0px;}.kadence-column15_63ea79-16 > .kt-inside-inner-col{column-gap:var(--global-kb-gap-sm, 1rem);}.kadence-column15_63ea79-16 > .kt-inside-inner-col{flex-direction:column;}.kadence-column15_63ea79-16 > .kt-inside-inner-col > .aligncenter{width:100%;}.kadence-column15_63ea79-16 > .kt-inside-inner-col:before{opacity:0.3;}.kadence-column15_63ea79-16{position:relative;}@media all and (max-width: 1024px){.kadence-column15_63ea79-16 > .kt-inside-inner-col{flex-direction:column;justify-content:center;}}@media all and (max-width: 767px){.kadence-column15_63ea79-16 > .kt-inside-inner-col{flex-direction:column;justify-content:center;}}<\/style>\n<div class=\"wp-block-kadence-column kadence-column15_63ea79-16\"><div class=\"kt-inside-inner-col\"><\/div><\/div>\n\n<\/div><\/div><\/div><\/div>\n\n<\/div><\/div><\/div><\/div>\n\n<\/div><\/div>","protected":false},"excerpt":{"rendered":"<p>Na\u0161e \u010dinnost zahrnuje interdisciplin\u00e1rn\u00ed v\u00fdzkum, kter\u00fd propojuje mezin\u00e1rodn\u00ed, evropsk\u00e9 a vnitrost\u00e1tn\u00ed pr\u00e1vo. \u010clenov\u00e9 Centra pravideln\u011b publikuj\u00ed knihy, p\u016fvodn\u00ed \u010dl\u00e1nky a v\u00fdzkumn\u00e9 p\u0159\u00edsp\u011bvky.<\/p>\n","protected":false},"author":10,"featured_media":0,"parent":0,"menu_order":0,"comment_status":"closed","ping_status":"closed","template":"","meta":{"_kad_blocks_custom_css":"","_kad_blocks_head_custom_js":"","_kad_blocks_body_custom_js":"","_kad_blocks_footer_custom_js":"","_monsterinsights_skip_tracking":false,"_monsterinsights_sitenote_active":false,"_monsterinsights_sitenote_note":"","_monsterinsights_sitenote_category":0,"_price":"","_stock":"","_tribe_ticket_header":"","_tribe_default_ticket_provider":"","_tribe_ticket_capacity":"0","_ticket_start_date":"","_ticket_end_date":"","_tribe_ticket_show_description":"","_tribe_ticket_show_not_going":false,"_tribe_ticket_use_global_stock":"","_tribe_ticket_global_stock_level":"","_global_stock_mode":"","_global_stock_cap":"","_tribe_rsvp_for_event":"","_tribe_ticket_going_count":"","_tribe_ticket_not_going_count":"","_tribe_tickets_list":"[]","_tribe_ticket_has_attendee_info_fields":false,"_EventAllDay":false,"_EventTimezone":"","_EventStartDate":"","_EventEndDate":"","_EventStartDateUTC":"","_EventEndDateUTC":"","_EventShowMap":false,"_EventShowMapLink":false,"_EventURL":"","_EventCost":"","_EventCostDescription":"","_EventCurrencySymbol":"","_EventCurrencyCode":"","_EventCurrencyPosition":"","_EventDateTimeSeparator":"","_EventTimeRangeSeparator":"","_EventOrganizerID":[],"_EventVenueID":[],"_OrganizerEmail":"","_OrganizerPhone":"","_OrganizerWebsite":"","_VenueAddress":"","_VenueCity":"","_VenueCountry":"","_VenueProvince":"","_VenueState":"","_VenueZip":"","_VenuePhone":"","_VenueURL":"","_VenueStateProvince":"","_VenueLat":"","_VenueLng":"","_VenueShowMap":false,"_VenueShowMapLink":false,"_kadence_starter_templates_imported_post":true,"_kad_post_transparent":"disable","_kad_post_title":"hide","_kad_post_layout":"fullwidth","_kad_post_sidebar_id":"","_kad_post_content_style":"unboxed","_kad_post_vertical_padding":"hide","_kad_post_feature":"hide","_kad_post_feature_position":"","_kad_post_header":false,"_kad_post_footer":false,"footnotes":"","_tec_slr_enabled":"","_tec_slr_layout":""},"class_list":["post-15","page","type-page","status-publish","hentry"],"aioseo_notices":[],"taxonomy_info":[],"featured_image_src_large":false,"author_info":{"display_name":"petra","author_link":"https:\/\/law.prf.cuni.cz\/migration\/author\/petra\/"},"comment_info":0,"ticketed":false,"_links":{"self":[{"href":"https:\/\/law.prf.cuni.cz\/migration\/wp-json\/wp\/v2\/pages\/15","targetHints":{"allow":["GET"]}}],"collection":[{"href":"https:\/\/law.prf.cuni.cz\/migration\/wp-json\/wp\/v2\/pages"}],"about":[{"href":"https:\/\/law.prf.cuni.cz\/migration\/wp-json\/wp\/v2\/types\/page"}],"author":[{"embeddable":true,"href":"https:\/\/law.prf.cuni.cz\/migration\/wp-json\/wp\/v2\/users\/10"}],"replies":[{"embeddable":true,"href":"https:\/\/law.prf.cuni.cz\/migration\/wp-json\/wp\/v2\/comments?post=15"}],"version-history":[{"count":24,"href":"https:\/\/law.prf.cuni.cz\/migration\/wp-json\/wp\/v2\/pages\/15\/revisions"}],"predecessor-version":[{"id":3441,"href":"https:\/\/law.prf.cuni.cz\/migration\/wp-json\/wp\/v2\/pages\/15\/revisions\/3441"}],"wp:attachment":[{"href":"https:\/\/law.prf.cuni.cz\/migration\/wp-json\/wp\/v2\/media?parent=15"}],"curies":[{"name":"wp","href":"https:\/\/api.w.org\/{rel}","templated":true}]}}