{"id":13,"date":"2022-04-25T12:47:30","date_gmt":"2022-04-25T12:47:30","guid":{"rendered":""},"modified":"2025-07-09T19:25:26","modified_gmt":"2025-07-09T17:25:26","slug":"treti_role","status":"publish","type":"page","link":"https:\/\/law.prf.cuni.cz\/migration\/treti_role\/","title":{"rendered":"T\u0159et\u00ed role"},"content":{"rendered":"<style>.kb-row-layout-id13_9a51af-f8 > .kt-row-column-wrap{align-content:start;}:where(.kb-row-layout-id13_9a51af-f8 > .kt-row-column-wrap) > .wp-block-kadence-column{justify-content:start;}.kb-row-layout-id13_9a51af-f8 > .kt-row-column-wrap{column-gap:var(--global-kb-gap-md, 2rem);row-gap:var(--global-kb-gap-md, 2rem);max-width:1150px;margin-left:auto;margin-right:auto;grid-template-columns:minmax(0, 1fr);}.kb-row-layout-id13_9a51af-f8 > .kt-row-layout-overlay{opacity:0.30;}@media all and (max-width: 1024px){.kb-row-layout-id13_9a51af-f8 > .kt-row-column-wrap{grid-template-columns:minmax(0, 1fr);}}@media all and (max-width: 767px){.kb-row-layout-id13_9a51af-f8 > .kt-row-column-wrap{grid-template-columns:minmax(0, 1fr);}}<\/style><div class=\"kb-row-layout-wrap kb-row-layout-id13_9a51af-f8 alignfull has-theme-palette9-background-color kt-row-has-bg wp-block-kadence-rowlayout\"><div class=\"kt-row-column-wrap kt-has-1-columns kt-row-layout-equal kt-tab-layout-inherit kt-mobile-layout-row kt-row-valign-top\">\n<style>.kadence-column13_be312e-37 > .kt-inside-inner-col{display:flex;}.kadence-column13_be312e-37 > .kt-inside-inner-col,.kadence-column13_be312e-37 > .kt-inside-inner-col:before{border-top-left-radius:0px;border-top-right-radius:0px;border-bottom-right-radius:0px;border-bottom-left-radius:0px;}.kadence-column13_be312e-37 > .kt-inside-inner-col{column-gap:var(--global-kb-gap-sm, 1rem);}.kadence-column13_be312e-37 > .kt-inside-inner-col{flex-direction:column;align-items:center;}.kadence-column13_be312e-37 > .kt-inside-inner-col > .kb-image-is-ratio-size{align-self:stretch;}.kadence-column13_be312e-37 > .kt-inside-inner-col > .wp-block-kadence-advancedgallery{align-self:stretch;}.kadence-column13_be312e-37 > .kt-inside-inner-col > .aligncenter{width:100%;}.kadence-column13_be312e-37 > .kt-inside-inner-col:before{opacity:0.3;}.kadence-column13_be312e-37{position:relative;}@media all and (max-width: 1024px){.kadence-column13_be312e-37 > .kt-inside-inner-col{flex-direction:column;justify-content:center;align-items:center;}}@media all and (max-width: 767px){.kadence-column13_be312e-37 > .kt-inside-inner-col{flex-direction:column;justify-content:center;align-items:center;}}<\/style>\n<div class=\"wp-block-kadence-column kadence-column13_be312e-37 inner-column-1\"><div class=\"kt-inside-inner-col\"><style>.wp-block-kadence-advancedheading.kt-adv-heading13_702d5a-b6, .wp-block-kadence-advancedheading.kt-adv-heading13_702d5a-b6[data-kb-block=\"kb-adv-heading13_702d5a-b6\"]{display:block;margin-top:0px;margin-bottom:var(--global-kb-spacing-lg, 3rem);text-align:center;font-size:var(--global-kb-font-size-md, 1.25rem);line-height:1.6;font-weight:400;font-style:normal;font-family:var( --global-heading-font-family, inherit );letter-spacing:-0.02px;}.wp-block-kadence-advancedheading.kt-adv-heading13_702d5a-b6 mark.kt-highlight, .wp-block-kadence-advancedheading.kt-adv-heading13_702d5a-b6[data-kb-block=\"kb-adv-heading13_702d5a-b6\"] mark.kt-highlight{font-style:normal;color:#f76a0c;-webkit-box-decoration-break:clone;box-decoration-break:clone;padding-top:0px;padding-right:0px;padding-bottom:0px;padding-left:0px;}@media all and (max-width: 1024px){.wp-block-kadence-advancedheading.kt-adv-heading13_702d5a-b6, .wp-block-kadence-advancedheading.kt-adv-heading13_702d5a-b6[data-kb-block=\"kb-adv-heading13_702d5a-b6\"]{font-size:36px;line-height:1.3;}}@media all and (max-width: 767px){.wp-block-kadence-advancedheading.kt-adv-heading13_702d5a-b6, .wp-block-kadence-advancedheading.kt-adv-heading13_702d5a-b6[data-kb-block=\"kb-adv-heading13_702d5a-b6\"]{font-size:28px;line-height:1.3;}}<\/style>\n<span class=\"kt-adv-heading13_702d5a-b6 wp-block-kadence-advancedheading has-kb-palette-1-color has-text-color has-theme-palette-9-background-color has-background\" data-kb-block=\"kb-adv-heading13_702d5a-b6\">T\u00e9mata uprchlictv\u00ed a migrace jsou dlouhodob\u011b v&nbsp;centru spole\u010densk\u00e9ho a politick\u00e9ho z\u00e1jmu. Sna\u017e\u00edme se o to, abychom do ve\u0159ejn\u00e9 debaty konstruktivn\u011b p\u0159isp\u00edvali a pom\u00e1hali \u0161irok\u00e9 ve\u0159ejnosti se v&nbsp;tomto obt\u00ed\u017en\u00e9m t\u00e9matu orientovat. A\u0165 u\u017e jde o medi\u00e1ln\u00ed v\u00fdstupy, aktivity v&nbsp;tvorb\u011b politik nebo tvorbu a vyu\u017eit\u00ed audiovizu\u00e1ln\u00edch materi\u00e1l\u016f, tuto \u010d\u00e1st na\u0161\u00ed \u010dinnosti pova\u017eujeme za nesm\u00edrn\u011b d\u016fle\u017eitou.<\/span>\n\n\n<style>.wp-block-kadence-advancedbtn.kb-btns13_ad0f2b-71{gap:var(--global-kb-gap-xs, 0.5rem );justify-content:center;align-items:center;}.kt-btns13_ad0f2b-71 .kt-button{font-weight:normal;font-style:normal;}.kt-btns13_ad0f2b-71 .kt-btn-wrap-0{margin-right:5px;}.wp-block-kadence-advancedbtn.kt-btns13_ad0f2b-71 .kt-btn-wrap-0 .kt-button{color:#555555;border-color:#555555;}.wp-block-kadence-advancedbtn.kt-btns13_ad0f2b-71 .kt-btn-wrap-0 .kt-button:hover, .wp-block-kadence-advancedbtn.kt-btns13_ad0f2b-71 .kt-btn-wrap-0 .kt-button:focus{color:#ffffff;border-color:#444444;}.wp-block-kadence-advancedbtn.kt-btns13_ad0f2b-71 .kt-btn-wrap-0 .kt-button::before{display:none;}.wp-block-kadence-advancedbtn.kt-btns13_ad0f2b-71 .kt-btn-wrap-0 .kt-button:hover, .wp-block-kadence-advancedbtn.kt-btns13_ad0f2b-71 .kt-btn-wrap-0 .kt-button:focus{background:#444444;}<\/style>\n<div class=\"wp-block-kadence-advancedbtn kb-buttons-wrap kb-btns13_ad0f2b-71\"><style>.wp-block-kadence-advancedbtn .kb-btn13_e0f6c3-84.kb-button, ul.menu .wp-block-kadence-advancedbtn .kb-btn13_e0f6c3-84.kb-button{width:250px;}<\/style><span class=\"kb-button kt-button button kb-btn13_e0f6c3-84 kt-btn-size-large kt-btn-width-type-fixed kb-btn-global-fill  kt-btn-has-text-true kt-btn-has-svg-false  wp-block-kadence-singlebtn\"><span class=\"kt-btn-inner-text\">videos\u00e9rie <br>\u201euprchl\u00edk\u201c<\/span><\/span>\n\n<style>.wp-block-kadence-advancedbtn .kb-btn13_19ede2-13.kb-button, ul.menu .wp-block-kadence-advancedbtn .kb-btn13_19ede2-13.kb-button{width:250px;}<\/style><a class=\"kb-button kt-button button kb-btn13_19ede2-13 kt-btn-size-large kt-btn-width-type-fixed kb-btn-global-fill  kt-btn-has-text-true kt-btn-has-svg-false  wp-block-kadence-singlebtn\" href=\"https:\/\/law.prf.cuni.cz\/migration\/pribehy-ceskeho-uprchlictvi\/\"><span class=\"kt-btn-inner-text\">P\u0159\u00edb\u011bhy \u010desk\u00e9ho uprchlictv\u00ed<\/span><\/a><\/div>\n\n\n<style>.kb-row-layout-id13_10673c-42 > .kt-row-column-wrap{align-content:start;}:where(.kb-row-layout-id13_10673c-42 > .kt-row-column-wrap) > .wp-block-kadence-column{justify-content:start;}.kb-row-layout-id13_10673c-42 > .kt-row-column-wrap{column-gap:var(--global-kb-gap-md, 2rem);row-gap:var(--global-kb-gap-md, 2rem);padding-top:var(--global-kb-spacing-sm, 1.5rem);padding-bottom:var(--global-kb-spacing-sm, 1.5rem);grid-template-columns:minmax(0, 1fr);}.kb-row-layout-id13_10673c-42 > .kt-row-layout-overlay{opacity:0.30;}@media all and (max-width: 1024px){.kb-row-layout-id13_10673c-42 > .kt-row-column-wrap{grid-template-columns:minmax(0, 1fr);}}@media all and (max-width: 767px){.kb-row-layout-id13_10673c-42 > .kt-row-column-wrap{grid-template-columns:minmax(0, 1fr);}}<\/style><div class=\"kb-row-layout-wrap kb-row-layout-id13_10673c-42 alignnone wp-block-kadence-rowlayout\"><div class=\"kt-row-column-wrap kt-has-1-columns kt-row-layout-equal kt-tab-layout-inherit kt-mobile-layout-row kt-row-valign-top\">\n<style>.kadence-column13_1e87f2-ca > .kt-inside-inner-col,.kadence-column13_1e87f2-ca > .kt-inside-inner-col:before{border-top-left-radius:0px;border-top-right-radius:0px;border-bottom-right-radius:0px;border-bottom-left-radius:0px;}.kadence-column13_1e87f2-ca > .kt-inside-inner-col{column-gap:var(--global-kb-gap-sm, 1rem);}.kadence-column13_1e87f2-ca > .kt-inside-inner-col{flex-direction:column;}.kadence-column13_1e87f2-ca > .kt-inside-inner-col > .aligncenter{width:100%;}.kadence-column13_1e87f2-ca > .kt-inside-inner-col:before{opacity:0.3;}.kadence-column13_1e87f2-ca{position:relative;}@media all and (max-width: 1024px){.kadence-column13_1e87f2-ca > .kt-inside-inner-col{flex-direction:column;justify-content:center;}}@media all and (max-width: 767px){.kadence-column13_1e87f2-ca > .kt-inside-inner-col{flex-direction:column;justify-content:center;}}<\/style>\n<div class=\"wp-block-kadence-column kadence-column13_1e87f2-ca\"><div class=\"kt-inside-inner-col\"><\/div><\/div>\n\n<\/div><\/div><\/div><\/div>\n\n<\/div><\/div>\n\n<style>.kb-row-layout-id13_f47aab-48 > .kt-row-column-wrap{align-content:center;}:where(.kb-row-layout-id13_f47aab-48 > .kt-row-column-wrap) > .wp-block-kadence-column{justify-content:center;}.kb-row-layout-id13_f47aab-48 > .kt-row-column-wrap{column-gap:var(--global-kb-gap-md, 2rem);row-gap:var(--global-kb-gap-md, 2rem);max-width:var( --global-content-width, 1290px );padding-left:var(--global-content-edge-padding);padding-right:var(--global-content-edge-padding);padding-top:var(--global-kb-spacing-5xl, 10rem);min-height:450px;grid-template-columns:minmax(0, 1fr);}.kb-row-layout-id13_f47aab-48{background-image:url('https:\/\/law.prf.cuni.cz\/migration\/wp-content\/uploads\/sites\/27\/2025\/02\/Example-Background-Image.jpg');background-size:contain;background-position:52% 49%;background-attachment:fixed;background-repeat:no-repeat;}.kb-row-layout-id13_f47aab-48 > .kt-row-layout-overlay{opacity:0.75;background:linear-gradient(90deg,var(--global-palette9) 0%,var(--global-palette7) 100%);}@media all and (max-width: 1024px), only screen and (min-device-width: 1024px) and (max-device-width: 1366px) and (-webkit-min-device-pixel-ratio: 2) and (hover: none){.kb-row-layout-id13_f47aab-48{background-attachment:scroll;}}@media all and (max-width: 1024px){.kb-row-layout-id13_f47aab-48 > .kt-row-column-wrap{grid-template-columns:minmax(0, 1fr);}}@media all and (max-width: 767px){.kb-row-layout-id13_f47aab-48 > .kt-row-column-wrap{grid-template-columns:minmax(0, 1fr);}}<\/style><div class=\"kb-row-layout-wrap kb-row-layout-id13_f47aab-48 alignfull kt-row-has-bg wp-block-kadence-rowlayout\"><div class=\"kt-row-layout-overlay kt-row-overlay-gradient\"><\/div><div class=\"kt-row-column-wrap kt-has-1-columns kt-row-layout-equal kt-tab-layout-inherit kt-mobile-layout-row kt-row-valign-middle kb-theme-content-width\">\n<style>.kadence-column13_9e2c35-c0 > .kt-inside-inner-col,.kadence-column13_9e2c35-c0 > .kt-inside-inner-col:before{border-top-left-radius:0px;border-top-right-radius:0px;border-bottom-right-radius:0px;border-bottom-left-radius:0px;}.kadence-column13_9e2c35-c0 > .kt-inside-inner-col{column-gap:var(--global-kb-gap-sm, 1rem);}.kadence-column13_9e2c35-c0 > .kt-inside-inner-col{flex-direction:column;}.kadence-column13_9e2c35-c0 > .kt-inside-inner-col > .aligncenter{width:100%;}.kadence-column13_9e2c35-c0 > .kt-inside-inner-col:before{opacity:0.3;}.kadence-column13_9e2c35-c0{position:relative;}@media all and (max-width: 1024px){.kadence-column13_9e2c35-c0 > .kt-inside-inner-col{flex-direction:column;justify-content:center;}}@media all and (max-width: 767px){.kadence-column13_9e2c35-c0 > .kt-inside-inner-col{flex-direction:column;justify-content:center;}}<\/style>\n<div class=\"wp-block-kadence-column kadence-column13_9e2c35-c0\"><div class=\"kt-inside-inner-col\"><\/div><\/div>\n\n<\/div><\/div>\n\n\n<p><\/p>\n","protected":false},"excerpt":{"rendered":"<p>T\u00e9mata uprchlictv\u00ed a migrace jsou dlouhodob\u011b v&nbsp;centru spole\u010densk\u00e9ho a politick\u00e9ho z\u00e1jmu. Sna\u017e\u00edme se o to, abychom do ve\u0159ejn\u00e9 debaty konstruktivn\u011b p\u0159isp\u00edvali a pom\u00e1hali \u0161irok\u00e9 ve\u0159ejnosti se v&nbsp;tomto obt\u00ed\u017en\u00e9m t\u00e9matu orientovat&#8230;.<\/p>\n","protected":false},"author":10,"featured_media":0,"parent":0,"menu_order":0,"comment_status":"closed","ping_status":"closed","template":"","meta":{"_kad_blocks_custom_css":"","_kad_blocks_head_custom_js":"","_kad_blocks_body_custom_js":"","_kad_blocks_footer_custom_js":"","_monsterinsights_skip_tracking":false,"_monsterinsights_sitenote_active":false,"_monsterinsights_sitenote_note":"","_monsterinsights_sitenote_category":0,"_price":"","_stock":"","_tribe_ticket_header":"","_tribe_default_ticket_provider":"","_tribe_ticket_capacity":"0","_ticket_start_date":"","_ticket_end_date":"","_tribe_ticket_show_description":"","_tribe_ticket_show_not_going":false,"_tribe_ticket_use_global_stock":"","_tribe_ticket_global_stock_level":"","_global_stock_mode":"","_global_stock_cap":"","_tribe_rsvp_for_event":"","_tribe_ticket_going_count":"","_tribe_ticket_not_going_count":"","_tribe_tickets_list":"[]","_tribe_ticket_has_attendee_info_fields":false,"_EventAllDay":false,"_EventTimezone":"","_EventStartDate":"","_EventEndDate":"","_EventStartDateUTC":"","_EventEndDateUTC":"","_EventShowMap":false,"_EventShowMapLink":false,"_EventURL":"","_EventCost":"","_EventCostDescription":"","_EventCurrencySymbol":"","_EventCurrencyCode":"","_EventCurrencyPosition":"","_EventDateTimeSeparator":"","_EventTimeRangeSeparator":"","_EventOrganizerID":[],"_EventVenueID":[],"_OrganizerEmail":"","_OrganizerPhone":"","_OrganizerWebsite":"","_VenueAddress":"","_VenueCity":"","_VenueCountry":"","_VenueProvince":"","_VenueState":"","_VenueZip":"","_VenuePhone":"","_VenueURL":"","_VenueStateProvince":"","_VenueLat":"","_VenueLng":"","_VenueShowMap":false,"_VenueShowMapLink":false,"_kadence_starter_templates_imported_post":true,"_kad_post_transparent":"","_kad_post_title":"hide","_kad_post_layout":"normal","_kad_post_sidebar_id":"","_kad_post_content_style":"boxed","_kad_post_vertical_padding":"hide","_kad_post_feature":"hide","_kad_post_feature_position":"","_kad_post_header":false,"_kad_post_footer":false,"footnotes":"","_tec_slr_enabled":"","_tec_slr_layout":""},"class_list":["post-13","page","type-page","status-publish","hentry"],"aioseo_notices":[],"taxonomy_info":[],"featured_image_src_large":false,"author_info":{"display_name":"petra","author_link":"https:\/\/law.prf.cuni.cz\/migration\/author\/petra\/"},"comment_info":0,"ticketed":false,"_links":{"self":[{"href":"https:\/\/law.prf.cuni.cz\/migration\/wp-json\/wp\/v2\/pages\/13","targetHints":{"allow":["GET"]}}],"collection":[{"href":"https:\/\/law.prf.cuni.cz\/migration\/wp-json\/wp\/v2\/pages"}],"about":[{"href":"https:\/\/law.prf.cuni.cz\/migration\/wp-json\/wp\/v2\/types\/page"}],"author":[{"embeddable":true,"href":"https:\/\/law.prf.cuni.cz\/migration\/wp-json\/wp\/v2\/users\/10"}],"replies":[{"embeddable":true,"href":"https:\/\/law.prf.cuni.cz\/migration\/wp-json\/wp\/v2\/comments?post=13"}],"version-history":[{"count":19,"href":"https:\/\/law.prf.cuni.cz\/migration\/wp-json\/wp\/v2\/pages\/13\/revisions"}],"predecessor-version":[{"id":3930,"href":"https:\/\/law.prf.cuni.cz\/migration\/wp-json\/wp\/v2\/pages\/13\/revisions\/3930"}],"wp:attachment":[{"href":"https:\/\/law.prf.cuni.cz\/migration\/wp-json\/wp\/v2\/media?parent=13"}],"curies":[{"name":"wp","href":"https:\/\/api.w.org\/{rel}","templated":true}]}}