{"id":12,"date":"2022-04-25T12:47:24","date_gmt":"2022-04-25T12:47:24","guid":{"rendered":"https:\/\/law.prf.cuni.cz\/migration\/blog\/"},"modified":"2025-06-25T22:24:16","modified_gmt":"2025-06-25T20:24:16","slug":"vyuka","status":"publish","type":"page","link":"https:\/\/law.prf.cuni.cz\/migration\/vyuka\/","title":{"rendered":"V\u00fduka"},"content":{"rendered":"<style>.kb-row-layout-id12_41b213-ce > .kt-row-column-wrap{align-content:start;}:where(.kb-row-layout-id12_41b213-ce > .kt-row-column-wrap) > .wp-block-kadence-column{justify-content:start;}.kb-row-layout-id12_41b213-ce > .kt-row-column-wrap{column-gap:var(--global-kb-gap-md, 2rem);row-gap:var(--global-kb-gap-md, 2rem);padding-top:var(--global-kb-spacing-sm, 1.5rem);padding-bottom:var(--global-kb-spacing-sm, 1.5rem);grid-template-columns:minmax(0, 1fr);}.kb-row-layout-id12_41b213-ce > .kt-row-layout-overlay{opacity:0.30;}@media all and (max-width: 1024px){.kb-row-layout-id12_41b213-ce > .kt-row-column-wrap{grid-template-columns:minmax(0, 1fr);}}@media all and (max-width: 767px){.kb-row-layout-id12_41b213-ce > .kt-row-column-wrap{grid-template-columns:minmax(0, 1fr);}}<\/style><div class=\"kb-row-layout-wrap kb-row-layout-id12_41b213-ce alignnone wp-block-kadence-rowlayout\"><div class=\"kt-row-column-wrap kt-has-1-columns kt-row-layout-equal kt-tab-layout-inherit kt-mobile-layout-row kt-row-valign-top\">\n<style>.kadence-column12_fd54f6-33 > .kt-inside-inner-col,.kadence-column12_fd54f6-33 > .kt-inside-inner-col:before{border-top-left-radius:0px;border-top-right-radius:0px;border-bottom-right-radius:0px;border-bottom-left-radius:0px;}.kadence-column12_fd54f6-33 > .kt-inside-inner-col{column-gap:var(--global-kb-gap-sm, 1rem);}.kadence-column12_fd54f6-33 > .kt-inside-inner-col{flex-direction:column;}.kadence-column12_fd54f6-33 > .kt-inside-inner-col > .aligncenter{width:100%;}.kadence-column12_fd54f6-33 > .kt-inside-inner-col:before{opacity:0.3;}.kadence-column12_fd54f6-33{position:relative;}@media all and (max-width: 1024px){.kadence-column12_fd54f6-33 > .kt-inside-inner-col{flex-direction:column;justify-content:center;}}@media all and (max-width: 767px){.kadence-column12_fd54f6-33 > .kt-inside-inner-col{flex-direction:column;justify-content:center;}}<\/style>\n<div class=\"wp-block-kadence-column kadence-column12_fd54f6-33\"><div class=\"kt-inside-inner-col\"><style>.kb-row-layout-id12_3707d4-62 > .kt-row-column-wrap{align-content:start;}:where(.kb-row-layout-id12_3707d4-62 > .kt-row-column-wrap) > .wp-block-kadence-column{justify-content:start;}.kb-row-layout-id12_3707d4-62 > .kt-row-column-wrap{column-gap:var(--global-kb-gap-md, 2rem);row-gap:var(--global-kb-gap-md, 2rem);padding-bottom:var(--global-kb-spacing-sm, 1.5rem);}.kb-row-layout-id12_3707d4-62 > .kt-row-column-wrap > div:not(.added-for-specificity){grid-column:initial;}.kb-row-layout-id12_3707d4-62 > .kt-row-column-wrap{grid-template-columns:minmax(0, 1fr) minmax(0, 6fr) minmax(0, 1fr);}.kb-row-layout-id12_3707d4-62 > .kt-row-layout-overlay{opacity:0.30;}@media all and (max-width: 1024px){.kb-row-layout-id12_3707d4-62 > .kt-row-column-wrap > div:not(.added-for-specificity){grid-column:initial;}}@media all and (max-width: 1024px){.kb-row-layout-id12_3707d4-62 > .kt-row-column-wrap{grid-template-columns:minmax(0, 1fr) minmax(0, 6fr) minmax(0, 1fr);}}@media all and (max-width: 767px){.kb-row-layout-id12_3707d4-62 > .kt-row-column-wrap > div:not(.added-for-specificity){grid-column:initial;}.kb-row-layout-id12_3707d4-62 > .kt-row-column-wrap{grid-template-columns:minmax(0, 1fr);}}<\/style><div class=\"kb-row-layout-wrap kb-row-layout-id12_3707d4-62 alignnone wp-block-kadence-rowlayout\"><div class=\"kt-row-column-wrap kt-has-3-columns kt-row-layout-center-exwide kt-tab-layout-inherit kt-mobile-layout-row kt-row-valign-top\">\n<style>.kadence-column12_8950a3-63 > .kt-inside-inner-col,.kadence-column12_8950a3-63 > .kt-inside-inner-col:before{border-top-left-radius:0px;border-top-right-radius:0px;border-bottom-right-radius:0px;border-bottom-left-radius:0px;}.kadence-column12_8950a3-63 > .kt-inside-inner-col{column-gap:var(--global-kb-gap-sm, 1rem);}.kadence-column12_8950a3-63 > .kt-inside-inner-col{flex-direction:column;}.kadence-column12_8950a3-63 > .kt-inside-inner-col > .aligncenter{width:100%;}.kadence-column12_8950a3-63 > .kt-inside-inner-col:before{opacity:0.3;}.kadence-column12_8950a3-63{position:relative;}@media all and (max-width: 1024px){.kadence-column12_8950a3-63 > .kt-inside-inner-col{flex-direction:column;justify-content:center;}}@media all and (max-width: 767px){.kadence-column12_8950a3-63 > .kt-inside-inner-col{flex-direction:column;justify-content:center;}}<\/style>\n<div class=\"wp-block-kadence-column kadence-column12_8950a3-63\"><div class=\"kt-inside-inner-col\"><\/div><\/div>\n\n\n<style>.kadence-column12_96dd30-ab > .kt-inside-inner-col,.kadence-column12_96dd30-ab > .kt-inside-inner-col:before{border-top-left-radius:0px;border-top-right-radius:0px;border-bottom-right-radius:0px;border-bottom-left-radius:0px;}.kadence-column12_96dd30-ab > .kt-inside-inner-col{column-gap:var(--global-kb-gap-sm, 1rem);}.kadence-column12_96dd30-ab > .kt-inside-inner-col{flex-direction:column;}.kadence-column12_96dd30-ab > .kt-inside-inner-col > .aligncenter{width:100%;}.kadence-column12_96dd30-ab > .kt-inside-inner-col:before{opacity:0.3;}.kadence-column12_96dd30-ab{position:relative;}@media all and (max-width: 1024px){.kadence-column12_96dd30-ab > .kt-inside-inner-col{flex-direction:column;justify-content:center;}}@media all and (max-width: 767px){.kadence-column12_96dd30-ab > .kt-inside-inner-col{flex-direction:column;justify-content:center;}}<\/style>\n<div class=\"wp-block-kadence-column kadence-column12_96dd30-ab\"><div class=\"kt-inside-inner-col\">\n<p class=\"has-text-align-center has-theme-palette-3-color has-text-color has-link-color has-medium-font-size wp-elements-fe48089e1ee515f42dcba6a82806aee5\">Ve v\u00fduce kombinujeme modern\u00ed a atraktivn\u00ed u\u010debn\u00ed p\u0159\u00edstupy s ov\u011b\u0159enou prax\u00ed a zku\u0161enostmi. Studenti z\u00edskaj\u00ed z\u00e1kladn\u00ed teoretick\u00fd vhled do t\u00e9matu uprchlick\u00e9ho a migra\u010dn\u00edho pr\u00e1va a p\u0159\u00edbuzn\u00fdch pr\u00e1vn\u00edch odv\u011btv\u00ed. Ten pak rozv\u00edjej\u00ed v praxi \u2013 a\u0165 u\u017e v r\u00e1mci navazuj\u00edc\u00ed v\u011bdeck\u00e9 \u010dinnosti, nebo prost\u0159ednictv\u00edm simula\u010dn\u00edch p\u0159edm\u011bt\u016f a pr\u00e1vn\u00edch klinik.<\/p>\n\n\n<style>.kadence-column12_c746d6-96 > .kt-inside-inner-col,.kadence-column12_c746d6-96 > .kt-inside-inner-col:before{border-top-left-radius:0px;border-top-right-radius:0px;border-bottom-right-radius:0px;border-bottom-left-radius:0px;}.kadence-column12_c746d6-96 > .kt-inside-inner-col{column-gap:var(--global-kb-gap-sm, 1rem);}.kadence-column12_c746d6-96 > .kt-inside-inner-col{flex-direction:column;}.kadence-column12_c746d6-96 > .kt-inside-inner-col > .aligncenter{width:100%;}.kadence-column12_c746d6-96 > .kt-inside-inner-col:before{opacity:0.3;}.kadence-column12_c746d6-96{position:relative;}@media all and (max-width: 1024px){.kadence-column12_c746d6-96 > .kt-inside-inner-col{flex-direction:column;justify-content:center;}}@media all and (max-width: 767px){.kadence-column12_c746d6-96 > .kt-inside-inner-col{flex-direction:column;justify-content:center;}}<\/style>\n<div class=\"wp-block-kadence-column kadence-column12_c746d6-96\"><div class=\"kt-inside-inner-col\">\n<p><\/p>\n<\/div><\/div>\n\n\n<style>.wp-block-kadence-advancedbtn.kb-btns12_12d295-c0{gap:var(--global-kb-gap-xs, 0.5rem );justify-content:center;align-items:center;}.kt-btns12_12d295-c0 .kt-button{font-weight:normal;font-style:normal;}.kt-btns12_12d295-c0 .kt-btn-wrap-0{margin-right:5px;}.wp-block-kadence-advancedbtn.kt-btns12_12d295-c0 .kt-btn-wrap-0 .kt-button{color:#555555;border-color:#555555;}.wp-block-kadence-advancedbtn.kt-btns12_12d295-c0 .kt-btn-wrap-0 .kt-button:hover, .wp-block-kadence-advancedbtn.kt-btns12_12d295-c0 .kt-btn-wrap-0 .kt-button:focus{color:#ffffff;border-color:#444444;}.wp-block-kadence-advancedbtn.kt-btns12_12d295-c0 .kt-btn-wrap-0 .kt-button::before{display:none;}.wp-block-kadence-advancedbtn.kt-btns12_12d295-c0 .kt-btn-wrap-0 .kt-button:hover, .wp-block-kadence-advancedbtn.kt-btns12_12d295-c0 .kt-btn-wrap-0 .kt-button:focus{background:#444444;}<\/style>\n<div class=\"wp-block-kadence-advancedbtn kb-buttons-wrap kb-btns12_12d295-c0\"><style>.wp-block-kadence-advancedbtn .kb-btn12_315029-43.kb-button, ul.menu .wp-block-kadence-advancedbtn .kb-btn12_315029-43.kb-button{width:320px;}<\/style><a class=\"kb-button kt-button button kb-btn12_315029-43 kt-btn-size-large kt-btn-width-type-fixed kb-btn-global-fill  kt-btn-has-text-true kt-btn-has-svg-false  wp-block-kadence-singlebtn\" href=\"https:\/\/law.prf.cuni.cz\/migration\/o-modulu\/\"><span class=\"kt-btn-inner-text\">O modulu<\/span><\/a>\n\n<style>.wp-block-kadence-advancedbtn .kb-btn12_6f98a9-9a.kb-button, ul.menu .wp-block-kadence-advancedbtn .kb-btn12_6f98a9-9a.kb-button{width:320px;}<\/style><a class=\"kb-button kt-button button kb-btn12_6f98a9-9a kt-btn-size-large kt-btn-width-type-fixed kb-btn-global-fill  kt-btn-has-text-true kt-btn-has-svg-false  wp-block-kadence-singlebtn\" href=\"https:\/\/law.prf.cuni.cz\/migration\/vyucovane-predmety\/\"><span class=\"kt-btn-inner-text\">vyu\u010dovan\u00e9 p\u0159edm\u011bty<\/span><\/a><\/div>\n\n\n\n<figure class=\"wp-block-image size-full\"><img loading=\"lazy\" decoding=\"async\" width=\"1241\" height=\"1755\" src=\"https:\/\/law.prf.cuni.cz\/migration\/wp-content\/uploads\/sites\/27\/2025\/05\/modul_page-0001.jpg\" alt=\"\" class=\"wp-image-3251\" \/><\/figure>\n<\/div><\/div>\n\n\n<style>.kadence-column12_8b0ad0-b8 > .kt-inside-inner-col,.kadence-column12_8b0ad0-b8 > .kt-inside-inner-col:before{border-top-left-radius:0px;border-top-right-radius:0px;border-bottom-right-radius:0px;border-bottom-left-radius:0px;}.kadence-column12_8b0ad0-b8 > .kt-inside-inner-col{column-gap:var(--global-kb-gap-sm, 1rem);}.kadence-column12_8b0ad0-b8 > .kt-inside-inner-col{flex-direction:column;}.kadence-column12_8b0ad0-b8 > .kt-inside-inner-col > .aligncenter{width:100%;}.kadence-column12_8b0ad0-b8 > .kt-inside-inner-col:before{opacity:0.3;}.kadence-column12_8b0ad0-b8{position:relative;}@media all and (max-width: 1024px){.kadence-column12_8b0ad0-b8 > .kt-inside-inner-col{flex-direction:column;justify-content:center;}}@media all and (max-width: 767px){.kadence-column12_8b0ad0-b8 > .kt-inside-inner-col{flex-direction:column;justify-content:center;}}<\/style>\n<div class=\"wp-block-kadence-column kadence-column12_8b0ad0-b8\"><div class=\"kt-inside-inner-col\"><\/div><\/div>\n\n<\/div><\/div><\/div><\/div>\n\n<\/div><\/div>\n\n<style>.kb-row-layout-id12_02f0ed-e7 > .kt-row-column-wrap{align-content:start;}:where(.kb-row-layout-id12_02f0ed-e7 > .kt-row-column-wrap) > .wp-block-kadence-column{justify-content:start;}.kb-row-layout-id12_02f0ed-e7 > .kt-row-column-wrap{column-gap:var(--global-kb-gap-md, 2rem);row-gap:var(--global-kb-gap-md, 2rem);padding-top:var(--global-kb-spacing-sm, 1.5rem);padding-bottom:var(--global-kb-spacing-md, 2rem);grid-template-columns:minmax(0, 1fr);}.kb-row-layout-id12_02f0ed-e7 > .kt-row-layout-overlay{opacity:0.30;}@media all and (max-width: 1024px){.kb-row-layout-id12_02f0ed-e7 > .kt-row-column-wrap{grid-template-columns:minmax(0, 1fr);}}@media all and (max-width: 767px){.kb-row-layout-id12_02f0ed-e7 > .kt-row-column-wrap{grid-template-columns:minmax(0, 1fr);}}<\/style><div class=\"kb-row-layout-wrap kb-row-layout-id12_02f0ed-e7 alignnone wp-block-kadence-rowlayout\"><div class=\"kt-row-column-wrap kt-has-1-columns kt-row-layout-equal kt-tab-layout-inherit kt-mobile-layout-row kt-row-valign-top\">\n<style>.kadence-column12_e33f06-3b > .kt-inside-inner-col,.kadence-column12_e33f06-3b > .kt-inside-inner-col:before{border-top-left-radius:0px;border-top-right-radius:0px;border-bottom-right-radius:0px;border-bottom-left-radius:0px;}.kadence-column12_e33f06-3b > .kt-inside-inner-col{column-gap:var(--global-kb-gap-sm, 1rem);}.kadence-column12_e33f06-3b > .kt-inside-inner-col{flex-direction:column;}.kadence-column12_e33f06-3b > .kt-inside-inner-col > .aligncenter{width:100%;}.kadence-column12_e33f06-3b > .kt-inside-inner-col:before{opacity:0.3;}.kadence-column12_e33f06-3b{position:relative;}@media all and (max-width: 1024px){.kadence-column12_e33f06-3b > .kt-inside-inner-col{flex-direction:column;justify-content:center;}}@media all and (max-width: 767px){.kadence-column12_e33f06-3b > .kt-inside-inner-col{flex-direction:column;justify-content:center;}}<\/style>\n<div class=\"wp-block-kadence-column kadence-column12_e33f06-3b\"><div class=\"kt-inside-inner-col\"><style>.kb-row-layout-id12_c337ac-29 > .kt-row-column-wrap{align-content:start;}:where(.kb-row-layout-id12_c337ac-29 > .kt-row-column-wrap) > .wp-block-kadence-column{justify-content:start;}.kb-row-layout-id12_c337ac-29 > .kt-row-column-wrap{column-gap:var(--global-kb-gap-md, 2rem);row-gap:var(--global-kb-gap-lg, 4rem);padding-bottom:var(--global-kb-spacing-sm, 1.5rem);grid-template-columns:minmax(0, 1fr);}.kb-row-layout-id12_c337ac-29 > .kt-row-layout-overlay{opacity:0.30;}@media all and (max-width: 1024px){.kb-row-layout-id12_c337ac-29 > .kt-row-column-wrap{grid-template-columns:minmax(0, 1fr);}}@media all and (max-width: 767px){.kb-row-layout-id12_c337ac-29 > .kt-row-column-wrap{grid-template-columns:minmax(0, 1fr);}}<\/style><div class=\"kb-row-layout-wrap kb-row-layout-id12_c337ac-29 alignnone wp-block-kadence-rowlayout\"><div class=\"kt-row-column-wrap kt-has-1-columns kt-row-layout-equal kt-tab-layout-inherit kt-mobile-layout-row kt-row-valign-top\">\n<style>.kadence-column12_8ac7e7-20 > .kt-inside-inner-col,.kadence-column12_8ac7e7-20 > .kt-inside-inner-col:before{border-top-left-radius:0px;border-top-right-radius:0px;border-bottom-right-radius:0px;border-bottom-left-radius:0px;}.kadence-column12_8ac7e7-20 > .kt-inside-inner-col{column-gap:var(--global-kb-gap-sm, 1rem);}.kadence-column12_8ac7e7-20 > .kt-inside-inner-col{flex-direction:column;}.kadence-column12_8ac7e7-20 > .kt-inside-inner-col > .aligncenter{width:100%;}.kadence-column12_8ac7e7-20 > .kt-inside-inner-col:before{opacity:0.3;}.kadence-column12_8ac7e7-20{position:relative;}@media all and (max-width: 1024px){.kadence-column12_8ac7e7-20 > .kt-inside-inner-col{flex-direction:column;justify-content:center;}}@media all and (max-width: 767px){.kadence-column12_8ac7e7-20 > .kt-inside-inner-col{flex-direction:column;justify-content:center;}}<\/style>\n<div class=\"wp-block-kadence-column kadence-column12_8ac7e7-20\"><div class=\"kt-inside-inner-col\"><style>.kb-row-layout-id12_64078a-bb > .kt-row-column-wrap{align-content:start;}:where(.kb-row-layout-id12_64078a-bb > .kt-row-column-wrap) > .wp-block-kadence-column{justify-content:start;}.kb-row-layout-id12_64078a-bb > .kt-row-column-wrap{column-gap:var(--global-kb-gap-md, 2rem);row-gap:var(--global-kb-gap-md, 2rem);max-width:var( --global-content-width, 1290px );padding-left:var(--global-content-edge-padding);padding-right:var(--global-content-edge-padding);padding-top:var(--global-kb-spacing-xl, 4rem);padding-bottom:var(--global-kb-spacing-3xl, 6.5rem);grid-template-columns:minmax(0, 1fr);}.kb-row-layout-id12_64078a-bb > .kt-row-layout-overlay{opacity:0.30;}.kb-row-layout-id12_64078a-bb .kt-row-layout-bottom-sep{height:100px;}.kb-row-layout-id12_64078a-bb .kt-row-layout-bottom-sep svg{width:100%;}.kb-row-layout-id12_64078a-bb .kt-row-layout-bottom-sep svg{fill:#ffffff!important;}.kb-row-layout-id12_64078a-bb .kt-row-layout-top-sep{height:100px;}.kb-row-layout-id12_64078a-bb .kt-row-layout-top-sep svg{width:100%;}.kb-row-layout-id12_64078a-bb .kt-row-layout-top-sep svg{fill:#ffffff!important;}@media all and (max-width: 1024px){.kb-row-layout-id12_64078a-bb > .kt-row-column-wrap{grid-template-columns:minmax(0, 1fr);}}@media all and (max-width: 1024px){.kb-row-layout-id12_64078a-bb .kt-row-layout-bottom-sep{height:px;}}@media all and (max-width: 1024px){.kb-row-layout-id12_64078a-bb .kt-row-layout-bottom-sep svg{width:%;}}@media all and (max-width: 767px){.kb-row-layout-id12_64078a-bb > .kt-row-column-wrap{grid-template-columns:minmax(0, 1fr);}.kb-row-layout-id12_64078a-bb .kt-row-layout-bottom-sep{height:px;}.kb-row-layout-id12_64078a-bb .kt-row-layout-bottom-sep svg{width:%;}}<\/style><div class=\"kb-row-layout-wrap kb-row-layout-id12_64078a-bb alignfull has-theme-palette1-background-color kt-row-has-bg wp-block-kadence-rowlayout\"><div class=\"kt-row-column-wrap kt-has-1-columns kt-row-layout-equal kt-tab-layout-inherit kt-mobile-layout-row kt-row-valign-top kb-theme-content-width\">\n<style>.kadence-column12_390a34-94 > .kt-inside-inner-col,.kadence-column12_390a34-94 > .kt-inside-inner-col:before{border-top-left-radius:0px;border-top-right-radius:0px;border-bottom-right-radius:0px;border-bottom-left-radius:0px;}.kadence-column12_390a34-94 > .kt-inside-inner-col{column-gap:var(--global-kb-gap-sm, 1rem);}.kadence-column12_390a34-94 > .kt-inside-inner-col{flex-direction:column;}.kadence-column12_390a34-94 > .kt-inside-inner-col > .aligncenter{width:100%;}.kadence-column12_390a34-94 > .kt-inside-inner-col:before{opacity:0.3;}.kadence-column12_390a34-94{position:relative;}@media all and (max-width: 1024px){.kadence-column12_390a34-94 > .kt-inside-inner-col{flex-direction:column;justify-content:center;}}@media all and (max-width: 767px){.kadence-column12_390a34-94 > .kt-inside-inner-col{flex-direction:column;justify-content:center;}}<\/style>\n<div class=\"wp-block-kadence-column kadence-column12_390a34-94 inner-column-1\"><div class=\"kt-inside-inner-col\"><style>.kb-row-layout-id12_01e0bd-c0 > .kt-row-column-wrap{align-content:start;}:where(.kb-row-layout-id12_01e0bd-c0 > .kt-row-column-wrap) > .wp-block-kadence-column{justify-content:start;}.kb-row-layout-id12_01e0bd-c0 > .kt-row-column-wrap{column-gap:var(--global-kb-gap-md, 2rem);row-gap:var(--global-kb-gap-md, 2rem);padding-top:var(--global-kb-spacing-sm, 1.5rem);padding-bottom:var(--global-kb-spacing-sm, 1.5rem);grid-template-columns:minmax(0, 1fr);}.kb-row-layout-id12_01e0bd-c0 > .kt-row-layout-overlay{opacity:0.30;}@media all and (max-width: 1024px){.kb-row-layout-id12_01e0bd-c0 > .kt-row-column-wrap{grid-template-columns:minmax(0, 1fr);}}@media all and (max-width: 767px){.kb-row-layout-id12_01e0bd-c0 > .kt-row-column-wrap{grid-template-columns:minmax(0, 1fr);}}<\/style><div class=\"kb-row-layout-wrap kb-row-layout-id12_01e0bd-c0 alignnone wp-block-kadence-rowlayout\"><div class=\"kt-row-column-wrap kt-has-1-columns kt-row-layout-equal kt-tab-layout-inherit kt-mobile-layout-row kt-row-valign-top\">\n<style>.kadence-column12_c60c9b-b5 > .kt-inside-inner-col,.kadence-column12_c60c9b-b5 > .kt-inside-inner-col:before{border-top-left-radius:0px;border-top-right-radius:0px;border-bottom-right-radius:0px;border-bottom-left-radius:0px;}.kadence-column12_c60c9b-b5 > .kt-inside-inner-col{column-gap:var(--global-kb-gap-sm, 1rem);}.kadence-column12_c60c9b-b5 > .kt-inside-inner-col{flex-direction:column;}.kadence-column12_c60c9b-b5 > .kt-inside-inner-col > .aligncenter{width:100%;}.kadence-column12_c60c9b-b5 > .kt-inside-inner-col:before{opacity:0.3;}.kadence-column12_c60c9b-b5{position:relative;}@media all and (max-width: 1024px){.kadence-column12_c60c9b-b5 > .kt-inside-inner-col{flex-direction:column;justify-content:center;}}@media all and (max-width: 767px){.kadence-column12_c60c9b-b5 > .kt-inside-inner-col{flex-direction:column;justify-content:center;}}<\/style>\n<div class=\"wp-block-kadence-column kadence-column12_c60c9b-b5\"><div class=\"kt-inside-inner-col\"><\/div><\/div>\n\n<\/div><\/div><\/div><\/div>\n\n<\/div><\/div><\/div><\/div>\n\n<\/div><\/div><\/div><\/div>\n\n<\/div><\/div>\n\n\n<p><\/p>\n","protected":false},"excerpt":{"rendered":"<p>Ve v\u00fduce kombinujeme modern\u00ed a atraktivn\u00ed u\u010debn\u00ed p\u0159\u00edstupy s ov\u011b\u0159enou prax\u00ed a zku\u0161enostmi. Studenti z\u00edskaj\u00ed z\u00e1kladn\u00ed teoretick\u00fd vhled do t\u00e9matu uprchlick\u00e9ho a migra\u010dn\u00edho pr\u00e1va a p\u0159\u00edbuzn\u00fdch pr\u00e1vn\u00edch odv\u011btv\u00ed. Ten pak&#8230;<\/p>\n","protected":false},"author":10,"featured_media":0,"parent":0,"menu_order":0,"comment_status":"closed","ping_status":"closed","template":"","meta":{"_kad_blocks_custom_css":"","_kad_blocks_head_custom_js":"","_kad_blocks_body_custom_js":"","_kad_blocks_footer_custom_js":"","_monsterinsights_skip_tracking":false,"_monsterinsights_sitenote_active":false,"_monsterinsights_sitenote_note":"","_monsterinsights_sitenote_category":0,"_price":"","_stock":"","_tribe_ticket_header":"","_tribe_default_ticket_provider":"","_tribe_ticket_capacity":"0","_ticket_start_date":"","_ticket_end_date":"","_tribe_ticket_show_description":"","_tribe_ticket_show_not_going":false,"_tribe_ticket_use_global_stock":"","_tribe_ticket_global_stock_level":"","_global_stock_mode":"","_global_stock_cap":"","_tribe_rsvp_for_event":"","_tribe_ticket_going_count":"","_tribe_ticket_not_going_count":"","_tribe_tickets_list":"[]","_tribe_ticket_has_attendee_info_fields":false,"_EventAllDay":false,"_EventTimezone":"","_EventStartDate":"","_EventEndDate":"","_EventStartDateUTC":"","_EventEndDateUTC":"","_EventShowMap":false,"_EventShowMapLink":false,"_EventURL":"","_EventCost":"","_EventCostDescription":"","_EventCurrencySymbol":"","_EventCurrencyCode":"","_EventCurrencyPosition":"","_EventDateTimeSeparator":"","_EventTimeRangeSeparator":"","_EventOrganizerID":[],"_EventVenueID":[],"_OrganizerEmail":"","_OrganizerPhone":"","_OrganizerWebsite":"","_VenueAddress":"","_VenueCity":"","_VenueCountry":"","_VenueProvince":"","_VenueState":"","_VenueZip":"","_VenuePhone":"","_VenueURL":"","_VenueStateProvince":"","_VenueLat":"","_VenueLng":"","_VenueShowMap":false,"_VenueShowMapLink":false,"_kadence_starter_templates_imported_post":true,"_kad_post_transparent":"","_kad_post_title":"hide","_kad_post_layout":"default","_kad_post_sidebar_id":"","_kad_post_content_style":"","_kad_post_vertical_padding":"","_kad_post_feature":"","_kad_post_feature_position":"","_kad_post_header":false,"_kad_post_footer":false,"footnotes":"","_tec_slr_enabled":"","_tec_slr_layout":""},"class_list":["post-12","page","type-page","status-publish","hentry"],"aioseo_notices":[],"taxonomy_info":[],"featured_image_src_large":false,"author_info":{"display_name":"petra","author_link":"https:\/\/law.prf.cuni.cz\/migration\/author\/petra\/"},"comment_info":0,"ticketed":false,"_links":{"self":[{"href":"https:\/\/law.prf.cuni.cz\/migration\/wp-json\/wp\/v2\/pages\/12","targetHints":{"allow":["GET"]}}],"collection":[{"href":"https:\/\/law.prf.cuni.cz\/migration\/wp-json\/wp\/v2\/pages"}],"about":[{"href":"https:\/\/law.prf.cuni.cz\/migration\/wp-json\/wp\/v2\/types\/page"}],"author":[{"embeddable":true,"href":"https:\/\/law.prf.cuni.cz\/migration\/wp-json\/wp\/v2\/users\/10"}],"replies":[{"embeddable":true,"href":"https:\/\/law.prf.cuni.cz\/migration\/wp-json\/wp\/v2\/comments?post=12"}],"version-history":[{"count":28,"href":"https:\/\/law.prf.cuni.cz\/migration\/wp-json\/wp\/v2\/pages\/12\/revisions"}],"predecessor-version":[{"id":3620,"href":"https:\/\/law.prf.cuni.cz\/migration\/wp-json\/wp\/v2\/pages\/12\/revisions\/3620"}],"wp:attachment":[{"href":"https:\/\/law.prf.cuni.cz\/migration\/wp-json\/wp\/v2\/media?parent=12"}],"curies":[{"name":"wp","href":"https:\/\/api.w.org\/{rel}","templated":true}]}}