{"id":75,"date":"2021-05-18T10:02:56","date_gmt":"2021-05-18T08:02:56","guid":{"rendered":"http:\/\/localhost\/wordpress\/?page_id=465"},"modified":"2026-02-16T10:25:05","modified_gmt":"2026-02-16T09:25:05","slug":"kontakty","status":"publish","type":"page","link":"https:\/\/law.prf.cuni.cz\/juridikum\/kontakty\/","title":{"rendered":"Kontakty"},"content":{"rendered":"\n<section id=\"gm111b35a\" class=\"wp-block-gutentor-m3 section-gm111b35a gutentor-module gutentor-container-cover has-image-bg has-custom-bg has-gutentor-overlay\"><div class=\"grid-container\">\n<div id=\"section-g3a782e\" class=\"wp-block-gutentor-e1 section-g3a782e gutentor-element gutentor-element-advanced-text text-align-left-desktop text-align-left-tablet text-align-center-mobile\"><div class=\"gutentor-text-wrap\"><h2 class=\"gutentor-text\"><\/h2><\/div><\/div>\n<\/div><\/section>\n\n\n\n<section id=\"gme3f1663\" class=\"wp-block-gutentor-m3 alignwide section-gme3f1663 gutentor-module gutentor-container-cover\"><div class=\"grid-container\">\n<div id=\"section-g98173c\" class=\"wp-block-gutentor-e1 section-g98173c gutentor-element gutentor-element-advanced-text text-align-center-desktop text-align-center-tablet text-align-center-mobile\"><div class=\"gutentor-text-wrap\"><h1 class=\"gutentor-text\">Juridikum \u2013 vzd\u011bl\u00e1n\u00ed, kter\u00e9 m\u00e1 v\u00e1hu<\/h1><\/div><\/div>\n<\/div><\/section>\n\n\n\n<section id=\"gmd213a44\" class=\"wp-block-gutentor-m2 section-gmd213a44 gutentor-module gutentor-dynamic-columns gutentor-equal-column-height\"><div class=\"grid-container\"><div class=\"grid-row\">\n<div id=\"col-gm83c6be\" class=\"wp-block-gutentor-m2-col col-gm83c6be gutentor-module gutentor-dynamic-single-column grid-lg-3 grid-md-6 grid-12\"><div id=\"section-gm83c6be\" class=\"section-gm83c6be gutentor-single-col has-color-bg has-custom-bg\">\n<div id=\"section-ge7f185\" class=\"wp-block-gutentor-e6 section-ge7f185 gutentor-element gutentor-element-image gutentor-enabled-width text-align-right-desktop\"><div class=\"gutentor-element-image-box\"><div class=\"gutentor-image-thumb\"><img decoding=\"async\" class=\"normal-image\" src=\"https:\/\/law.prf.cuni.cz\/juridikum\/wp-content\/uploads\/sites\/4\/2026\/02\/J.png\" \/><\/div><\/div><\/div>\n\n\n\n<div id=\"section-gb7fd4e\" class=\"wp-block-gutentor-e1 section-gb7fd4e gutentor-element gutentor-element-advanced-text text-align-center-desktop text-align-center-tablet text-align-center-mobile\"><div class=\"gutentor-text-wrap\"><h4 class=\"gutentor-text\">Bc. Julie Miklovi\u010dov\u00e1, DiS.<\/h4><\/div><\/div>\n\n\n\n<div id=\"section-g9b9573\" class=\"wp-block-gutentor-e1 section-g9b9573 gutentor-element gutentor-element-advanced-text text-align-center-desktop text-align-center-tablet text-align-center-mobile\"><div class=\"gutentor-text-wrap\"><p class=\"gutentor-text\">Koordin\u00e1torka pro celo\u017eivotn\u00ed vzd\u011bl\u00e1v\u00e1n\u00ed<br><\/p><\/div><\/div>\n<\/div><\/div>\n\n\n\n<div id=\"col-gmbed29f\" class=\"wp-block-gutentor-m2-col col-gmbed29f gutentor-module gutentor-dynamic-single-column grid-lg-3 grid-md-6 grid-12\"><div id=\"section-gmbed29f\" class=\"section-gmbed29f gutentor-single-col has-color-bg has-custom-bg\">\n<div id=\"section-g087d56\" class=\"wp-block-gutentor-e6 section-g087d56 gutentor-element gutentor-element-image gutentor-enabled-width text-align-center-desktop text-align-center-tablet text-align-center-mobile\"><div class=\"gutentor-element-image-box\"><div class=\"gutentor-image-thumb\"><img decoding=\"async\" class=\"normal-image\" src=\"https:\/\/law.prf.cuni.cz\/juridikum\/wp-content\/uploads\/sites\/4\/2022\/11\/email.png\" \/><\/div><\/div><\/div>\n\n\n\n<div id=\"section-g5eb6c8\" class=\"wp-block-gutentor-e1 section-g5eb6c8 gutentor-element gutentor-element-advanced-text text-align-center-desktop text-align-center-tablet text-align-center-mobile\"><div class=\"gutentor-text-wrap\"><a class=\"gutentor-element-advanced-text-link\" href=\"#\"><h4 class=\"gutentor-text\">Email<\/h4><\/a><\/div><\/div>\n\n\n\n<div id=\"section-gf1991b\" class=\"wp-block-gutentor-e1 section-gf1991b gutentor-element gutentor-element-advanced-text text-align-center-desktop text-align-center-tablet text-align-center-mobile\"><div class=\"gutentor-text-wrap\"><a class=\"gutentor-element-advanced-text-link\" href=\"#\"><p class=\"gutentor-text\">juridikum@prf.cuni.cz<br><br><br><br><\/p><\/a><\/div><\/div>\n<\/div><\/div>\n\n\n\n<div id=\"col-gmae99ec\" class=\"wp-block-gutentor-m2-col col-gmae99ec gutentor-module gutentor-dynamic-single-column grid-lg-3 grid-md-6 grid-12\"><div id=\"section-gmae99ec\" class=\"section-gmae99ec gutentor-single-col has-color-bg has-custom-bg\">\n<div id=\"section-g6e9c35\" class=\"wp-block-gutentor-e6 section-g6e9c35 gutentor-element gutentor-element-image gutentor-enabled-width text-align-center-desktop text-align-center-tablet text-align-center-mobile\"><div class=\"gutentor-element-image-box\"><div class=\"gutentor-image-thumb\"><img decoding=\"async\" class=\"normal-image\" src=\"https:\/\/law.prf.cuni.cz\/juridikum\/wp-content\/uploads\/sites\/4\/2022\/11\/adresa.png\" \/><\/div><\/div><\/div>\n\n\n\n<div id=\"section-gba111e\" class=\"wp-block-gutentor-e1 section-gba111e gutentor-element gutentor-element-advanced-text text-align-center-desktop text-align-center-tablet text-align-center-mobile\"><div class=\"gutentor-text-wrap\"><a class=\"gutentor-element-advanced-text-link\" href=\"#\"><h4 class=\"gutentor-text\">Adresa<\/h4><\/a><\/div><\/div>\n\n\n\n<div id=\"section-g3a014f\" class=\"wp-block-gutentor-e1 section-g3a014f gutentor-element gutentor-element-advanced-text text-align-center-desktop text-align-center-tablet text-align-center-mobile\"><div class=\"gutentor-text-wrap\"><p class=\"gutentor-text\">&nbsp;Univerzita Karlova, Pr\u00e1vnick\u00e1 fakulta<br>n\u00e1m. Curieov\u00fdch 901\/7<br>116 40 Praha 1<\/p><\/div><\/div>\n<\/div><\/div>\n\n\n\n<div id=\"col-gm920dcc\" class=\"wp-block-gutentor-m2-col col-gm920dcc gutentor-module gutentor-dynamic-single-column grid-lg-3 grid-md-6 grid-12\"><div id=\"section-gm920dcc\" class=\"section-gm920dcc gutentor-single-col has-color-bg has-custom-bg\">\n<div id=\"section-ge7b7b0\" class=\"wp-block-gutentor-e6 section-ge7b7b0 gutentor-element gutentor-element-image gutentor-enabled-width text-align-center-desktop text-align-center-tablet text-align-center-mobile\"><div class=\"gutentor-element-image-box\"><div class=\"gutentor-image-thumb\"><img decoding=\"async\" class=\"normal-image\" src=\"https:\/\/law.prf.cuni.cz\/juridikum\/wp-content\/uploads\/sites\/4\/2022\/11\/tel.png\" \/><\/div><\/div><\/div>\n\n\n\n<div id=\"section-g961c4e\" class=\"wp-block-gutentor-e1 section-g961c4e gutentor-element gutentor-element-advanced-text text-align-center-desktop text-align-center-tablet text-align-center-mobile\"><div class=\"gutentor-text-wrap\"><a class=\"gutentor-element-advanced-text-link\" href=\"#\"><h4 class=\"gutentor-text\">Telefon<\/h4><\/a><\/div><\/div>\n\n\n\n<div id=\"section-gfe397a\" class=\"wp-block-gutentor-e1 section-gfe397a gutentor-element gutentor-element-advanced-text text-align-center-desktop text-align-center-tablet text-align-center-mobile\"><div class=\"gutentor-text-wrap\"><p class=\"gutentor-text\">(+420) 221 005 504<br><br><br><br><\/p><\/div><\/div>\n<\/div><\/div>\n<\/div><\/div><\/section>\n\n\n\n<section id=\"gmf155d1d\" class=\"wp-block-gutentor-m3 alignwide section-gmf155d1d gutentor-module gutentor-container-cover\"><div class=\"grid-container\">\n<div id=\"section-gcdce56\" class=\"wp-block-gutentor-e1 section-gcdce56 gutentor-element gutentor-element-advanced-text text-align-center-desktop text-align-center-tablet text-align-center-mobile\"><div class=\"gutentor-text-wrap\"><h1 class=\"gutentor-text\">Program LL.M. (v \u010de\u0161tin\u011b)<\/h1><\/div><\/div>\n<\/div><\/section>\n\n\n\n<section id=\"gm1a2a6ed\" class=\"wp-block-gutentor-m2 section-gm1a2a6ed gutentor-module gutentor-dynamic-columns gutentor-equal-column-height\"><div class=\"grid-container\"><div class=\"grid-row\">\n<div id=\"col-gmb07c62\" class=\"wp-block-gutentor-m2-col col-gmb07c62 gutentor-module gutentor-dynamic-single-column grid-lg-3 grid-md-6 grid-12\"><div id=\"section-gmb07c62\" class=\"section-gmb07c62 gutentor-single-col has-color-bg has-custom-bg\">\n<div id=\"section-g25d254\" class=\"wp-block-gutentor-e6 section-g25d254 gutentor-element gutentor-element-image gutentor-enabled-width text-align-right-desktop\"><div class=\"gutentor-element-image-box\"><div class=\"gutentor-image-thumb\"><img decoding=\"async\" class=\"normal-image\" src=\"https:\/\/law.prf.cuni.cz\/juridikum\/wp-content\/uploads\/sites\/4\/2026\/02\/JV.png\" \/><\/div><\/div><\/div>\n\n\n\n<div id=\"section-gbb5dda\" class=\"wp-block-gutentor-e1 section-gbb5dda gutentor-element gutentor-element-advanced-text text-align-center-desktop text-align-center-tablet text-align-center-mobile\"><div class=\"gutentor-text-wrap\"><h4 class=\"gutentor-text\">Mgr. Jitka Rendlov\u00e1<\/h4><\/div><\/div>\n\n\n\n<div id=\"section-gf9e6dd\" class=\"wp-block-gutentor-e1 section-gf9e6dd gutentor-element gutentor-element-advanced-text text-align-center-desktop text-align-center-tablet text-align-center-mobile\"><div class=\"gutentor-text-wrap\"><p class=\"gutentor-text\"><strong>Programy LL.M.<\/strong><br><\/p><\/div><\/div>\n<\/div><\/div>\n\n\n\n<div id=\"col-gmdaddc9\" class=\"wp-block-gutentor-m2-col col-gmdaddc9 gutentor-module gutentor-dynamic-single-column grid-lg-3 grid-md-6 grid-12\"><div id=\"section-gmdaddc9\" class=\"section-gmdaddc9 gutentor-single-col has-color-bg has-custom-bg\">\n<div id=\"section-gdf0404\" class=\"wp-block-gutentor-e6 section-gdf0404 gutentor-element gutentor-element-image gutentor-enabled-width text-align-center-desktop text-align-center-tablet text-align-center-mobile\"><div class=\"gutentor-element-image-box\"><div class=\"gutentor-image-thumb\"><img decoding=\"async\" class=\"normal-image\" src=\"https:\/\/law.prf.cuni.cz\/juridikum\/wp-content\/uploads\/sites\/4\/2022\/11\/email.png\" \/><\/div><\/div><\/div>\n\n\n\n<div id=\"section-gf98ec4\" class=\"wp-block-gutentor-e1 section-gf98ec4 gutentor-element gutentor-element-advanced-text text-align-center-desktop text-align-center-tablet text-align-center-mobile\"><div class=\"gutentor-text-wrap\"><a class=\"gutentor-element-advanced-text-link\" href=\"#\"><h4 class=\"gutentor-text\">Email<\/h4><\/a><\/div><\/div>\n\n\n\n<div id=\"section-ge19aa5\" class=\"wp-block-gutentor-e1 section-ge19aa5 gutentor-element gutentor-element-advanced-text text-align-center-desktop text-align-center-tablet text-align-center-mobile\"><div class=\"gutentor-text-wrap\"><a class=\"gutentor-element-advanced-text-link\" href=\"#\"><p class=\"gutentor-text\">llmcz@prf.cuni.cz<br><br><br><br><\/p><\/a><\/div><\/div>\n<\/div><\/div>\n\n\n\n<div id=\"col-gm76be99\" class=\"wp-block-gutentor-m2-col col-gm76be99 gutentor-module gutentor-dynamic-single-column grid-lg-3 grid-md-6 grid-12\"><div id=\"section-gm76be99\" class=\"section-gm76be99 gutentor-single-col has-color-bg has-custom-bg\">\n<div id=\"section-g2dd427\" class=\"wp-block-gutentor-e6 section-g2dd427 gutentor-element gutentor-element-image gutentor-enabled-width text-align-center-desktop text-align-center-tablet text-align-center-mobile\"><div class=\"gutentor-element-image-box\"><div class=\"gutentor-image-thumb\"><img decoding=\"async\" class=\"normal-image\" src=\"https:\/\/law.prf.cuni.cz\/juridikum\/wp-content\/uploads\/sites\/4\/2022\/11\/adresa.png\" \/><\/div><\/div><\/div>\n\n\n\n<div id=\"section-ge550eb\" class=\"wp-block-gutentor-e1 section-ge550eb gutentor-element gutentor-element-advanced-text text-align-center-desktop text-align-center-tablet text-align-center-mobile\"><div class=\"gutentor-text-wrap\"><a class=\"gutentor-element-advanced-text-link\" href=\"#\"><h4 class=\"gutentor-text\">Adresa<\/h4><\/a><\/div><\/div>\n\n\n\n<div id=\"section-g53270e\" class=\"wp-block-gutentor-e1 section-g53270e gutentor-element gutentor-element-advanced-text text-align-center-desktop text-align-center-tablet text-align-center-mobile\"><div class=\"gutentor-text-wrap\"><p class=\"gutentor-text\">&nbsp;Univerzita Karlova, Pr\u00e1vnick\u00e1 fakulta<br>n\u00e1m. Curieov\u00fdch 901\/7<br>116 40 Praha 1<\/p><\/div><\/div>\n<\/div><\/div>\n\n\n\n<div id=\"col-gm98730f\" class=\"wp-block-gutentor-m2-col col-gm98730f gutentor-module gutentor-dynamic-single-column grid-lg-3 grid-md-6 grid-12\"><div id=\"section-gm98730f\" class=\"section-gm98730f gutentor-single-col has-color-bg has-custom-bg\">\n<div id=\"section-g7bfe4d\" class=\"wp-block-gutentor-e6 section-g7bfe4d gutentor-element gutentor-element-image gutentor-enabled-width text-align-center-desktop text-align-center-tablet text-align-center-mobile\"><div class=\"gutentor-element-image-box\"><div class=\"gutentor-image-thumb\"><img decoding=\"async\" class=\"normal-image\" src=\"https:\/\/law.prf.cuni.cz\/juridikum\/wp-content\/uploads\/sites\/4\/2022\/11\/tel.png\" \/><\/div><\/div><\/div>\n\n\n\n<div id=\"section-g5c1083\" class=\"wp-block-gutentor-e1 section-g5c1083 gutentor-element gutentor-element-advanced-text text-align-center-desktop text-align-center-tablet text-align-center-mobile\"><div class=\"gutentor-text-wrap\"><a class=\"gutentor-element-advanced-text-link\" href=\"#\"><h4 class=\"gutentor-text\">Telefon<\/h4><\/a><\/div><\/div>\n\n\n\n<div id=\"section-g9981af\" class=\"wp-block-gutentor-e1 section-g9981af gutentor-element gutentor-element-advanced-text text-align-center-desktop text-align-center-tablet text-align-center-mobile\"><div class=\"gutentor-text-wrap\"><p class=\"gutentor-text\">(+420) 221 005 511<br><br><br><br><\/p><\/div><\/div>\n<\/div><\/div>\n<\/div><\/div><\/section>\n\n\n\n<section id=\"gm1bab494\" class=\"wp-block-gutentor-m4 alignfull section-gm1bab494 gutentor-module gutentor-advanced-columns gutentor-equal-column-height\"><div class=\"grid-container\"><div class=\"grid-row\">\n<div id=\"col-gmec1266\" class=\"wp-block-gutentor-m4-col col-gmec1266 gutentor-single-column  grid-lg-12 grid-md-12 grid-12 gutentor-rm-col-space\"><div id=\"section-gmec1266\" class=\"section-gmec1266 gutentor-col-wrap\"><\/div><\/div>\n<\/div><\/div><\/section>\n","protected":false},"excerpt":{"rendered":"","protected":false},"author":2,"featured_media":0,"parent":0,"menu_order":0,"comment_status":"closed","ping_status":"closed","template":"template-gutentor-full-width.php","meta":{"_monsterinsights_skip_tracking":false,"_monsterinsights_sitenote_active":false,"_monsterinsights_sitenote_note":"","_monsterinsights_sitenote_category":0,"_kadence_starter_templates_imported_post":false,"footnotes":""},"class_list":["post-75","page","type-page","status-publish","hentry"],"aioseo_notices":[],"_links":{"self":[{"href":"https:\/\/law.prf.cuni.cz\/juridikum\/wp-json\/wp\/v2\/pages\/75","targetHints":{"allow":["GET"]}}],"collection":[{"href":"https:\/\/law.prf.cuni.cz\/juridikum\/wp-json\/wp\/v2\/pages"}],"about":[{"href":"https:\/\/law.prf.cuni.cz\/juridikum\/wp-json\/wp\/v2\/types\/page"}],"author":[{"embeddable":true,"href":"https:\/\/law.prf.cuni.cz\/juridikum\/wp-json\/wp\/v2\/users\/2"}],"replies":[{"embeddable":true,"href":"https:\/\/law.prf.cuni.cz\/juridikum\/wp-json\/wp\/v2\/comments?post=75"}],"version-history":[{"count":32,"href":"https:\/\/law.prf.cuni.cz\/juridikum\/wp-json\/wp\/v2\/pages\/75\/revisions"}],"predecessor-version":[{"id":4165,"href":"https:\/\/law.prf.cuni.cz\/juridikum\/wp-json\/wp\/v2\/pages\/75\/revisions\/4165"}],"wp:attachment":[{"href":"https:\/\/law.prf.cuni.cz\/juridikum\/wp-json\/wp\/v2\/media?parent=75"}],"curies":[{"name":"wp","href":"https:\/\/api.w.org\/{rel}","templated":true}]}}