{"id":67,"date":"2021-05-18T10:02:56","date_gmt":"2021-05-18T08:02:56","guid":{"rendered":"http:\/\/localhost\/wordpress\/?page_id=459"},"modified":"2025-06-18T12:51:26","modified_gmt":"2025-06-18T10:51:26","slug":"o-juridiku","status":"publish","type":"page","link":"https:\/\/law.prf.cuni.cz\/juridikum\/o-juridiku\/","title":{"rendered":"Kurzy pro ve\u0159ejnost &#8211; Juridikum"},"content":{"rendered":"\n<section id=\"gmd7faf40\" class=\"wp-block-gutentor-m3 section-gmd7faf40 gutentor-module gutentor-container-cover has-image-bg has-custom-bg has-gutentor-overlay\"><div class=\"grid-container\">\n<div id=\"section-gc8ff71\" class=\"wp-block-gutentor-e1 section-gc8ff71 gutentor-element gutentor-element-advanced-text text-align-left-desktop text-align-left-tablet text-align-center-mobile\"><div class=\"gutentor-text-wrap\"><h2 class=\"gutentor-text\"><\/h2><\/div><\/div>\n<\/div><\/section>\n\n\n\n<section id=\"gm68803a0\" class=\"wp-block-gutentor-m4 section-gm68803a0 gutentor-module gutentor-advanced-columns\"><div class=\"grid-container\"><div class=\"grid-row\">\n<div id=\"col-gm8a8c54\" class=\"wp-block-gutentor-m4-col col-gm8a8c54 gutentor-single-column  grid-lg-12 grid-md-12 grid-12\"><div id=\"section-gm8a8c54\" class=\"section-gm8a8c54 gutentor-col-wrap\">\n<div id=\"section-g5747dd\" class=\"wp-block-gutentor-e1 section-g5747dd gutentor-element gutentor-element-advanced-text text-align-left-desktop text-align-left-tablet text-align-left-mobile\"><div class=\"gutentor-text-wrap\"><h1 class=\"gutentor-text\">O Juridiku<\/h1><\/div><\/div>\n\n\n\n<div id=\"section-g542933\" class=\"wp-block-gutentor-e1 section-g542933 gutentor-element gutentor-element-advanced-text text-align-left-desktop text-align-left-tablet text-align-left-mobile\"><div class=\"gutentor-text-wrap\"><h2 class=\"gutentor-text\">Kurzy pro ve\u0159ejnost<\/h2><\/div><\/div>\n\n\n\n<div id=\"section-ga5225c\" class=\"wp-block-gutentor-e1 section-ga5225c gutentor-element gutentor-element-advanced-text\"><div class=\"gutentor-text-wrap\"><p class=\"gutentor-text\"><strong>Kurzy a semin\u00e1\u0159e pro odbornou i laickou ve\u0159ejnost zam\u011b\u0159en\u00e9 na aktu\u00e1ln\u00ed pr\u00e1vn\u00ed problematiku a zm\u011bny v pr\u00e1vn\u00edm \u0159\u00e1du.<\/strong> P\u0159ipravujeme jednor\u00e1zov\u00e9, kr\u00e1tkodob\u00e9 i dlouhodob\u00e9 kurzy v\u00a0prezen\u010dn\u00ed i online form\u011b, v\u010detn\u011b kurz\u016f na kl\u00ed\u010d podle specifick\u00fdch pot\u0159eb organizac\u00ed.<br><br><strong>Pro\u010d kurzy JURIDIKUM<\/strong><br> \u2022 vysok\u00e1 \u00farove\u0148 garantovan\u00e1 kvalifikovan\u00fdmi odborn\u00edky z \u0159ad u\u010ditel\u016f Pr\u00e1vnick\u00e9 fakulty UK a p\u0159edn\u00edmi odborn\u00edky z pr\u00e1vn\u00ed praxe<br> \u2022 nejnov\u011bj\u0161\u00ed poznatky pr\u00e1vn\u00ed v\u011bdy, roz\u0161\u00ed\u0159en\u00ed a prohlouben\u00ed znalost\u00ed v jednotliv\u00fdch pr\u00e1vn\u00edch odv\u011btv\u00edch \u010di v konkr\u00e9tn\u00ed oblasti<br> \u2022 prohlouben\u00ed kvalifikace a odborn\u00e9 specializace v r\u016fzn\u00fdch povol\u00e1n\u00edch i ka\u017edodenn\u00edm \u017eivot\u011b<br> \u2022 osvojen\u00ed praktick\u00fdch dovednost\u00ed a uplatn\u011bn\u00ed nabyt\u00fdch v\u011bdomost\u00ed v praxi<br> \u2022 osv\u011bd\u010den\u00ed nebo potvrzen\u00ed o absolvov\u00e1n\u00ed kurzu<br><br><strong>Komu jsou kurzy ur\u010deny<\/strong><br> \u2022 \u00fa\u0159edn\u00edk\u016fm st\u00e1tn\u00ed spr\u00e1vy a \u00fazemn\u00edch samospr\u00e1vn\u00fdch celk\u016f<br> \u2022 advok\u00e1t\u016fm, soudc\u016fm, st\u00e1tn\u00edm z\u00e1stupc\u016fm, policejn\u00edm slo\u017ek\u00e1m<br> \u2022 da\u0148ov\u00fdm poradc\u016fm, soudn\u00edm tlumo\u010dn\u00edk\u016fm, exekutor\u016fm<br> \u2022 zam\u011bstnanc\u016fm soukrom\u00fdch firem, m\u00e9di\u00ed, neziskov\u00fdch organizac\u00ed<br> \u2022 z\u00e1jemc\u016fm z \u0159ad odborn\u00e9 i laick\u00e9 ve\u0159ejnosti<br><br>Nev\u00e1hejte se na n\u00e1s obr\u00e1tit s dotazy \u010di popt\u00e1vkou kurzu dle va\u0161ich pot\u0159eb.<br>T\u011b\u0161\u00edme se na spole\u010dnou cestu za vzd\u011bl\u00e1n\u00edm<br><br><\/p><\/div><\/div>\n<\/div><\/div>\n<\/div><\/div><\/section>\n\n\n\n<section id=\"gm7deec17\" class=\"wp-block-gutentor-m4 alignfull section-gm7deec17 gutentor-module gutentor-advanced-columns gutentor-equal-column-height\"><div class=\"grid-container\"><div class=\"grid-row\">\n<div id=\"col-gmad6a92\" class=\"wp-block-gutentor-m4-col col-gmad6a92 gutentor-single-column  grid-lg-12 grid-md-12 grid-12 gutentor-rm-col-space\"><div id=\"section-gmad6a92\" class=\"section-gmad6a92 gutentor-col-wrap has-image-bg has-custom-bg has-gutentor-overlay\">\n<div id=\"section-gc66069\" class=\"wp-block-gutentor-e1 section-gc66069 gutentor-element gutentor-element-advanced-text text-align-center-desktop text-align-center-tablet text-align-center-mobile\"><div class=\"gutentor-text-wrap\"><p class=\"gutentor-text\">M\u00e1te z\u00e1jem o jin\u00fd kurz?<br>Kontaktuje n\u00e1s a p\u0159iprav\u00edme pro v\u00e1s kurz na kl\u00ed\u010d<\/p><\/div><\/div>\n\n\n\n<div id=\"section-g2145f6\" class=\"wp-block-gutentor-e2 section-g2145f6 gutentor-element gutentor-element-button button-align-center-desktop button-align-center-tablet button-align-center-mobile\"><span class=\"gutentor-button-wrap\"><a class=\"gutentor-button gutentor-block-button gutentor-icon-hide\" href=\"https:\/\/law.prf.cuni.cz\/juridikum\/kontakty\/\"><i class=\"gutentor-button-icon fas fa-book\"><\/i><span><strong>Kontakty<\/strong><\/span><\/a><\/span><\/div>\n\n\n\n<p><\/p>\n<\/div><\/div>\n<\/div><\/div><\/section>\n","protected":false},"excerpt":{"rendered":"","protected":false},"author":2,"featured_media":0,"parent":0,"menu_order":0,"comment_status":"closed","ping_status":"closed","template":"template-gutentor-full-width.php","meta":{"_monsterinsights_skip_tracking":false,"_monsterinsights_sitenote_active":false,"_monsterinsights_sitenote_note":"","_monsterinsights_sitenote_category":0,"_kadence_starter_templates_imported_post":false,"footnotes":""},"class_list":["post-67","page","type-page","status-publish","hentry"],"aioseo_notices":[],"_links":{"self":[{"href":"https:\/\/law.prf.cuni.cz\/juridikum\/wp-json\/wp\/v2\/pages\/67","targetHints":{"allow":["GET"]}}],"collection":[{"href":"https:\/\/law.prf.cuni.cz\/juridikum\/wp-json\/wp\/v2\/pages"}],"about":[{"href":"https:\/\/law.prf.cuni.cz\/juridikum\/wp-json\/wp\/v2\/types\/page"}],"author":[{"embeddable":true,"href":"https:\/\/law.prf.cuni.cz\/juridikum\/wp-json\/wp\/v2\/users\/2"}],"replies":[{"embeddable":true,"href":"https:\/\/law.prf.cuni.cz\/juridikum\/wp-json\/wp\/v2\/comments?post=67"}],"version-history":[{"count":13,"href":"https:\/\/law.prf.cuni.cz\/juridikum\/wp-json\/wp\/v2\/pages\/67\/revisions"}],"predecessor-version":[{"id":3912,"href":"https:\/\/law.prf.cuni.cz\/juridikum\/wp-json\/wp\/v2\/pages\/67\/revisions\/3912"}],"wp:attachment":[{"href":"https:\/\/law.prf.cuni.cz\/juridikum\/wp-json\/wp\/v2\/media?parent=67"}],"curies":[{"name":"wp","href":"https:\/\/api.w.org\/{rel}","templated":true}]}}