{"id":59,"date":"2021-05-20T08:02:25","date_gmt":"2021-05-20T06:02:25","guid":{"rendered":"http:\/\/localhost\/wordpress\/?page_id=720"},"modified":"2022-05-19T11:39:46","modified_gmt":"2022-05-19T09:39:46","slug":"kurz-csr","status":"publish","type":"page","link":"https:\/\/law.prf.cuni.cz\/juridikum\/kurz-csr\/","title":{"rendered":"Spole\u010densk\u00e1 odpov\u011bdnost podniku (CSR)"},"content":{"rendered":"\n<section id=\"gma2d500b\" class=\"wp-block-gutentor-m3 section-gma2d500b gutentor-module gutentor-container-cover has-image-bg has-custom-bg\"><div class=\"grid-container\">\n<div id=\"section-gcb31c8\" class=\"wp-block-gutentor-e1 section-gcb31c8 gutentor-element gutentor-element-advanced-text text-align-left-desktop text-align-left-tablet text-align-center-mobile\"><div class=\"gutentor-text-wrap\"><h2 class=\"gutentor-text\">Spole\u010densk\u00e1 odpov\u011bdnost podniku (CSR)<\/h2><\/div><\/div>\n<\/div><\/section>\n\n\n\n<section id=\"gm187aa9f\" class=\"wp-block-gutentor-m4 section-gm187aa9f gutentor-module gutentor-advanced-columns\"><div class=\"grid-container\"><div class=\"grid-row\">\n<div id=\"col-gmaec680\" class=\"wp-block-gutentor-m4-col col-gmaec680 gutentor-single-column  grid-lg-8 grid-md-12 grid-12\"><div id=\"section-gmaec680\" class=\"section-gmaec680 gutentor-col-wrap\">\n<section id=\"section-23dcf6eb-6629-456c-a722-c84644787ee6\" class=\"wp-block-gutentor-image-slider gutentor-section gutentor-image-slider imageSlider-template1\"><div class=\"gutentor-grid-item-wrap\"><div class=\"gutentor-slider-wrapper\" data-dots=\"false\" data-arrows=\"false\" data-infinite=\"false\" data-nextarrow=\"fas fa-angle-right\" data-prevarrow=\"fas fa-angle-left\" data-autoplay=\"false\" data-autoplayspeed=\"5000\" data-fade=\"false\" data-speed=\"3000\"><div class=\"gutentor-slider-item\"><div class=\"gutentor-single-item gutentor-single-item-0\"><div class=\"gutentor-single-item-wrap\"><div class=\"gutentor-single-item-image-box\"><div class=\"gutentor-bg-image\"><\/div><\/div><\/div><\/div><\/div><div class=\"gutentor-slider-item\"><div class=\"gutentor-single-item gutentor-single-item-1\"><div class=\"gutentor-single-item-wrap\"><div class=\"gutentor-single-item-image-box\"><div class=\"gutentor-bg-image\"><\/div><\/div><\/div><\/div><\/div><div class=\"gutentor-slider-item\"><div class=\"gutentor-single-item gutentor-single-item-2\"><div class=\"gutentor-single-item-wrap\"><div class=\"gutentor-single-item-image-box\"><div class=\"gutentor-bg-image\"><\/div><\/div><\/div><\/div><\/div><\/div><\/div><\/section>\n\n\n\n<section id=\"1c0566\" class=\"section-1c0566 gutentor-module gutentor-module-tabs gutentor-tabs-layout-horizontal gutentor-tabs-pos-top\"><div class=\"grid-container\"><div class=\"gutentor-module-tabs-wrap gutentor-tabs-style-outline\" data-id=\"1c0566\"><div class=\"gutentor-module-tabs-nav text-align-left-desktop\"><span class=\"gutentor-module-tabs-item gm-tt-1c0566 gutentor-tabs-nav-active\"><span class=\"gutentor-module-tabs-title\">P\u0159ehled<\/span><\/span><span class=\"gutentor-module-tabs-item gm-tt-1c0566\"><span class=\"gutentor-module-tabs-title\">Anotace<\/span><\/span><span class=\"gutentor-module-tabs-item gm-tt-1c0566\"><span class=\"gutentor-module-tabs-title\">Lektor<\/span><\/span><\/div><div class=\"gutentor-module-tabs-body\">\n<div class=\"wp-block-gutentor-m7-tab gutentor-module-tabs-content gm-tc-1c0566 gutentor-tabs-content-active\">\n<div id=\"section-ged543b\" class=\"wp-block-gutentor-e1 section-ged543b gutentor-element gutentor-element-advanced-text text-align-left-desktop text-align-left-tablet text-align-left-mobile\"><div class=\"gutentor-text-wrap\"><a class=\"gutentor-element-advanced-text-link\" href=\"#\"><h4 class=\"gutentor-text\">Spole\u010densk\u00e1 odpov\u011bdnost podniku (CSR)<\/h4><\/a><\/div><\/div>\n\n\n\n<div id=\"section-gac10bd\" class=\"wp-block-gutentor-e1 section-gac10bd gutentor-element gutentor-element-advanced-text text-align-left-desktop text-align-left-tablet text-align-left-mobile\"><div class=\"gutentor-text-wrap\"><p class=\"gutentor-text\">V tomto kurzu se zam\u011b\u0159\u00edme na v\u00fdznam, strukturu a rozsah spole\u010densk\u00e9 odpov\u011bdnosti podniku, ale tak\u00e9 na vztah mezi etikou a odpov\u011bdnost\u00ed, d\u00e1le na vazby mezi etickou odpov\u011bdnost\u00ed a odpov\u011bdnost\u00ed za skl\u00e1d\u00e1n\u00ed \u00fa\u010dt\u016f. Pozornost bude v\u011bnov\u00e1na tak\u00e9 vztah\u016fm spole\u010densk\u00e9 odpov\u011bdnosti podniku a kulturn\u011b-etick\u00fdch aspekt\u016f corporate governance a teorie z\u00e1jmov\u00fdch skupin.<\/p><\/div><\/div>\n\n\n\n<div id=\"section-g9d08b5\" class=\"wp-block-gutentor-e1 section-g9d08b5 gutentor-element gutentor-element-advanced-text text-align-left-desktop text-align-left-tablet text-align-left-mobile\"><div class=\"gutentor-text-wrap\"><a class=\"gutentor-element-advanced-text-link\" href=\"#\"><h4 class=\"gutentor-text\"><\/h4><\/a><\/div><\/div>\n<\/div>\n\n\n\n<div class=\"wp-block-gutentor-m7-tab gutentor-module-tabs-content gm-tc-1c0566\">\n<div id=\"section-g27989f\" class=\"wp-block-gutentor-e1 section-g27989f gutentor-element gutentor-element-advanced-text text-align-left-desktop text-align-left-tablet text-align-left-mobile\"><div class=\"gutentor-text-wrap\"><a class=\"gutentor-element-advanced-text-link\" href=\"#\"><h4 class=\"gutentor-text\">Obsah<\/h4><\/a><\/div><\/div>\n\n\n\n<div id=\"section-ga05df5\" class=\"wp-block-gutentor-e1 section-ga05df5 gutentor-element gutentor-element-advanced-text text-align-left-desktop text-align-left-tablet text-align-left-mobile\"><div class=\"gutentor-text-wrap\"><p class=\"gutentor-text\">Etika a odpov\u011bdnost v podnik\u00e1n\u00ed a podniku<br>Z\u00e1klady etick\u00e9 odpov\u011bdnosti organizace (podniku, \u00fa\u0159adu apod.)<br>Vztah etick\u00e9 odpov\u011bdnosti a odpov\u011bdnosti za skl\u00e1d\u00e1n\u00ed \u00fa\u010dt\u016f<br>V\u00fdznam, struktura a rozsah spole\u010densk\u00e9 odpov\u011bdnosti<br>Kr\u00e1tkodob\u00e1, st\u0159edn\u011bdob\u00e1 a dlouhodob\u00e1 spole\u010densk\u00e1 odpov\u011bdnost<br>Vztah spole\u010densk\u00e9 odpov\u011bdnosti podniku ke kulturn\u011b-etick\u00fdm aspekt\u016fm corporate governance a k teorii z\u00e1jmov\u00fdch skupin<\/p><\/div><\/div>\n\n\n\n<div id=\"section-g84e3d6\" class=\"wp-block-gutentor-e1 section-g84e3d6 gutentor-element gutentor-element-advanced-text text-align-left-desktop text-align-left-tablet text-align-left-mobile\"><div class=\"gutentor-text-wrap\"><a class=\"gutentor-element-advanced-text-link\" href=\"#\"><h4 class=\"gutentor-text\">Garant a m\u00edsto<\/h4><\/a><\/div><\/div>\n\n\n\n<div id=\"section-gcd51cc\" class=\"wp-block-gutentor-e1 section-gcd51cc gutentor-element gutentor-element-advanced-text text-align-left-desktop text-align-left-tablet text-align-left-mobile\"><div class=\"gutentor-text-wrap\"><p class=\"gutentor-text\"><strong>Garant programu:<\/strong> PhDr. Mgr. Pavel Sekni\u010dka, Ph.D.<br><strong>Pracovi\u0161t\u011b garantuj\u00edc\u00ed program:<\/strong> Katedra n\u00e1rodn\u00edho hospod\u00e1\u0159stv\u00ed<br><strong>Pracovi\u0161t\u011b zaji\u0161\u0165uj\u00edc\u00ed uskute\u010dn\u011bn\u00ed<\/strong>: Katedra n\u00e1rodn\u00edho hospod\u00e1\u0159stv\u00ed<br><strong>M\u00edsto kon\u00e1n\u00ed:<\/strong> online &#8211; platforma MS Teams.<\/p><\/div><\/div>\n\n\n\n<div id=\"section-gee9880\" class=\"wp-block-gutentor-e1 section-gee9880 gutentor-element gutentor-element-advanced-text text-align-left-desktop text-align-left-tablet text-align-left-mobile\"><div class=\"gutentor-text-wrap\"><a class=\"gutentor-element-advanced-text-link\" href=\"#\"><h4 class=\"gutentor-text\">Term\u00edn a d\u00e9lka<\/h4><\/a><\/div><\/div>\n\n\n\n<div id=\"section-g36d20b\" class=\"wp-block-gutentor-e1 section-g36d20b gutentor-element gutentor-element-advanced-text text-align-left-desktop text-align-left-tablet text-align-left-mobile\"><div class=\"gutentor-text-wrap\"><p class=\"gutentor-text\"><strong>Otev\u00edr\u00e1n v akad. roce: <\/strong>2021\/2022<br><strong>Zah\u00e1jen\u00ed: <\/strong>letn\u00ed semestr<br><strong>D\u00e9lka programu (v semestrech\/kr\u00e1tkodob\u00fd): <\/strong>Kr\u00e1tkodob\u00e9<br><strong>Rozsah: <\/strong>4 hodiny<br><strong>Datum uskute\u010dn\u011bn\u00ed: <\/strong>27.5.2022<\/p><\/div><\/div>\n\n\n\n<div id=\"section-gdd795e\" class=\"wp-block-gutentor-e1 section-gdd795e gutentor-element gutentor-element-advanced-text text-align-left-desktop text-align-left-tablet text-align-left-mobile\"><div class=\"gutentor-text-wrap\"><a class=\"gutentor-element-advanced-text-link\" href=\"#\"><h4 class=\"gutentor-text\">Poplatky a financov\u00e1n\u00ed<\/h4><\/a><\/div><\/div>\n\n\n\n<div id=\"section-gff0dfc\" class=\"wp-block-gutentor-e1 section-gff0dfc gutentor-element gutentor-element-advanced-text text-align-left-desktop text-align-left-tablet text-align-left-mobile\"><div class=\"gutentor-text-wrap\"><p class=\"gutentor-text\"><strong>V\u00fd\u0161e \u00faplaty:<\/strong> 1890 K\u010d \/ kurz<br><strong>Sazba DPH:<\/strong> osvobozeno<\/p><\/div><\/div>\n\n\n\n<div id=\"section-g39a0f5\" class=\"wp-block-gutentor-e1 section-g39a0f5 gutentor-element gutentor-element-advanced-text text-align-left-desktop text-align-left-tablet text-align-left-mobile\"><div class=\"gutentor-text-wrap\"><a class=\"gutentor-element-advanced-text-link\" href=\"#\"><h4 class=\"gutentor-text\">P\u0159ihl\u00e1\u0161ka<\/h4><\/a><\/div><\/div>\n\n\n\n<div id=\"section-g36f4ce\" class=\"wp-block-gutentor-e1 section-g36f4ce gutentor-element gutentor-element-advanced-text text-align-left-desktop text-align-left-tablet text-align-left-mobile\"><div class=\"gutentor-text-wrap\"><p class=\"gutentor-text\"><strong>Adresa pro doru\u010den\u00ed p\u0159ihl\u00e1\u0161ky: <\/strong>Pr\u00e1vnick\u00e1 fakulta , n\u00e1m. Curieov\u00fdch 7, Praha 1<br><strong>Pracovi\u0161t\u011b, kam doru\u010dit p\u0159ihl\u00e1\u0161ku: <\/strong>Odd\u011blen\u00ed komunikace a vn\u011bj\u0161\u00edch vztah\u016f \u2013 Juridikum<br><strong>Kontaktn\u00ed osoba: <\/strong>Bc. Hana Va\u0159ekov\u00e1<br><strong>E-mail:<\/strong> juridikum@prf.cuni.cz<br><strong>Telefon:<\/strong> 221 005 504<br><strong>Term\u00edn pod\u00e1n\u00ed p\u0159ihl\u00e1\u0161ky: <\/strong>14.12.2021 &#8211; 23.05.2022<\/p><\/div><\/div>\n\n\n\n<p><\/p>\n<\/div>\n\n\n\n<div class=\"wp-block-gutentor-m7-tab gutentor-module-tabs-content gm-tc-1c0566\">\n<section id=\"gm961978e\" class=\"wp-block-gutentor-m2 section-gm961978e gutentor-module gutentor-dynamic-columns\"><div class=\"grid-container gutentor-rm-ct-space\"><div class=\"grid-row\">\n<div id=\"col-gmb91a8c\" class=\"wp-block-gutentor-m2-col col-gmb91a8c gutentor-module gutentor-dynamic-single-column grid-lg-12 grid-md-12 grid-12\"><div id=\"section-gmb91a8c\" class=\"section-gmb91a8c gutentor-single-col has-color-bg has-custom-bg\">\n<section id=\"gma74033a\" class=\"wp-block-gutentor-m4 section-gma74033a gutentor-module gutentor-advanced-columns\"><div class=\"grid-container gutentor-rm-ct-space\"><div class=\"grid-row\">\n<div id=\"col-gm8ea478\" class=\"wp-block-gutentor-m4-col col-gm8ea478 gutentor-single-column  grid-lg-5 grid-md-12 grid-12\"><div id=\"section-gm8ea478\" class=\"section-gm8ea478 gutentor-col-wrap\">\n<div id=\"section-ge53e51\" class=\"wp-block-gutentor-e6 section-ge53e51 gutentor-element gutentor-element-image gutentor-enabled-width text-align-center-desktop\"><div class=\"gutentor-element-image-box\"><div class=\"gutentor-image-thumb\"><img decoding=\"async\" class=\"normal-image\" src=\"https:\/\/law.prf.cuni.cz\/juridikum\/wp-content\/uploads\/sites\/4\/2022\/05\/seknic\u030cka.png\"\/><\/div><\/div><\/div>\n<\/div><\/div>\n\n\n\n<div id=\"col-gmb67900\" class=\"wp-block-gutentor-m4-col col-gmb67900 gutentor-single-column  grid-lg-7 grid-md-12 grid-12\"><div id=\"section-gmb67900\" class=\"section-gmb67900 gutentor-col-wrap\">\n<div id=\"section-g290215\" class=\"wp-block-gutentor-e1 section-g290215 gutentor-element gutentor-element-advanced-text text-align-left-desktop text-align-center-tablet text-align-center-mobile\"><div class=\"gutentor-text-wrap\"><a class=\"gutentor-element-advanced-text-link\" href=\"#\"><h4 class=\"gutentor-text\">PhDr. Mgr. Pavel Sekni\u010dka, Ph.D.<\/h4><\/a><\/div><\/div>\n\n\n\n<div id=\"section-g7f6589\" class=\"wp-block-gutentor-e1 section-g7f6589 gutentor-element gutentor-element-advanced-text text-align-left-desktop text-align-center-tablet text-align-center-mobile\"><div class=\"gutentor-text-wrap\"><p class=\"gutentor-text\">Odborn\u00fd asistent<\/p><\/div><\/div>\n\n\n\n<div id=\"section-ga95041\" class=\"wp-block-gutentor-e1 section-ga95041 gutentor-element gutentor-element-advanced-text text-align-left-desktop text-align-center-tablet text-align-center-mobile\"><div class=\"gutentor-text-wrap\"><p class=\"gutentor-text\">Absolvent oboru filozofie a ekonomie na Filozofick\u00e9 fakult\u011b Univerzity Karlovy. V sou\u010dasnosti p\u016fsob\u00ed jako vysoko\u0161kolsk\u00fd u\u010ditel v oboru n\u00e1rodn\u00edho hospod\u00e1\u0159stv\u00ed na Pr\u00e1vnick\u00e9 fakult\u011b UK. V letech 1990 a\u017e 1998 pracoval jako gener\u00e1ln\u00ed mana\u017eer v r\u016fzn\u00fdch organizac\u00edch na finan\u010dn\u00edm trhu, pot\u00e9 se v\u011bnoval p\u0159edn\u00e1\u0161kov\u00e9 a v\u011bdeck\u00e9 \u010dinnosti v oblasti teorie n\u00e1rodn\u00edho hospod\u00e1\u0159stv\u00ed a z\u00e1rove\u0148 vyu\u010duje povinn\u00e9 voliteln\u00e9 p\u0159edm\u011bty etika v podnik\u00e1n\u00ed a vybran\u00e9 ot\u00e1zky kapit\u00e1lov\u00e9ho trhu na PF UK.<br><\/p><\/div><\/div>\n<\/div><\/div>\n<\/div><\/div><\/section>\n\n\n\n<div id=\"section-gdef20f\" class=\"wp-block-gutentor-e2 section-gdef20f gutentor-element gutentor-element-button g-pos-r-desktop g-pos-r-tablet g-pos-r-mobile button-align-center-desktop button-align-center-tablet button-align-center-mobile\"><span class=\"gutentor-button-wrap\"><a class=\"gutentor-button gutentor-block-button gutentor-icon-hide\" href=\"https:\/\/www.prf.cuni.cz\/detail-cloveka\/244\"><i class=\"gutentor-button-icon fas fa-book\"><\/i><span>V\u00edce o lektorovi zde<\/span><\/a><\/span><\/div>\n<\/div><\/div>\n<\/div><\/div><\/section>\n<\/div>\n<\/div><\/div><\/div><\/section>\n<\/div><\/div>\n\n\n\n<div id=\"col-gma9885d\" class=\"wp-block-gutentor-m4-col col-gma9885d gutentor-single-column  grid-lg-4 grid-md-12 grid-12\"><div id=\"section-gma9885d\" class=\"section-gma9885d gutentor-col-wrap\">\n<section id=\"gm46a080c\" class=\"wp-block-gutentor-m3 section-gm46a080c gutentor-module gutentor-container-cover has-color-bg has-custom-bg\"><div class=\"grid-container\">\n<div id=\"section-g1487e9\" class=\"wp-block-gutentor-e7 section-g1487e9 gutentor-element gutentor-element-list text-align-left-desktop text-align-left-tablet text-align-left-mobile\"><ul class=\"grid-row gutentor-grid-item-wrap list-indicator-icon\"><li class=\"gutentor-list-item grid-lg-12 grid-md-12 grid-12 gutentor-rm-col-space\"><span class=\"gutentor-single-item gutentor-single-item-0\"><span class=\"gutentor-list-item-wrap g-s-list-wrap\"><span class=\"gutentor-single-list-item-icon\"><i class=\"list-item-icon far fa-clock\"><\/i><\/span><span class=\"gutentor-list-item\"><p class=\"gutentor-single-item-title\">Doba trv\u00e1n\u00ed: 4 hodiny<\/p><\/span><\/span><\/span><\/li><\/ul><\/div>\n\n\n\n<div id=\"section-ga0663f\" class=\"wp-block-gutentor-e7 section-ga0663f gutentor-element gutentor-element-list text-align-left-desktop text-align-left-tablet text-align-left-mobile\"><ul class=\"grid-row gutentor-grid-item-wrap list-indicator-icon\"><li class=\"gutentor-list-item grid-lg-12 grid-md-12 grid-12 gutentor-rm-col-space\"><span class=\"gutentor-single-item gutentor-single-item-0\"><span class=\"gutentor-list-item-wrap g-s-list-wrap\"><span class=\"gutentor-single-list-item-icon\"><i class=\"list-item-icon far fa-file\"><\/i><\/span><span class=\"gutentor-list-item\"><p class=\"gutentor-single-item-title\">Studijn\u00ed materi\u00e1ly budou zasl\u00e1ny emailem<\/p><\/span><\/span><\/span><\/li><\/ul><\/div>\n\n\n\n<div id=\"section-g7280ac\" class=\"wp-block-gutentor-e7 section-g7280ac gutentor-element gutentor-element-list text-align-left-desktop text-align-left-tablet text-align-left-mobile\"><ul class=\"grid-row gutentor-grid-item-wrap list-indicator-icon\"><li class=\"gutentor-list-item grid-lg-12 grid-md-12 grid-12 gutentor-rm-col-space\"><span class=\"gutentor-single-item gutentor-single-item-0\"><span class=\"gutentor-list-item-wrap g-s-list-wrap\"><span class=\"gutentor-single-list-item-icon\"><i class=\"list-item-icon fas fa-address-card\"><\/i><\/span><span class=\"gutentor-list-item\"><p class=\"gutentor-single-item-title\">Online kurz<\/p><\/span><\/span><\/span><\/li><\/ul><\/div>\n\n\n\n<div id=\"section-g060f24\" class=\"wp-block-gutentor-e7 section-g060f24 gutentor-element gutentor-element-list text-align-left-desktop text-align-left-tablet text-align-left-mobile\"><ul class=\"grid-row gutentor-grid-item-wrap list-indicator-icon\"><li class=\"gutentor-list-item grid-lg-12 grid-md-12 grid-12 gutentor-rm-col-space\"><span class=\"gutentor-single-item gutentor-single-item-0\"><span class=\"gutentor-list-item-wrap g-s-list-wrap\"><span class=\"gutentor-single-list-item-icon\"><i class=\"list-item-icon fas fa-user-friends\"><\/i><\/span><span class=\"gutentor-list-item\"><p class=\"gutentor-single-item-title\">Maxim\u00e1ln\u00ed po\u010det student\u016f:25<\/p><\/span><\/span><\/span><\/li><\/ul><\/div>\n\n\n\n<div id=\"section-g8f8725\" class=\"wp-block-gutentor-e7 section-g8f8725 gutentor-element gutentor-element-list text-align-left-desktop text-align-left-tablet text-align-left-mobile\"><ul class=\"grid-row gutentor-grid-item-wrap list-indicator-icon\"><li class=\"gutentor-list-item grid-lg-12 grid-md-12 grid-12 gutentor-rm-col-space\"><span class=\"gutentor-single-item gutentor-single-item-0\"><span class=\"gutentor-list-item-wrap g-s-list-wrap\"><span class=\"gutentor-single-list-item-icon\"><i class=\"list-item-icon far fa-check-square\"><\/i><\/span><span class=\"gutentor-list-item\"><p class=\"gutentor-single-item-title\">Hodnocen\u00ed lze odes\u00edlat online<\/p><\/span><\/span><\/span><\/li><\/ul><\/div>\n<\/div><\/section>\n\n\n\n<div id=\"section-gb90bdf\" class=\"wp-block-gutentor-e2 section-gb90bdf gutentor-element gutentor-element-button g-pos-r-desktop g-pos-r-tablet g-pos-r-mobile button-align-center-desktop button-align-center-tablet button-align-center-mobile\"><span class=\"gutentor-button-wrap\"><a class=\"gutentor-button gutentor-block-button gutentor-icon-hide\" href=\"https:\/\/is.cuni.cz\/studium\/prijimacky\/index.php?do=detail_kurz&amp;cid=7797\"><i class=\"gutentor-button-icon fas fa-book\"><\/i><span>P\u0159ihl\u00e1sit se<\/span><\/a><\/span><\/div>\n<\/div><\/div>\n<\/div><\/div><\/section>\n\n\n\n<section id=\"gmc622284\" class=\"wp-block-gutentor-m4 alignfull section-gmc622284 gutentor-module gutentor-advanced-columns gutentor-equal-column-height\"><div class=\"grid-container\"><div class=\"grid-row\">\n<div id=\"col-gm4d1593\" class=\"wp-block-gutentor-m4-col col-gm4d1593 gutentor-single-column  grid-lg-12 grid-md-12 grid-12 gutentor-rm-col-space\"><div id=\"section-gm4d1593\" class=\"section-gm4d1593 gutentor-col-wrap has-image-bg has-custom-bg has-gutentor-overlay\">\n<div id=\"section-gffdf9f\" class=\"wp-block-gutentor-e1 section-gffdf9f gutentor-element gutentor-element-advanced-text text-align-center-desktop text-align-center-tablet text-align-center-mobile\"><div class=\"gutentor-text-wrap\"><p class=\"gutentor-text\">M\u00e1te z\u00e1jem o jin\u00fd kurz?<br>Kontaktuje n\u00e1s a p\u0159iprav\u00edme pro v\u00e1s kurz na kl\u00ed\u010d<\/p><\/div><\/div>\n\n\n\n<div id=\"section-gd6ef62\" class=\"wp-block-gutentor-e2 section-gd6ef62 gutentor-element gutentor-element-button button-align-center-desktop button-align-center-tablet button-align-center-mobile\"><span class=\"gutentor-button-wrap\"><a class=\"gutentor-button gutentor-block-button gutentor-icon-hide\" href=\"https:\/\/law.prf.cuni.cz\/juridikum\/kontakty\/\"><i class=\"gutentor-button-icon fas fa-book\"><\/i><span>Kontakty<\/span><\/a><\/span><\/div>\n\n\n\n<p><\/p>\n<\/div><\/div>\n<\/div><\/div><\/section>\n","protected":false},"excerpt":{"rendered":"","protected":false},"author":2,"featured_media":0,"parent":0,"menu_order":0,"comment_status":"closed","ping_status":"closed","template":"template-gutentor-full-width.php","meta":{"_monsterinsights_skip_tracking":false,"_monsterinsights_sitenote_active":false,"_monsterinsights_sitenote_note":"","_monsterinsights_sitenote_category":0,"_kadence_starter_templates_imported_post":false,"footnotes":""},"class_list":["post-59","page","type-page","status-publish","hentry"],"aioseo_notices":[],"_links":{"self":[{"href":"https:\/\/law.prf.cuni.cz\/juridikum\/wp-json\/wp\/v2\/pages\/59","targetHints":{"allow":["GET"]}}],"collection":[{"href":"https:\/\/law.prf.cuni.cz\/juridikum\/wp-json\/wp\/v2\/pages"}],"about":[{"href":"https:\/\/law.prf.cuni.cz\/juridikum\/wp-json\/wp\/v2\/types\/page"}],"author":[{"embeddable":true,"href":"https:\/\/law.prf.cuni.cz\/juridikum\/wp-json\/wp\/v2\/users\/2"}],"replies":[{"embeddable":true,"href":"https:\/\/law.prf.cuni.cz\/juridikum\/wp-json\/wp\/v2\/comments?post=59"}],"version-history":[{"count":14,"href":"https:\/\/law.prf.cuni.cz\/juridikum\/wp-json\/wp\/v2\/pages\/59\/revisions"}],"predecessor-version":[{"id":975,"href":"https:\/\/law.prf.cuni.cz\/juridikum\/wp-json\/wp\/v2\/pages\/59\/revisions\/975"}],"wp:attachment":[{"href":"https:\/\/law.prf.cuni.cz\/juridikum\/wp-json\/wp\/v2\/media?parent=59"}],"curies":[{"name":"wp","href":"https:\/\/api.w.org\/{rel}","templated":true}]}}