{"id":3207,"date":"2024-09-02T15:17:52","date_gmt":"2024-09-02T13:17:52","guid":{"rendered":"https:\/\/law.prf.cuni.cz\/juridikum\/?page_id=3207"},"modified":"2025-04-24T15:57:40","modified_gmt":"2025-04-24T13:57:40","slug":"zakaz-diskriminace-a-rovne-zachazeni-se-zamerenim-na-lgbt-komunitu-osoby","status":"publish","type":"page","link":"https:\/\/law.prf.cuni.cz\/juridikum\/zakaz-diskriminace-a-rovne-zachazeni-se-zamerenim-na-lgbt-komunitu-osoby\/","title":{"rendered":"Z\u00e1kaz diskriminace a rovn\u00e9 zach\u00e1zen\u00ed se zam\u011b\u0159en\u00edm na LGBT+ komunitu + osoby"},"content":{"rendered":"\n<section id=\"gmab15f52\" class=\"wp-block-gutentor-m3 section-gmab15f52 gutentor-module gutentor-container-cover\"><div class=\"grid-container\">\n<div id=\"section-gef1a5c\" class=\"wp-block-gutentor-e1 section-gef1a5c gutentor-element gutentor-element-advanced-text text-align-left-desktop text-align-left-tablet text-align-center-mobile\"><div class=\"gutentor-text-wrap\"><h2 class=\"gutentor-text\">Z\u00e1kaz diskriminace a rovn\u00e9 zach\u00e1zen\u00ed se zam\u011b\u0159en\u00edm na LGBT + osoby<\/h2><\/div><\/div>\n<\/div><\/section>\n\n\n\n<section id=\"gm97385c0\" class=\"wp-block-gutentor-m4 section-gm97385c0 gutentor-module gutentor-advanced-columns\"><div class=\"grid-container\"><div class=\"grid-row\">\n<div id=\"col-gm8198c0\" class=\"wp-block-gutentor-m4-col col-gm8198c0 gutentor-single-column  grid-lg-8 grid-md-12 grid-12\"><div id=\"section-gm8198c0\" class=\"section-gm8198c0 gutentor-col-wrap\">\n<section id=\"section-97c73ecd-df12-4b57-8130-b8c5a9df2aa3\" class=\"wp-block-gutentor-image-slider gutentor-section gutentor-image-slider imageSlider-template1\"><div class=\"gutentor-grid-item-wrap\"><div class=\"gutentor-slider-wrapper\" data-dots=\"false\" data-arrows=\"false\" data-infinite=\"false\" data-nextarrow=\"fas fa-angle-right\" data-prevarrow=\"fas fa-angle-left\" data-autoplay=\"false\" data-autoplayspeed=\"5000\" data-fade=\"false\" data-speed=\"3000\"><div class=\"gutentor-slider-item\"><div class=\"gutentor-single-item gutentor-single-item-0\"><div class=\"gutentor-single-item-wrap\"><div class=\"gutentor-single-item-image-box\"><div class=\"gutentor-bg-image\"><\/div><\/div><\/div><\/div><\/div><div class=\"gutentor-slider-item\"><div class=\"gutentor-single-item gutentor-single-item-1\"><div class=\"gutentor-single-item-wrap\"><div class=\"gutentor-single-item-image-box\"><div class=\"gutentor-bg-image\"><\/div><\/div><\/div><\/div><\/div><div class=\"gutentor-slider-item\"><div class=\"gutentor-single-item gutentor-single-item-2\"><div class=\"gutentor-single-item-wrap\"><div class=\"gutentor-single-item-image-box\"><div class=\"gutentor-bg-image\"><\/div><\/div><\/div><\/div><\/div><\/div><\/div><\/section>\n\n\n\n<section id=\"a7901f\" class=\"section-a7901f gutentor-module gutentor-module-tabs gutentor-tabs-layout-horizontal gutentor-tabs-pos-top\"><div class=\"grid-container\"><div class=\"gutentor-module-tabs-wrap gutentor-tabs-style-outline\" data-id=\"a7901f\"><div class=\"gutentor-module-tabs-nav text-align-left-desktop\"><span class=\"gutentor-module-tabs-item gm-tt-a7901f gutentor-tabs-nav-active\"><span class=\"gutentor-module-tabs-title\">P\u0159ehled<\/span><\/span><span class=\"gutentor-module-tabs-item gm-tt-a7901f\"><span class=\"gutentor-module-tabs-title\">Anotace<\/span><\/span><\/div><div class=\"gutentor-module-tabs-body\">\n<div class=\"wp-block-gutentor-m7-tab gutentor-module-tabs-content gm-tc-a7901f gutentor-tabs-content-active\">\n<div id=\"section-g6186d2\" class=\"wp-block-gutentor-e1 section-g6186d2 gutentor-element gutentor-element-advanced-text text-align-left-desktop text-align-left-tablet text-align-left-mobile\"><div class=\"gutentor-text-wrap\"><a class=\"gutentor-element-advanced-text-link\" href=\"#\"><h4 class=\"gutentor-text\">Z\u00e1kaz diskriminace a rovn\u00e9 zach\u00e1zen\u00ed se zam\u011b\u0159en\u00edm na LGBT + osoby<\/h4><\/a><\/div><\/div>\n\n\n\n<div id=\"section-g0bda3d\" class=\"wp-block-gutentor-e1 section-g0bda3d gutentor-element gutentor-element-advanced-text text-align-left-desktop text-align-left-tablet text-align-left-mobile\"><div class=\"gutentor-text-wrap\"><p class=\"gutentor-text\">Prakticky orientovan\u00fd kurz, ur\u010den\u00fd pro osoby v pr\u00e1vn\u00ed praxi, nab\u00edz\u00ed p\u0159ehled informac\u00ed k problematice rovnosti a z\u00e1kazu diskriminace se zvl\u00e1\u0161tn\u00edm zam\u011b\u0159en\u00edm na postaven\u00ed LGBT+ osob. P\u0159edn\u00e1\u0161ej\u00edc\u00ed z \u0159ad odborn\u00e9 pr\u00e1vnick\u00e9 obce z Pr\u00e1vnick\u00e9 fakulty UK i z aplika\u010dn\u00ed praxe v kurzu nab\u00eddnou srozumiteln\u00e9 informace o pr\u00e1vn\u00edm r\u00e1mci ochrany p\u0159ed diskriminac\u00ed, v\u00fdklad jednotliv\u00fdch diskrimina\u010dn\u00edch d\u016fvod\u016f souvisej\u00edc\u00edch s LGBT+ osobami a pod\u011bl\u00ed se o zku\u0161enosti s \u0159e\u0161en\u00edm praktick\u00fdch p\u0159\u00edpad\u016f v t\u00e9to oblasti.<br><br>Absolventky a absolventi kurzu by si m\u011bli odn\u00e9st ucelen\u00e9 informace o problematice rovnosti a z\u00e1kazu diskriminace a jejich vym\u00e1h\u00e1n\u00ed p\u0159ed soudy, porozum\u011bt vymezen\u00ed p\u0159\u00edslu\u0161n\u00fdch diskrimina\u010dn\u00edch d\u016fvod\u016f a sezn\u00e1mit se s konkr\u00e9tn\u00edmi kauzami, kter\u00e9 jim umo\u017en\u00ed diskutovanou problematiku l\u00e9pe pochopit a prohloubit si znalosti pot\u0159ebn\u00e9 k poskytov\u00e1n\u00ed pr\u00e1vn\u00edho poradenstv\u00ed v t\u00e9to oblasti.<br><br>Kurz je ur\u010den zejm\u00e9na pro osoby praktikuj\u00edc\u00ed pr\u00e1vo, zejm\u00e9na v oblasti advokacie \u010di v neziskov\u00e9m sektoru, a v\u0161echny dal\u0161\u00ed osoby, kter\u00e9 se zaj\u00edmaj\u00ed o uplat\u0148ov\u00e1n\u00ed pr\u00e1v men\u0161in.<br><br><strong>\u0160kolen\u00ed je financov\u00e1no prost\u0159ednictv\u00edm projektu CERV-2023-CHAR-LITI Evropsk\u00e9 unie s n\u00e1zvem StandUp4LGBTIQ (\u010d.101143023).<\/strong><br><\/p><\/div><\/div>\n\n\n\n<figure class=\"wp-block-image size-full\"><img loading=\"lazy\" decoding=\"async\" width=\"1750\" height=\"315\" src=\"https:\/\/law.prf.cuni.cz\/juridikum\/wp-content\/uploads\/sites\/4\/2024\/10\/thumbnail_Kurz-JURIDIKUM.png\" alt=\"\" class=\"wp-image-3338\" \/><\/figure>\n\n\n\n<div id=\"section-gfeaea4\" class=\"wp-block-gutentor-e1 section-gfeaea4 gutentor-element gutentor-element-advanced-text text-align-left-desktop text-align-left-tablet text-align-left-mobile\"><div class=\"gutentor-text-wrap\"><a class=\"gutentor-element-advanced-text-link\" href=\"#\"><h4 class=\"gutentor-text\"><\/h4><\/a><\/div><\/div>\n<\/div>\n\n\n\n<div class=\"wp-block-gutentor-m7-tab gutentor-module-tabs-content gm-tc-a7901f\">\n<div id=\"section-ge7d200\" class=\"wp-block-gutentor-e1 section-ge7d200 gutentor-element gutentor-element-advanced-text text-align-left-desktop text-align-left-tablet text-align-left-mobile\"><div class=\"gutentor-text-wrap\"><a class=\"gutentor-element-advanced-text-link\" href=\"#\"><h4 class=\"gutentor-text\">Obsahov\u00e1 n\u00e1pl\u0148:<\/h4><\/a><\/div><\/div>\n\n\n\n<div id=\"section-g72912b\" class=\"wp-block-gutentor-e1 section-g72912b gutentor-element gutentor-element-advanced-text text-align-left-desktop text-align-left-tablet text-align-left-mobile\"><div class=\"gutentor-text-wrap\"><p class=\"gutentor-text\"><strong>09:00 \u2013 10:30<\/strong> Zakotven\u00ed z\u00e1kazu diskriminace na evropsk\u00e9 a \u010desk\u00e9 n\u00e1rodn\u00ed \u00farovni. Z\u00e1kladn\u00ed instituty antidiskrimina\u010dn\u00edho pr\u00e1va. (prof. JUDr. Kristina Koldinsk\u00e1, Ph.D.)<br><br><strong>10:30 \u2013 12:00<\/strong> Ochrana LGBT+ lid\u00ed p\u0159ed diskriminac\u00ed. Jak napsat \u00fasp\u011b\u0161nou antidiskrimina\u010dn\u00ed \u017ealobu, jak prob\u00edh\u00e1 \u0159\u00edzen\u00ed p\u0159ed soudem a jak\u00e9 n\u00e1roky lze \u00fasp\u011b\u0161n\u011b uplatnit? (doc.JUDr. Jakub Tom\u0161ej, Ph.D.)<br><br><strong>13:00 \u2013 14:30<\/strong> Partnerstv\u00ed a souvisej\u00edc\u00ed legislativn\u00ed v\u00fdvoj a jeho budouc\u00ed interpretace a aplikace. (doc.JUDr. Jakub Tom\u0161ej, Ph.D.)<br><br><strong>14:30 \u2013 16:00<\/strong> Obhajoba pr\u00e1v LGBT+ lid\u00ed \u2013 zku\u0161enosti z praxe (Mgr. Petr Kalla)<\/p><\/div><\/div>\n\n\n\n<div id=\"section-g81d311\" class=\"wp-block-gutentor-e1 section-g81d311 gutentor-element gutentor-element-advanced-text text-align-left-desktop text-align-left-tablet text-align-left-mobile\"><div class=\"gutentor-text-wrap\"><a class=\"gutentor-element-advanced-text-link\" href=\"#\"><h4 class=\"gutentor-text\">P\u0159edn\u00e1\u0161ej\u00edc\u00ed a m\u00edsto<\/h4><\/a><\/div><\/div>\n\n\n\n<div id=\"section-g3b40e6\" class=\"wp-block-gutentor-e1 section-g3b40e6 gutentor-element gutentor-element-advanced-text text-align-left-desktop text-align-left-tablet text-align-left-mobile\"><div class=\"gutentor-text-wrap\"><p class=\"gutentor-text\"><strong>Garant programu: <\/strong><br>Mgr. Karel \u0158epa, Ph.D.<br><br><strong>Lektor:<\/strong><br>prof. JUDr. Kristina Koldinsk\u00e1, Ph.D.<br>JUDr. Jakub Tom\u0161ej, Ph.D.<br><br><strong>Pracovi\u0161t\u011b garantuj\u00edc\u00ed program:<\/strong> <a href=\"https:\/\/www.prf.cuni.cz\/171\/katedra-prava-zivotniho-prostredi\">Katedra \u00fastavn\u00edho pr\u00e1va<\/a><br><strong>Pracovi\u0161t\u011b zaji\u0161\u0165uj\u00edc\u00ed uskute\u010dn\u011bn\u00ed<\/strong>: Odd\u011blen\u00ed komunikace a vn\u011bj\u0161\u00edch vztah\u016f \u2013 Juridikum<br><strong>M\u00edsto kon\u00e1n\u00ed:<\/strong> Pr\u00e1vnick\u00e1 fakulta, n\u00e1m. Curieov\u00fdch 7, 116 40 Praha 1<\/p><\/div><\/div>\n\n\n\n<div id=\"section-g101a80\" class=\"wp-block-gutentor-e1 section-g101a80 gutentor-element gutentor-element-advanced-text text-align-left-desktop text-align-left-tablet text-align-left-mobile\"><div class=\"gutentor-text-wrap\"><a class=\"gutentor-element-advanced-text-link\" href=\"#\"><h4 class=\"gutentor-text\">Term\u00edn a d\u00e9lka<\/h4><\/a><\/div><\/div>\n\n\n\n<div id=\"section-gb7ace2\" class=\"wp-block-gutentor-e1 section-gb7ace2 gutentor-element gutentor-element-advanced-text text-align-left-desktop text-align-left-tablet text-align-left-mobile\"><div class=\"gutentor-text-wrap\"><p class=\"gutentor-text\"><strong>Otev\u00edr\u00e1n v akad. roce:<\/strong> 2024\/2025<br><strong>Zah\u00e1jen\u00ed: <\/strong>letn\u00ed semestr, Kv\u011bten<br><strong>Datum za\u010d\u00e1tku kon\u00e1n\u00ed programu:<\/strong> 30. 5. 2025<br><strong>D\u00e9lka programu<\/strong> (v semestrech\/kr\u00e1tkodob\u00fd)<br><strong>Rozsah: <\/strong>8 hodin<\/p><\/div><\/div>\n\n\n\n<div id=\"section-g02001d\" class=\"wp-block-gutentor-e1 section-g02001d gutentor-element gutentor-element-advanced-text text-align-left-desktop text-align-left-tablet text-align-left-mobile\"><div class=\"gutentor-text-wrap\"><a class=\"gutentor-element-advanced-text-link\" href=\"#\"><h4 class=\"gutentor-text\">Poplatky a financov\u00e1n\u00ed<\/h4><\/a><\/div><\/div>\n\n\n\n<div id=\"section-g12de5d\" class=\"wp-block-gutentor-e1 section-g12de5d gutentor-element gutentor-element-advanced-text text-align-left-desktop text-align-left-tablet text-align-left-mobile\"><div class=\"gutentor-text-wrap\"><p class=\"gutentor-text\"><strong>V\u00fd\u0161e \u00faplaty:<\/strong><br>ZDARMA<br>\u00da\u010dast na kurzu je zdarma. \u0160kolen\u00ed je financov\u00e1no prost\u0159ednictv\u00edm projektu CERV-2023-CHAR-LITI Evropsk\u00e9 unie s n\u00e1zvem StandUp4LGBTIQ (\u010d.101143023).<\/p><\/div><\/div>\n\n\n\n<figure class=\"wp-block-image size-full\"><img loading=\"lazy\" decoding=\"async\" width=\"339\" height=\"112\" src=\"https:\/\/law.prf.cuni.cz\/juridikum\/wp-content\/uploads\/sites\/4\/2024\/09\/thumbnail_image.png\" alt=\"\" class=\"wp-image-3227\" \/><\/figure>\n\n\n\n<div id=\"section-g81f5ee\" class=\"wp-block-gutentor-e1 section-g81f5ee gutentor-element gutentor-element-advanced-text text-align-left-desktop text-align-left-tablet text-align-left-mobile\"><div class=\"gutentor-text-wrap\"><a class=\"gutentor-element-advanced-text-link\" href=\"#\"><h4 class=\"gutentor-text\"><br>P\u0159ihl\u00e1\u0161ka<\/h4><\/a><\/div><\/div>\n\n\n\n<div id=\"section-g9a15bd\" class=\"wp-block-gutentor-e1 section-g9a15bd gutentor-element gutentor-element-advanced-text text-align-left-desktop text-align-left-tablet text-align-left-mobile\"><div class=\"gutentor-text-wrap\"><p class=\"gutentor-text\"><strong>Adresa pro doru\u010den\u00ed p\u0159ihl\u00e1\u0161ky: <\/strong>Pr\u00e1vnick\u00e1 fakulta , n\u00e1m. Curieov\u00fdch 7, Praha 1<br><strong>Pracovi\u0161t\u011b, kam doru\u010dit p\u0159ihl\u00e1\u0161ku: <\/strong>Odd\u011blen\u00ed komunikace a vn\u011bj\u0161\u00edch vztah\u016f \u2013 Juridikum<br><strong>Kontaktn\u00ed osoba: <\/strong>Bc. Hana Va\u0159ekov\u00e1<br><strong>E-mail:<\/strong> varekova@prf.cuni.cz<br><strong>Telefon:<\/strong> 221 005 504<br><strong>Term\u00edn pod\u00e1n\u00ed p\u0159ihl\u00e1\u0161ky:<\/strong> 24. 4. 2025 <strong>\u2013<\/strong> 29. 5. 2025<\/p><\/div><\/div>\n\n\n\n<p><\/p>\n<\/div>\n<\/div><\/div><\/div><\/section>\n<\/div><\/div>\n\n\n\n<div id=\"col-gmb6c163\" class=\"wp-block-gutentor-m4-col col-gmb6c163 gutentor-single-column  grid-lg-4 grid-md-12 grid-12\"><div id=\"section-gmb6c163\" class=\"section-gmb6c163 gutentor-col-wrap\">\n<section id=\"gm34bf1e4\" class=\"wp-block-gutentor-m3 section-gm34bf1e4 gutentor-module gutentor-container-cover has-color-bg has-custom-bg\"><div class=\"grid-container\">\n<div id=\"section-gb22d18\" class=\"wp-block-gutentor-e7 section-gb22d18 gutentor-element gutentor-element-list text-align-left-desktop text-align-left-tablet text-align-left-mobile\"><ul class=\"grid-row gutentor-grid-item-wrap list-indicator-icon\"><li class=\"gutentor-list-item grid-lg-12 grid-md-12 grid-12 gutentor-rm-col-space\"><span class=\"gutentor-single-item gutentor-single-item-0\"><span class=\"gutentor-list-item-wrap g-s-list-wrap\"><span class=\"gutentor-single-list-item-icon\"><i class=\"list-item-icon fas fa-calendar-alt\"><\/i><\/span><span class=\"gutentor-list-item\"><p class=\"gutentor-single-item-title\">30. 5. 2025<\/p><\/span><\/span><\/span><\/li><\/ul><\/div>\n\n\n\n<div id=\"section-gcca34e\" class=\"wp-block-gutentor-e7 section-gcca34e gutentor-element gutentor-element-list text-align-left-desktop text-align-left-tablet text-align-left-mobile\"><ul class=\"grid-row gutentor-grid-item-wrap list-indicator-icon\"><li class=\"gutentor-list-item grid-lg-12 grid-md-12 grid-12 gutentor-rm-col-space\"><span class=\"gutentor-single-item gutentor-single-item-0\"><span class=\"gutentor-list-item-wrap g-s-list-wrap\"><span class=\"gutentor-single-list-item-icon\"><i class=\"list-item-icon far fa-file\"><\/i><\/span><span class=\"gutentor-list-item\"><p class=\"gutentor-single-item-title\">D\u00e9lka kurzu je 8 hodin <\/p><\/span><\/span><\/span><\/li><\/ul><\/div>\n\n\n\n<div id=\"section-g7edffb\" class=\"wp-block-gutentor-e7 section-g7edffb gutentor-element gutentor-element-list text-align-left-desktop text-align-left-tablet text-align-left-mobile\"><ul class=\"grid-row gutentor-grid-item-wrap list-indicator-icon\"><li class=\"gutentor-list-item grid-lg-12 grid-md-12 grid-12 gutentor-rm-col-space\"><span class=\"gutentor-single-item gutentor-single-item-0\"><span class=\"gutentor-list-item-wrap g-s-list-wrap\"><span class=\"gutentor-single-list-item-icon\"><i class=\"list-item-icon fas fa-address-card\"><\/i><\/span><span class=\"gutentor-list-item\"><p class=\"gutentor-single-item-title\">Prezen\u010dn\u00ed kurz<\/p><\/span><\/span><\/span><\/li><\/ul><\/div>\n\n\n\n<div id=\"section-ge21424\" class=\"wp-block-gutentor-e7 section-ge21424 gutentor-element gutentor-element-list text-align-left-desktop text-align-left-tablet text-align-left-mobile\"><ul class=\"grid-row gutentor-grid-item-wrap list-indicator-icon\"><li class=\"gutentor-list-item grid-lg-12 grid-md-12 grid-12 gutentor-rm-col-space\"><span class=\"gutentor-single-item gutentor-single-item-0\"><span class=\"gutentor-list-item-wrap g-s-list-wrap\"><span class=\"gutentor-single-list-item-icon\"><i class=\"list-item-icon fas fa-credit-card\"><\/i><\/span><span class=\"gutentor-list-item\"><p class=\"gutentor-single-item-title\">ZDARMA<\/p><\/span><\/span><\/span><\/li><\/ul><\/div>\n<\/div><\/section>\n\n\n\n<div id=\"section-g853fc3\" class=\"wp-block-gutentor-e2 section-g853fc3 gutentor-element gutentor-element-button g-pos-r-desktop g-pos-r-tablet g-pos-r-mobile button-align-center-desktop button-align-center-tablet button-align-center-mobile\"><span class=\"gutentor-button-wrap\"><a class=\"gutentor-button gutentor-block-button gutentor-icon-hide\" href=\"https:\/\/is.cuni.cz\/studium\/prijimacky\/index.php?do=detail_kurz&amp;cid=11769\"><i class=\"gutentor-button-icon fas fa-book\"><\/i><span>P\u0159ihl\u00e1\u0161en\u00ed <strong> <\/strong>zde<\/span><\/a><\/span><\/div>\n<\/div><\/div>\n<\/div><\/div><\/section>\n\n\n\n<section id=\"gme4af9c9\" class=\"wp-block-gutentor-m4 alignfull section-gme4af9c9 gutentor-module gutentor-advanced-columns gutentor-equal-column-height\"><div class=\"grid-container\"><div class=\"grid-row\">\n<div id=\"col-gm14d335\" class=\"wp-block-gutentor-m4-col col-gm14d335 gutentor-single-column  grid-lg-12 grid-md-12 grid-12 gutentor-rm-col-space\"><div id=\"section-gm14d335\" class=\"section-gm14d335 gutentor-col-wrap has-image-bg has-custom-bg has-gutentor-overlay\">\n<div id=\"section-gf6bc36\" class=\"wp-block-gutentor-e1 section-gf6bc36 gutentor-element gutentor-element-advanced-text text-align-center-desktop text-align-center-tablet text-align-center-mobile\"><div class=\"gutentor-text-wrap\"><p class=\"gutentor-text\">M\u00e1te z\u00e1jem o jin\u00fd kurz?<br>Kontaktuje n\u00e1s a p\u0159iprav\u00edme pro v\u00e1s kurz na kl\u00ed\u010d<\/p><\/div><\/div>\n\n\n\n<div id=\"section-gbc6541\" class=\"wp-block-gutentor-e2 section-gbc6541 gutentor-element gutentor-element-button button-align-center-desktop button-align-center-tablet button-align-center-mobile\"><span class=\"gutentor-button-wrap\"><a class=\"gutentor-button gutentor-block-button gutentor-icon-hide\" href=\"https:\/\/law.prf.cuni.cz\/juridikum\/kontakty\/\"><i class=\"gutentor-button-icon fas fa-book\"><\/i><span>Kontakty<\/span><\/a><\/span><\/div>\n\n\n\n<p><\/p>\n<\/div><\/div>\n<\/div><\/div><\/section>\n","protected":false},"excerpt":{"rendered":"","protected":false},"author":10,"featured_media":0,"parent":0,"menu_order":0,"comment_status":"closed","ping_status":"closed","template":"template-gutentor-full-width.php","meta":{"_monsterinsights_skip_tracking":false,"_monsterinsights_sitenote_active":false,"_monsterinsights_sitenote_note":"","_monsterinsights_sitenote_category":0,"_kadence_starter_templates_imported_post":false,"footnotes":""},"class_list":["post-3207","page","type-page","status-publish","hentry"],"aioseo_notices":[],"_links":{"self":[{"href":"https:\/\/law.prf.cuni.cz\/juridikum\/wp-json\/wp\/v2\/pages\/3207","targetHints":{"allow":["GET"]}}],"collection":[{"href":"https:\/\/law.prf.cuni.cz\/juridikum\/wp-json\/wp\/v2\/pages"}],"about":[{"href":"https:\/\/law.prf.cuni.cz\/juridikum\/wp-json\/wp\/v2\/types\/page"}],"author":[{"embeddable":true,"href":"https:\/\/law.prf.cuni.cz\/juridikum\/wp-json\/wp\/v2\/users\/10"}],"replies":[{"embeddable":true,"href":"https:\/\/law.prf.cuni.cz\/juridikum\/wp-json\/wp\/v2\/comments?post=3207"}],"version-history":[{"count":13,"href":"https:\/\/law.prf.cuni.cz\/juridikum\/wp-json\/wp\/v2\/pages\/3207\/revisions"}],"predecessor-version":[{"id":3631,"href":"https:\/\/law.prf.cuni.cz\/juridikum\/wp-json\/wp\/v2\/pages\/3207\/revisions\/3631"}],"wp:attachment":[{"href":"https:\/\/law.prf.cuni.cz\/juridikum\/wp-json\/wp\/v2\/media?parent=3207"}],"curies":[{"name":"wp","href":"https:\/\/api.w.org\/{rel}","templated":true}]}}