{"id":2625,"date":"2024-01-18T11:07:24","date_gmt":"2024-01-18T10:07:24","guid":{"rendered":"https:\/\/law.prf.cuni.cz\/juridikum\/?page_id=2625"},"modified":"2026-04-29T13:47:20","modified_gmt":"2026-04-29T11:47:20","slug":"danove-pravo","status":"publish","type":"page","link":"https:\/\/law.prf.cuni.cz\/juridikum\/danove-pravo\/","title":{"rendered":"LLM-da\u0148ov\u00e9 pr\u00e1vo"},"content":{"rendered":"\n<section id=\"gm5a34fa2\" class=\"wp-block-gutentor-m3 section-gm5a34fa2 gutentor-module gutentor-container-cover\"><div class=\"grid-container\">\n<div id=\"section-gf86a7b\" class=\"wp-block-gutentor-e1 section-gf86a7b gutentor-element gutentor-element-advanced-text text-align-left-desktop text-align-left-tablet text-align-center-mobile\"><div class=\"gutentor-text-wrap\"><h2 class=\"gutentor-text\">LL.M. \u2013 Da\u0148ov\u00e9 pr\u00e1vo<\/h2><\/div><\/div>\n<\/div><\/section>\n\n\n\n<section id=\"gm60fb242\" class=\"wp-block-gutentor-m4 section-gm60fb242 gutentor-module gutentor-advanced-columns\"><div class=\"grid-container\"><div class=\"grid-row\">\n<div id=\"col-gm290dc3\" class=\"wp-block-gutentor-m4-col col-gm290dc3 gutentor-single-column  grid-lg-8 grid-md-12 grid-12\"><div id=\"section-gm290dc3\" class=\"section-gm290dc3 gutentor-col-wrap\">\n<section id=\"section-9978746b-4784-49ed-b0b3-b558affaf30b\" class=\"wp-block-gutentor-image-slider gutentor-section gutentor-image-slider imageSlider-template1\"><div class=\"gutentor-grid-item-wrap\"><div class=\"gutentor-slider-wrapper\" data-dots=\"true\" data-arrows=\"false\" data-infinite=\"false\" data-nextarrow=\"fas fa-angle-right\" data-prevarrow=\"fas fa-angle-left\" data-autoplay=\"false\" data-autoplayspeed=\"5000\" data-fade=\"false\" data-speed=\"3000\"><div class=\"gutentor-slider-item\"><div class=\"gutentor-single-item gutentor-single-item-0\"><div class=\"gutentor-single-item-wrap\"><div class=\"gutentor-single-item-image-box\"><div class=\"gutentor-bg-image\"><\/div><\/div><\/div><\/div><\/div><\/div><\/div><\/section>\n\n\n\n<section id=\"e25440\" class=\"section-e25440 gutentor-module gutentor-module-tabs gutentor-tabs-layout-horizontal gutentor-tabs-pos-top\"><div class=\"grid-container\"><div class=\"gutentor-module-tabs-wrap gutentor-tabs-style-outline\" data-id=\"e25440\"><div class=\"gutentor-module-tabs-nav text-align-left-desktop\"><span class=\"gutentor-module-tabs-item gm-tt-e25440 gutentor-tabs-nav-active\"><span class=\"gutentor-module-tabs-title\">P\u0159ehled<\/span><\/span><span class=\"gutentor-module-tabs-item gm-tt-e25440\"><span class=\"gutentor-module-tabs-title\">Organizace<\/span><\/span><span class=\"gutentor-module-tabs-item gm-tt-e25440\"><span class=\"gutentor-module-tabs-title\">Sch\u016fzka pro z\u00e1jemce<\/span><\/span><span class=\"gutentor-module-tabs-item gm-tt-e25440\"><span class=\"gutentor-module-tabs-title\">Kontakt<\/span><\/span><\/div><div class=\"gutentor-module-tabs-body\">\n<div class=\"wp-block-gutentor-m7-tab gutentor-module-tabs-content gm-tc-e25440 gutentor-tabs-content-active\">\n<div id=\"section-gd62c05\" class=\"wp-block-gutentor-e1 section-gd62c05 gutentor-element gutentor-element-advanced-text\"><div class=\"gutentor-text-wrap\"><p class=\"gutentor-text\"><strong>LL.M. v&nbsp;da\u0148ov\u00e9m pr\u00e1vu<\/strong><\/p><\/div><\/div>\n\n\n\n<div id=\"section-gcac605\" class=\"wp-block-gutentor-e1 section-gcac605 gutentor-element gutentor-element-advanced-text\"><div class=\"gutentor-text-wrap\"><p class=\"gutentor-text\">LL.M. v&nbsp;da\u0148ov\u00e9m pr\u00e1vu je&nbsp;t\u0159\u00edsemestr\u00e1ln\u00edm specializa\u010dn\u00edm kurzem v&nbsp;\u010desk\u00e9m jazyce, kter\u00fd je vhodn\u00fd zejm\u00e9na pro da\u0148ov\u00e9 poradce, specializovan\u00e9 advok\u00e1ty, odborn\u00edky Ministerstva financ\u00ed, Finan\u010dn\u00ed spr\u00e1vy nebo Celn\u00ed spr\u00e1vy, soudce spr\u00e1vn\u00edch soud\u016f nebo odborn\u00edky org\u00e1n\u016f \u010dinn\u00fdch v&nbsp;trestn\u00edm \u0159\u00edzen\u00ed v\u011bnuj\u00edc\u00edm se hospod\u00e1\u0159sk\u00e9 kriminalit\u011b.<br>P\u0159edm\u011bty jsou zam\u011b\u0159eny na hlavn\u00ed dan\u011b existuj\u00edc\u00ed v&nbsp;r\u00e1mci da\u0148ov\u00e9 soustavy v&nbsp;\u010cesk\u00e9 republice. Zvl\u00e1\u0161tn\u00ed d\u016fraz je kladen na evropsk\u00e9 a mezin\u00e1rodn\u00ed da\u0148ov\u00e9 pr\u00e1vo. \u00da\u010dastn\u00edci kurzu tak z\u00edskaj\u00ed komplexn\u00ed znalost v&nbsp;oblasti zdan\u011bn\u00ed p\u0159\u00edjm\u016f, dan\u011b z&nbsp;p\u0159idan\u00e9 hodnoty, da\u0148ov\u00e9ho pr\u00e1va procesn\u00edho, mezin\u00e1rodn\u00edho zdan\u011bn\u00ed a p\u016fsoben\u00ed evropsk\u00e9ho pr\u00e1va v&nbsp;dan\u00edch.<br><br>\u00da\u010dastn\u00edci kurzu konaj\u00ed zkou\u0161ky z&nbsp;jednotliv\u00fdch p\u0159edm\u011bt\u016f. Cel\u00fd kurz je pak zakon\u010den obhajobou p\u00edsemn\u00e9 kvalifika\u010dn\u00ed pr\u00e1ce (v rozsahu alespo\u0148 40 normostran textu) a z\u00e1v\u011bre\u010dnou zkou\u0161kou.<\/p><\/div><\/div>\n\n\n\n<div id=\"section-g63aceb\" class=\"wp-block-gutentor-e1 section-g63aceb gutentor-element gutentor-element-advanced-text\"><div class=\"gutentor-text-wrap\"><p class=\"gutentor-text\"><strong>Vyu\u010dovan\u00e9 p\u0159edm\u011bty<\/strong><\/p><\/div><\/div>\n\n\n\n<div id=\"section-g8af661\" class=\"wp-block-gutentor-e1 section-g8af661 gutentor-element gutentor-element-advanced-text\"><div class=\"gutentor-text-wrap\"><p class=\"gutentor-text\"><strong>Vstupn\u00ed p\u0159edm\u011bty<\/strong><br>\u2022 \u00davod do da\u0148ov\u00e9ho pr\u00e1va<br><br><strong>1. semestr<\/strong><br>\u2022 Zdan\u011bn\u00ed p\u0159\u00edjm\u016f<br>\u2022 Mezin\u00e1rodn\u00ed zdan\u011bn\u00ed p\u0159\u00edjm\u016f<br>\u2022 Da\u0148ov\u00e9 pr\u00e1vo procesn\u00ed<br>\u2022 Soudn\u00ed ochrana ve spr\u00e1v\u011b dan\u00ed<br>\u2022 Obchodn\u011bpr\u00e1vn\u00ed souvislosti da\u0148ov\u00e9ho pr\u00e1va<br>\u2022 Trestn\u00ed pr\u00e1vo da\u0148ov\u00e9<br>&nbsp;<br><strong>2. semestr<\/strong><br>\u2022 Da\u0148 z&nbsp;p\u0159idan\u00e9 hodnoty<br>\u2022 Da\u0148ov\u00e9 pr\u00e1vo EU<br>\u2022 Pr\u00e1vo soci\u00e1ln\u00edho zabezpe\u010den\u00ed<br>\u2022Transfer pricing<br>\u2022 Praktikum spr\u00e1vn\u00edho soudnictv\u00ed v&nbsp;da\u0148ov\u00fdch v\u011bcech<br>\u2022 Da\u0148ov\u00e1 judikatura<br>&nbsp;&nbsp;<br><strong>3. semestr<\/strong><br>\u2022 Metodologick\u00fd semin\u00e1\u0159<br><br>Absolvov\u00e1n\u00ed LL.M. kurzu bude&nbsp;<strong>\u010ceskou advok\u00e1tn\u00ed komorou<\/strong>&nbsp;uzn\u00e1no jako absolvov\u00e1n\u00ed povinn\u011b voliteln\u00fdch semin\u00e1\u0159\u016f pro advok\u00e1tn\u00ed koncipienty, nebo budou p\u0159izn\u00e1ny kredity&nbsp; pro advok\u00e1ty \u00fa\u010dastn\u00edc\u00ed se projektu&nbsp;Dal\u0161\u00edho vzd\u011bl\u00e1v\u00e1n\u00ed advok\u00e1t\u016f.<\/p><\/div><\/div>\n<\/div>\n\n\n\n<div class=\"wp-block-gutentor-m7-tab gutentor-module-tabs-content gm-tc-e25440\">\n<div id=\"section-gf284e2\" class=\"wp-block-gutentor-e1 section-gf284e2 gutentor-element gutentor-element-advanced-text text-align-left-desktop text-align-left-tablet text-align-left-mobile\"><div class=\"gutentor-text-wrap\"><a class=\"gutentor-element-advanced-text-link\" href=\"#\"><h4 class=\"gutentor-text\">Term\u00edn a d\u00e9lka<\/h4><\/a><\/div><\/div>\n\n\n\n<div id=\"section-g73b7f9\" class=\"wp-block-gutentor-e1 section-g73b7f9 gutentor-element gutentor-element-advanced-text text-align-left-desktop text-align-left-tablet text-align-left-mobile\"><div class=\"gutentor-text-wrap\"><p class=\"gutentor-text\"><strong>Otev\u00edr\u00e1n v akad. roce:&nbsp;<\/strong>2026\/2027<br><strong>Zah\u00e1jen\u00ed:&nbsp;<\/strong>zimn\u00ed semestr <br><strong>D\u00e9lka programu (v semestrech\/kr\u00e1tkodob\u00fd):&nbsp;<\/strong>3 semestry<\/p><\/div><\/div>\n\n\n\n<div id=\"section-g635bb5\" class=\"wp-block-gutentor-e1 section-g635bb5 gutentor-element gutentor-element-advanced-text text-align-left-desktop text-align-left-tablet text-align-left-mobile\"><div class=\"gutentor-text-wrap\"><a class=\"gutentor-element-advanced-text-link\" href=\"#\"><h4 class=\"gutentor-text\">Kurzovn\u00e9<\/h4><\/a><\/div><\/div>\n\n\n\n<div id=\"section-g3e3452\" class=\"wp-block-gutentor-e1 section-g3e3452 gutentor-element gutentor-element-advanced-text text-align-left-desktop text-align-left-tablet text-align-left-mobile\"><div class=\"gutentor-text-wrap\"><p class=\"gutentor-text\"><strong>Kurzovn\u00e9 za program LL.M. jako celek&nbsp;(celkem 3 semestry programu)<\/strong>&nbsp;<strong>je stanoveno na 159 500 K\u010d<\/strong>.<br><br>Vedle poplatku za kurz LL.M. uveden\u00e9ho v\u00fd\u0161e je stanoven poplatek za pod\u00e1n\u00ed p\u0159ihl\u00e1\u0161ky ve v\u00fd\u0161i 1 000 K\u010d za \u00fa\u010delem pokryt\u00ed n\u00e1klad\u016f spojen\u00fdch s p\u0159ij\u00edmac\u00edm \u0159\u00edzen\u00edm.<br><br>Standardn\u00ed doba pro spln\u011bn\u00ed v\u0161ech p\u0159edepsan\u00fdch povinnost\u00ed v programu LL.M.&nbsp;(absolvov\u00e1n\u00ed p\u0159edm\u011bt\u016f a povinnost\u00ed spojen\u00fdch se z\u00e1v\u011bre\u010dnou LL.M. prac\u00ed)&nbsp;jsou 3 semestry. V p\u0159\u00edpad\u011b nespln\u011bn\u00ed p\u0159edepsan\u00fdch povinnost\u00ed v uveden\u00e9 lh\u016ft\u011b zanik\u00e1 \u00fa\u010dast v programu LL.M. automaticky bez n\u00e1roku na vr\u00e1cen\u00ed uhrazen\u00e9ho kurzovn\u00e9ho.<\/p><\/div><\/div>\n\n\n\n<div id=\"section-g30652f\" class=\"wp-block-gutentor-e1 section-g30652f gutentor-element gutentor-element-advanced-text text-align-left-desktop text-align-left-tablet text-align-left-mobile\"><div class=\"gutentor-text-wrap\"><a class=\"gutentor-element-advanced-text-link\" href=\"#\"><h4 class=\"gutentor-text\">Po\u017eadavky na uchaze\u010de:<\/h4><\/a><\/div><\/div>\n\n\n\n<div id=\"section-g3ad54d\" class=\"wp-block-gutentor-e1 section-g3ad54d gutentor-element gutentor-element-advanced-text text-align-left-desktop text-align-left-tablet text-align-left-mobile\"><div class=\"gutentor-text-wrap\"><p class=\"gutentor-text\">I.&nbsp;Bakal\u00e1\u0159sk\u00fd \u010di magistersk\u00fd vysoko\u0161kolsk\u00fd titul (pop\u0159. ekvivalent ze zahrani\u010dn\u00ed vysok\u00e9 \u0161koly).&nbsp;<strong>Ov\u011b\u0159enou kopii diplomu je nutn\u00e9 dolo\u017eit do 30. 9.<\/strong>, jinak se tato podm\u00ednka pova\u017euje za nespln\u011bnou. <br>II. \u017divotopis;<br>III. Motiva\u010dn\u00ed dopis v rozsahu cca. 1-2 strany textu;<br><br>V p\u0159\u00edpad\u011b p\u0159ijet\u00ed bude uchaze\u010di sou\u010dasn\u011b pod\u00e1na nab\u00eddka uzav\u0159en\u00ed Smlouvy o vzd\u011bl\u00e1v\u00e1n\u00ed v mezin\u00e1rodn\u011b uzn\u00e1van\u00e9m kurzu LL.M. za podm\u00ednek bl\u00ed\u017ee specifikovan\u00fdch.<br><br>P\u0159ijet\u00ed do programu LL.M. je podm\u00edne\u010dn\u00e9 do zaplacen\u00ed kurzovn\u00e9ho v pln\u00e9 v\u00fd\u0161i dle podm\u00ednek stanoven\u00fdch ve Smlouv\u011b o vzd\u011bl\u00e1v\u00e1n\u00ed v&nbsp;mezin\u00e1rodn\u011b uzn\u00e1van\u00e9m kurzu LL.M.<\/p><\/div><\/div>\n\n\n\n<p><\/p>\n<\/div>\n\n\n\n<div class=\"wp-block-gutentor-m7-tab gutentor-module-tabs-content gm-tc-e25440\">\n<div id=\"section-g5707cd\" class=\"wp-block-gutentor-e1 section-g5707cd gutentor-element gutentor-element-advanced-text\"><div class=\"gutentor-text-wrap\"><p class=\"gutentor-text\">Pro z\u00e1jemce o kurz LL.M. v\u202fda\u0148ov\u00e9m pr\u00e1vu se v\u202fpond\u011bl\u00ed <strong>25.\u202f5.\u202f2026 od 17:00<\/strong> uskute\u010dn\u00ed <em>online<\/em> informa\u010dn\u00ed setk\u00e1n\u00ed. B\u011bhem n\u011bj bude kurz podrobn\u011b p\u0159edstaven a bude prostor pro dotazy.<br><br>Po vypln\u011bn\u00ed<strong> <a href=\"https:\/\/forms.cloud.microsoft\/Pages\/ResponsePage.aspx?id=2naS4DT5hkC_CIgWogQUoirOza7UouBOn9NiQssIEPtURVRPQlBRUTkzT1hVNzgyRDM0TDBZVDM1Sy4u\" title=\"\">registra\u010dn\u00edho formul\u00e1\u0159e<\/a> <\/strong>v\u00e1m bude kr\u00e1tce p\u0159ed kon\u00e1n\u00edm setk\u00e1n\u00ed zasl\u00e1n odkaz.<\/p><\/div><\/div>\n<\/div>\n\n\n\n<div class=\"wp-block-gutentor-m7-tab gutentor-module-tabs-content gm-tc-e25440\">\n<p class=\"has-black-color has-text-color has-link-color wp-elements-786668b7cc18d91a9db86642fe4a6f35\"><strong>Programy LL.M.<\/strong><br>Mgr. Jitka Rendlov\u00e1<br>Mgr. Kate\u0159ina Sv\u00edtilov\u00e1<\/p>\n\n\n\n<p class=\"has-black-color has-text-color has-link-color wp-elements-6f8d5b2d877fc5c8c16fc184512e19b0\">Pr\u00e1vnick\u00e1 fakulta<br>n\u00e1m. Curieov\u00fdch 7, Praha 1<br><br><strong>E-mail:&nbsp;<\/strong>llmcz@prf.cuni.cz<strong><br>Telefon:&nbsp;<\/strong>+420&nbsp;221&nbsp;005&nbsp;511<\/p>\n<\/div>\n<\/div><\/div><\/div><\/section>\n<\/div><\/div>\n\n\n\n<div id=\"col-gmc1dedd\" class=\"wp-block-gutentor-m4-col col-gmc1dedd gutentor-single-column  grid-lg-4 grid-md-12 grid-12\"><div id=\"section-gmc1dedd\" class=\"section-gmc1dedd gutentor-col-wrap\">\n<section id=\"gm72ac409\" class=\"wp-block-gutentor-m3 section-gm72ac409 gutentor-module gutentor-container-cover has-color-bg has-custom-bg\"><div class=\"grid-container\">\n<div id=\"section-gfd6b8a\" class=\"wp-block-gutentor-e7 section-gfd6b8a gutentor-element gutentor-element-list text-align-left-desktop text-align-left-tablet text-align-left-mobile\"><ul class=\"grid-row gutentor-grid-item-wrap list-indicator-icon\"><li class=\"gutentor-list-item grid-lg-12 grid-md-12 grid-12 gutentor-rm-col-space\"><span class=\"gutentor-single-item gutentor-single-item-0\"><span class=\"gutentor-list-item-wrap g-s-list-wrap\"><span class=\"gutentor-single-list-item-icon\"><i class=\"list-item-icon far fa-clock\"><\/i><\/span><span class=\"gutentor-list-item\"><p class=\"gutentor-single-item-title\">Doba trv\u00e1n\u00ed: 3 semestry<\/p><\/span><\/span><\/span><\/li><\/ul><\/div>\n\n\n\n<div id=\"section-g3d142e\" class=\"wp-block-gutentor-e7 section-g3d142e gutentor-element gutentor-element-list text-align-left-desktop text-align-left-tablet text-align-left-mobile\"><ul class=\"grid-row gutentor-grid-item-wrap list-indicator-icon\"><li class=\"gutentor-list-item grid-lg-12 grid-md-12 grid-12 gutentor-rm-col-space\"><span class=\"gutentor-single-item gutentor-single-item-0\"><span class=\"gutentor-list-item-wrap g-s-list-wrap\"><span class=\"gutentor-single-list-item-icon\"><i class=\"list-item-icon far fa-file\"><\/i><\/span><span class=\"gutentor-list-item\"><p class=\"gutentor-single-item-title\">V\u00fduka prob\u00edh\u00e1 v kombinovan\u00e9 podob\u011b<\/p><\/span><\/span><\/span><\/li><\/ul><\/div>\n\n\n\n<div id=\"section-ga0ee61\" class=\"wp-block-gutentor-e7 section-ga0ee61 gutentor-element gutentor-element-list text-align-left-desktop text-align-left-tablet text-align-left-mobile\"><ul class=\"grid-row gutentor-grid-item-wrap list-indicator-icon\"><li class=\"gutentor-list-item grid-lg-12 grid-md-12 grid-12 gutentor-rm-col-space\"><span class=\"gutentor-single-item gutentor-single-item-0\"><span class=\"gutentor-list-item-wrap g-s-list-wrap\"><span class=\"gutentor-single-list-item-icon\"><i class=\"list-item-icon fas fa-money-bill\"><\/i><\/span><span class=\"gutentor-list-item\"><p class=\"gutentor-single-item-title\">Kurzovn\u00e9 za program LL.M. je stanoveno na\u00a0159 500 K\u010d<\/p><\/span><\/span><\/span><\/li><li class=\"gutentor-list-item grid-lg-12 grid-md-12 grid-12 gutentor-rm-col-space\"><span class=\"gutentor-single-item gutentor-single-item-1\"><span class=\"gutentor-list-item-wrap g-s-list-wrap g-s-list-i-icon\"><span class=\"gutentor-single-list-item-icon\"><i class=\"list-item-icon fas fa-desktop\"><\/i><\/span><span class=\"gutentor-list-item\"><p class=\"gutentor-single-item-title\">Term\u00edn pod\u00e1n\u00ed p\u0159ihl\u00e1\u0161ky: <br>od 1. 5. do 15. 8. 2026<\/p><\/span><\/span><\/span><\/li><\/ul><\/div>\n<\/div><\/section>\n\n\n\n<div id=\"section-g5ec09c\" class=\"wp-block-gutentor-e2 section-g5ec09c gutentor-element gutentor-element-button g-pos-r-desktop g-pos-r-tablet g-pos-r-mobile button-align-center-desktop button-align-center-tablet button-align-center-mobile\"><span class=\"gutentor-button-wrap\"><a class=\"gutentor-button gutentor-block-button gutentor-icon-hide\" href=\"https:\/\/is.cuni.cz\/studium\/prijimacky\/index.php?id=73ad181c5d62bb62503c0b5e19816a39&amp;tid=6&amp;do=detail_kurz&amp;cid=12743\"><i class=\"gutentor-button-icon fas fa-book\"><\/i><span>P\u0159ihl\u00e1sit se<\/span><\/a><\/span><\/div>\n<\/div><\/div>\n<\/div><\/div><\/section>\n\n\n\n<section id=\"gm3baa1c4\" class=\"wp-block-gutentor-m4 alignfull section-gm3baa1c4 gutentor-module gutentor-advanced-columns gutentor-equal-column-height\"><div class=\"grid-container\"><div class=\"grid-row\">\n<div id=\"col-gm7f9832\" class=\"wp-block-gutentor-m4-col col-gm7f9832 gutentor-single-column  grid-lg-12 grid-md-12 grid-12 gutentor-rm-col-space\"><div id=\"section-gm7f9832\" class=\"section-gm7f9832 gutentor-col-wrap has-image-bg has-custom-bg has-gutentor-overlay\">\n<div id=\"section-ge35d00\" class=\"wp-block-gutentor-e1 section-ge35d00 gutentor-element gutentor-element-advanced-text text-align-center-desktop text-align-center-tablet text-align-center-mobile\"><div class=\"gutentor-text-wrap\"><p class=\"gutentor-text\">M\u00e1te z\u00e1jem o jin\u00fd kurz?<br>Kontaktuje n\u00e1s a p\u0159iprav\u00edme pro v\u00e1s kurz na kl\u00ed\u010d<\/p><\/div><\/div>\n\n\n\n<div id=\"section-g1d9433\" class=\"wp-block-gutentor-e2 section-g1d9433 gutentor-element gutentor-element-button button-align-center-desktop button-align-center-tablet button-align-center-mobile\"><span class=\"gutentor-button-wrap\"><a class=\"gutentor-button gutentor-block-button gutentor-icon-hide\" href=\"https:\/\/law.prf.cuni.cz\/juridikum\/kontakty\/\"><i class=\"gutentor-button-icon fas fa-book\"><\/i><span>Kontakty<\/span><\/a><\/span><\/div>\n\n\n\n<p><\/p>\n<\/div><\/div>\n<\/div><\/div><\/section>\n","protected":false},"excerpt":{"rendered":"","protected":false},"author":10,"featured_media":0,"parent":0,"menu_order":0,"comment_status":"closed","ping_status":"closed","template":"template-gutentor-full-width.php","meta":{"_monsterinsights_skip_tracking":false,"_monsterinsights_sitenote_active":false,"_monsterinsights_sitenote_note":"","_monsterinsights_sitenote_category":0,"_kadence_starter_templates_imported_post":false,"footnotes":""},"class_list":["post-2625","page","type-page","status-publish","hentry"],"aioseo_notices":[],"_links":{"self":[{"href":"https:\/\/law.prf.cuni.cz\/juridikum\/wp-json\/wp\/v2\/pages\/2625","targetHints":{"allow":["GET"]}}],"collection":[{"href":"https:\/\/law.prf.cuni.cz\/juridikum\/wp-json\/wp\/v2\/pages"}],"about":[{"href":"https:\/\/law.prf.cuni.cz\/juridikum\/wp-json\/wp\/v2\/types\/page"}],"author":[{"embeddable":true,"href":"https:\/\/law.prf.cuni.cz\/juridikum\/wp-json\/wp\/v2\/users\/10"}],"replies":[{"embeddable":true,"href":"https:\/\/law.prf.cuni.cz\/juridikum\/wp-json\/wp\/v2\/comments?post=2625"}],"version-history":[{"count":93,"href":"https:\/\/law.prf.cuni.cz\/juridikum\/wp-json\/wp\/v2\/pages\/2625\/revisions"}],"predecessor-version":[{"id":4281,"href":"https:\/\/law.prf.cuni.cz\/juridikum\/wp-json\/wp\/v2\/pages\/2625\/revisions\/4281"}],"wp:attachment":[{"href":"https:\/\/law.prf.cuni.cz\/juridikum\/wp-json\/wp\/v2\/media?parent=2625"}],"curies":[{"name":"wp","href":"https:\/\/api.w.org\/{rel}","templated":true}]}}