{"id":2081,"date":"2023-07-09T22:34:17","date_gmt":"2023-07-09T20:34:17","guid":{"rendered":"https:\/\/law.prf.cuni.cz\/juridikum\/?page_id=2081"},"modified":"2026-02-16T09:44:12","modified_gmt":"2026-02-16T08:44:12","slug":"language-of-contracts","status":"publish","type":"page","link":"https:\/\/law.prf.cuni.cz\/juridikum\/language-of-contracts\/","title":{"rendered":"Language of Contracts &#8211; FOLLOW &#8211; UP"},"content":{"rendered":"\n<section id=\"gmd045547\" class=\"wp-block-gutentor-m3 section-gmd045547 gutentor-module gutentor-container-cover has-image-bg has-custom-bg\"><div class=\"grid-container\">\n<div id=\"section-g748007\" class=\"wp-block-gutentor-e1 section-g748007 gutentor-element gutentor-element-advanced-text text-align-left-desktop text-align-left-tablet text-align-center-mobile\"><div class=\"gutentor-text-wrap\"><h2 class=\"gutentor-text\">Language of Contracts &#8211; FOLLOW &#8211; UP<\/h2><\/div><\/div>\n<\/div><\/section>\n\n\n\n<section id=\"gm65bb6eb\" class=\"wp-block-gutentor-m4 section-gm65bb6eb gutentor-module gutentor-advanced-columns\"><div class=\"grid-container\"><div class=\"grid-row\">\n<div id=\"col-gm8576ba\" class=\"wp-block-gutentor-m4-col col-gm8576ba gutentor-single-column  grid-lg-8 grid-md-12 grid-12\"><div id=\"section-gm8576ba\" class=\"section-gm8576ba gutentor-col-wrap\">\n<section id=\"section-ffd2ba1b-8c69-4f71-b324-03bb6d8b9f34\" class=\"wp-block-gutentor-image-slider gutentor-section gutentor-image-slider imageSlider-template1\"><div class=\"gutentor-grid-item-wrap\"><div class=\"gutentor-slider-wrapper\" data-dots=\"false\" data-arrows=\"false\" data-infinite=\"true\" data-nextarrow=\"fas fa-angle-right\" data-prevarrow=\"fas fa-angle-left\" data-autoplay=\"true\" data-autoplayspeed=\"5000\" data-fade=\"false\" data-speed=\"3000\"><div class=\"gutentor-slider-item\"><div class=\"gutentor-single-item gutentor-single-item-0 g-single-column-link-enabled\"><div class=\"gutentor-single-item-wrap\"><div class=\"gutentor-single-item-image-box\"><div class=\"gutentor-bg-image\"><\/div><\/div><\/div><a class=\"gutentor-single-item-box-link gutentor-link\" href=\"https:\/\/is.cuni.cz\/studium\/prijimacky\/index.php?do=detail_kurzu0026cid=8365\" target=\"_blank\" rel=\"noopener noreferrer\"><\/a><\/div><\/div><\/div><\/div><\/section>\n\n\n\n<section id=\"gm72b5d68\" class=\"wp-block-gutentor-m4 section-gm72b5d68 gutentor-module gutentor-advanced-columns\"><div class=\"grid-container\"><div class=\"grid-row\">\n<div id=\"col-gmbe3ced\" class=\"wp-block-gutentor-m4-col col-gmbe3ced gutentor-single-column  grid-lg-12 grid-md-12 grid-12\"><div id=\"section-gmbe3ced\" class=\"section-gmbe3ced gutentor-col-wrap\">\n<section id=\"3e06f8\" class=\"section-3e06f8 gutentor-module gutentor-module-tabs gutentor-tabs-layout-horizontal gutentor-tabs-pos-top\"><div class=\"grid-container\"><div class=\"gutentor-module-tabs-wrap gutentor-tabs-style-outline\" data-id=\"3e06f8\"><div class=\"gutentor-module-tabs-nav text-align-left-desktop\"><span class=\"gutentor-module-tabs-item gm-tt-3e06f8 gutentor-tabs-nav-active\"><span class=\"gutentor-module-tabs-title\">P\u0159ehled<\/span><\/span><span class=\"gutentor-module-tabs-item gm-tt-3e06f8\"><span class=\"gutentor-module-tabs-title\">Anotace<\/span><\/span><span class=\"gutentor-module-tabs-item gm-tt-3e06f8\"><span class=\"gutentor-module-tabs-title\">Lektor<\/span><\/span><\/div><div class=\"gutentor-module-tabs-body\">\n<div class=\"wp-block-gutentor-m7-tab gutentor-module-tabs-content gm-tc-3e06f8 gutentor-tabs-content-active\">\n<div id=\"section-gb2c6e6\" class=\"wp-block-gutentor-e1 section-gb2c6e6 gutentor-element gutentor-element-advanced-text text-align-left-desktop text-align-left-tablet text-align-left-mobile\"><div class=\"gutentor-text-wrap\"><a class=\"gutentor-element-advanced-text-link\" href=\"#\"><h4 class=\"gutentor-text\">Language of Contracts &#8211; FOLLOW &#8211; UP<\/h4><\/a><\/div><\/div>\n\n\n\n<div id=\"section-g8b0fcf\" class=\"wp-block-gutentor-e1 section-g8b0fcf gutentor-element gutentor-element-advanced-text text-align-left-desktop text-align-left-tablet text-align-left-mobile\"><div class=\"gutentor-text-wrap\"><p class=\"gutentor-text\">C\u00edlem desetit\u00fddenn\u00edho kurzu je uv\u00e9st \u00fa\u010dastn\u00edky do problematiky jazyka smluv, p\u0159\u00edpravy a v\u00fdkladu smluvn\u00edch ustanoven\u00ed, jako\u017e i post-editace strojov\u00e9ho p\u0159ekladu se zam\u011b\u0159en\u00edm na eliminaci pr\u00e1vnick\u00e9ho \u017eargonu. Pozornost bude v\u011bnov\u00e1na z\u00e1kladn\u00ed terminologii pou\u017e\u00edvan\u00e9 nap\u0159\u00ed\u010d smlouvami a rozli\u0161en\u00ed mezi pr\u00e1vnick\u00fdm \u017eargonem a b\u011b\u017en\u00fdm jazykem.&nbsp;<br><br>Frekventanti si tak mohou uv\u011bdomit, jak se li\u0161\u00ed stavba, obsah a forma anglick\u00fdch a \u010desk\u00fdch smluv a z\u00e1rove\u0148 si osvojit b\u011b\u017en\u011b zau\u017e\u00edvan\u00e9 fr\u00e1ze a slovn\u00ed spojen\u00ed, kter\u00e1 lze vyu\u017e\u00edt p\u0159i p\u0159ekl\u00e1d\u00e1n\u00ed \/ sepisov\u00e1n\u00ed smluv v anglick\u00e9m jazyce, aby zn\u011bly p\u0159irozen\u011b.<br><br>Z\u00e1jemci zva\u017euj\u00edc\u00ed z\u00e1pis by ide\u00e1ln\u011b m\u011bli m\u00edt minim\u00e1ln\u00ed znalost anglick\u00e9ho jazyka na \u00farovni B2 dle Spole\u010dn\u00e9ho evropsk\u00e9ho referen\u010dn\u00edho r\u00e1mce pro jazyky (viz&nbsp;<a href=\"https:\/\/www.cambridgeenglish.org\/cz\/exams-and-tests\/cefr\" target=\"_blank\" rel=\"noopener\" title=\"\">ZDE<\/a>)<\/p><\/div><\/div>\n\n\n\n<div id=\"section-g54e096\" class=\"wp-block-gutentor-e1 section-g54e096 gutentor-element gutentor-element-advanced-text text-align-left-desktop text-align-left-tablet text-align-left-mobile\"><div class=\"gutentor-text-wrap\"><a class=\"gutentor-element-advanced-text-link\" href=\"#\"><h4 class=\"gutentor-text\"><\/h4><\/a><\/div><\/div>\n<\/div>\n\n\n\n<div class=\"wp-block-gutentor-m7-tab gutentor-module-tabs-content gm-tc-3e06f8\">\n<div id=\"section-gb2d77e\" class=\"wp-block-gutentor-e1 section-gb2d77e gutentor-element gutentor-element-advanced-text text-align-left-desktop text-align-left-tablet text-align-left-mobile\"><div class=\"gutentor-text-wrap\"><a class=\"gutentor-element-advanced-text-link\" href=\"#\"><h4 class=\"gutentor-text\">Charakteristika programu:<\/h4><\/a><\/div><\/div>\n\n\n\n<div id=\"section-gda63af\" class=\"wp-block-gutentor-e1 section-gda63af gutentor-element gutentor-element-advanced-text text-align-left-desktop text-align-left-tablet text-align-left-mobile\"><div class=\"gutentor-text-wrap\"><p class=\"gutentor-text\">C\u00edlem desetit\u00fddenn\u00edho kurzu je uv\u00e9st \u00fa\u010dastn\u00edky do problematiky jazyka smluv, p\u0159\u00edpravy a v\u00fdkladu smluvn\u00edch ustanoven\u00ed, jako\u017e i post-editace strojov\u00e9ho p\u0159ekladu se zam\u011b\u0159en\u00edm na eliminaci pr\u00e1vnick\u00e9ho \u017eargonu. Pozornost bude v\u011bnov\u00e1na z\u00e1kladn\u00ed terminologii pou\u017e\u00edvan\u00e9 nap\u0159\u00ed\u010d smlouvami a rozli\u0161en\u00ed mezi pr\u00e1vnick\u00fdm \u017eargonem a b\u011b\u017en\u00fdm jazykem.<br><br>Frekventanti si tak mohou uv\u011bdomit, jak se li\u0161\u00ed stavba, obsah a forma anglick\u00fdch a \u010desk\u00fdch smluv a z\u00e1rove\u0148 si osvojit b\u011b\u017en\u011b zau\u017e\u00edvan\u00e9 fr\u00e1ze a slovn\u00ed spojen\u00ed, kter\u00e1 lze vyu\u017e\u00edt p\u0159i p\u0159ekl\u00e1d\u00e1n\u00ed \/ sepisov\u00e1n\u00ed smluv v anglick\u00e9m jazyce, aby zn\u011bly p\u0159irozen\u011b.<br>Z\u00e1jemci zva\u017euj\u00edc\u00ed z\u00e1pis by ide\u00e1ln\u011b m\u011bli m\u00edt minim\u00e1ln\u00ed znalost anglick\u00e9ho jazyka na \u00farovni B2 dle:<br>Spole\u010dn\u00e9ho evropsk\u00e9ho referen\u010dn\u00edho r\u00e1mce pro jazyky <a href=\"https:\/\/www.cambridgeenglish.org\/cz\/exams-and-tests\/cefr\/)\" title=\"\"><strong>ZDE<\/strong><\/a><\/p><\/div><\/div>\n\n\n\n<div id=\"section-g85e243\" class=\"wp-block-gutentor-e1 section-g85e243 gutentor-element gutentor-element-advanced-text text-align-left-desktop text-align-left-tablet text-align-left-mobile\"><div class=\"gutentor-text-wrap\"><a class=\"gutentor-element-advanced-text-link\" href=\"#\"><h4 class=\"gutentor-text\">\u010casov\u00fd a obsahov\u00fd pl\u00e1n programu:<\/h4><\/a><\/div><\/div>\n\n\n\n<div id=\"section-g2aa5dd\" class=\"wp-block-gutentor-e1 section-g2aa5dd gutentor-element gutentor-element-advanced-text text-align-left-desktop text-align-left-tablet text-align-left-mobile\"><div class=\"gutentor-text-wrap\"><p class=\"gutentor-text\">Kurz bude prob\u00edhat v obdob\u00ed <strong>4. 3. \u2013 6. 5. 2026<\/strong>, ka\u017edou st\u0159edu v \u010dase <strong>16:00 \u2013 17:30<\/strong> hodin.<br><strong>Kurz prob\u00edh\u00e1 online<\/strong>.<br><br><strong>Program kurzu<\/strong><br>1. t\u00fdden: kupn\u00ed smlouva \/ smlouva o prodeji zbo\u017e\u00ed; ochrana spot\u0159ebitel\u016f<br>2. t\u00fdden: pracovn\u00ed smlouva<br>3. t\u00fdden: smlouva o v\u00fdkonu funkce<br>4. t\u00fdden: smlouva o obchodn\u00edm zastoupen\u00ed<br>5. t\u00fdden: n\u00e1jemn\u00ed smlouva<br>6. t\u00fdden: z\u00e1p\u016fj\u010dka a v\u00fdp\u016fj\u010dka<br>7. t\u00fdden: spot\u0159ebitelsk\u00fd \u00fav\u011br<br>8. t\u00fdden: smlouva o z\u0159\u00edzen\u00ed z\u00e1stavn\u00edho pr\u00e1va<br>9. t\u00fdden: smlouva o d\u00edlo<br>10. t\u00fdden: licen\u010dn\u00ed smlouva<br><\/p><\/div><\/div>\n\n\n\n<div id=\"section-g76923f\" class=\"wp-block-gutentor-e1 section-g76923f gutentor-element gutentor-element-advanced-text text-align-left-desktop text-align-left-tablet text-align-left-mobile\"><div class=\"gutentor-text-wrap\"><a class=\"gutentor-element-advanced-text-link\" href=\"#\"><h4 class=\"gutentor-text\">P\u0159edn\u00e1\u0161ej\u00edc\u00ed a m\u00edsto<\/h4><\/a><\/div><\/div>\n\n\n\n<div id=\"section-gae625a\" class=\"wp-block-gutentor-e1 section-gae625a gutentor-element gutentor-element-advanced-text text-align-left-desktop text-align-left-tablet text-align-left-mobile\"><div class=\"gutentor-text-wrap\"><p class=\"gutentor-text\"><strong>Garant kurzu:<\/strong> Mgr. Vladim\u00edra Kvasni\u010dkov\u00e1<br><strong>Pracovi\u0161t\u011b zaji\u0161\u0165uj\u00edc\u00ed uskute\u010dn\u011bn\u00ed<\/strong>: Katedra jazyk\u016f<br><strong>M\u00edsto kon\u00e1n\u00ed:<\/strong> prezen\u010dn\u011b na PF UK<\/p><\/div><\/div>\n\n\n\n<div id=\"section-gee8377\" class=\"wp-block-gutentor-e1 section-gee8377 gutentor-element gutentor-element-advanced-text text-align-left-desktop text-align-left-tablet text-align-left-mobile\"><div class=\"gutentor-text-wrap\"><a class=\"gutentor-element-advanced-text-link\" href=\"#\"><h4 class=\"gutentor-text\">Term\u00edn a d\u00e9lka<\/h4><\/a><\/div><\/div>\n\n\n\n<div id=\"section-gfee67c\" class=\"wp-block-gutentor-e1 section-gfee67c gutentor-element gutentor-element-advanced-text text-align-left-desktop text-align-left-tablet text-align-left-mobile\"><div class=\"gutentor-text-wrap\"><p class=\"gutentor-text\"><strong>Otev\u00edr\u00e1n v akad. roce: <\/strong>2025\/2026<br><strong>Zah\u00e1jen\u00ed: <\/strong>letn\u00ed semestr<br><strong>D\u00e9lka programu:<\/strong> kr\u00e1tkodob\u00fd<br><strong>Rozsah: <\/strong>20 hodin (online)<br><strong>Datum zah\u00e1jen\u00ed:<\/strong> 4. 3. 2026<\/p><\/div><\/div>\n\n\n\n<div id=\"section-gd08c43\" class=\"wp-block-gutentor-e1 section-gd08c43 gutentor-element gutentor-element-advanced-text text-align-left-desktop text-align-left-tablet text-align-left-mobile\"><div class=\"gutentor-text-wrap\"><a class=\"gutentor-element-advanced-text-link\" href=\"#\"><h4 class=\"gutentor-text\">Poplatky a financov\u00e1n\u00ed<\/h4><\/a><\/div><\/div>\n\n\n\n<div id=\"section-g3be90b\" class=\"wp-block-gutentor-e1 section-g3be90b gutentor-element gutentor-element-advanced-text text-align-left-desktop text-align-left-tablet text-align-left-mobile\"><div class=\"gutentor-text-wrap\"><p class=\"gutentor-text\"><strong>V\u00fd\u0161e \u00faplaty:<\/strong> 5 300 K\u010d&nbsp; \/ kurz<br>SLEVA pro zam\u011bstnance a studenty UK ve v\u00fd\u0161i 20 %<br>SLEVA 10% pro \u010dleny Komory soudn\u00edch tlumo\u010dn\u00edk\u016f<br><\/p><\/div><\/div>\n\n\n\n<div id=\"section-g1e9b9d\" class=\"wp-block-gutentor-e1 section-g1e9b9d gutentor-element gutentor-element-advanced-text text-align-left-desktop text-align-left-tablet text-align-left-mobile\"><div class=\"gutentor-text-wrap\"><a class=\"gutentor-element-advanced-text-link\" href=\"#\"><h4 class=\"gutentor-text\">P\u0159ihl\u00e1\u0161ka<\/h4><\/a><\/div><\/div>\n\n\n\n<div id=\"section-gc11ba1\" class=\"wp-block-gutentor-e1 section-gc11ba1 gutentor-element gutentor-element-advanced-text text-align-left-desktop text-align-left-tablet text-align-left-mobile\"><div class=\"gutentor-text-wrap\"><p class=\"gutentor-text\"><strong>Adresa pro doru\u010den\u00ed p\u0159ihl\u00e1\u0161ky: <\/strong>Pr\u00e1vnick\u00e1 fakulta, n\u00e1m. Curieov\u00fdch 7, Praha 1<br><strong>Pracovi\u0161t\u011b, kam doru\u010dit p\u0159ihl\u00e1\u0161ku: <\/strong>Odd\u011blen\u00ed komunikace a vn\u011bj\u0161\u00edch vztah\u016f \u2013 Juridikum<br><strong>Kontaktn\u00ed osoba: <\/strong>Bc. Julie Miklovi\u010dov\u00e1<br><strong>E-mail:<\/strong> juridikum@prf.cuni.cz<br><strong>Telefon:<\/strong> 221 005 504<br><strong>Term\u00edn pod\u00e1n\u00ed p\u0159ihl\u00e1\u0161ky: <\/strong>27. 1. 2026 &#8211; 3. 3. 2026<\/p><\/div><\/div>\n\n\n\n<p><\/p>\n<\/div>\n\n\n\n<div class=\"wp-block-gutentor-m7-tab gutentor-module-tabs-content gm-tc-3e06f8\">\n<section id=\"gmb7ad748\" class=\"wp-block-gutentor-m2 section-gmb7ad748 gutentor-module gutentor-dynamic-columns\"><div class=\"grid-container gutentor-rm-ct-space\"><div class=\"grid-row\">\n<div id=\"col-gmf7b5c4\" class=\"wp-block-gutentor-m2-col col-gmf7b5c4 gutentor-module gutentor-dynamic-single-column grid-lg-12 grid-md-12 grid-12\"><div id=\"section-gmf7b5c4\" class=\"section-gmf7b5c4 gutentor-single-col has-color-bg has-custom-bg\">\n<section id=\"gm2f14d07\" class=\"wp-block-gutentor-m4 section-gm2f14d07 gutentor-module gutentor-advanced-columns\"><div class=\"grid-container gutentor-rm-ct-space\"><div class=\"grid-row\">\n<div id=\"col-gm1cdbe4\" class=\"wp-block-gutentor-m4-col col-gm1cdbe4 gutentor-single-column  grid-lg-5 grid-md-12 grid-12\"><div id=\"section-gm1cdbe4\" class=\"section-gm1cdbe4 gutentor-col-wrap\">\n<div id=\"section-gafa5b4\" class=\"wp-block-gutentor-e6 section-gafa5b4 gutentor-element gutentor-element-image gutentor-enabled-width text-align-center-desktop\"><div class=\"gutentor-element-image-box\"><div class=\"gutentor-image-thumb\"><img decoding=\"async\" class=\"normal-image\" src=\"https:\/\/law.prf.cuni.cz\/juridikum\/wp-content\/uploads\/sites\/4\/2023\/07\/kvasnickova.png\" \/><\/div><\/div><\/div>\n<\/div><\/div>\n\n\n\n<div id=\"col-gm64a9c5\" class=\"wp-block-gutentor-m4-col col-gm64a9c5 gutentor-single-column  grid-lg-7 grid-md-12 grid-12\"><div id=\"section-gm64a9c5\" class=\"section-gm64a9c5 gutentor-col-wrap\">\n<div id=\"section-gdeaf95\" class=\"wp-block-gutentor-e1 section-gdeaf95 gutentor-element gutentor-element-advanced-text text-align-left-desktop text-align-center-tablet text-align-center-mobile\"><div class=\"gutentor-text-wrap\"><a class=\"gutentor-element-advanced-text-link\" href=\"#\"><h4 class=\"gutentor-text\">Mgr. Vladim\u00edra Kvasni\u010dkov\u00e1<\/h4><\/a><\/div><\/div>\n\n\n\n<div id=\"section-gba8fce\" class=\"wp-block-gutentor-e1 section-gba8fce gutentor-element gutentor-element-advanced-text text-align-left-desktop text-align-center-tablet text-align-center-mobile\"><div class=\"gutentor-text-wrap\"><p class=\"gutentor-text\">Katedra jazyk\u016f<\/p><\/div><\/div>\n\n\n\n<div id=\"section-g67d784\" class=\"wp-block-gutentor-e1 section-g67d784 gutentor-element gutentor-element-advanced-text text-align-left-desktop text-align-center-tablet text-align-center-mobile\"><div class=\"gutentor-text-wrap\"><p class=\"gutentor-text\"><br><\/p><\/div><\/div>\n<\/div><\/div>\n<\/div><\/div><\/section>\n\n\n\n<div id=\"section-gf806ed\" class=\"wp-block-gutentor-e2 section-gf806ed gutentor-element gutentor-element-button button-align-center-desktop\"><span class=\"gutentor-button-wrap\"><a class=\"gutentor-button gutentor-block-button gutentor-icon-hide\" href=\"https:\/\/www.prf.cuni.cz\/detail-cloveka\/776024\"><i class=\"gutentor-button-icon fas fa-book\"><\/i><span>V\u00edce o lektorovi zde<\/span><\/a><\/span><\/div>\n<\/div><\/div>\n<\/div><\/div><\/section>\n<\/div>\n<\/div><\/div><\/div><\/section>\n<\/div><\/div>\n<\/div><\/div><\/section>\n<\/div><\/div>\n\n\n\n<div id=\"col-gm958eaa\" class=\"wp-block-gutentor-m4-col col-gm958eaa gutentor-single-column  grid-lg-4 grid-md-12 grid-12\"><div id=\"section-gm958eaa\" class=\"section-gm958eaa gutentor-col-wrap\">\n<section id=\"gm2f0b8f9\" class=\"wp-block-gutentor-m3 section-gm2f0b8f9 gutentor-module gutentor-container-cover has-color-bg has-custom-bg\"><div class=\"grid-container\">\n<div id=\"section-gb64b71\" class=\"wp-block-gutentor-e7 section-gb64b71 gutentor-element gutentor-element-list text-align-left-desktop text-align-left-tablet text-align-left-mobile\"><ul class=\"grid-row gutentor-grid-item-wrap list-indicator-icon\"><li class=\"gutentor-list-item grid-lg-12 grid-md-12 grid-12 gutentor-rm-col-space\"><span class=\"gutentor-single-item gutentor-single-item-0\"><span class=\"gutentor-list-item-wrap g-s-list-wrap\"><span class=\"gutentor-single-list-item-icon\"><i class=\"list-item-icon far fa-clock\"><\/i><\/span><span class=\"gutentor-list-item\"><p class=\"gutentor-single-item-title\"><strong>4. 3.<\/strong> <strong>\u2013<\/strong> <strong>6. 5. 2026<\/strong> online<\/p><\/span><\/span><\/span><\/li><\/ul><\/div>\n\n\n\n<div id=\"section-g120ceb\" class=\"wp-block-gutentor-e7 section-g120ceb gutentor-element gutentor-element-list text-align-left-desktop text-align-left-tablet text-align-left-mobile\"><ul class=\"grid-row gutentor-grid-item-wrap list-indicator-icon\"><li class=\"gutentor-list-item grid-lg-12 grid-md-12 grid-12 gutentor-rm-col-space\"><span class=\"gutentor-single-item gutentor-single-item-0\"><span class=\"gutentor-list-item-wrap g-s-list-wrap\"><span class=\"gutentor-single-list-item-icon\"><i class=\"list-item-icon far fa-file\"><\/i><\/span><span class=\"gutentor-list-item\"><p class=\"gutentor-single-item-title\">Ka\u017ed\u00fd \u00fa\u010dastn\u00edk\u00a0dostane studijn\u00ed materi\u00e1ly<\/p><\/span><\/span><\/span><\/li><\/ul><\/div>\n\n\n\n<div id=\"section-g66fcf4\" class=\"wp-block-gutentor-e7 section-g66fcf4 gutentor-element gutentor-element-list text-align-left-desktop text-align-left-tablet text-align-left-mobile\"><ul class=\"grid-row gutentor-grid-item-wrap list-indicator-icon\"><li class=\"gutentor-list-item grid-lg-12 grid-md-12 grid-12 gutentor-rm-col-space\"><span class=\"gutentor-single-item gutentor-single-item-0\"><span class=\"gutentor-list-item-wrap g-s-list-wrap\"><span class=\"gutentor-single-list-item-icon\"><i class=\"list-item-icon fas fa-user-friends\"><\/i><\/span><span class=\"gutentor-list-item\"><p class=\"gutentor-single-item-title\">Maxim\u00e1ln\u00ed po\u010det student\u016f: 25 <\/p><\/span><\/span><\/span><\/li><\/ul><\/div>\n\n\n\n<div id=\"section-g15f382\" class=\"wp-block-gutentor-e7 section-g15f382 gutentor-element gutentor-element-list text-align-left-desktop text-align-left-tablet text-align-left-mobile\"><ul class=\"grid-row gutentor-grid-item-wrap list-indicator-icon\"><li class=\"gutentor-list-item grid-lg-12 grid-md-12 grid-12 gutentor-rm-col-space\"><span class=\"gutentor-single-item gutentor-single-item-0\"><span class=\"gutentor-list-item-wrap g-s-list-wrap\"><span class=\"gutentor-single-list-item-icon\"><i class=\"list-item-icon far fa-check-square\"><\/i><\/span><span class=\"gutentor-list-item\"><p class=\"gutentor-single-item-title\">5 300 K\u010d \/ kurz<br><br>SLEVA pro zam\u011bstnance a studenty UK ve v\u00fd\u0161i 20 %<br><br>SLEVA 10% pro \u010dleny Komory soudn\u00edch tlumo\u010dn\u00edk\u016f<\/p><\/span><\/span><\/span><\/li><\/ul><\/div>\n<\/div><\/section>\n\n\n\n<div id=\"section-gf6a850\" class=\"wp-block-gutentor-e2 section-gf6a850 gutentor-element gutentor-element-button g-pos-r-desktop g-pos-r-tablet g-pos-r-mobile button-align-center-desktop button-align-center-tablet button-align-center-mobile\"><span class=\"gutentor-button-wrap\"><a class=\"gutentor-button gutentor-block-button gutentor-icon-hide\" href=\"https:\/\/is.cuni.cz\/studium\/prijimacky\/index.php?do=detail_kurz&amp;cid=12595\" target=\"_blank\" rel=\" noopener noreferrer\"><i class=\"gutentor-button-icon fas fa-book\"><\/i><span>Language of Contracts<br>P\u0158IHL\u00c1SIT SE <\/span><\/a><\/span><\/div>\n<\/div><\/div>\n<\/div><\/div><\/section>\n\n\n\n<section id=\"gm2849200\" class=\"wp-block-gutentor-m4 alignfull section-gm2849200 gutentor-module gutentor-advanced-columns gutentor-equal-column-height\"><div class=\"grid-container\"><div class=\"grid-row\">\n<div id=\"col-gmaae042\" class=\"wp-block-gutentor-m4-col col-gmaae042 gutentor-single-column  grid-lg-12 grid-md-12 grid-12 gutentor-rm-col-space\"><div id=\"section-gmaae042\" class=\"section-gmaae042 gutentor-col-wrap has-image-bg has-custom-bg has-gutentor-overlay\">\n<div id=\"section-g449ab6\" class=\"wp-block-gutentor-e1 section-g449ab6 gutentor-element gutentor-element-advanced-text text-align-center-desktop text-align-center-tablet text-align-center-mobile\"><div class=\"gutentor-text-wrap\"><p class=\"gutentor-text\">M\u00e1te z\u00e1jem o jin\u00fd kurz?<br>Kontaktuje n\u00e1s a p\u0159iprav\u00edme pro v\u00e1s kurz na kl\u00ed\u010d<\/p><\/div><\/div>\n\n\n\n<div id=\"section-gd3dd0f\" class=\"wp-block-gutentor-e2 section-gd3dd0f gutentor-element gutentor-element-button button-align-center-desktop button-align-center-tablet button-align-center-mobile\"><span class=\"gutentor-button-wrap\"><a class=\"gutentor-button gutentor-block-button gutentor-icon-hide\" href=\"https:\/\/law.prf.cuni.cz\/juridikum\/kontakty\/\"><i class=\"gutentor-button-icon fas fa-book\"><\/i><span>Kontakty<\/span><\/a><\/span><\/div>\n\n\n\n<p><\/p>\n<\/div><\/div>\n<\/div><\/div><\/section>\n","protected":false},"excerpt":{"rendered":"","protected":false},"author":2,"featured_media":0,"parent":0,"menu_order":0,"comment_status":"closed","ping_status":"closed","template":"template-gutentor-full-width.php","meta":{"_monsterinsights_skip_tracking":false,"_monsterinsights_sitenote_active":false,"_monsterinsights_sitenote_note":"","_monsterinsights_sitenote_category":0,"_kadence_starter_templates_imported_post":false,"footnotes":""},"class_list":["post-2081","page","type-page","status-publish","hentry"],"aioseo_notices":[],"_links":{"self":[{"href":"https:\/\/law.prf.cuni.cz\/juridikum\/wp-json\/wp\/v2\/pages\/2081","targetHints":{"allow":["GET"]}}],"collection":[{"href":"https:\/\/law.prf.cuni.cz\/juridikum\/wp-json\/wp\/v2\/pages"}],"about":[{"href":"https:\/\/law.prf.cuni.cz\/juridikum\/wp-json\/wp\/v2\/types\/page"}],"author":[{"embeddable":true,"href":"https:\/\/law.prf.cuni.cz\/juridikum\/wp-json\/wp\/v2\/users\/2"}],"replies":[{"embeddable":true,"href":"https:\/\/law.prf.cuni.cz\/juridikum\/wp-json\/wp\/v2\/comments?post=2081"}],"version-history":[{"count":35,"href":"https:\/\/law.prf.cuni.cz\/juridikum\/wp-json\/wp\/v2\/pages\/2081\/revisions"}],"predecessor-version":[{"id":4159,"href":"https:\/\/law.prf.cuni.cz\/juridikum\/wp-json\/wp\/v2\/pages\/2081\/revisions\/4159"}],"wp:attachment":[{"href":"https:\/\/law.prf.cuni.cz\/juridikum\/wp-json\/wp\/v2\/media?parent=2081"}],"curies":[{"name":"wp","href":"https:\/\/api.w.org\/{rel}","templated":true}]}}