{"id":1066,"date":"2022-07-04T13:57:18","date_gmt":"2022-07-04T11:57:18","guid":{"rendered":"https:\/\/law.prf.cuni.cz\/juridikum\/?page_id=1066"},"modified":"2026-04-16T15:00:10","modified_gmt":"2026-04-16T13:00:10","slug":"program-czv","status":"publish","type":"page","link":"https:\/\/law.prf.cuni.cz\/juridikum\/program-czv\/","title":{"rendered":"Program C\u017dV &#8211; univerzita t\u0159et\u00edho v\u011bku"},"content":{"rendered":"\n<section id=\"gm0015243\" class=\"wp-block-gutentor-m3 alignwide section-gm0015243 gutentor-module gutentor-container-cover\"><div class=\"grid-container\">\n<div id=\"section-g8e60a7\" class=\"wp-block-gutentor-e1 section-g8e60a7 gutentor-element gutentor-element-advanced-text text-align-center-desktop text-align-center-tablet text-align-center-mobile\"><div class=\"gutentor-text-wrap\"><h1 class=\"gutentor-text\">Program C\u017dV &#8211; univerzita t\u0159et\u00edho v\u011bku<\/h1><\/div><\/div>\n\n\n\n<h2 class=\"wp-block-heading has-text-align-center has-brown-color has-text-color\">Vyberte si z nab\u00eddky p\u0159ipravovan\u00fdch kurz\u016f<\/h2>\n<\/div><\/section>\n\n\n\n<section id=\"gmad1f1fc\" class=\"wp-block-gutentor-m2 section-gmad1f1fc gutentor-module gutentor-dynamic-columns\"><div class=\"grid-container gutentor-rm-ct-space\"><div class=\"grid-row\">\n<div id=\"col-gm5ea512\" class=\"wp-block-gutentor-m2-col col-gm5ea512 gutentor-module gutentor-dynamic-single-column grid-lg-4 grid-md-6 grid-12\"><div id=\"section-gm5ea512\" class=\"section-gm5ea512 gutentor-single-col\">\n<section id=\"gm2292312\" class=\"wp-block-gutentor-m3 section-gm2292312 gutentor-module gutentor-container-cover has-color-bg has-custom-bg\"><div class=\"grid-container gutentor-rm-ct-space\">\n<div id=\"section-g89e650\" class=\"wp-block-gutentor-e6 section-g89e650 gutentor-element gutentor-element-image text-align-center-desktop\"><div class=\"gutentor-element-image-box\"><a class=\"gutentor-element-image-link\" href=\"https:\/\/is.cuni.cz\/studium\/prijimacky\/index.php?do=detail_kurz&amp;cid=11878\"><div class=\"gutentor-image-thumb\"><img decoding=\"async\" class=\"normal-image\" src=\"https:\/\/law.prf.cuni.cz\/juridikum\/wp-content\/uploads\/sites\/4\/2025\/06\/uvodni_foto_kurz_330x250.png\" \/><\/div><\/a><\/div><\/div>\n\n\n\n<div id=\"section-g584eb7\" class=\"wp-block-gutentor-e2 section-g584eb7 gutentor-element gutentor-element-button g-pos-r-desktop g-pos-r-tablet g-pos-r-mobile button-align-center-desktop button-align-center-tablet button-align-center-mobile\"><span class=\"gutentor-button-wrap\"><a class=\"gutentor-button gutentor-block-button gutentor-icon-hide\" href=\"https:\/\/is.cuni.cz\/studium\/prijimacky\/index.php?do=detail_kurz&amp;cid=11878\"><i class=\"gutentor-button-icon fas fa-book\"><\/i><span> Kurz U3V<\/span><\/a><\/span><\/div>\n\n\n\n<div id=\"section-g8723a1\" class=\"wp-block-gutentor-e1 section-g8723a1 gutentor-element gutentor-element-advanced-text text-align-left-desktop text-align-left-tablet text-align-left-mobile\"><div class=\"gutentor-text-wrap\"><a class=\"gutentor-element-advanced-text-link\" href=\"https:\/\/law.prf.cuni.cz\/juridikum\/in-vino-veritas\/\"><h2 class=\"gutentor-text\">Pr\u00e1vo <\/h2><\/a><\/div><\/div>\n\n\n\n<div id=\"section-g3b6e61\" class=\"wp-block-gutentor-e1 section-g3b6e61 gutentor-element gutentor-element-advanced-text text-align-left-desktop text-align-left-tablet text-align-left-mobile\"><div class=\"gutentor-text-wrap\"><p class=\"gutentor-text\">Program nab\u00edz\u00ed senior\u016fm z\u00e1klady pr\u00e1va, zaj\u00edmav\u00e9 odborn\u00e9 p\u0159edn\u00e1\u0161ky a odborn\u00e1 sd\u011blen\u00ed z vybran\u00e9 problematiky jednotliv\u00fdch pr\u00e1vn\u00edch obor\u016f a diskutovan\u00fdch probl\u00e9m\u016f pr\u00e1va. V\u00fduka prob\u00edh\u00e1 formou p\u0159edn\u00e1\u0161ek p\u0159edn\u00edch odborn\u00edk\u016f, p\u0159edn\u00e1\u0161ej\u00ed profeso\u0159i, docenti a odborn\u00ed asistenti z jednotliv\u00fdch kateder fakulty. P\u0159edn\u00e1\u0161ky se konaj\u00ed jednou t\u00fddn\u011b v letn\u00edm a zimn\u00edm semestru. <br><br><br><\/p><\/div><\/div>\n\n\n\n<section id=\"gm26dfe54\" class=\"wp-block-gutentor-m4 section-gm26dfe54 gutentor-module gutentor-advanced-columns\"><div class=\"grid-container gutentor-rm-ct-space\"><div class=\"grid-row\">\n<div id=\"col-gm701de3\" class=\"wp-block-gutentor-m4-col col-gm701de3 gutentor-single-column  grid-lg-2 grid-md-2 grid-2\"><div id=\"section-gm701de3\" class=\"section-gm701de3 gutentor-col-wrap\">\n<div id=\"section-g887b1e\" class=\"wp-block-gutentor-e6 section-g887b1e gutentor-element gutentor-element-image gutentor-enabled-width text-align-center-desktop text-align-left-tablet text-align-left-mobile\"><div class=\"gutentor-element-image-box\"><div class=\"gutentor-image-thumb\"><img decoding=\"async\" class=\"normal-image\" src=\"https:\/\/law.prf.cuni.cz\/juridikum\/wp-content\/uploads\/sites\/4\/2022\/04\/30eae4b3-4107-4214-a9f1-58fa37fc6257.jpg\" \/><\/div><\/div><\/div>\n<\/div><\/div>\n\n\n\n<div id=\"col-gm28efce\" class=\"wp-block-gutentor-m4-col col-gm28efce gutentor-single-column  grid-lg-10 grid-md-10 grid-10\"><div id=\"section-gm28efce\" class=\"section-gm28efce gutentor-col-wrap\">\n<div id=\"section-gd92636\" class=\"wp-block-gutentor-e1 section-gd92636 gutentor-element gutentor-element-advanced-text\"><div class=\"gutentor-text-wrap\"><p class=\"gutentor-text\">Garant programu: JUDr. Luk\u00e1\u0161 Bohuslav, Ph.D.<\/p><\/div><\/div>\n\n\n\n<p><\/p>\n<\/div><\/div>\n<\/div><\/div><\/section>\n\n\n\n<div id=\"section-gce719c\" class=\"wp-block-gutentor-e2 section-gce719c gutentor-element gutentor-element-button g-pos-r-desktop g-pos-r-tablet g-pos-r-mobile button-align-center-desktop button-align-center-tablet button-align-center-mobile\"><span class=\"gutentor-button-wrap\"><a class=\"gutentor-button gutentor-block-button gutentor-icon-hide\" href=\"https:\/\/is.cuni.cz\/studium\/prijimacky\/index.php?do=detail_kurz&amp;cid=11878\"><i class=\"gutentor-button-icon fas fa-book\"><\/i><span>V\u00edce informac\u00ed zde<\/span><\/a><\/span><\/div>\n<\/div><\/section>\n<\/div><\/div>\n<\/div><\/div><\/section>\n\n\n\n<section id=\"gmfb36640\" class=\"wp-block-gutentor-m2 section-gmfb36640 gutentor-module gutentor-dynamic-columns\"><div class=\"grid-container gutentor-rm-ct-space\"><div class=\"grid-row\">\n<div id=\"col-gme5f3d1\" class=\"wp-block-gutentor-m2-col col-gme5f3d1 gutentor-module gutentor-dynamic-single-column grid-lg-4 grid-md-6 grid-12\"><div id=\"section-gme5f3d1\" class=\"section-gme5f3d1 gutentor-single-col\"><\/div><\/div>\n<\/div><\/div><\/section>\n\n\n\n<div style=\"height:100px\" aria-hidden=\"true\" class=\"wp-block-spacer\"><\/div>\n\n\n\n<div style=\"height:50px\" aria-hidden=\"true\" class=\"wp-block-spacer\"><\/div>\n\n\n\n<section id=\"gma093675\" class=\"wp-block-gutentor-m4 alignfull section-gma093675 gutentor-module gutentor-advanced-columns gutentor-equal-column-height\"><div class=\"grid-container\"><div class=\"grid-row\">\n<div id=\"col-gme0f5e6\" class=\"wp-block-gutentor-m4-col col-gme0f5e6 gutentor-single-column  grid-lg-12 grid-md-12 grid-12 gutentor-rm-col-space\"><div id=\"section-gme0f5e6\" class=\"section-gme0f5e6 gutentor-col-wrap has-image-bg has-custom-bg has-gutentor-overlay\"><\/div><\/div>\n<\/div><\/div><\/section>\n","protected":false},"excerpt":{"rendered":"","protected":false},"author":2,"featured_media":0,"parent":0,"menu_order":0,"comment_status":"closed","ping_status":"closed","template":"template-gutentor-full-width.php","meta":{"_monsterinsights_skip_tracking":false,"_monsterinsights_sitenote_active":false,"_monsterinsights_sitenote_note":"","_monsterinsights_sitenote_category":0,"_kadence_starter_templates_imported_post":false,"footnotes":""},"class_list":["post-1066","page","type-page","status-publish","hentry"],"aioseo_notices":[],"_links":{"self":[{"href":"https:\/\/law.prf.cuni.cz\/juridikum\/wp-json\/wp\/v2\/pages\/1066","targetHints":{"allow":["GET"]}}],"collection":[{"href":"https:\/\/law.prf.cuni.cz\/juridikum\/wp-json\/wp\/v2\/pages"}],"about":[{"href":"https:\/\/law.prf.cuni.cz\/juridikum\/wp-json\/wp\/v2\/types\/page"}],"author":[{"embeddable":true,"href":"https:\/\/law.prf.cuni.cz\/juridikum\/wp-json\/wp\/v2\/users\/2"}],"replies":[{"embeddable":true,"href":"https:\/\/law.prf.cuni.cz\/juridikum\/wp-json\/wp\/v2\/comments?post=1066"}],"version-history":[{"count":35,"href":"https:\/\/law.prf.cuni.cz\/juridikum\/wp-json\/wp\/v2\/pages\/1066\/revisions"}],"predecessor-version":[{"id":4265,"href":"https:\/\/law.prf.cuni.cz\/juridikum\/wp-json\/wp\/v2\/pages\/1066\/revisions\/4265"}],"wp:attachment":[{"href":"https:\/\/law.prf.cuni.cz\/juridikum\/wp-json\/wp\/v2\/media?parent=1066"}],"curies":[{"name":"wp","href":"https:\/\/api.w.org\/{rel}","templated":true}]}}