{"id":1012,"date":"2022-07-01T10:15:29","date_gmt":"2022-07-01T08:15:29","guid":{"rendered":"https:\/\/law.prf.cuni.cz\/juridikum\/?page_id=1012"},"modified":"2022-07-04T15:14:25","modified_gmt":"2022-07-04T13:14:25","slug":"hlidac-ktery-dohlidal","status":"publish","type":"page","link":"https:\/\/law.prf.cuni.cz\/juridikum\/hlidac-ktery-dohlidal\/","title":{"rendered":"Hl\u00edda\u010d, kter\u00fd dohl\u00eddal"},"content":{"rendered":"\n<section id=\"gmf534e98\" class=\"wp-block-gutentor-m3 section-gmf534e98 gutentor-module gutentor-container-cover\"><div class=\"grid-container\">\n<div id=\"section-g258835\" class=\"wp-block-gutentor-e1 section-g258835 gutentor-element gutentor-element-advanced-text text-align-left-desktop text-align-left-tablet text-align-center-mobile\"><div class=\"gutentor-text-wrap\"><h2 class=\"gutentor-text\"> Hl\u00edda\u010d, kter\u00fd dohl\u00eddal<\/h2><\/div><\/div>\n<\/div><\/section>\n\n\n\n<section id=\"gm985826d\" class=\"wp-block-gutentor-m4 section-gm985826d gutentor-module gutentor-advanced-columns\"><div class=\"grid-container\"><div class=\"grid-row\">\n<div id=\"col-gme06099\" class=\"wp-block-gutentor-m4-col col-gme06099 gutentor-single-column  grid-lg-8 grid-md-12 grid-12\"><div id=\"section-gme06099\" class=\"section-gme06099 gutentor-col-wrap\">\n<section id=\"section-a65362b5-dc4e-4402-8f88-0ce5ad98a999\" class=\"wp-block-gutentor-image-slider gutentor-section gutentor-image-slider imageSlider-template1\"><div class=\"gutentor-grid-item-wrap\"><div class=\"gutentor-slider-wrapper\" data-dots=\"true\" data-arrows=\"false\" data-infinite=\"false\" data-nextarrow=\"fas fa-angle-right\" data-prevarrow=\"fas fa-angle-left\" data-autoplay=\"false\" data-autoplayspeed=\"5000\" data-fade=\"false\" data-speed=\"3000\"><div class=\"gutentor-slider-item\"><div class=\"gutentor-single-item gutentor-single-item-0\"><div class=\"gutentor-single-item-wrap\"><div class=\"gutentor-single-item-image-box\"><div class=\"gutentor-bg-image\"><\/div><\/div><\/div><\/div><\/div><div class=\"gutentor-slider-item\"><div class=\"gutentor-single-item gutentor-single-item-1\"><div class=\"gutentor-single-item-wrap\"><div class=\"gutentor-single-item-image-box\"><div class=\"gutentor-bg-image\"><\/div><\/div><\/div><\/div><\/div><div class=\"gutentor-slider-item\"><div class=\"gutentor-single-item gutentor-single-item-2\"><div class=\"gutentor-single-item-wrap\"><div class=\"gutentor-single-item-image-box\"><div class=\"gutentor-bg-image\"><\/div><\/div><\/div><\/div><\/div><\/div><\/div><\/section>\n\n\n\n<section id=\"3fb4e8\" class=\"section-3fb4e8 gutentor-module gutentor-module-tabs gutentor-tabs-layout-horizontal gutentor-tabs-pos-top\"><div class=\"grid-container\"><div class=\"gutentor-module-tabs-wrap gutentor-tabs-style-outline\" data-id=\"3fb4e8\"><div class=\"gutentor-module-tabs-nav text-align-left-desktop\"><span class=\"gutentor-module-tabs-item gm-tt-3fb4e8 gutentor-tabs-nav-active\"><span class=\"gutentor-module-tabs-title\">P\u0159ehled<\/span><\/span><span class=\"gutentor-module-tabs-item gm-tt-3fb4e8\"><span class=\"gutentor-module-tabs-title\">Anotace<\/span><\/span><span class=\"gutentor-module-tabs-item gm-tt-3fb4e8\"><span class=\"gutentor-module-tabs-title\">Lektor<\/span><\/span><\/div><div class=\"gutentor-module-tabs-body\">\n<div class=\"wp-block-gutentor-m7-tab gutentor-module-tabs-content gm-tc-3fb4e8 gutentor-tabs-content-active\">\n<div id=\"section-gc3e35a\" class=\"wp-block-gutentor-e1 section-gc3e35a gutentor-element gutentor-element-advanced-text text-align-left-desktop text-align-left-tablet text-align-left-mobile\"><div class=\"gutentor-text-wrap\"><a class=\"gutentor-element-advanced-text-link\" href=\"#\"><h4 class=\"gutentor-text\">Hl\u00edda\u010d, kter\u00fd dohl\u00eddal<\/h4><\/a><\/div><\/div>\n\n\n\n<div id=\"section-gb7f24b\" class=\"wp-block-gutentor-e1 section-gb7f24b gutentor-element gutentor-element-advanced-text text-align-left-desktop text-align-left-tablet text-align-left-mobile\"><div class=\"gutentor-text-wrap\"><p class=\"gutentor-text\">Za jak\u00fdch okolnost\u00ed m\u016f\u017ee zam\u011bstnavatel propustit problematick\u00e9ho zam\u011bstnance? A kdy mus\u00ed zaplatit odstupn\u00e9?<br>C\u00edlem simulovan\u00fdch soud\u016f je umo\u017enit poslucha\u010d\u016fm U3V simulovan\u00e9 soudn\u00ed jedn\u00e1n\u00ed a p\u0159ibl\u00ed\u017eit jim tak praktickou soudn\u00ed praxi. V\u00fduka pr\u00e1va prost\u0159ednictv\u00edm simulovan\u00fdch soud\u016f m\u00e1 dlouholetou tradici na zahrani\u010dn\u00edch univerzit\u00e1ch a st\u00e1v\u00e1 se t\u00e9\u017e obl\u00edbenou sou\u010d\u00e1st\u00ed studia na pr\u00e1vnick\u00fdch fakult\u00e1ch v \u010cesk\u00e9 republice.<\/p><\/div><\/div>\n\n\n\n<div id=\"section-gc8d9e6\" class=\"wp-block-gutentor-e1 section-gc8d9e6 gutentor-element gutentor-element-advanced-text text-align-left-desktop text-align-left-tablet text-align-left-mobile\"><div class=\"gutentor-text-wrap\"><a class=\"gutentor-element-advanced-text-link\" href=\"#\"><h4 class=\"gutentor-text\"><\/h4><\/a><\/div><\/div>\n<\/div>\n\n\n\n<div class=\"wp-block-gutentor-m7-tab gutentor-module-tabs-content gm-tc-3fb4e8\">\n<div id=\"section-g97c17f\" class=\"wp-block-gutentor-e1 section-g97c17f gutentor-element gutentor-element-advanced-text text-align-left-desktop text-align-left-tablet text-align-left-mobile\"><div class=\"gutentor-text-wrap\"><a class=\"gutentor-element-advanced-text-link\" href=\"#\"><h4 class=\"gutentor-text\">Charakteristika programu:<\/h4><\/a><\/div><\/div>\n\n\n\n<div id=\"section-g22c191\" class=\"wp-block-gutentor-e1 section-g22c191 gutentor-element gutentor-element-advanced-text text-align-left-desktop text-align-left-tablet text-align-left-mobile\"><div class=\"gutentor-text-wrap\"><p class=\"gutentor-text\">C\u00edlem simulovan\u00fdch soud\u016f je umo\u017enit poslucha\u010d\u016fm U3V simulovan\u00e9 soudn\u00ed jedn\u00e1n\u00ed a p\u0159ibl\u00ed\u017eit jim tak praktickou soudn\u00ed praxi. V\u00fduka pr\u00e1va prost\u0159ednictv\u00edm simulovan\u00fdch soud\u016f m\u00e1 dlouholetou tradici na zahrani\u010dn\u00edch univerzit\u00e1ch a st\u00e1v\u00e1 se t\u00e9\u017e obl\u00edbenou sou\u010d\u00e1st\u00ed studia na pr\u00e1vnick\u00fdch fakult\u00e1ch v \u010cesk\u00e9 republice.<br>V r\u00e1mci semin\u00e1\u0159e se studenti sezn\u00e1m\u00ed se z\u00e1kladn\u00edmi principy simulovan\u00fdch soud\u016f a osvoj\u00ed si pot\u0159ebn\u00e9 dovednosti. Program p\u0159edstavuje praktick\u00fd \u00favod do pr\u00e1vn\u00ed argumentace a z\u00e1kladn\u00ed orientace v pr\u00e1ci s pr\u00e1vn\u00edmi p\u0159edpisy a v neposledn\u00ed \u0159ad\u011b poskytuje prostor pro rozvoj prezenta\u010dn\u00edch dovednost\u00ed.<\/p><\/div><\/div>\n\n\n\n<div id=\"section-g2c8b06\" class=\"wp-block-gutentor-e1 section-g2c8b06 gutentor-element gutentor-element-advanced-text text-align-left-desktop text-align-left-tablet text-align-left-mobile\"><div class=\"gutentor-text-wrap\"><a class=\"gutentor-element-advanced-text-link\" href=\"#\"><h4 class=\"gutentor-text\">\u010casov\u00fd a obsahov\u00fd pl\u00e1n programu:<\/h4><\/a><\/div><\/div>\n\n\n\n<div id=\"section-gff395a\" class=\"wp-block-gutentor-e1 section-gff395a gutentor-element gutentor-element-advanced-text text-align-left-desktop text-align-left-tablet text-align-left-mobile\"><div class=\"gutentor-text-wrap\"><p class=\"gutentor-text\"><br>Program bude rozd\u011blen na dv\u011b \u010d\u00e1sti<br>Teoretick\u00e1 \u2013 p\u0159edn\u00e1\u0161ka z oblasti ob\u010dansk\u00e9ho pr\u00e1va a pr\u00e1vn\u00edch p\u0159edpis\u016f vztahuj\u00edc\u00edch se k p\u0159\u00edpadu<br>Praktick\u00e1 \u2013 \u00fa\u010dastn\u00edci si rozd\u011bl\u00ed role soudn\u00edho jedn\u00e1n\u00ed a aktivn\u011b se budou \u00fa\u010dastnit procesu<br>Hl\u00edda\u010d, kter\u00fd dohl\u00eddal &#8211; tematick\u00fd obsah<br>Za jak\u00fdch okolnost\u00ed m\u016f\u017ee zam\u011bstnavatel propustit problematick\u00e9ho zam\u011bstnance? A kdy mus\u00ed zaplatit odstupn\u00e9?<br>\u00da\u010dastn\u00edci nap\u00ed\u0161\u00ed z\u00e1v\u011bre\u010dnou esej na dan\u00e9 t\u00e9ma.<\/p><\/div><\/div>\n\n\n\n<div id=\"section-g9f48d7\" class=\"wp-block-gutentor-e1 section-g9f48d7 gutentor-element gutentor-element-advanced-text text-align-left-desktop text-align-left-tablet text-align-left-mobile\"><div class=\"gutentor-text-wrap\"><a class=\"gutentor-element-advanced-text-link\" href=\"#\"><h4 class=\"gutentor-text\">P\u0159edn\u00e1\u0161ej\u00edc\u00ed a m\u00edsto<\/h4><\/a><\/div><\/div>\n\n\n\n<div id=\"section-gc11b3a\" class=\"wp-block-gutentor-e1 section-gc11b3a gutentor-element gutentor-element-advanced-text text-align-left-desktop text-align-left-tablet text-align-left-mobile\"><div class=\"gutentor-text-wrap\"><p class=\"gutentor-text\"><strong>Garanti kurzu:<\/strong> JUDr. Luk\u00e1\u0161 Bohuslav, Ph.D., Mgr. Bc. Zuzana Van\u00fdskov\u00e1<br><strong>Pracovi\u0161t\u011b zaji\u0161\u0165uj\u00edc\u00ed uskute\u010dn\u011bn\u00ed<\/strong>: Katedra trestn\u00edho pr\u00e1va<br><strong>M\u00edsto kon\u00e1n\u00ed:<\/strong> prezen\u010dn\u011b na PF UK<\/p><\/div><\/div>\n\n\n\n<div id=\"section-ge461b9\" class=\"wp-block-gutentor-e1 section-ge461b9 gutentor-element gutentor-element-advanced-text text-align-left-desktop text-align-left-tablet text-align-left-mobile\"><div class=\"gutentor-text-wrap\"><a class=\"gutentor-element-advanced-text-link\" href=\"#\"><h4 class=\"gutentor-text\">Term\u00edn a d\u00e9lka<\/h4><\/a><\/div><\/div>\n\n\n\n<div id=\"section-gd91254\" class=\"wp-block-gutentor-e1 section-gd91254 gutentor-element gutentor-element-advanced-text text-align-left-desktop text-align-left-tablet text-align-left-mobile\"><div class=\"gutentor-text-wrap\"><p class=\"gutentor-text\"><strong>Otev\u00edr\u00e1n v akad. roce: <\/strong>2022\/2023<br><strong>Zah\u00e1jen\u00ed: <\/strong>zimn\u00ed semestr, listopad<br><strong>D\u00e9lka programu (v semestrech\/kr\u00e1tkodob\u00fd): <\/strong>Kr\u00e1tkodob\u00e9<br><strong>Rozsah: <\/strong>12 hodin<br><strong>Datum uskute\u010dn\u011bn\u00ed: <\/strong>listopad<\/p><\/div><\/div>\n\n\n\n<div id=\"section-gf25379\" class=\"wp-block-gutentor-e1 section-gf25379 gutentor-element gutentor-element-advanced-text text-align-left-desktop text-align-left-tablet text-align-left-mobile\"><div class=\"gutentor-text-wrap\"><a class=\"gutentor-element-advanced-text-link\" href=\"#\"><h4 class=\"gutentor-text\">Poplatky a financov\u00e1n\u00ed<\/h4><\/a><\/div><\/div>\n\n\n\n<div id=\"section-gbd72ec\" class=\"wp-block-gutentor-e1 section-gbd72ec gutentor-element gutentor-element-advanced-text text-align-left-desktop text-align-left-tablet text-align-left-mobile\"><div class=\"gutentor-text-wrap\"><p class=\"gutentor-text\"><strong>V\u00fd\u0161e \u00faplaty:<\/strong> 500 K\u010d \/ kurz<br><strong>Sazba DPH: <\/strong>osvobozeno<br><\/p><\/div><\/div>\n\n\n\n<div id=\"section-g3906d7\" class=\"wp-block-gutentor-e1 section-g3906d7 gutentor-element gutentor-element-advanced-text text-align-left-desktop text-align-left-tablet text-align-left-mobile\"><div class=\"gutentor-text-wrap\"><a class=\"gutentor-element-advanced-text-link\" href=\"#\"><h4 class=\"gutentor-text\">P\u0159ihl\u00e1\u0161ka<\/h4><\/a><\/div><\/div>\n\n\n\n<div id=\"section-g9ee568\" class=\"wp-block-gutentor-e1 section-g9ee568 gutentor-element gutentor-element-advanced-text text-align-left-desktop text-align-left-tablet text-align-left-mobile\"><div class=\"gutentor-text-wrap\"><p class=\"gutentor-text\"><strong>Adresa pro doru\u010den\u00ed p\u0159ihl\u00e1\u0161ky: <\/strong>Pr\u00e1vnick\u00e1 fakulta , n\u00e1m. Curieov\u00fdch 7, Praha 1<br><strong>Pracovi\u0161t\u011b, kam doru\u010dit p\u0159ihl\u00e1\u0161ku: <\/strong>Odd\u011blen\u00ed komunikace a vn\u011bj\u0161\u00edch vztah\u016f \u2013 Juridikum<br><strong>Kontaktn\u00ed osoba: <\/strong>Bc. Hana Va\u0159ekov\u00e1<br><strong>E-mail:<\/strong> juridikum@prf.cuni.cz<br><strong>Telefon:<\/strong> 221 005 504<br><strong>Term\u00edn pod\u00e1n\u00ed p\u0159ihl\u00e1\u0161ky: <\/strong>30.06.2022 &#8211; 01.09.2022<\/p><\/div><\/div>\n\n\n\n<p><\/p>\n<\/div>\n\n\n\n<div class=\"wp-block-gutentor-m7-tab gutentor-module-tabs-content gm-tc-3fb4e8\">\n<section id=\"gme22cb91\" class=\"wp-block-gutentor-m2 section-gme22cb91 gutentor-module gutentor-dynamic-columns\"><div class=\"grid-container gutentor-rm-ct-space\"><div class=\"grid-row\">\n<div id=\"col-gm3cf2a6\" class=\"wp-block-gutentor-m2-col col-gm3cf2a6 gutentor-module gutentor-dynamic-single-column grid-lg-12 grid-md-12 grid-12\"><div id=\"section-gm3cf2a6\" class=\"section-gm3cf2a6 gutentor-single-col has-color-bg has-custom-bg\">\n<section id=\"gm9f26a95\" class=\"wp-block-gutentor-m4 section-gm9f26a95 gutentor-module gutentor-advanced-columns\"><div class=\"grid-container gutentor-rm-ct-space\"><div class=\"grid-row\">\n<div id=\"col-gmb170ba\" class=\"wp-block-gutentor-m4-col col-gmb170ba gutentor-single-column  grid-lg-5 grid-md-12 grid-12\"><div id=\"section-gmb170ba\" class=\"section-gmb170ba gutentor-col-wrap\">\n<div id=\"section-g9ba911\" class=\"wp-block-gutentor-e6 section-g9ba911 gutentor-element gutentor-element-image gutentor-enabled-width text-align-center-desktop\"><div class=\"gutentor-element-image-box\"><div class=\"gutentor-image-thumb\"><img decoding=\"async\" class=\"normal-image\" src=\"https:\/\/law.prf.cuni.cz\/juridikum\/wp-content\/uploads\/sites\/4\/2022\/07\/bohuslav.jpg\"\/><\/div><\/div><\/div>\n<\/div><\/div>\n\n\n\n<div id=\"col-gm11e80b\" class=\"wp-block-gutentor-m4-col col-gm11e80b gutentor-single-column  grid-lg-7 grid-md-12 grid-12\"><div id=\"section-gm11e80b\" class=\"section-gm11e80b gutentor-col-wrap\">\n<div id=\"section-g198c53\" class=\"wp-block-gutentor-e1 section-g198c53 gutentor-element gutentor-element-advanced-text text-align-left-desktop text-align-center-tablet text-align-center-mobile\"><div class=\"gutentor-text-wrap\"><a class=\"gutentor-element-advanced-text-link\" href=\"#\"><h4 class=\"gutentor-text\">JUDr. Luk\u00e1\u0161 Bohuslav, Ph.D.<\/h4><\/a><\/div><\/div>\n\n\n\n<div id=\"section-g2a9b7c\" class=\"wp-block-gutentor-e1 section-g2a9b7c gutentor-element gutentor-element-advanced-text text-align-left-desktop text-align-center-tablet text-align-center-mobile\"><div class=\"gutentor-text-wrap\"><p class=\"gutentor-text\">Odborn\u00fd asistent<\/p><\/div><\/div>\n\n\n\n<div id=\"section-g0c4b7c\" class=\"wp-block-gutentor-e1 section-g0c4b7c gutentor-element gutentor-element-advanced-text text-align-left-desktop text-align-center-tablet text-align-center-mobile\"><div class=\"gutentor-text-wrap\"><p class=\"gutentor-text\"><br><\/p><\/div><\/div>\n<\/div><\/div>\n<\/div><\/div><\/section>\n\n\n\n<div id=\"section-gcf1ec2\" class=\"wp-block-gutentor-e2 section-gcf1ec2 gutentor-element gutentor-element-button button-align-center-desktop\"><span class=\"gutentor-button-wrap\"><a class=\"gutentor-button gutentor-block-button gutentor-icon-hide\" href=\"https:\/\/www.prf.cuni.cz\/detail-cloveka\/817710\"><i class=\"gutentor-button-icon fas fa-book\"><\/i><span>V\u00edce o lektorovi zde<\/span><\/a><\/span><\/div>\n<\/div><\/div>\n<\/div><\/div><\/section>\n<\/div>\n<\/div><\/div><\/div><\/section>\n<\/div><\/div>\n\n\n\n<div id=\"col-gme1e5cd\" class=\"wp-block-gutentor-m4-col col-gme1e5cd gutentor-single-column  grid-lg-4 grid-md-12 grid-12\"><div id=\"section-gme1e5cd\" class=\"section-gme1e5cd gutentor-col-wrap\">\n<section id=\"gmc827428\" class=\"wp-block-gutentor-m3 section-gmc827428 gutentor-module gutentor-container-cover has-color-bg has-custom-bg\"><div class=\"grid-container\">\n<div id=\"section-g72c9ee\" class=\"wp-block-gutentor-e7 section-g72c9ee gutentor-element gutentor-element-list text-align-left-desktop text-align-left-tablet text-align-left-mobile\"><ul class=\"grid-row gutentor-grid-item-wrap list-indicator-icon\"><li class=\"gutentor-list-item grid-lg-12 grid-md-12 grid-12 gutentor-rm-col-space\"><span class=\"gutentor-single-item gutentor-single-item-0\"><span class=\"gutentor-list-item-wrap g-s-list-wrap\"><span class=\"gutentor-single-list-item-icon\"><i class=\"list-item-icon far fa-clock\"><\/i><\/span><span class=\"gutentor-list-item\"><p class=\"gutentor-single-item-title\">Doba trv\u00e1n\u00ed: 12 hodin<\/p><\/span><\/span><\/span><\/li><\/ul><\/div>\n\n\n\n<div id=\"section-g9be53f\" class=\"wp-block-gutentor-e7 section-g9be53f gutentor-element gutentor-element-list text-align-left-desktop text-align-left-tablet text-align-left-mobile\"><ul class=\"grid-row gutentor-grid-item-wrap list-indicator-icon\"><li class=\"gutentor-list-item grid-lg-12 grid-md-12 grid-12 gutentor-rm-col-space\"><span class=\"gutentor-single-item gutentor-single-item-0\"><span class=\"gutentor-list-item-wrap g-s-list-wrap\"><span class=\"gutentor-single-list-item-icon\"><i class=\"list-item-icon far fa-file\"><\/i><\/span><span class=\"gutentor-list-item\"><p class=\"gutentor-single-item-title\">Ka\u017ed\u00fd \u00fa\u010dastn\u00edk\u00a0dostane ti\u0161t\u011bn\u00e9 studijn\u00ed materi\u00e1ly<\/p><\/span><\/span><\/span><\/li><\/ul><\/div>\n\n\n\n<div id=\"section-g94d52c\" class=\"wp-block-gutentor-e7 section-g94d52c gutentor-element gutentor-element-list text-align-left-desktop text-align-left-tablet text-align-left-mobile\"><ul class=\"grid-row gutentor-grid-item-wrap list-indicator-icon\"><li class=\"gutentor-list-item grid-lg-12 grid-md-12 grid-12 gutentor-rm-col-space\"><span class=\"gutentor-single-item gutentor-single-item-0\"><span class=\"gutentor-list-item-wrap g-s-list-wrap\"><span class=\"gutentor-single-list-item-icon\"><i class=\"list-item-icon fas fa-address-card\"><\/i><\/span><span class=\"gutentor-list-item\"><p class=\"gutentor-single-item-title\">Prezen\u010dn\u00ed kurz<\/p><\/span><\/span><\/span><\/li><\/ul><\/div>\n\n\n\n<div id=\"section-gcdcf5e\" class=\"wp-block-gutentor-e7 section-gcdcf5e gutentor-element gutentor-element-list text-align-left-desktop text-align-left-tablet text-align-left-mobile\"><ul class=\"grid-row gutentor-grid-item-wrap list-indicator-icon\"><li class=\"gutentor-list-item grid-lg-12 grid-md-12 grid-12 gutentor-rm-col-space\"><span class=\"gutentor-single-item gutentor-single-item-0\"><span class=\"gutentor-list-item-wrap g-s-list-wrap\"><span class=\"gutentor-single-list-item-icon\"><i class=\"list-item-icon fas fa-user-friends\"><\/i><\/span><span class=\"gutentor-list-item\"><p class=\"gutentor-single-item-title\">Maxim\u00e1ln\u00ed po\u010det student\u016f: 50<\/p><\/span><\/span><\/span><\/li><\/ul><\/div>\n\n\n\n<div id=\"section-gaad3bd\" class=\"wp-block-gutentor-e7 section-gaad3bd gutentor-element gutentor-element-list text-align-left-desktop text-align-left-tablet text-align-left-mobile\"><ul class=\"grid-row gutentor-grid-item-wrap list-indicator-icon\"><li class=\"gutentor-list-item grid-lg-12 grid-md-12 grid-12 gutentor-rm-col-space\"><span class=\"gutentor-single-item gutentor-single-item-0\"><span class=\"gutentor-list-item-wrap g-s-list-wrap\"><span class=\"gutentor-single-list-item-icon\"><i class=\"list-item-icon far fa-check-square\"><\/i><\/span><span class=\"gutentor-list-item\"><p class=\"gutentor-single-item-title\">Hodnocen\u00ed lze odes\u00edlat online<\/p><\/span><\/span><\/span><\/li><\/ul><\/div>\n<\/div><\/section>\n\n\n\n<div id=\"section-g6fb60f\" class=\"wp-block-gutentor-e2 section-g6fb60f gutentor-element gutentor-element-button g-pos-r-desktop g-pos-r-tablet g-pos-r-mobile button-align-center-desktop button-align-center-tablet button-align-center-mobile\"><span class=\"gutentor-button-wrap\"><a class=\"gutentor-button gutentor-block-button gutentor-icon-hide\" href=\"https:\/\/is.cuni.cz\/studium\/prijimacky\/index.php?do=detail_kurz&amp;cid=8567\"><i class=\"gutentor-button-icon fas fa-book\"><\/i><span>P\u0159ihl\u00e1sit se<\/span><\/a><\/span><\/div>\n<\/div><\/div>\n<\/div><\/div><\/section>\n\n\n\n<section id=\"gmd486875\" class=\"wp-block-gutentor-m4 alignfull section-gmd486875 gutentor-module gutentor-advanced-columns gutentor-equal-column-height\"><div class=\"grid-container\"><div class=\"grid-row\">\n<div id=\"col-gm3416bc\" class=\"wp-block-gutentor-m4-col col-gm3416bc gutentor-single-column  grid-lg-12 grid-md-12 grid-12 gutentor-rm-col-space\"><div id=\"section-gm3416bc\" class=\"section-gm3416bc gutentor-col-wrap has-image-bg has-custom-bg has-gutentor-overlay\">\n<div id=\"section-g37cf3a\" class=\"wp-block-gutentor-e1 section-g37cf3a gutentor-element gutentor-element-advanced-text text-align-center-desktop text-align-center-tablet text-align-center-mobile\"><div class=\"gutentor-text-wrap\"><p class=\"gutentor-text\">M\u00e1te z\u00e1jem o jin\u00fd kurz?<br>Kontaktuje n\u00e1s a p\u0159iprav\u00edme pro v\u00e1s kurz na kl\u00ed\u010d<\/p><\/div><\/div>\n\n\n\n<div id=\"section-g7fe872\" class=\"wp-block-gutentor-e2 section-g7fe872 gutentor-element gutentor-element-button button-align-center-desktop button-align-center-tablet button-align-center-mobile\"><span class=\"gutentor-button-wrap\"><a class=\"gutentor-button gutentor-block-button gutentor-icon-hide\" href=\"https:\/\/law.prf.cuni.cz\/juridikum\/kontakty\/\"><i class=\"gutentor-button-icon fas fa-book\"><\/i><span>Kontakty<\/span><\/a><\/span><\/div>\n\n\n\n<p><\/p>\n<\/div><\/div>\n<\/div><\/div><\/section>\n","protected":false},"excerpt":{"rendered":"","protected":false},"author":2,"featured_media":0,"parent":0,"menu_order":0,"comment_status":"closed","ping_status":"closed","template":"template-gutentor-full-width.php","meta":{"_monsterinsights_skip_tracking":false,"_monsterinsights_sitenote_active":false,"_monsterinsights_sitenote_note":"","_monsterinsights_sitenote_category":0,"_kadence_starter_templates_imported_post":false,"footnotes":""},"class_list":["post-1012","page","type-page","status-publish","hentry"],"aioseo_notices":[],"_links":{"self":[{"href":"https:\/\/law.prf.cuni.cz\/juridikum\/wp-json\/wp\/v2\/pages\/1012","targetHints":{"allow":["GET"]}}],"collection":[{"href":"https:\/\/law.prf.cuni.cz\/juridikum\/wp-json\/wp\/v2\/pages"}],"about":[{"href":"https:\/\/law.prf.cuni.cz\/juridikum\/wp-json\/wp\/v2\/types\/page"}],"author":[{"embeddable":true,"href":"https:\/\/law.prf.cuni.cz\/juridikum\/wp-json\/wp\/v2\/users\/2"}],"replies":[{"embeddable":true,"href":"https:\/\/law.prf.cuni.cz\/juridikum\/wp-json\/wp\/v2\/comments?post=1012"}],"version-history":[{"count":12,"href":"https:\/\/law.prf.cuni.cz\/juridikum\/wp-json\/wp\/v2\/pages\/1012\/revisions"}],"predecessor-version":[{"id":1120,"href":"https:\/\/law.prf.cuni.cz\/juridikum\/wp-json\/wp\/v2\/pages\/1012\/revisions\/1120"}],"wp:attachment":[{"href":"https:\/\/law.prf.cuni.cz\/juridikum\/wp-json\/wp\/v2\/media?parent=1012"}],"curies":[{"name":"wp","href":"https:\/\/api.w.org\/{rel}","templated":true}]}}