{"id":2,"date":"2022-11-14T17:20:14","date_gmt":"2022-11-14T16:20:14","guid":{"rendered":"https:\/\/law.prf.cuni.cz\/identity\/?page_id=2"},"modified":"2022-11-15T21:27:30","modified_gmt":"2022-11-15T20:27:30","slug":"zkusebni-stranka","status":"publish","type":"page","link":"https:\/\/law.prf.cuni.cz\/identity\/","title":{"rendered":"Conference on: Identity, Constitutionalism and Citizens\u2019 Attitudes"},"content":{"rendered":"\n<div class=\"wp-block-group alignwide has-background\" style=\"background-color:#ffffff\"><div class=\"wp-block-group__inner-container is-layout-flow wp-block-group-is-layout-flow\">\n<div class=\"wp-block-group\"><div class=\"wp-block-group__inner-container is-layout-flow wp-block-group-is-layout-flow\">\n<div class=\"wp-block-group\"><div class=\"wp-block-group__inner-container is-layout-flow wp-block-group-is-layout-flow\">\n<h3 class=\"has-text-align-center wp-block-heading\">The Institute for the Interregional Study of Constitutionalism<\/h3>\n\n\n\n<p class=\"has-text-align-center\">is pleased to invite you to<\/p>\n\n\n\n<h3 class=\"has-text-align-center wp-block-heading\">Conference on: Identity, Constitutionalism and Citizens\u2019 Attitudes<\/h3>\n\n\n\n<p class=\"has-text-align-center\">December 1, 2022 <br>Faculty of Law, Charles University, Prague<br>ground floor room no. 38<\/p>\n\n\n\n<p class=\"has-text-align-center\">This conference aims to discuss the contours of a new constitutional methodology and interpret the preliminary results of qualitative research regarding citizens\u2019 constitutional attitudes in selected countries in the EU and the MENA region.<\/p>\n\n\n\n<div class=\"wp-block-buttons is-horizontal is-content-justification-center is-layout-flex wp-container-core-buttons-is-layout-1 wp-block-buttons-is-layout-flex\">\n<div class=\"wp-block-button is-style-outline is-style-outline--1\"><a class=\"wp-block-button__link\" href=\"https:\/\/law.prf.cuni.cz\/identity\/wp-content\/uploads\/sites\/10\/2022\/11\/Conference-Identity-Constitutionalism-and-Citizens__-Attitudes_Prague-2022.pdf\" target=\"_blank\" rel=\"noreferrer noopener\">invitation<\/a><\/div>\n<\/div>\n<\/div><\/div>\n\n\n\n<div class=\"program\">\n  <h4 id=\"program\" class=\"title\">Program<\/h4>\n  <ul class=\"program__list\">\n    <li class=\"program__item\">\n      <span class=\"time\">9:00<\/span>\n      <span class=\"description\">Registration<\/span>\n    <\/li>\n    <li class=\"program__item\">\n      <span class=\"time\">9:15<\/span>\n      <span class=\"description\">Opening note<\/span>\n    <\/li>\n    <li class=\"program__item\">\n      <span class=\"time\">9:30 &#8211; 11:15<\/span>\n      <span class=\"description\"><b>SESSION 1: IDENTITY AND CONSTITUTION<\/b><br \/><span class=\"\"><b>Chair: Be\u00e1ta Bak\u00f3<\/b><span><\/span>\n    <\/li>\n    <li class=\"program__item\">\n      <span class=\"time\"><\/span>\n      <span class=\"description\">\n        <b>Tom\u00e1\u0161 Dumbrovsk\u00fd and Volker Kaul<\/b> (Charles University, Doha Institute for Graduate Studies):<br>\n        <i>Identity Constitutionalism: Theory and Concepts<\/i><\/span>\n    <\/li>\n    <li class=\"program__item\">\n      <span class=\"time\"><\/span>\n      <span class=\"description\"><b>Abdeljabbar Arrach <\/b> (Hassan I University): <i>Constitutions and Democratization in MENA<\/i><\/span>\n    <\/li>\n    <li class=\"program__item\">\n      <span class=\"time\"><\/span>\n      <span class=\"description\"><b>Gina Gustavsson<\/b> (Uppsala University): <i>Liberal National Identity: Thinner than Conservative,\n        Thicker than Civic? (online)<\/i>\n<br>\n        <\/span>\n    <\/li>\n    <li class=\"program__item\">\n      <span class=\"time\"><\/span>\n      <span class=\"description\"><b>Discussion<\/b>\n      <\/span>\n    <\/li>\n    <li class=\"program__item\">\n      <span class=\"time\"><i>Coffee break<\/i><\/span>\n      <span class=\"description\">\n      <\/span>\n    <\/li>\n    <li class=\"program__item\">\n      <span class=\"time\">11:45 &#8211; 14:00<\/span>\n      <span class=\"description\"><b>SESSION 2: CITIZENS\u2019 ATTITUDES<\/b><br \/><span class=\"\"><b>Chair: Volker Kaul<\/b><\/span><\/span>\n    <\/li>\n    <li class=\"program__item\">\n      <span class=\"time\"><\/span>\n      <span class=\"description\"><b>Bal\u00e1zs Fekete<\/b> (E\u00f6tv\u00f6s Lor\u00e1nd University): <i>Studying Rights Consciousness in Hungary. Why? How?\n        What?<\/i><\/span>\n    <\/li>\n    <li class=\"program__item\">\n      <span class=\"time\"><\/span>\n      <span class=\"description\"><b>Hadia Yahiaoui<\/b> (Khenchela University): <i>Constitutionalism and the Arab Spring<\/i>\n        <\/span>\n    <\/li>\n        <li class=\"program__item\">\n      <span class=\"time\"><\/span>\n      <span class=\"description\"><b>Petra Guasti<\/b> (Charles University): <i>Polarization and Populism during Covid-19. Results of the SYRI Project<\/i><\/span>\n    <\/li>\n        <li class=\"program__item\">\n      <span class=\"time\"><\/span>\n          <span class=\"description\"><b>Dorian Alt, Be\u00e1ta Bak\u00f3 and Zoubair Khouaja<\/b> (Charles University): <i>Identity Constitutionalism:\n            Measuring Citizens\u2019 Constitutional Attitudes in the EU and MENA<\/i>\n<\/span>\n    <\/li>\n    <li class=\"program__item\">\n      <span class=\"time\"><\/span>\n      <span class=\"description\"><b>Discussion<\/b>\n      <\/span>\n    <\/li>\n    <li class=\"program__item\">\n      <span class=\"time\">14:00<\/span>\n      <span class=\"description\">End of the Conference\n      <\/span>\n    <\/li>\n    \n  <\/ul>\n<\/div>\n\n\n\n<div class=\"wp-block-group\"><div class=\"wp-block-group__inner-container is-layout-flow wp-block-group-is-layout-flow\">\n<p class=\"has-text-align-center\">RSVP <a href=\"https:\/\/www.reconcile-project.org\/event-details\/conference-on-identity-constitutionalism-and-citizens-attitudes\">here<\/a>.<\/p>\n\n\n\n<p class=\"has-text-align-center\" id=\"contact\"><strong>Contact:<\/strong> Ms. Jana Malucha, Coordinator of the Institute for the Interregional Study of Constitutionalism, <a href=\"mailto:maluchaj@prf.cuni.cz\">maluchaj@prf.cuni.cz<\/a>.<\/p>\n\n\n\n<p class=\"has-text-align-center has-small-font-size\">Thank you and we look forward to meeting you.<\/p>\n<\/div><\/div>\n<\/div><\/div>\n<\/div><\/div>\n","protected":false},"excerpt":{"rendered":"<p>The Institute for the Interregional Study of Constitutionalism is pleased to invite you to Conference on: Identity, Constitutionalism and Citizens\u2019 Attitudes December 1, 2022 Faculty of Law, Charles University, Pragueground floor room no. 38 This conference aims to discuss the contours of a new constitutional methodology and interpret the preliminary results of qualitative research regarding [&hellip;]<\/p>\n","protected":false},"author":1,"featured_media":0,"parent":0,"menu_order":0,"comment_status":"closed","ping_status":"open","template":"","meta":{"_monsterinsights_skip_tracking":false,"_monsterinsights_sitenote_active":false,"_monsterinsights_sitenote_note":"","_monsterinsights_sitenote_category":0,"_kadence_starter_templates_imported_post":false,"footnotes":""},"class_list":["post-2","page","type-page","status-publish","hentry"],"aioseo_notices":[],"_links":{"self":[{"href":"https:\/\/law.prf.cuni.cz\/identity\/wp-json\/wp\/v2\/pages\/2","targetHints":{"allow":["GET"]}}],"collection":[{"href":"https:\/\/law.prf.cuni.cz\/identity\/wp-json\/wp\/v2\/pages"}],"about":[{"href":"https:\/\/law.prf.cuni.cz\/identity\/wp-json\/wp\/v2\/types\/page"}],"author":[{"embeddable":true,"href":"https:\/\/law.prf.cuni.cz\/identity\/wp-json\/wp\/v2\/users\/1"}],"replies":[{"embeddable":true,"href":"https:\/\/law.prf.cuni.cz\/identity\/wp-json\/wp\/v2\/comments?post=2"}],"version-history":[{"count":44,"href":"https:\/\/law.prf.cuni.cz\/identity\/wp-json\/wp\/v2\/pages\/2\/revisions"}],"predecessor-version":[{"id":104,"href":"https:\/\/law.prf.cuni.cz\/identity\/wp-json\/wp\/v2\/pages\/2\/revisions\/104"}],"wp:attachment":[{"href":"https:\/\/law.prf.cuni.cz\/identity\/wp-json\/wp\/v2\/media?parent=2"}],"curies":[{"name":"wp","href":"https:\/\/api.w.org\/{rel}","templated":true}]}}