{"id":73,"date":"2020-05-03T05:22:52","date_gmt":"2020-05-03T05:22:52","guid":{"rendered":"https:\/\/demo.keonthemes.com\/gutener\/demo4\/?page_id=15"},"modified":"2025-04-02T10:14:56","modified_gmt":"2025-04-02T08:14:56","slug":"contact","status":"publish","type":"page","link":"https:\/\/law.prf.cuni.cz\/fakulta-dvanula\/contact\/","title":{"rendered":"Kontakty"},"content":{"rendered":"\n<section id=\"gm8c4e785\" class=\"wp-block-gutentor-m4 section-gm8c4e785 gutentor-module gutentor-advanced-columns\"><div class=\"grid-container\"><div class=\"grid-row\">\n<div id=\"col-gmece8e1\" class=\"wp-block-gutentor-m4-col col-gmece8e1 gutentor-single-column  grid-lg-12 grid-md-12 grid-12\"><div id=\"section-gmece8e1\" class=\"section-gmece8e1 gutentor-col-wrap\">\n<section id=\"gmf3deb0b\" class=\"wp-block-gutentor-m3 section-gmf3deb0b gutentor-module gutentor-container-cover\"><div class=\"grid-container\">\n<div id=\"section-g1fa599\" class=\"wp-block-gutentor-e1 section-g1fa599 gutentor-element gutentor-element-advanced-text text-align-left-desktop text-align-center-tablet text-align-center-mobile\"><div class=\"gutentor-text-wrap\"><p class=\"gutentor-text\">KONTAKTY<\/p><\/div><\/div>\n<\/div><\/section>\n\n\n\n<section id=\"gm722842b\" class=\"wp-block-gutentor-m3 section-gm722842b gutentor-module gutentor-container-cover g-c-r-valign-mobile g-c-r-valign-tablet g-c-r-valign-desktop\"><div class=\"grid-container\">\n<section id=\"section-32ddf2d0-e3d8-4fd7-bc5e-0700beaf1130\" class=\"wp-block-gutentor-social gutentor-section gutentor-social social-template1\"><div class=\"grid-container\"><div class=\"gutentor-block-header\"><div class=\"gutentor-section-title text-center\"><h2 class=\"gutentor-title\">N\u00e1\u0161 projekt najdete na Instagramu<br>pod n\u00e1zvem @fakulta_2.0<\/h2><\/div><\/div><div class=\"grid-row gutentor-grid-item-wrap\"><div class=\"gutentor-grid-column gutentor-social-item grid-lg-12 grid-md-12 grid-12\"><div class=\"gutentor-single-item gutentor-single-item-0\"><div class=\"gutentor-single-item-content\"><div class=\"gutentor-single-item-icon-box\"><a class=\"gutentor-social-icon\" href=\"\/\/www.instagram.com\/fakulta_2.0\/\"><i class=\"fab fa-instagram\"><\/i><\/a><\/div><\/div><\/div><\/div><\/div><\/div><\/section>\n<\/div><\/section>\n\n\n\n<section id=\"gmb9db54b\" class=\"wp-block-gutentor-m3 section-gmb9db54b gutentor-module gutentor-container-cover g-c-r-valign-mobile g-c-r-valign-tablet g-c-r-valign-desktop\"><div class=\"grid-container\">\n<section id=\"gm7f491b4\" class=\"wp-block-gutentor-m4 section-gm7f491b4 gutentor-module gutentor-advanced-columns\"><div class=\"grid-container\"><div class=\"grid-row\">\n<div id=\"col-gm5f2f9c\" class=\"wp-block-gutentor-m4-col col-gm5f2f9c gutentor-single-column  grid-lg-12 grid-md-12 grid-12\"><div id=\"section-gm5f2f9c\" class=\"section-gm5f2f9c gutentor-col-wrap\">\n<div id=\"section-gd2ba88\" class=\"wp-block-gutentor-e6 section-gd2ba88 gutentor-element gutentor-element-image gutentor-enabled-width text-align-center-desktop text-align-center-tablet text-align-center-mobile\"><div class=\"gutentor-element-image-box\"><div class=\"gutentor-image-thumb\"><img decoding=\"async\" class=\"normal-image\" src=\"https:\/\/law.prf.cuni.cz\/fakulta-dvanula\/wp-content\/uploads\/sites\/20\/2024\/02\/Vera-1.png\" \/><\/div><\/div><\/div>\n<\/div><\/div>\n<\/div><\/div><\/section>\n\n\n\n<div id=\"section-gb7cc88\" class=\"wp-block-gutentor-e1 section-gb7cc88 gutentor-element gutentor-element-advanced-text gutentor-adv-text-enabled-width text-align-center-desktop text-align-center-tablet text-align-center-mobile adv-text-c-desktop\"><div class=\"gutentor-text-wrap\"><p class=\"gutentor-text\">Projekt fakulta 2.0 m\u00e1 na starosti <a href=\"https:\/\/www.prf.cuni.cz\/dekanat\/oddeleni-strategickeho-rozvoje\" target=\"_blank\" rel=\"noopener\" title=\"odd\u011blen\u00ed strategick\u00e9ho rozvoje\">O<\/a><a href=\"https:\/\/www.prf.cuni.cz\/dekanat\/oddeleni-strategickeho-rozvoje\" target=\"_blank\" rel=\"noopener sponsored\" title=\"odd\u011blen\u00ed strategick\u00e9ho rozvoje\">dd\u011blen\u00ed strategick\u00e9ho rozvoje<\/a>.<br>Pokud m\u00e1te z\u00e1jem o dal\u0161\u00ed informace, kontaktujte n\u00e1s pros\u00edm na adrese <a href=\"mailto:revitalizace@prf.cuni.cz\" target=\"_blank\" rel=\"noopener\" title=\"revitalizace@prf.cuni.cz\"><strong>revitalizace@prf.cuni.cz<\/strong><\/a>.<\/p><\/div><\/div>\n<\/div><\/section>\n\n\n\n<section id=\"gma868455\" class=\"wp-block-gutentor-m3 section-gma868455 gutentor-module gutentor-container-cover\"><div class=\"grid-container\">\n<div id=\"section-g4bfabf\" class=\"wp-block-gutentor-e1 section-g4bfabf gutentor-element gutentor-element-advanced-text text-align-left-desktop text-align-center-tablet text-align-center-mobile\"><div class=\"gutentor-text-wrap\"><p class=\"gutentor-text\">Na projektu se pod\u00edlej\u00ed<\/p><\/div><\/div>\n<\/div><\/section>\n\n\n\n<section id=\"gm890d848\" class=\"wp-block-gutentor-m3 section-gm890d848 gutentor-module gutentor-container-cover\"><div class=\"grid-container\">\n<section id=\"gm90f8d66\" class=\"wp-block-gutentor-m0 section-gm90f8d66 gutentor-module gutentor-module-carousel\"><div class=\"grid-container\"><div class=\"gutentor-module-carousel-row\" data-dots=\"false\" data-dotstablet=\"false\" data-dotsmobile=\"false\" data-arrows=\"false\" data-arrowstablet=\"false\" data-arrowsmobile=\"false\" data-infinite=\"true\" data-autoplay=\"true\" data-draggable=\"true\" data-pauseonfocus=\"true\" data-pauseonhover=\"true\" data-autoplayspeed=\"1200\" data-cmondesktop=\"false\" data-cmontablet=\"false\" data-cmonmobile=\"false\" data-nextarrow=\"fas fa-angle-right\" data-prevarrow=\"fas fa-angle-left\" data-arrowspositiondesktop=\"gutentor-slick-a-default-desktop\" data-arrowspositiontablet=\"gutentor-slick-a-default-tablet\" data-arrowspositionmobile=\"gutentor-slick-a-default-mobile\" data-speed=\"1200\" data-slideitemdesktop=\"3\" data-slideitemtablet=\"2\" data-slideitemmobile=\"2\" data-slidescroll-desktop=\"1\" data-slidescroll-tablet=\"1\" data-slidescroll-mobile=\"1\">\n<div id=\"col-gm086908\" class=\"wp-block-gutentor-m0-col col-gm086908 gutentor-carousel-item\"><div id=\"section-gm086908\" class=\"section-gm086908 gutentor-col-wrap\">\n<div id=\"section-g8e9621\" class=\"wp-block-gutentor-e6 section-g8e9621 gutentor-element gutentor-element-image gutentor-enabled-width\"><div class=\"gutentor-element-image-box\"><div class=\"gutentor-image-thumb\"><img decoding=\"async\" class=\"normal-image\" src=\"https:\/\/law.prf.cuni.cz\/fakulta-dvanula\/wp-content\/uploads\/sites\/20\/2024\/02\/Hajek.png\" \/><\/div><\/div><\/div>\n<\/div><\/div>\n\n\n\n<div id=\"col-gmf753fb\" class=\"wp-block-gutentor-m0-col col-gmf753fb gutentor-carousel-item\"><div id=\"section-gmf753fb\" class=\"section-gmf753fb gutentor-col-wrap\">\n<div id=\"section-ge3d3b3\" class=\"wp-block-gutentor-e6 section-ge3d3b3 gutentor-element gutentor-element-image gutentor-enabled-width\"><div class=\"gutentor-element-image-box\"><div class=\"gutentor-image-thumb\"><img decoding=\"async\" class=\"normal-image\" src=\"https:\/\/law.prf.cuni.cz\/fakulta-dvanula\/wp-content\/uploads\/sites\/20\/2024\/02\/pavla.png\" \/><\/div><\/div><\/div>\n<\/div><\/div>\n\n\n\n<div id=\"col-gmdb46e1\" class=\"wp-block-gutentor-m0-col col-gmdb46e1 gutentor-carousel-item\"><div id=\"section-gmdb46e1\" class=\"section-gmdb46e1 gutentor-col-wrap\">\n<div id=\"section-g2e1abb\" class=\"wp-block-gutentor-e6 section-g2e1abb gutentor-element gutentor-element-image gutentor-enabled-width\"><div class=\"gutentor-element-image-box\"><div class=\"gutentor-image-thumb\"><img decoding=\"async\" class=\"normal-image\" src=\"https:\/\/law.prf.cuni.cz\/fakulta-dvanula\/wp-content\/uploads\/sites\/20\/2024\/02\/Zuzka.png\" \/><\/div><\/div><\/div>\n<\/div><\/div>\n\n\n\n<div id=\"col-gm6e62b7\" class=\"wp-block-gutentor-m0-col col-gm6e62b7 gutentor-carousel-item\"><div id=\"section-gm6e62b7\" class=\"section-gm6e62b7 gutentor-col-wrap\">\n<div id=\"section-g3eaf20\" class=\"wp-block-gutentor-e6 section-g3eaf20 gutentor-element gutentor-element-image gutentor-enabled-width\"><div class=\"gutentor-element-image-box\"><div class=\"gutentor-image-thumb\"><img decoding=\"async\" class=\"normal-image\" src=\"https:\/\/law.prf.cuni.cz\/fakulta-dvanula\/wp-content\/uploads\/sites\/20\/2024\/02\/kacka.png\" \/><\/div><\/div><\/div>\n<\/div><\/div>\n\n\n\n<div id=\"col-g-xoi7xh5\" class=\"wp-block-gutentor-m0-col col-g-xoi7xh5 gutentor-carousel-item\"><div id=\"section-g-xoi7xh5\" class=\"section-g-xoi7xh5 gutentor-col-wrap\">\n<div id=\"section-g-01zazg6\" class=\"wp-block-gutentor-e6 section-g-01zazg6 gutentor-element gutentor-element-image gutentor-enabled-width\"><div class=\"gutentor-element-image-box\"><div class=\"gutentor-image-thumb\"><img decoding=\"async\" class=\"normal-image\" src=\"https:\/\/law.prf.cuni.cz\/fakulta-dvanula\/wp-content\/uploads\/sites\/20\/2024\/02\/Blanka_II.png\" \/><\/div><\/div><\/div>\n<\/div><\/div>\n\n\n\n<div id=\"col-gm34ecf0\" class=\"wp-block-gutentor-m0-col col-gm34ecf0 gutentor-carousel-item\"><div id=\"section-gm34ecf0\" class=\"section-gm34ecf0 gutentor-col-wrap\">\n<div id=\"section-g96d0df\" class=\"wp-block-gutentor-e6 section-g96d0df gutentor-element gutentor-element-image gutentor-enabled-width\"><div class=\"gutentor-element-image-box\"><div class=\"gutentor-image-thumb\"><img decoding=\"async\" class=\"normal-image\" src=\"https:\/\/law.prf.cuni.cz\/fakulta-dvanula\/wp-content\/uploads\/sites\/20\/2024\/02\/kacenka.png\" \/><\/div><\/div><\/div>\n<\/div><\/div>\n<\/div><\/div><\/section>\n<\/div><\/section>\n<\/div><\/div>\n<\/div><\/div><\/section>\n\n\n\n<div style=\"height:100px\" aria-hidden=\"true\"><\/div>\n","protected":false},"excerpt":{"rendered":"","protected":false},"author":2,"featured_media":0,"parent":0,"menu_order":0,"comment_status":"closed","ping_status":"closed","template":"template-gutentor-full-width.php","meta":{"_monsterinsights_skip_tracking":false,"_monsterinsights_sitenote_active":false,"_monsterinsights_sitenote_note":"","_monsterinsights_sitenote_category":0,"_kadence_starter_templates_imported_post":false,"footnotes":""},"class_list":["post-73","page","type-page","status-publish","hentry"],"aioseo_notices":[],"_links":{"self":[{"href":"https:\/\/law.prf.cuni.cz\/fakulta-dvanula\/wp-json\/wp\/v2\/pages\/73","targetHints":{"allow":["GET"]}}],"collection":[{"href":"https:\/\/law.prf.cuni.cz\/fakulta-dvanula\/wp-json\/wp\/v2\/pages"}],"about":[{"href":"https:\/\/law.prf.cuni.cz\/fakulta-dvanula\/wp-json\/wp\/v2\/types\/page"}],"author":[{"embeddable":true,"href":"https:\/\/law.prf.cuni.cz\/fakulta-dvanula\/wp-json\/wp\/v2\/users\/2"}],"replies":[{"embeddable":true,"href":"https:\/\/law.prf.cuni.cz\/fakulta-dvanula\/wp-json\/wp\/v2\/comments?post=73"}],"version-history":[{"count":224,"href":"https:\/\/law.prf.cuni.cz\/fakulta-dvanula\/wp-json\/wp\/v2\/pages\/73\/revisions"}],"predecessor-version":[{"id":2236,"href":"https:\/\/law.prf.cuni.cz\/fakulta-dvanula\/wp-json\/wp\/v2\/pages\/73\/revisions\/2236"}],"wp:attachment":[{"href":"https:\/\/law.prf.cuni.cz\/fakulta-dvanula\/wp-json\/wp\/v2\/media?parent=73"}],"curies":[{"name":"wp","href":"https:\/\/api.w.org\/{rel}","templated":true}]}}