{"id":522,"date":"2024-02-11T18:12:55","date_gmt":"2024-02-11T17:12:55","guid":{"rendered":"https:\/\/law.prf.cuni.cz\/pravnicka-dvanula\/?page_id=522"},"modified":"2024-06-25T13:41:58","modified_gmt":"2024-06-25T11:41:58","slug":"o-revitalizaci-test","status":"publish","type":"page","link":"https:\/\/law.prf.cuni.cz\/fakulta-dvanula\/","title":{"rendered":"O revitalizaci"},"content":{"rendered":"\n<section id=\"gm5d572e7\" class=\"wp-block-gutentor-m4 section-gm5d572e7 gutentor-module gutentor-advanced-columns\"><div class=\"grid-container\"><div class=\"grid-row\">\n<div id=\"col-gm6fb0a4\" class=\"wp-block-gutentor-m4-col col-gm6fb0a4 gutentor-single-column  grid-lg-12 grid-md-12 grid-12\"><div id=\"section-gm6fb0a4\" class=\"section-gm6fb0a4 gutentor-col-wrap\">\n<section id=\"gm00779d1\" class=\"wp-block-gutentor-m3 section-gm00779d1 gutentor-module gutentor-container-cover\"><div class=\"grid-container\">\n<section id=\"gme85087d\" class=\"wp-block-gutentor-m4 section-gme85087d gutentor-module gutentor-advanced-columns\"><div class=\"grid-container\"><div class=\"grid-row\">\n<div id=\"col-gm4531b7\" class=\"wp-block-gutentor-m4-col col-gm4531b7 gutentor-single-column  grid-lg-8 grid-md-12 grid-12\"><div id=\"section-gm4531b7\" class=\"section-gm4531b7 gutentor-col-wrap\">\n<div id=\"section-g1d36ed\" class=\"wp-block-gutentor-e1 section-g1d36ed gutentor-element gutentor-element-advanced-text text-align-left-desktop\"><div class=\"gutentor-text-wrap\"><p class=\"gutentor-text\">FAKULTA 2.0<\/p><\/div><\/div>\n\n\n\n<div id=\"section-g3cb2d9\" class=\"wp-block-gutentor-e1 section-g3cb2d9 gutentor-element gutentor-element-advanced-text text-align-left-desktop\"><div class=\"gutentor-text-wrap\"><p class=\"gutentor-text\">PROJEKT REVITALIZACE<br>BUDOVY PF UK<\/p><\/div><\/div>\n\n\n\n<div id=\"section-g4e7bd4\" class=\"wp-block-gutentor-e2 section-g4e7bd4 gutentor-element gutentor-element-button gutentor-btn-custom-tablet\"><span class=\"gutentor-button-wrap\"><a class=\"gutentor-button gutentor-block-button gutentor-icon-hide\" href=\"https:\/\/law.prf.cuni.cz\/fakulta-dvanula\/chci-se-zapojit-2\/\"><i class=\"gutentor-button-icon fas fa-book\"><\/i><span>CHCI SE ZAPOJIT<\/span><\/a><\/span><\/div>\n<\/div><\/div>\n\n\n\n<div id=\"col-gme068f1\" class=\"wp-block-gutentor-m4-col col-gme068f1 gutentor-single-column  grid-lg-4 grid-md-12 grid-12\"><div id=\"section-gme068f1\" class=\"section-gme068f1 gutentor-col-wrap\">\n<div id=\"section-g50d5d5\" class=\"wp-block-gutentor-e6 section-g50d5d5 gutentor-element gutentor-element-image gutentor-enabled-width text-align-left-desktop\"><div class=\"gutentor-element-image-box\"><a class=\"gutentor-element-image-link\"><div class=\"gutentor-image-thumb\"><img decoding=\"async\" class=\"normal-image\" src=\"https:\/\/law.prf.cuni.cz\/pravnicka-dvanula\/wp-content\/uploads\/sites\/20\/2024\/02\/obr-1.png\" \/><\/div><\/a><\/div><\/div>\n<\/div><\/div>\n<\/div><\/div><\/section>\n\n\n\n<section id=\"gm1e8af7d\" class=\"wp-block-gutentor-m5 section-gm1e8af7d gutentor-module gutentor-module-slider gutentor-module-caption-enabled\"><div class=\"gutentor-module-slider-row\" data-dots=\"false\" data-dotstablet=\"false\" data-dotsmobile=\"false\" data-nextarrow=\"fas fa-angle-right\" data-prevarrow=\"fas fa-angle-left\" data-arrows=\"false\" data-arrowstablet=\"false\" data-arrowsmobile=\"false\" data-fade=\"false\" data-draggable=\"false\" data-infinite=\"true\" data-autoplay=\"true\" data-pauseonfocus=\"true\" data-pauseonhover=\"true\" data-speed=\"2000\" data-autoplayspeed=\"1501\" data-arrowspositiondesktop=\"gutentor-slick-a-default-desktop\">\n<div id=\"col-gm2531ae\" class=\"wp-block-gutentor-m5-col col-gm2531ae gutentor-slider-item\"><div id=\"section-gm2531ae\" class=\"section-gm2531ae gutentor-col-wrap has-image-normal has-custom-bg\"><img decoding=\"async\" src=\"https:\/\/law.prf.cuni.cz\/fakulta-dvanula\/wp-content\/uploads\/sites\/20\/2024\/02\/1-4.jpg\" alt=\"\" \/><div class=\"gutentor-slider-caption\"><div class=\"grid-container\"><\/div><\/div><\/div><\/div>\n<\/div><\/section>\n\n\n\n<div id=\"section-g456cf1\" class=\"wp-block-gutentor-e1 section-g456cf1 gutentor-element gutentor-element-advanced-text\"><div class=\"gutentor-text-wrap\"><p class=\"gutentor-text\">S\u00eddlem a domovem <strong>Pr\u00e1vnick\u00e9 fakulty UK<\/strong> je od roku 1931 budova na n\u00e1b\u0159e\u017e\u00ed Vltavy u \u010cechova mostu. <br>Impozantn\u00ed stavbu s majest\u00e1tn\u00ed a ikonickou dvoranou navrhl <strong>Jan Kot\u011bra<\/strong> a dokon\u010dil <strong>Ladislav Macho\u0148 <\/strong>a ona nyn\u00ed u\u017e bezm\u00e1la sto let slou\u017e\u00ed v\u0161em, kdo tu studuj\u00ed, b\u00e1daj\u00ed a pracuj\u00ed. Od sv\u00e9ho dokon\u010den\u00ed nepro\u0161la budova fakulty \u017e\u00e1dnou z\u00e1sadn\u00ed opravou, zasluhuje p\u00e9\u010di. Nav\u00edc je t\u0159eba zajistit  takov\u00e9 \u00fapravy, aby po skon\u010den\u00ed revitalizace studuj\u00edc\u00edm i zam\u011bstnanc\u016fm poskytovala co nejlep\u0161\u00ed z\u00e1zem\u00ed ke studiu, v\u00fduce i b\u00e1d\u00e1n\u00ed.<br><br>Pot\u0159ebujeme postupovat promy\u0161len\u011b, abychom sladili po\u017eadavky na funkci prostoru, estetick\u00e9 po\u017eadavky, architektonickou n\u00e1vaznost i pam\u00e1tkovou p\u00e9\u010di. Proto <strong>usilujeme o vypracov\u00e1n\u00ed koncepce<\/strong> a architektonick\u00e9ho n\u00e1vrhu, kter\u00fd n\u00e1m umo\u017en\u00ed rozd\u011blit cel\u00fd proces revitalizace do logicky i funk\u010dn\u011b navazuj\u00edc\u00edch etap tak, abychom mohli \u00fa\u010deln\u011b vynakl\u00e1dat postupn\u011b z\u00edsk\u00e1van\u00e9 finan\u010dn\u00ed prost\u0159edky.<\/p><\/div><\/div>\n<\/div><\/section>\n\n\n\n<section id=\"section-4c170af2-b563-4edd-8c7a-e3e68c5b10b0\" class=\"wp-block-gutentor-advanced-columns gutentor-section gutentor-advanced-columns has-color-bg has-custom-bg g-pos-d-desktop g-pos-d-tablet g-pos-d-mobile\"><div class=\"grid-container\"><div class=\"grid-row\">\n<div id=\"section-fca72574-c866-4a7f-8f3f-3503af346824\" class=\"wp-block-gutentor-single-column gutentor-single-column  grid-lg-12 grid-md-12 grid-12\">\n<section id=\"section-440797df-aacc-4eac-b660-c5839318c364\" class=\"wp-block-gutentor-content-box gutentor-section gutentor-content-box-wrapper content-template1\"><div class=\"grid-container gutentor-rm-ct-space\"><div class=\"grid-row gutentor-grid-item-wrap gutentor-rm-row-space\"><div class=\"gutentor-grid-column grid-lg-12 grid-md-12 grid-12 gutentor-rm-col-space\"><div class=\"gutentor-single-item gutentor-single-item-0\"><div class=\"gutentor-single-item-wrap\"><div class=\"gutentor-single-item-content\"><div class=\"gutentor-single-item-title\">C\u00edle projektu:<\/div><p class=\"gutentor-single-item-desc\">\u00a0\u2022 <strong>Zachov\u00e1n\u00ed <\/strong>architektonicky cenn\u00e9 a pam\u00e1tkov\u011b chr\u00e1n\u011bn\u00e9 budovy v dobr\u00e9m stavu i pro dal\u0161\u00ed generace.<br>\u00a0\u2022 <strong>Prom\u011bna <\/strong>budovy fakulty v \u201echytrou\u201c stavbu a dotvo\u0159en\u00ed v modern\u00ed prostor, kter\u00fd reaguje na zm\u011bny, je\u017e doba po sto letech logicky \u017e\u00e1d\u00e1 \u2013 a\u0165 u\u017e ve stylu v\u00fduky, co\u017e s sebou nese nov\u00e9 po\u017eadavky na rozvr\u017een\u00ed prostoru, nebo na zm\u011bny ve spole\u010dnosti a technologick\u00e9 zm\u011bny souvisej\u00edc\u00ed s automatizac\u00ed a digitalizac\u00ed.<\/p><\/div><\/div><\/div><\/div><\/div><\/div><\/section>\n\n\n\n<p><\/p>\n<\/div>\n<\/div><\/div><\/section>\n\n\n\n<section id=\"gmbd9268d\" class=\"wp-block-gutentor-m3 section-gmbd9268d gutentor-module gutentor-container-cover has-gutentor-overlay g-c-r-valign-mobile g-c-r-valign-tablet g-c-r-valign-desktop\"><div class=\"grid-container gutentor-rm-ct-space-d\">\n<section id=\"section-495db3be-46f4-4715-bb75-128ba1c7db82\" class=\"wp-block-gutentor-icon-box gutentor-section gutentor-icon-wrapper icon-template2\"><div class=\"grid-container\"><div class=\"gutentor-block-header\"><div class=\"gutentor-section-title text-center\"><h2 class=\"gutentor-title\">fakulta 2.0<\/h2><\/div><\/div><div class=\"grid-row gutentor-grid-item-wrap\"><div class=\"gutentor-grid-column grid-lg-4 grid-md-4 grid-12\"><div class=\"gutentor-single-item gutentor-icon gutentor-single-item-0\"><div class=\"gutentor-single-item-wrap\"><div class=\"gutentor-single-item-icon-box\"><i class=\"fab fa-envira\"><\/i><\/div><div class=\"gutentor-single-item-content\"><h3 class=\"gutentor-single-item-title\">Zelen\u00e1<\/h3><\/div><\/div><\/div><\/div><div class=\"gutentor-grid-column grid-lg-4 grid-md-4 grid-12\"><div class=\"gutentor-single-item gutentor-icon gutentor-single-item-1\"><div class=\"gutentor-single-item-wrap\"><div class=\"gutentor-single-item-icon-box\"><i class=\"fas fa-recycle\"><\/i><\/div><div class=\"gutentor-single-item-content\"><h3 class=\"gutentor-single-item-title\">Udr\u017eiteln\u00e1<\/h3><\/div><\/div><\/div><\/div><div class=\"gutentor-grid-column grid-lg-4 grid-md-4 grid-12\"><div class=\"gutentor-single-item gutentor-icon gutentor-single-item-2\"><div class=\"gutentor-single-item-wrap\"><div class=\"gutentor-single-item-icon-box\"><i class=\"fas fa-hands\"><\/i><\/div><div class=\"gutentor-single-item-content\"><h3 class=\"gutentor-single-item-title\">P\u0159\u00edv\u011btiv\u00e1<\/h3><\/div><\/div><\/div><\/div><\/div><\/div><\/section>\n<\/div><\/section>\n\n\n\n<p><\/p>\n\n\n\n<div id=\"section-gc5648f\" class=\"wp-block-gutentor-e1 section-gc5648f gutentor-element gutentor-element-advanced-text text-align-left-desktop text-align-center-tablet text-align-center-mobile\"><div class=\"gutentor-text-wrap\"><p class=\"gutentor-text\"><\/p><\/div><\/div>\n<\/div><\/div>\n<\/div><\/div><\/section>\n\n\n\n<hr class=\"wp-block-separator has-css-opacity\" \/>\n","protected":false},"excerpt":{"rendered":"","protected":false},"author":2,"featured_media":108,"parent":0,"menu_order":0,"comment_status":"closed","ping_status":"closed","template":"template-gutentor-full-width.php","meta":{"_monsterinsights_skip_tracking":false,"_monsterinsights_sitenote_active":false,"_monsterinsights_sitenote_note":"","_monsterinsights_sitenote_category":0,"_kadence_starter_templates_imported_post":false,"footnotes":""},"class_list":["post-522","page","type-page","status-publish","has-post-thumbnail","hentry"],"aioseo_notices":[],"_links":{"self":[{"href":"https:\/\/law.prf.cuni.cz\/fakulta-dvanula\/wp-json\/wp\/v2\/pages\/522","targetHints":{"allow":["GET"]}}],"collection":[{"href":"https:\/\/law.prf.cuni.cz\/fakulta-dvanula\/wp-json\/wp\/v2\/pages"}],"about":[{"href":"https:\/\/law.prf.cuni.cz\/fakulta-dvanula\/wp-json\/wp\/v2\/types\/page"}],"author":[{"embeddable":true,"href":"https:\/\/law.prf.cuni.cz\/fakulta-dvanula\/wp-json\/wp\/v2\/users\/2"}],"replies":[{"embeddable":true,"href":"https:\/\/law.prf.cuni.cz\/fakulta-dvanula\/wp-json\/wp\/v2\/comments?post=522"}],"version-history":[{"count":233,"href":"https:\/\/law.prf.cuni.cz\/fakulta-dvanula\/wp-json\/wp\/v2\/pages\/522\/revisions"}],"predecessor-version":[{"id":1953,"href":"https:\/\/law.prf.cuni.cz\/fakulta-dvanula\/wp-json\/wp\/v2\/pages\/522\/revisions\/1953"}],"wp:featuredmedia":[{"embeddable":true,"href":"https:\/\/law.prf.cuni.cz\/fakulta-dvanula\/wp-json\/wp\/v2\/media\/108"}],"wp:attachment":[{"href":"https:\/\/law.prf.cuni.cz\/fakulta-dvanula\/wp-json\/wp\/v2\/media?parent=522"}],"curies":[{"name":"wp","href":"https:\/\/api.w.org\/{rel}","templated":true}]}}