{"id":492,"date":"2024-02-04T23:57:18","date_gmt":"2024-02-04T22:57:18","guid":{"rendered":"https:\/\/law.prf.cuni.cz\/pravnicka-dvanula\/?page_id=492"},"modified":"2025-06-20T00:41:39","modified_gmt":"2025-06-19T22:41:39","slug":"galerie","status":"publish","type":"page","link":"https:\/\/law.prf.cuni.cz\/fakulta-dvanula\/galerie\/","title":{"rendered":"Galerie"},"content":{"rendered":"\n<p><\/p>\n\n\n\n<section id=\"gm479783c\" class=\"wp-block-gutentor-m4 section-gm479783c gutentor-module gutentor-advanced-columns\"><div class=\"grid-container\"><div class=\"grid-row\">\n<div id=\"col-gm40b112\" class=\"wp-block-gutentor-m4-col col-gm40b112 gutentor-single-column  grid-lg-12 grid-md-12 grid-12\"><div id=\"section-gm40b112\" class=\"section-gm40b112 gutentor-col-wrap\">\n<div id=\"section-ga215a6\" class=\"wp-block-gutentor-e1 section-ga215a6 gutentor-element gutentor-element-advanced-text text-align-left-desktop text-align-center-tablet text-align-center-mobile\"><div class=\"gutentor-text-wrap\"><p class=\"gutentor-text\">GALERIE<\/p><\/div><\/div>\n\n\n\n<section id=\"section-d281e5cb-1c39-45c8-8d46-286cb5adf609\" class=\"wp-block-gutentor-gallery gutentor-section gutentor-gallery gutentor-gallery-wrapper enable-masonry gallery-template1\"><div class=\"grid-container\"><div class=\"gutentor-block-header\"><div class=\"gutentor-section-title text-center\"><h2 class=\"gutentor-title\"><\/h2><\/div><\/div><div class=\"grid-row gutentor-grid-item-wrap full-width-row\"><div class=\"gutentor-gallery-item grid-lg-4 grid-md-4 grid-12\"><div class=\"gutentor-single-item gutentor-image gutentor-single-item-0 g-single-column-link-enabled\"><div class=\"gutentor-gallery-item-wrap\"><div class=\"gutentor-single-item-image-box\"><div class=\"gutentor-image-thumb\"><img loading=\"lazy\" decoding=\"async\" class=\"normal-image\" src=\"https:\/\/law.prf.cuni.cz\/fakulta-dvanula\/wp-content\/uploads\/sites\/20\/2025\/06\/Kopie-navrhu-Kopie-navrhu-Kopie-navrhu-Kopie-navrhu-Kopie-navrhu-Kopie-navrhu-Kopie-navrhu-Kopie-navrhu-Kopie-navrhu-Pridat-nadpis-Your-Story-Prispevek-na-Instagramu.png\" alt=\"\" height=\"1080\" width=\"1080\" \/><\/div><\/div><div class=\"gutentor-single-item-content\"><div class=\"gutentor-gallery-item-header\"><h3 class=\"gutentor-single-item-title\"><strong>p\u00e1tek t\u0159in\u00e1ct\u00e9ho <\/strong><\/h3><a href=\"https:\/\/law.prf.cuni.cz\/fakulta-dvanula\/wp-content\/uploads\/sites\/20\/2025\/06\/Kopie-navrhu-Kopie-navrhu-Kopie-navrhu-Kopie-navrhu-Kopie-navrhu-Kopie-navrhu-Kopie-navrhu-Kopie-navrhu-Kopie-navrhu-Pridat-nadpis-Your-Story-Prispevek-na-Instagramu.png\" class=\"image-gallery\"><i class=\"gallery-icon fas fa-search\"><\/i><\/a><\/div><div class=\"gutentor-gallery-item-desc\"><p class=\"gutentor-single-item-desc\">13. 6. 2025<\/p><\/div><\/div><\/div><a class=\"gutentor-single-item-box-link gutentor-link\" href=\"https:\/\/law.prf.cuni.cz\/fakulta-dvanula\/galerie-6\/\" target=\"_blank\" rel=\"noopener noreferrer\"><\/a><\/div><\/div><div class=\"gutentor-gallery-item grid-lg-4 grid-md-4 grid-12\"><div class=\"gutentor-single-item gutentor-image gutentor-single-item-1 g-single-column-link-enabled\"><div class=\"gutentor-gallery-item-wrap\"><div class=\"gutentor-single-item-image-box\"><div class=\"gutentor-image-thumb\"><img loading=\"lazy\" decoding=\"async\" class=\"normal-image\" src=\"https:\/\/law.prf.cuni.cz\/fakulta-dvanula\/wp-content\/uploads\/sites\/20\/2025\/04\/1.png\" alt=\"\" height=\"800\" width=\"800\" \/><\/div><\/div><div class=\"gutentor-single-item-content\"><div class=\"gutentor-gallery-item-header\"><h3 class=\"gutentor-single-item-title\">V\u00fdstava o historii budovy<\/h3><a href=\"https:\/\/law.prf.cuni.cz\/fakulta-dvanula\/wp-content\/uploads\/sites\/20\/2025\/04\/1.png\" class=\"image-gallery\"><i class=\"gallery-icon fas fa-search\"><\/i><\/a><\/div><div class=\"gutentor-gallery-item-desc\"><p class=\"gutentor-single-item-desc\">1. 4. 2025<\/p><\/div><\/div><\/div><a class=\"gutentor-single-item-box-link gutentor-link\" href=\"https:\/\/law.prf.cuni.cz\/fakulta-dvanula\/galerie-5\/\" target=\"_blank\" rel=\"noopener noreferrer\"><\/a><\/div><\/div><div class=\"gutentor-gallery-item grid-lg-4 grid-md-4 grid-12\"><div class=\"gutentor-single-item gutentor-image gutentor-single-item-2 g-single-column-link-enabled\"><div class=\"gutentor-gallery-item-wrap\"><div class=\"gutentor-single-item-image-box\"><div class=\"gutentor-image-thumb\"><img loading=\"lazy\" decoding=\"async\" class=\"normal-image\" src=\"https:\/\/law.prf.cuni.cz\/fakulta-dvanula\/wp-content\/uploads\/sites\/20\/2024\/10\/Live-in-the-moment.png\" alt=\"\" height=\"1080\" width=\"1080\" \/><\/div><\/div><div class=\"gutentor-single-item-content\"><div class=\"gutentor-gallery-item-header\"><h3 class=\"gutentor-single-item-title\">Den udr\u017eiteln\u00e9ho rozvoje <\/h3><a href=\"https:\/\/law.prf.cuni.cz\/fakulta-dvanula\/wp-content\/uploads\/sites\/20\/2024\/10\/Live-in-the-moment.png\" class=\"image-gallery\"><i class=\"gallery-icon fas fa-search\"><\/i><\/a><\/div><div class=\"gutentor-gallery-item-desc\"><p class=\"gutentor-single-item-desc\">8. 10. 2024<\/p><\/div><\/div><\/div><a class=\"gutentor-single-item-box-link gutentor-link\" href=\"https:\/\/law.prf.cuni.cz\/fakulta-dvanula\/galerie-4\/\" target=\"_blank\" rel=\"noopener noreferrer\"><\/a><\/div><\/div><div class=\"gutentor-gallery-item grid-lg-4 grid-md-4 grid-12\"><div class=\"gutentor-single-item gutentor-image gutentor-single-item-3 g-single-column-link-enabled\"><div class=\"gutentor-gallery-item-wrap\"><div class=\"gutentor-single-item-image-box\"><div class=\"gutentor-image-thumb\"><img loading=\"lazy\" decoding=\"async\" class=\"normal-image\" src=\"https:\/\/law.prf.cuni.cz\/fakulta-dvanula\/wp-content\/uploads\/sites\/20\/2024\/02\/chill.jpg\" alt=\"\" height=\"800\" width=\"800\" \/><\/div><\/div><div class=\"gutentor-single-item-content\"><div class=\"gutentor-gallery-item-header\"><h3 class=\"gutentor-single-item-title\">Otev\u0159en\u00ed kav\u00e1rny a chill out<\/h3><a href=\"https:\/\/law.prf.cuni.cz\/fakulta-dvanula\/wp-content\/uploads\/sites\/20\/2024\/02\/chill.jpg\" class=\"image-gallery\"><i class=\"gallery-icon fas fa-search\"><\/i><\/a><\/div><div class=\"gutentor-gallery-item-desc\"><p class=\"gutentor-single-item-desc\">20. 2. 2024<\/p><\/div><\/div><\/div><a class=\"gutentor-single-item-box-link gutentor-link\" href=\"https:\/\/law.prf.cuni.cz\/fakulta-dvanula\/galerie-3\/\" target=\"_blank\" rel=\"noopener noreferrer\"><\/a><\/div><\/div><div class=\"gutentor-gallery-item grid-lg-4 grid-md-4 grid-12\"><div class=\"gutentor-single-item gutentor-image gutentor-single-item-4 g-single-column-link-enabled\"><div class=\"gutentor-gallery-item-wrap\"><div class=\"gutentor-single-item-image-box\"><div class=\"gutentor-image-thumb\"><img loading=\"lazy\" decoding=\"async\" class=\"normal-image\" src=\"https:\/\/law.prf.cuni.cz\/fakulta-dvanula\/wp-content\/uploads\/sites\/20\/2024\/02\/vavra-1.jpg\" alt=\"\" height=\"800\" width=\"800\" \/><\/div><\/div><div class=\"gutentor-single-item-content\"><div class=\"gutentor-gallery-item-header\"><h3 class=\"gutentor-single-item-title\"><strong>David V\u00e1vra o Janu Kot\u011brovi\u202f<\/strong>\u00a0<\/h3><a href=\"https:\/\/law.prf.cuni.cz\/fakulta-dvanula\/wp-content\/uploads\/sites\/20\/2024\/02\/vavra-1.jpg\" class=\"image-gallery\"><i class=\"gallery-icon fas fa-search\"><\/i><\/a><\/div><div class=\"gutentor-gallery-item-desc\"><p class=\"gutentor-single-item-desc\">30. 11. 2023<\/p><\/div><\/div><\/div><a class=\"gutentor-single-item-box-link gutentor-link\" href=\"https:\/\/law.prf.cuni.cz\/fakulta-dvanula\/galerie-1\/\" target=\"_blank\" rel=\"noopener noreferrer\"><\/a><\/div><\/div><div class=\"gutentor-gallery-item grid-lg-4 grid-md-4 grid-12\"><div class=\"gutentor-single-item gutentor-image gutentor-single-item-5 g-single-column-link-enabled\"><div class=\"gutentor-gallery-item-wrap\"><div class=\"gutentor-single-item-image-box\"><div class=\"gutentor-image-thumb\"><img loading=\"lazy\" decoding=\"async\" class=\"normal-image\" src=\"https:\/\/law.prf.cuni.cz\/fakulta-dvanula\/wp-content\/uploads\/sites\/20\/2024\/02\/vystava.jpg\" alt=\"\" height=\"800\" width=\"800\" \/><\/div><\/div><div class=\"gutentor-single-item-content\"><div class=\"gutentor-gallery-item-header\"><h3 class=\"gutentor-single-item-title\">Architektura pr\u00e1vu<\/h3><a href=\"https:\/\/law.prf.cuni.cz\/fakulta-dvanula\/wp-content\/uploads\/sites\/20\/2024\/02\/vystava.jpg\" class=\"image-gallery\"><i class=\"gallery-icon fas fa-search\"><\/i><\/a><\/div><div class=\"gutentor-gallery-item-desc\"><p class=\"gutentor-single-item-desc\">17. 5. 2023<\/p><\/div><\/div><\/div><a class=\"gutentor-single-item-box-link gutentor-link\" href=\"https:\/\/law.prf.cuni.cz\/fakulta-dvanula\/?page_id=1132\" target=\"_blank\" rel=\"noopener noreferrer\"><\/a><\/div><\/div><\/div><\/div><\/section>\n<\/div><\/div>\n<\/div><\/div><\/section>\n","protected":false},"excerpt":{"rendered":"","protected":false},"author":10,"featured_media":0,"parent":0,"menu_order":0,"comment_status":"closed","ping_status":"closed","template":"template-gutentor-full-width.php","meta":{"_monsterinsights_skip_tracking":false,"_monsterinsights_sitenote_active":false,"_monsterinsights_sitenote_note":"","_monsterinsights_sitenote_category":0,"_kadence_starter_templates_imported_post":false,"footnotes":""},"class_list":["post-492","page","type-page","status-publish","hentry"],"aioseo_notices":[],"_links":{"self":[{"href":"https:\/\/law.prf.cuni.cz\/fakulta-dvanula\/wp-json\/wp\/v2\/pages\/492","targetHints":{"allow":["GET"]}}],"collection":[{"href":"https:\/\/law.prf.cuni.cz\/fakulta-dvanula\/wp-json\/wp\/v2\/pages"}],"about":[{"href":"https:\/\/law.prf.cuni.cz\/fakulta-dvanula\/wp-json\/wp\/v2\/types\/page"}],"author":[{"embeddable":true,"href":"https:\/\/law.prf.cuni.cz\/fakulta-dvanula\/wp-json\/wp\/v2\/users\/10"}],"replies":[{"embeddable":true,"href":"https:\/\/law.prf.cuni.cz\/fakulta-dvanula\/wp-json\/wp\/v2\/comments?post=492"}],"version-history":[{"count":42,"href":"https:\/\/law.prf.cuni.cz\/fakulta-dvanula\/wp-json\/wp\/v2\/pages\/492\/revisions"}],"predecessor-version":[{"id":2623,"href":"https:\/\/law.prf.cuni.cz\/fakulta-dvanula\/wp-json\/wp\/v2\/pages\/492\/revisions\/2623"}],"wp:attachment":[{"href":"https:\/\/law.prf.cuni.cz\/fakulta-dvanula\/wp-json\/wp\/v2\/media?parent=492"}],"curies":[{"name":"wp","href":"https:\/\/api.w.org\/{rel}","templated":true}]}}