{"id":2402,"date":"2025-04-14T23:46:44","date_gmt":"2025-04-14T21:46:44","guid":{"rendered":"https:\/\/law.prf.cuni.cz\/fakulta-dvanula\/?page_id=2402"},"modified":"2026-03-05T23:34:08","modified_gmt":"2026-03-05T22:34:08","slug":"novinky","status":"publish","type":"page","link":"https:\/\/law.prf.cuni.cz\/fakulta-dvanula\/novinky\/","title":{"rendered":"Novinky"},"content":{"rendered":"\n<section id=\"gm5fa2ed4\" class=\"wp-block-gutentor-m4 section-gm5fa2ed4 gutentor-module gutentor-advanced-columns\"><div class=\"grid-container\"><div class=\"grid-row\">\n<div id=\"col-gma0b19f\" class=\"wp-block-gutentor-m4-col col-gma0b19f gutentor-single-column  grid-lg-12 grid-md-12 grid-12\"><div id=\"section-gma0b19f\" class=\"section-gma0b19f gutentor-col-wrap\">\n<section id=\"gmf4ab462\" class=\"wp-block-gutentor-m3 section-gmf4ab462 gutentor-module gutentor-container-cover\"><div class=\"grid-container\">\n<div id=\"section-g39f6a7\" class=\"wp-block-gutentor-e1 section-g39f6a7 gutentor-element gutentor-element-advanced-text text-align-left-desktop text-align-center-tablet text-align-center-mobile\"><div class=\"gutentor-text-wrap\"><p class=\"gutentor-text\">NOVINKY<\/p><\/div><\/div>\n\n\n\n<div class=\"wp-block-columns is-layout-flex wp-container-core-columns-is-layout-1 wp-block-columns-is-layout-flex\">\n<div class=\"wp-block-column is-layout-flow wp-block-column-is-layout-flow\" style=\"flex-basis:100%\">\n<section id=\"section-9e3fd515-2d1c-4f43-b23e-18368cb48224\" class=\"wp-block-gutentor-accordion gutentor-section gutentor-accordion-wrapper accordion-template1\"><div class=\"grid-container\"><div class=\"gutentor-block-header\"><div class=\"gutentor-section-title text-center\"><h2 class=\"gutentor-title\"><\/h2><\/div><\/div><div class=\"grid-row gutentor-grid-item-wrap\"><div class=\"grid-md-12\"><div class=\"gutentor-accordion-wrap\"><div class=\"gutentor-single-item gutentor-single-item-0\"><div class=\"gutentor-single-item-wrap\"><div class=\"gutentor-accordion-heading\"><i class=\"gutentor-accordion-icon open-icon fas fa-chevron-right\"><\/i><i class=\"gutentor-accordion-icon close-icon fas fa-minus\"><\/i><h3 class=\"gutentor-single-item-title\">H<a style=\"font-weight: bold\" href=\"https:\/\/law.prf.cuni.cz\/fakulta-dvanula\/harmonogram-oken-i-etapa\/\" target=\"_blank\" rel=\"noopener\" title=\"\">armonogram <\/a>oken 2026<\/h3><\/div><div class=\"gutentor-accordion-body\"><p class=\"gutentor-single-item-desc\">Harmonogram oken 2026 <strong><a href=\"https:\/\/law.prf.cuni.cz\/fakulta-dvanula\/harmonogram-oken-i-3-7\/\" target=\"_blank\" rel=\"noopener\" title=\"\">ZDE<\/a><\/strong><br>(posledn\u00ed aktualizace 5. 3. 2026)<\/p><\/div><\/div><\/div><\/div><div class=\"gutentor-accordion-wrap\"><div class=\"gutentor-single-item gutentor-single-item-1\"><div class=\"gutentor-single-item-wrap\"><div class=\"gutentor-accordion-heading\"><i class=\"gutentor-accordion-icon open-icon fas fa-chevron-right\"><\/i><i class=\"gutentor-accordion-icon close-icon fas fa-minus\"><\/i><h3 class=\"gutentor-single-item-title\"><strong>Harmonogram cel\u00e9 stavby &#8211; okna\/fas\u00e1da a\u017e do konce stavby<\/strong><\/h3><\/div><div class=\"gutentor-accordion-body\"><p class=\"gutentor-single-item-desc\">Harmonogram <strong><a href=\"https:\/\/www.prf.cuni.cz\/sites\/default\/files\/soubory\/private\/2025-11\/251113_HMG_PF_FASADA_OKNA.pdf\" title=\"\"><mark style=\"background-color:#ffffff\" class=\"has-inline-color has-red-color\">ZDE<\/mark><\/a><\/strong><\/p><\/div><\/div><\/div><\/div><div class=\"gutentor-accordion-wrap\"><div class=\"gutentor-single-item gutentor-single-item-2\"><div class=\"gutentor-single-item-wrap\"><div class=\"gutentor-accordion-heading\"><i class=\"gutentor-accordion-icon open-icon fas fa-chevron-right\"><\/i><i class=\"gutentor-accordion-icon close-icon fas fa-minus\"><\/i><h3 class=\"gutentor-single-item-title\">Pl\u00e1n za\u0159\u00edzen\u00ed staveni\u0161t\u011b a z\u00e1bory 2026<\/h3><\/div><div class=\"gutentor-accordion-body\"><p class=\"gutentor-single-item-desc\"><img loading=\"lazy\" decoding=\"async\" width=\"9925\" height=\"7017\" class=\"wp-image-2838\" style=\"width: 1500px\" src=\"https:\/\/law.prf.cuni.cz\/fakulta-dvanula\/wp-content\/uploads\/sites\/20\/2026\/03\/PF_Zabory_2026-3.png\" alt=\"\"><\/p><\/div><\/div><\/div><\/div><div class=\"gutentor-accordion-wrap\"><div class=\"gutentor-single-item gutentor-single-item-3\"><div class=\"gutentor-single-item-wrap\"><div class=\"gutentor-accordion-heading\"><i class=\"gutentor-accordion-icon open-icon fas fa-chevron-right\"><\/i><i class=\"gutentor-accordion-icon close-icon fas fa-minus\"><\/i><h3 class=\"gutentor-single-item-title\"><strong>P\u0159edb\u011b\u017en\u00fd harmonogram<\/strong><\/h3><\/div><div class=\"gutentor-accordion-body\"><p class=\"gutentor-single-item-desc\"><strong>4. 4. 2025<\/strong> \u2013 Podpis smlouvy o d\u00edlo se zhotovitelem, v\u010detn\u011b uve\u0159ejn\u011bn\u00ed v Registru smluv.<br><br><strong>17. 4. 2025<\/strong> \u2013 P\u0159ed\u00e1n\u00ed staveni\u0161t\u011b, z\u00e1voz le\u0161en\u00ed na dv\u016fr a mont\u00e1\u017e vzorov\u00e9ho okna za \u00fa\u010delem z\u00edsk\u00e1n\u00ed souhlasu N\u00e1rodn\u00edho pam\u00e1tkov\u00e9ho \u00fastavu a Odboru pam\u00e1tkov\u00e9 p\u00e9\u010de Magistr\u00e1tu hlavn\u00edho m\u011bsta Prahy dle po\u017eadavk\u016f vydan\u00e9ho stavebn\u00edho povolen\u00ed.<br><br><strong>P\u0159edb\u011b\u017en\u00fd harmonogram najdete v t\u00e9to\u00a0<a href=\"https:\/\/cunicz.sharepoint.com\/sites\/PF-Int\/Prezentace\/Forms\/AllItems.aspx?id=%2Fsites%2FPF%2DInt%2FPrezentace%2FRevitalizace%20budovy%20PF%20UK%20%E2%80%93%20Fakulta%202%2E0%2Epdf&amp;parent=%2Fsites%2FPF%2DInt%2FPrezentace\" target=\"_blank\" rel=\"noreferrer noopener\">prezentaci<\/a>.<\/strong><br><br><\/p><\/div><\/div><\/div><\/div><\/div><\/div><\/div><\/section>\n<\/div>\n<\/div>\n<\/div><\/section>\n\n\n\n<section id=\"gm6048318\" class=\"wp-block-gutentor-m3 section-gm6048318 gutentor-module gutentor-container-cover\"><div class=\"grid-container\"><div class=\"wp-block-image\">\n<figure class=\"alignright size-full is-resized\"><img loading=\"lazy\" decoding=\"async\" width=\"1250\" height=\"1250\" src=\"https:\/\/law.prf.cuni.cz\/fakulta-dvanula\/wp-content\/uploads\/sites\/20\/2024\/02\/obr-1.png\" alt=\"\" class=\"wp-image-432\" style=\"aspect-ratio:1;width:228px;height:auto\" \/><\/figure><\/div><\/div><\/section>\n<\/div><\/div>\n<\/div><\/div><\/section>\n","protected":false},"excerpt":{"rendered":"","protected":false},"author":10,"featured_media":0,"parent":0,"menu_order":0,"comment_status":"closed","ping_status":"closed","template":"template-gutentor-full-width.php","meta":{"_monsterinsights_skip_tracking":false,"_monsterinsights_sitenote_active":false,"_monsterinsights_sitenote_note":"","_monsterinsights_sitenote_category":0,"_kadence_starter_templates_imported_post":false,"footnotes":""},"class_list":["post-2402","page","type-page","status-publish","hentry"],"aioseo_notices":[],"_links":{"self":[{"href":"https:\/\/law.prf.cuni.cz\/fakulta-dvanula\/wp-json\/wp\/v2\/pages\/2402","targetHints":{"allow":["GET"]}}],"collection":[{"href":"https:\/\/law.prf.cuni.cz\/fakulta-dvanula\/wp-json\/wp\/v2\/pages"}],"about":[{"href":"https:\/\/law.prf.cuni.cz\/fakulta-dvanula\/wp-json\/wp\/v2\/types\/page"}],"author":[{"embeddable":true,"href":"https:\/\/law.prf.cuni.cz\/fakulta-dvanula\/wp-json\/wp\/v2\/users\/10"}],"replies":[{"embeddable":true,"href":"https:\/\/law.prf.cuni.cz\/fakulta-dvanula\/wp-json\/wp\/v2\/comments?post=2402"}],"version-history":[{"count":38,"href":"https:\/\/law.prf.cuni.cz\/fakulta-dvanula\/wp-json\/wp\/v2\/pages\/2402\/revisions"}],"predecessor-version":[{"id":2840,"href":"https:\/\/law.prf.cuni.cz\/fakulta-dvanula\/wp-json\/wp\/v2\/pages\/2402\/revisions\/2840"}],"wp:attachment":[{"href":"https:\/\/law.prf.cuni.cz\/fakulta-dvanula\/wp-json\/wp\/v2\/media?parent=2402"}],"curies":[{"name":"wp","href":"https:\/\/api.w.org\/{rel}","templated":true}]}}