{"id":1473,"date":"2024-02-19T12:14:34","date_gmt":"2024-02-19T11:14:34","guid":{"rendered":"https:\/\/law.prf.cuni.cz\/fakulta-dvanula\/?page_id=1473"},"modified":"2024-02-27T11:29:10","modified_gmt":"2024-02-27T10:29:10","slug":"pro-media","status":"publish","type":"page","link":"https:\/\/law.prf.cuni.cz\/fakulta-dvanula\/pro-media\/","title":{"rendered":"PRO M\u00c9DIA"},"content":{"rendered":"\n<section id=\"gm350a4bc\" class=\"wp-block-gutentor-m3 section-gm350a4bc gutentor-module gutentor-container-cover\"><div class=\"grid-container\">\n<section id=\"gm2e69075\" class=\"wp-block-gutentor-m3 section-gm2e69075 gutentor-module gutentor-container-cover\"><div class=\"grid-container\">\n<div id=\"section-gd044c1\" class=\"wp-block-gutentor-e1 section-gd044c1 gutentor-element gutentor-element-advanced-text text-align-left-desktop text-align-center-tablet text-align-center-mobile\"><div class=\"gutentor-text-wrap\"><p class=\"gutentor-text\">PRO M\u00c9DIA<\/p><\/div><\/div>\n\n\n\n<section id=\"gm1b137d8\" class=\"wp-block-gutentor-m4 section-gm1b137d8 gutentor-module gutentor-advanced-columns g-c-r-valign-mobile g-c-r-valign-tablet g-c-r-valign-desktop\"><div class=\"grid-container\"><div class=\"grid-row\">\n<div id=\"col-gm06abf9\" class=\"wp-block-gutentor-m4-col col-gm06abf9 gutentor-single-column  grid-lg-8 grid-md-12 grid-12\"><div id=\"section-gm06abf9\" class=\"section-gm06abf9 gutentor-col-wrap\">\n<div id=\"section-ge1d5bf\" class=\"wp-block-gutentor-e1 section-ge1d5bf gutentor-element gutentor-element-advanced-text text-align-left-desktop\"><div class=\"gutentor-text-wrap\"><p class=\"gutentor-text\">FAKULTA 2.0<\/p><\/div><\/div>\n\n\n\n<div id=\"section-g6e3d9b\" class=\"wp-block-gutentor-e1 section-g6e3d9b gutentor-element gutentor-element-advanced-text text-align-left-desktop\"><div class=\"gutentor-text-wrap\"><p class=\"gutentor-text\">PROJEKT REVITALIZACE<br>PR\u00c1VNICK\u00c9 FAKULTY UK<\/p><\/div><\/div>\n\n\n\n<div id=\"section-ga272f5\" class=\"wp-block-gutentor-e2 section-ga272f5 gutentor-element gutentor-element-button\"><span class=\"gutentor-button-wrap\"><a class=\"gutentor-button gutentor-block-button gutentor-icon-hide\" href=\"https:\/\/law.prf.cuni.cz\/fakulta-dvanula\/chci-se-zapojit-2\/\"><i class=\"gutentor-button-icon fas fa-book\"><\/i><span>CHCI SE ZAPOJIT<\/span><\/a><\/span><\/div>\n<\/div><\/div>\n\n\n\n<div id=\"col-gm08e5ca\" class=\"wp-block-gutentor-m4-col col-gm08e5ca gutentor-single-column  grid-lg-4 grid-md-12 grid-12\"><div id=\"section-gm08e5ca\" class=\"section-gm08e5ca gutentor-col-wrap\">\n<div id=\"section-g0116ad\" class=\"wp-block-gutentor-e6 section-g0116ad gutentor-element gutentor-element-image gutentor-enabled-width\"><div class=\"gutentor-element-image-box\"><a class=\"gutentor-element-image-link\"><div class=\"gutentor-image-thumb\"><img decoding=\"async\" class=\"normal-image\" src=\"https:\/\/law.prf.cuni.cz\/pravnicka-dvanula\/wp-content\/uploads\/sites\/20\/2024\/02\/obr-1.png\" \/><\/div><\/a><\/div><\/div>\n<\/div><\/div>\n<\/div><\/div><\/section>\n<\/div><\/section>\n\n\n\n<section id=\"gmc36809a\" class=\"wp-block-gutentor-m3 section-gmc36809a gutentor-module gutentor-container-cover\"><div class=\"grid-container\">\n<section id=\"gm6be1aaa\" class=\"wp-block-gutentor-m3 alignfull section-gm6be1aaa gutentor-module gutentor-container-cover g-pos-r-desktop g-pos-d-tablet g-pos-d-mobile g-pos-v-c-desktop\"><div class=\"grid-container\">\n<section id=\"section-d1b22654-49f8-4d50-9687-d4020b24c5fb\" class=\"wp-block-gutentor-content-box gutentor-section gutentor-content-box-wrapper content-template1\"><div class=\"grid-container\"><div class=\"gutentor-block-header\"><div class=\"gutentor-section-title enable-title-design seperator-bottom text-left\"><h2 class=\"gutentor-title\">Tiskov\u00e9 zpr\u00e1vy<\/h2><\/div><\/div><div class=\"grid-row gutentor-grid-item-wrap\"><div class=\"gutentor-grid-column grid-lg-12 grid-md-12 grid-12\"><div class=\"gutentor-single-item gutentor-single-item-0\"><div class=\"gutentor-single-item-wrap\"><div class=\"gutentor-single-item-content\"><h3 class=\"gutentor-single-item-title\"><a href=\"https:\/\/www.prf.cuni.cz\/sites\/default\/files\/uploads\/files\/TZ_pra%CC%81vnicka%CC%81_kava%CC%81rna-1%20%281%29.pdf\" target=\"_blank\" rel=\"noopener\" title=\"TISKOV\u00c1 ZPR\u00c1VA ze dne 20. 2. 2024\">TISKOV\u00c1 ZPR\u00c1VA ze dne 20. 2. 2024<\/a><\/h3><p class=\"gutentor-single-item-desc\">Otev\u0159en\u00ed renovovan\u00e9 fakultn\u00ed kav\u00e1rny a nov\u00e9 relaxa\u010dn\u00ed z\u00f3ny v p\u0159\u00edzem\u00ed fakulty.<\/p><\/div><\/div><\/div><\/div><\/div><\/div><\/section>\n<\/div><\/section>\n\n\n\n<div class=\"wp-block-file\"><a id=\"wp-block-file--media-fad46f8a-5f11-4d34-94c0-50425d60a159\" href=\"https:\/\/law.prf.cuni.cz\/fakulta-dvanula\/wp-content\/uploads\/sites\/20\/2024\/02\/logo_fakulta_2.0.pdf\" target=\"_blank\" rel=\"noreferrer noopener\">logo_fakulta_2.0<\/a><a href=\"https:\/\/law.prf.cuni.cz\/fakulta-dvanula\/wp-content\/uploads\/sites\/20\/2024\/02\/logo_fakulta_2.0.pdf\" class=\"wp-block-file__button wp-element-button\" download aria-describedby=\"wp-block-file--media-fad46f8a-5f11-4d34-94c0-50425d60a159\">St\u00e1hnout<\/a><\/div>\n\n\n\n<div class=\"wp-block-file\"><a id=\"wp-block-file--media-fad46f8a-5f11-4d34-94c0-50425d60a159\" href=\"https:\/\/law.prf.cuni.cz\/fakulta-dvanula\/wp-content\/uploads\/sites\/20\/2024\/02\/Leta\u0301k_fakulta_2.0.pdf\" target=\"_blank\" rel=\"noreferrer noopener\">Leta\u0301k_fakulta_2.0<\/a><a href=\"https:\/\/law.prf.cuni.cz\/fakulta-dvanula\/wp-content\/uploads\/sites\/20\/2024\/02\/Leta\u0301k_fakulta_2.0.pdf\" class=\"wp-block-file__button wp-element-button\" download aria-describedby=\"wp-block-file--media-fad46f8a-5f11-4d34-94c0-50425d60a159\">St\u00e1hnout<\/a><\/div>\n<\/div><\/section>\n\n\n\n<section id=\"gmf858264\" class=\"wp-block-gutentor-m3 section-gmf858264 gutentor-module gutentor-container-cover\"><div class=\"grid-container\">\n<figure class=\"wp-block-embed is-type-video is-provider-youtube wp-block-embed-youtube wp-embed-aspect-16-9 wp-has-aspect-ratio\"><div class=\"wp-block-embed__wrapper\">\n<iframe loading=\"lazy\" title=\"Architektura pr\u00e1vu\" width=\"720\" height=\"405\" src=\"https:\/\/www.youtube.com\/embed\/3jWVPTKfumI?feature=oembed\" frameborder=\"0\" allow=\"accelerometer; autoplay; clipboard-write; encrypted-media; gyroscope; picture-in-picture; web-share\" allowfullscreen><\/iframe>\n<\/div><\/figure>\n<\/div><\/section>\n<\/div><\/section>\n","protected":false},"excerpt":{"rendered":"","protected":false},"author":10,"featured_media":0,"parent":0,"menu_order":0,"comment_status":"closed","ping_status":"closed","template":"template-gutentor-full-width.php","meta":{"_monsterinsights_skip_tracking":false,"_monsterinsights_sitenote_active":false,"_monsterinsights_sitenote_note":"","_monsterinsights_sitenote_category":0,"_kadence_starter_templates_imported_post":false,"footnotes":""},"class_list":["post-1473","page","type-page","status-publish","hentry"],"aioseo_notices":[],"_links":{"self":[{"href":"https:\/\/law.prf.cuni.cz\/fakulta-dvanula\/wp-json\/wp\/v2\/pages\/1473","targetHints":{"allow":["GET"]}}],"collection":[{"href":"https:\/\/law.prf.cuni.cz\/fakulta-dvanula\/wp-json\/wp\/v2\/pages"}],"about":[{"href":"https:\/\/law.prf.cuni.cz\/fakulta-dvanula\/wp-json\/wp\/v2\/types\/page"}],"author":[{"embeddable":true,"href":"https:\/\/law.prf.cuni.cz\/fakulta-dvanula\/wp-json\/wp\/v2\/users\/10"}],"replies":[{"embeddable":true,"href":"https:\/\/law.prf.cuni.cz\/fakulta-dvanula\/wp-json\/wp\/v2\/comments?post=1473"}],"version-history":[{"count":50,"href":"https:\/\/law.prf.cuni.cz\/fakulta-dvanula\/wp-json\/wp\/v2\/pages\/1473\/revisions"}],"predecessor-version":[{"id":1941,"href":"https:\/\/law.prf.cuni.cz\/fakulta-dvanula\/wp-json\/wp\/v2\/pages\/1473\/revisions\/1941"}],"wp:attachment":[{"href":"https:\/\/law.prf.cuni.cz\/fakulta-dvanula\/wp-json\/wp\/v2\/media?parent=1473"}],"curies":[{"name":"wp","href":"https:\/\/api.w.org\/{rel}","templated":true}]}}