{"id":58,"date":"2024-03-14T20:37:46","date_gmt":"2024-03-14T19:37:46","guid":{"rendered":"https:\/\/law.prf.cuni.cz\/danovepravo\/?page_id=58"},"modified":"2026-02-14T09:47:35","modified_gmt":"2026-02-14T08:47:35","slug":"registrace","status":"publish","type":"page","link":"https:\/\/law.prf.cuni.cz\/danovepravo\/registrace\/","title":{"rendered":"Registrace"},"content":{"rendered":"\n<div class=\"wp-block-group has-global-padding is-layout-constrained wp-container-core-group-is-layout-1 wp-block-group-is-layout-constrained\" style=\"padding-top:var(--wp--preset--spacing--40);padding-right:var(--wp--preset--spacing--40);padding-bottom:var(--wp--preset--spacing--40);padding-left:var(--wp--preset--spacing--40)\">\n<div class=\"wp-block-buttons is-content-justification-center is-layout-flex wp-container-core-buttons-is-layout-1 wp-block-buttons-is-layout-flex\">\n<div class=\"wp-block-button\"><a class=\"wp-block-button__link has-base-color has-text-color has-background wp-element-button\" style=\"background-color:#d22d40\">REGISTRACE<\/a><\/div>\n<\/div>\n\n\n\n<p class=\"has-text-align-center\">Registrace na konferenci bude spu\u0161t\u011bna na ja\u0159e 2026.<\/p>\n\n\n\n<div style=\"height:30px\" aria-hidden=\"true\" class=\"wp-block-spacer\"><\/div>\n<\/div>\n\n\n\n<div class=\"wp-block-columns is-layout-flex wp-container-core-columns-is-layout-1 wp-block-columns-is-layout-flex\">\n<div class=\"wp-block-column is-layout-flow wp-block-column-is-layout-flow\" style=\"flex-basis:100%\">\n<p><\/p>\n<\/div>\n<\/div>\n\n\n\n<div class=\"wp-block-columns is-layout-flex wp-container-core-columns-is-layout-2 wp-block-columns-is-layout-flex\">\n<div class=\"wp-block-column is-layout-flow wp-block-column-is-layout-flow\">\n<h4 class=\"wp-block-heading has-text-align-center\">Uz\u00e1v\u011brka p\u0159ihl\u00e1\u0161ek<\/h4>\n\n\n\n<p class=\"has-text-align-center\"><strong>Ned\u011ble 27. 9. 2026<\/strong><\/p>\n<\/div>\n\n\n\n<div class=\"wp-block-column is-layout-flow wp-block-column-is-layout-flow\">\n<h4 class=\"wp-block-heading has-text-align-center\">Konferen\u010dn\u00ed poplatek<\/h4>\n\n\n\n<p class=\"has-text-align-center\"><strong>3 025 K\u010d v\u010d. DPH<\/strong><br>2 500 K\u010d bez DPH<\/p>\n<\/div>\n<\/div>\n\n\n\n<p class=\"has-text-align-center\"><\/p>\n","protected":false},"excerpt":{"rendered":"<p>Registrace na konferenci bude spu\u0161t\u011bna na ja\u0159e 2026. Uz\u00e1v\u011brka p\u0159ihl\u00e1\u0161ek Ned\u011ble 27. 9. 2026 Konferen\u010dn\u00ed poplatek 3 025 K\u010d v\u010d. DPH2 500 K\u010d bez DPH<\/p>\n","protected":false},"author":1,"featured_media":0,"parent":0,"menu_order":2,"comment_status":"closed","ping_status":"closed","template":"","meta":{"_monsterinsights_skip_tracking":false,"_monsterinsights_sitenote_active":false,"_monsterinsights_sitenote_note":"","_monsterinsights_sitenote_category":0,"_kadence_starter_templates_imported_post":false,"footnotes":""},"class_list":["post-58","page","type-page","status-publish","hentry"],"aioseo_notices":[],"_links":{"self":[{"href":"https:\/\/law.prf.cuni.cz\/danovepravo\/wp-json\/wp\/v2\/pages\/58","targetHints":{"allow":["GET"]}}],"collection":[{"href":"https:\/\/law.prf.cuni.cz\/danovepravo\/wp-json\/wp\/v2\/pages"}],"about":[{"href":"https:\/\/law.prf.cuni.cz\/danovepravo\/wp-json\/wp\/v2\/types\/page"}],"author":[{"embeddable":true,"href":"https:\/\/law.prf.cuni.cz\/danovepravo\/wp-json\/wp\/v2\/users\/1"}],"replies":[{"embeddable":true,"href":"https:\/\/law.prf.cuni.cz\/danovepravo\/wp-json\/wp\/v2\/comments?post=58"}],"version-history":[{"count":33,"href":"https:\/\/law.prf.cuni.cz\/danovepravo\/wp-json\/wp\/v2\/pages\/58\/revisions"}],"predecessor-version":[{"id":413,"href":"https:\/\/law.prf.cuni.cz\/danovepravo\/wp-json\/wp\/v2\/pages\/58\/revisions\/413"}],"wp:attachment":[{"href":"https:\/\/law.prf.cuni.cz\/danovepravo\/wp-json\/wp\/v2\/media?parent=58"}],"curies":[{"name":"wp","href":"https:\/\/api.w.org\/{rel}","templated":true}]}}