{"id":54,"date":"2024-03-14T20:40:00","date_gmt":"2024-03-14T19:40:00","guid":{"rendered":"https:\/\/law.prf.cuni.cz\/danovepravo\/?page_id=54"},"modified":"2026-02-14T09:46:48","modified_gmt":"2026-02-14T08:46:48","slug":"kontakt","status":"publish","type":"page","link":"https:\/\/law.prf.cuni.cz\/danovepravo\/kontakt\/","title":{"rendered":"Kontakt"},"content":{"rendered":"\n<p><\/p>\n\n\n\n<div class=\"wp-block-group has-global-padding is-layout-constrained wp-container-core-group-is-layout-1 wp-block-group-is-layout-constrained\" style=\"padding-top:var(--wp--preset--spacing--40);padding-right:var(--wp--preset--spacing--40);padding-bottom:var(--wp--preset--spacing--40);padding-left:var(--wp--preset--spacing--40)\">\n<p>V p\u0159\u00edpad\u011b jak\u00fdchkoliv dotaz\u016f ke konferenci vyu\u017eijte e-mailovou adresu:<\/p>\n\n\n\n<p class=\"has-text-align-center\"><a href=\"mailto:danovepravo@prf.cuni.cz\" target=\"_blank\" rel=\"noopener\" title=\"\"><strong>danovepravo@prf.cuni.cz<\/strong><\/a><\/p>\n\n\n\n<h4 class=\"wp-block-heading\">Organiza\u010dn\u00ed v\u00fdbor<\/h4>\n\n\n\n<div class=\"wp-block-media-text is-stacked-on-mobile\" style=\"grid-template-columns:30% auto\"><figure class=\"wp-block-media-text__media\"><img loading=\"lazy\" decoding=\"async\" width=\"500\" height=\"500\" src=\"https:\/\/law.prf.cuni.cz\/danovepravo\/wp-content\/uploads\/sites\/22\/2025\/03\/Ondrej-Malek.png\" alt=\"\" class=\"wp-image-327 size-full\" \/><\/figure><div class=\"wp-block-media-text__content\">\n<p><strong>JUDr. Ond\u0159ej M\u00e1lek, Ph.D.<\/strong><br>odborn\u00fd asistent, KFPFV PF UK<br>da\u0148ov\u00fd poradce<\/p>\n\n\n\n<p><a href=\"mailto:malek@prf.cuni.cz\" target=\"_blank\" rel=\"noopener\" title=\"\">malek@prf.cuni.cz<\/a><\/p>\n<\/div><\/div>\n\n\n\n<div class=\"wp-block-media-text has-media-on-the-right is-stacked-on-mobile\" style=\"grid-template-columns:auto 30%\"><div class=\"wp-block-media-text__content\">\n<p><strong>JUDr. Mgr. Michal Tul\u00e1\u010dek, Ph.D.<\/strong><br>odborn\u00fd asistent, KFPFV PF UK<br>\u0159editel legislativn\u00edho odboru, MF \u010cR<\/p>\n\n\n\n<p><a href=\"mailto:tulacek@prf.cuni.cz\" target=\"_blank\" rel=\"noopener\" title=\"\">tulacek@prf.cuni.cz<\/a><\/p>\n<\/div><figure class=\"wp-block-media-text__media\"><img loading=\"lazy\" decoding=\"async\" width=\"500\" height=\"500\" src=\"https:\/\/law.prf.cuni.cz\/danovepravo\/wp-content\/uploads\/sites\/22\/2025\/03\/Michal-Tulacek.png\" alt=\"\" class=\"wp-image-328 size-full\" \/><\/figure><\/div>\n\n\n\n<h4 class=\"wp-block-heading\"><\/h4>\n<\/div>\n","protected":false},"excerpt":{"rendered":"<p>V p\u0159\u00edpad\u011b jak\u00fdchkoliv dotaz\u016f ke konferenci vyu\u017eijte e-mailovou adresu: danovepravo@prf.cuni.cz Organiza\u010dn\u00ed v\u00fdbor JUDr. Ond\u0159ej M\u00e1lek, Ph.D.odborn\u00fd asistent, KFPFV PF UKda\u0148ov\u00fd poradce malek@prf.cuni.cz JUDr. Mgr. Michal Tul\u00e1\u010dek, Ph.D.odborn\u00fd asistent, KFPFV PF UK\u0159editel legislativn\u00edho odboru, MF \u010cR tulacek@prf.cuni.cz<\/p>\n","protected":false},"author":1,"featured_media":0,"parent":0,"menu_order":4,"comment_status":"closed","ping_status":"closed","template":"","meta":{"_monsterinsights_skip_tracking":false,"_monsterinsights_sitenote_active":false,"_monsterinsights_sitenote_note":"","_monsterinsights_sitenote_category":0,"_kadence_starter_templates_imported_post":false,"footnotes":""},"class_list":["post-54","page","type-page","status-publish","hentry"],"aioseo_notices":[],"_links":{"self":[{"href":"https:\/\/law.prf.cuni.cz\/danovepravo\/wp-json\/wp\/v2\/pages\/54","targetHints":{"allow":["GET"]}}],"collection":[{"href":"https:\/\/law.prf.cuni.cz\/danovepravo\/wp-json\/wp\/v2\/pages"}],"about":[{"href":"https:\/\/law.prf.cuni.cz\/danovepravo\/wp-json\/wp\/v2\/types\/page"}],"author":[{"embeddable":true,"href":"https:\/\/law.prf.cuni.cz\/danovepravo\/wp-json\/wp\/v2\/users\/1"}],"replies":[{"embeddable":true,"href":"https:\/\/law.prf.cuni.cz\/danovepravo\/wp-json\/wp\/v2\/comments?post=54"}],"version-history":[{"count":22,"href":"https:\/\/law.prf.cuni.cz\/danovepravo\/wp-json\/wp\/v2\/pages\/54\/revisions"}],"predecessor-version":[{"id":412,"href":"https:\/\/law.prf.cuni.cz\/danovepravo\/wp-json\/wp\/v2\/pages\/54\/revisions\/412"}],"wp:attachment":[{"href":"https:\/\/law.prf.cuni.cz\/danovepravo\/wp-json\/wp\/v2\/media?parent=54"}],"curies":[{"name":"wp","href":"https:\/\/api.w.org\/{rel}","templated":true}]}}