{"id":356,"date":"2025-07-08T11:31:28","date_gmt":"2025-07-08T09:31:28","guid":{"rendered":"https:\/\/law.prf.cuni.cz\/danovepravo\/?page_id=356"},"modified":"2026-02-14T09:50:01","modified_gmt":"2026-02-14T08:50:01","slug":"program","status":"publish","type":"page","link":"https:\/\/law.prf.cuni.cz\/danovepravo\/program\/","title":{"rendered":"Program"},"content":{"rendered":"\n<h4 class=\"wp-block-heading has-text-align-center\">\u010ctvrtek 1. 10. 2026<\/h4>\n\n\n\n<section id=\"g-s2ggagt\" class=\"wp-block-gutentor-m4 section-g-s2ggagt gutentor-module gutentor-advanced-columns\"><div class=\"grid-container\"><div class=\"grid-row\">\n<div id=\"col-g-ku6ll12\" class=\"wp-block-gutentor-m4-col col-g-ku6ll12 gutentor-single-column  grid-lg-2 grid-md-12 grid-12\"><div id=\"section-g-ku6ll12\" class=\"section-g-ku6ll12 gutentor-col-wrap\">\n<p>17:00<\/p>\n<\/div><\/div>\n\n\n\n<div id=\"col-g-1q1qu2u\" class=\"wp-block-gutentor-m4-col col-g-1q1qu2u gutentor-single-column  grid-lg-10 grid-md-12 grid-12\"><div id=\"section-g-1q1qu2u\" class=\"section-g-1q1qu2u gutentor-col-wrap\">\n<p><strong>Spole\u010densk\u00fd ve\u010der<\/strong><br>Zah\u00e1jen\u00ed konference<\/p>\n<\/div><\/div>\n<\/div><\/div><\/section>\n\n\n\n<h4 class=\"wp-block-heading has-text-align-center\">P\u00e1tek 2. 10. 2026<\/h4>\n\n\n\n<section id=\"g-f6ky9ct\" class=\"wp-block-gutentor-m4 section-g-f6ky9ct gutentor-module gutentor-advanced-columns\"><div class=\"grid-container\"><div class=\"grid-row\">\n<div id=\"col-g-h4thi23\" class=\"wp-block-gutentor-m4-col col-g-h4thi23 gutentor-single-column  grid-lg-2 grid-md-12 grid-12\"><div id=\"section-g-h4thi23\" class=\"section-g-h4thi23 gutentor-col-wrap\">\n<p>08:15-09:00<\/p>\n<\/div><\/div>\n\n\n\n<div id=\"col-g-ye2elyh\" class=\"wp-block-gutentor-m4-col col-g-ye2elyh gutentor-single-column  grid-lg-10 grid-md-12 grid-12\"><div id=\"section-g-ye2elyh\" class=\"section-g-ye2elyh gutentor-col-wrap\">\n<p><strong>Registrace \u00fa\u010dastn\u00edk\u016f<\/strong><\/p>\n<\/div><\/div>\n<\/div><\/div><\/section>\n\n\n\n<section id=\"g-rvq7fv0\" class=\"wp-block-gutentor-m4 section-g-rvq7fv0 gutentor-module gutentor-advanced-columns\"><div class=\"grid-container\"><div class=\"grid-row\">\n<div id=\"col-g-ie1wu92\" class=\"wp-block-gutentor-m4-col col-g-ie1wu92 gutentor-single-column  grid-lg-2 grid-md-12 grid-12\"><div id=\"section-g-ie1wu92\" class=\"section-g-ie1wu92 gutentor-col-wrap\">\n<p>09:00-10:00<\/p>\n<\/div><\/div>\n\n\n\n<div id=\"col-g-hpgcgne\" class=\"wp-block-gutentor-m4-col col-g-hpgcgne gutentor-single-column  grid-lg-10 grid-md-12 grid-12\"><div id=\"section-g-hpgcgne\" class=\"section-g-hpgcgne gutentor-col-wrap\">\n<p><strong>?<\/strong><\/p>\n\n\n\n<p>P\u0159edn\u00e1\u0161ej\u00edc\u00ed: ?<br>Moder\u00e1tor: ?<br>Diskuzn\u00ed panel: ?<\/p>\n<\/div><\/div>\n<\/div><\/div><\/section>\n\n\n\n<section id=\"g-19sshsr\" class=\"wp-block-gutentor-m4 section-g-19sshsr gutentor-module gutentor-advanced-columns\"><div class=\"grid-container\"><div class=\"grid-row\">\n<div id=\"col-g-e43v44e\" class=\"wp-block-gutentor-m4-col col-g-e43v44e gutentor-single-column  grid-lg-2 grid-md-12 grid-12\"><div id=\"section-g-e43v44e\" class=\"section-g-e43v44e gutentor-col-wrap\">\n<p>10:00-10:30<\/p>\n<\/div><\/div>\n\n\n\n<div id=\"col-g-msddm5l\" class=\"wp-block-gutentor-m4-col col-g-msddm5l gutentor-single-column  grid-lg-10 grid-md-12 grid-12\"><div id=\"section-g-msddm5l\" class=\"section-g-msddm5l gutentor-col-wrap\">\n<p><strong>P\u0159est\u00e1vka<\/strong><\/p>\n<\/div><\/div>\n<\/div><\/div><\/section>\n\n\n\n<section id=\"g-u7a1oys\" class=\"wp-block-gutentor-m4 section-g-u7a1oys gutentor-module gutentor-advanced-columns\"><div class=\"grid-container\"><div class=\"grid-row\">\n<div id=\"col-g-7i0eb99\" class=\"wp-block-gutentor-m4-col col-g-7i0eb99 gutentor-single-column  grid-lg-2 grid-md-12 grid-12\"><div id=\"section-g-7i0eb99\" class=\"section-g-7i0eb99 gutentor-col-wrap\">\n<p>10:30-11:30<\/p>\n<\/div><\/div>\n\n\n\n<div id=\"col-g-r4iay77\" class=\"wp-block-gutentor-m4-col col-g-r4iay77 gutentor-single-column  grid-lg-10 grid-md-12 grid-12\"><div id=\"section-g-r4iay77\" class=\"section-g-r4iay77 gutentor-col-wrap\">\n<p><strong>?<\/strong><\/p>\n\n\n\n<p>P\u0159edn\u00e1\u0161ej\u00edc\u00ed: ?<br>Moder\u00e1tor: ?<br>Diskuzn\u00ed panel: ?<\/p>\n<\/div><\/div>\n<\/div><\/div><\/section>\n\n\n\n<section id=\"g-afzft1w\" class=\"wp-block-gutentor-m4 section-g-afzft1w gutentor-module gutentor-advanced-columns\"><div class=\"grid-container\"><div class=\"grid-row\">\n<div id=\"col-g-obsu3uh\" class=\"wp-block-gutentor-m4-col col-g-obsu3uh gutentor-single-column  grid-lg-2 grid-md-12 grid-12\"><div id=\"section-g-obsu3uh\" class=\"section-g-obsu3uh gutentor-col-wrap\">\n<p>11:30-12:30<\/p>\n<\/div><\/div>\n\n\n\n<div id=\"col-g-u211vt3\" class=\"wp-block-gutentor-m4-col col-g-u211vt3 gutentor-single-column  grid-lg-10 grid-md-12 grid-12\"><div id=\"section-g-u211vt3\" class=\"section-g-u211vt3 gutentor-col-wrap\">\n<p><strong>?<\/strong><\/p>\n\n\n\n<p>P\u0159edn\u00e1\u0161ej\u00edc\u00ed: ?<br>Moder\u00e1tor: ?<br>Diskuzn\u00ed panel: ?<\/p>\n<\/div><\/div>\n<\/div><\/div><\/section>\n\n\n\n<section id=\"g-mwuym7v\" class=\"wp-block-gutentor-m4 section-g-mwuym7v gutentor-module gutentor-advanced-columns\"><div class=\"grid-container\"><div class=\"grid-row\">\n<div id=\"col-g-vtlllf7\" class=\"wp-block-gutentor-m4-col col-g-vtlllf7 gutentor-single-column  grid-lg-2 grid-md-12 grid-12\"><div id=\"section-g-vtlllf7\" class=\"section-g-vtlllf7 gutentor-col-wrap\">\n<p>12:30-13:30<\/p>\n<\/div><\/div>\n\n\n\n<div id=\"col-g-7z29vw7\" class=\"wp-block-gutentor-m4-col col-g-7z29vw7 gutentor-single-column  grid-lg-10 grid-md-12 grid-12\"><div id=\"section-g-7z29vw7\" class=\"section-g-7z29vw7 gutentor-col-wrap\">\n<p><strong>Ob\u011bd<\/strong><\/p>\n<\/div><\/div>\n<\/div><\/div><\/section>\n\n\n\n<section id=\"g-71vxvqb\" class=\"wp-block-gutentor-m4 section-g-71vxvqb gutentor-module gutentor-advanced-columns\"><div class=\"grid-container\"><div class=\"grid-row\">\n<div id=\"col-g-w151z7c\" class=\"wp-block-gutentor-m4-col col-g-w151z7c gutentor-single-column  grid-lg-2 grid-md-12 grid-12\"><div id=\"section-g-w151z7c\" class=\"section-g-w151z7c gutentor-col-wrap\">\n<p>13:30-14:30<\/p>\n<\/div><\/div>\n\n\n\n<div id=\"col-g-336367l\" class=\"wp-block-gutentor-m4-col col-g-336367l gutentor-single-column  grid-lg-10 grid-md-12 grid-12\"><div id=\"section-g-336367l\" class=\"section-g-336367l gutentor-col-wrap\">\n<p><strong>?<\/strong><\/p>\n\n\n\n<p>P\u0159edn\u00e1\u0161ej\u00edc\u00ed: ?<br>Moder\u00e1tor: ?<br>Diskuzn\u00ed panel: ?<\/p>\n<\/div><\/div>\n<\/div><\/div><\/section>\n\n\n\n<section id=\"g-v1hyhme\" class=\"wp-block-gutentor-m4 section-g-v1hyhme gutentor-module gutentor-advanced-columns\"><div class=\"grid-container\"><div class=\"grid-row\">\n<div id=\"col-g-1vmv122\" class=\"wp-block-gutentor-m4-col col-g-1vmv122 gutentor-single-column  grid-lg-2 grid-md-12 grid-12\"><div id=\"section-g-1vmv122\" class=\"section-g-1vmv122 gutentor-col-wrap\">\n<p>14:30-15:00<\/p>\n<\/div><\/div>\n\n\n\n<div id=\"col-g-0a0eo21\" class=\"wp-block-gutentor-m4-col col-g-0a0eo21 gutentor-single-column  grid-lg-10 grid-md-12 grid-12\"><div id=\"section-g-0a0eo21\" class=\"section-g-0a0eo21 gutentor-col-wrap\">\n<p><strong>P\u0159est\u00e1vka<\/strong><\/p>\n<\/div><\/div>\n<\/div><\/div><\/section>\n\n\n\n<section id=\"g-5ti1287\" class=\"wp-block-gutentor-m4 section-g-5ti1287 gutentor-module gutentor-advanced-columns\"><div class=\"grid-container\"><div class=\"grid-row\">\n<div id=\"col-g-ffl19uf\" class=\"wp-block-gutentor-m4-col col-g-ffl19uf gutentor-single-column  grid-lg-2 grid-md-12 grid-12\"><div id=\"section-g-ffl19uf\" class=\"section-g-ffl19uf gutentor-col-wrap\">\n<p>15:00-16:00<\/p>\n<\/div><\/div>\n\n\n\n<div id=\"col-g-8rslz1t\" class=\"wp-block-gutentor-m4-col col-g-8rslz1t gutentor-single-column  grid-lg-10 grid-md-12 grid-12\"><div id=\"section-g-8rslz1t\" class=\"section-g-8rslz1t gutentor-col-wrap\">\n<p><strong>?<\/strong><\/p>\n\n\n\n<p>P\u0159edn\u00e1\u0161ej\u00edc\u00ed: ?<br>Moder\u00e1tor: ?<br>Diskuzn\u00ed panel: ?<\/p>\n<\/div><\/div>\n<\/div><\/div><\/section>\n\n\n\n<section id=\"g-27no7ri\" class=\"wp-block-gutentor-m4 section-g-27no7ri gutentor-module gutentor-advanced-columns\"><div class=\"grid-container\"><div class=\"grid-row\">\n<div id=\"col-g-blswww7\" class=\"wp-block-gutentor-m4-col col-g-blswww7 gutentor-single-column  grid-lg-2 grid-md-12 grid-12\"><div id=\"section-g-blswww7\" class=\"section-g-blswww7 gutentor-col-wrap\">\n<p>16:00-17:00<\/p>\n<\/div><\/div>\n\n\n\n<div id=\"col-g-fycwswf\" class=\"wp-block-gutentor-m4-col col-g-fycwswf gutentor-single-column  grid-lg-10 grid-md-12 grid-12\"><div id=\"section-g-fycwswf\" class=\"section-g-fycwswf gutentor-col-wrap\">\n<p><strong>?<\/strong><\/p>\n\n\n\n<p>P\u0159edn\u00e1\u0161ej\u00edc\u00ed: ?<br>Moder\u00e1tor: ?<br>Diskuzn\u00ed panel: ?<\/p>\n<\/div><\/div>\n<\/div><\/div><\/section>\n\n\n\n<p><\/p>\n","protected":false},"excerpt":{"rendered":"<p>\u010ctvrtek 1. 10. 2026 P\u00e1tek 2. 10. 2026<\/p>\n","protected":false},"author":8,"featured_media":0,"parent":0,"menu_order":0,"comment_status":"closed","ping_status":"closed","template":"","meta":{"_monsterinsights_skip_tracking":false,"_monsterinsights_sitenote_active":false,"_monsterinsights_sitenote_note":"","_monsterinsights_sitenote_category":0,"_kadence_starter_templates_imported_post":false,"footnotes":""},"class_list":["post-356","page","type-page","status-publish","hentry"],"aioseo_notices":[],"_links":{"self":[{"href":"https:\/\/law.prf.cuni.cz\/danovepravo\/wp-json\/wp\/v2\/pages\/356","targetHints":{"allow":["GET"]}}],"collection":[{"href":"https:\/\/law.prf.cuni.cz\/danovepravo\/wp-json\/wp\/v2\/pages"}],"about":[{"href":"https:\/\/law.prf.cuni.cz\/danovepravo\/wp-json\/wp\/v2\/types\/page"}],"author":[{"embeddable":true,"href":"https:\/\/law.prf.cuni.cz\/danovepravo\/wp-json\/wp\/v2\/users\/8"}],"replies":[{"embeddable":true,"href":"https:\/\/law.prf.cuni.cz\/danovepravo\/wp-json\/wp\/v2\/comments?post=356"}],"version-history":[{"count":26,"href":"https:\/\/law.prf.cuni.cz\/danovepravo\/wp-json\/wp\/v2\/pages\/356\/revisions"}],"predecessor-version":[{"id":416,"href":"https:\/\/law.prf.cuni.cz\/danovepravo\/wp-json\/wp\/v2\/pages\/356\/revisions\/416"}],"wp:attachment":[{"href":"https:\/\/law.prf.cuni.cz\/danovepravo\/wp-json\/wp\/v2\/media?parent=356"}],"curies":[{"name":"wp","href":"https:\/\/api.w.org\/{rel}","templated":true}]}}