{"id":2,"date":"2022-06-23T10:00:57","date_gmt":"2022-06-23T08:00:57","guid":{"rendered":"https:\/\/law.prf.cuni.cz\/conference2022\/?page_id=2"},"modified":"2022-09-06T11:47:06","modified_gmt":"2022-09-06T09:47:06","slug":"zkusebni-stranka","status":"publish","type":"page","link":"https:\/\/law.prf.cuni.cz\/conference2022\/","title":{"rendered":"Bilance a perspektiva trestn\u00edho pr\u00e1va EU a jeho aplikace v&nbsp;\u010dlensk\u00fdch st\u00e1tech"},"content":{"rendered":"\n<div class=\"wp-block-group alignwide has-background\" style=\"background-color:#ffffff\"><div class=\"wp-block-group__inner-container is-layout-flow wp-block-group-is-layout-flow\">\n<div class=\"wp-block-group\"><div class=\"wp-block-group__inner-container is-layout-flow wp-block-group-is-layout-flow\">\n<h3 class=\"has-text-align-center wp-block-heading\">Ministerstvo spravedlnosti \u010cesk\u00e9 republiky, Pr\u00e1vnick\u00e1 fakulta Univerzity Karlovy, \u010cesk\u00e1 advok\u00e1tn\u00ed komora a Unie obh\u00e1jc\u016f \u010cesk\u00e9 republiky<\/h3>\n\n\n\n<p class=\"has-text-align-center\">si V\u00e1s t\u00edmto dovoluj\u00ed srde\u010dn\u011b pozvat na mezin\u00e1rodn\u00ed v\u011bdeckou konferenci<\/p>\n\n\n\n<h3 class=\"has-text-align-center wp-block-heading\">Bilance a perspektiva trestn\u00edho pr\u00e1va EU a jeho aplikace v&nbsp;\u010dlensk\u00fdch st\u00e1tech<\/h3>\n\n\n\n<div style=\"height:16px\" aria-hidden=\"true\" class=\"wp-block-spacer\"><\/div>\n\n\n\n<p class=\"has-text-align-center\">konanou dne 26.&nbsp;z\u00e1\u0159\u00ed 2022 (pond\u011bl\u00ed) v&nbsp;prostor\u00e1ch Karolina, Ovocn\u00fd trh 560\/5, Praha 1.<\/p>\n\n\n\n<div class=\"wp-block-buttons is-horizontal is-content-justification-center is-layout-flex wp-container-core-buttons-is-layout-1 wp-block-buttons-is-layout-flex\">\n<div class=\"wp-block-button is-style-outline is-style-outline--1\"><a class=\"wp-block-button__link\" href=\"https:\/\/law.prf.cuni.cz\/conference2022\/wp-content\/uploads\/sites\/6\/2022\/07\/pozvanka_cj.pdf\" target=\"_blank\" rel=\"noreferrer noopener\">Pozv\u00e1nka<\/a><\/div>\n\n\n\n<div class=\"wp-block-button is-style-fill\"><a class=\"wp-block-button__link has-accent-background-color has-background\" href=\"https:\/\/law.prf.cuni.cz\/conference2022\/wp-content\/uploads\/sites\/6\/2022\/09\/Program_Bilance-a-perspektiva_cz.pdf\" target=\"_blank\" rel=\"noreferrer noopener\">PROGRAM<\/a><\/div>\n\n\n\n<div class=\"wp-block-button is-style-fill\"><a class=\"wp-block-button__link has-secondary-background-color has-background\">Registrace<\/a><\/div>\n<\/div>\n\n\n\n<div style=\"height:18px\" aria-hidden=\"true\" class=\"wp-block-spacer\"><\/div>\n\n\n\n<p class=\"has-text-align-center has-primary-color has-text-color\" style=\"font-size:16px\"><strong>Ud\u00e1lost pln\u011b obsazena &#8211; p\u0159ihla\u0161ov\u00e1n\u00ed uzav\u0159eno.<\/strong><\/p>\n\n\n\n<p class=\"has-text-align-center has-accent-color has-text-color\"><strong>Konference bude vys\u00edl\u00e1na \u017eiv\u011b v&nbsp;pond\u011bl\u00ed 26.9.2022 od 9:00 hod. a sledovat ji m\u016f\u017eete zdarma na odkaze<\/strong> <a href=\"https:\/\/www.epravo.cz\/eshop\/bilance-a-perspektiva-trestniho-prava-eu-a-jeho-aplikace-v-clenskych-statech-online-zive-vysilani-26-9-2022-699.html?action=66cfff97\" target=\"_blank\" rel=\"noreferrer noopener\">https:\/\/www.epravo.cz\/eshop\/bilance-a-perspektiva-trestniho-prava-eu-a-jeho-aplikace-v-clenskych-statech-online-zive-vysilani-26-9-2022-699.html?action=66cfff97<\/a><\/p>\n\n\n\n<div style=\"height:48px\" aria-hidden=\"true\" class=\"wp-block-spacer\"><\/div>\n\n\n\n<p class=\"has-text-align-center has-small-font-size\">V\u202fp\u0159\u00edpad\u011b jak\u00fdchkoliv dotaz\u016f n\u00e1s nev\u00e1hejte kontaktovat na <span style=\"white-space:nowrap\">e-mailov\u00e9<\/span> adrese <a rel=\"noreferrer noopener\" href=\"mailto:conference2022@prf.cuni.cz\" target=\"_blank\">conference2022@prf.cuni.cz<\/a>.<\/p>\n\n\n\n<p class=\"has-text-align-center has-small-font-size\">D\u011bkujeme V\u00e1m a t\u011b\u0161\u00edme se na setk\u00e1n\u00ed.<\/p>\n<\/div><\/div>\n<\/div><\/div>\n","protected":false},"excerpt":{"rendered":"","protected":false},"author":1,"featured_media":0,"parent":0,"menu_order":0,"comment_status":"closed","ping_status":"open","template":"","meta":{"_monsterinsights_skip_tracking":false,"_monsterinsights_sitenote_active":false,"_monsterinsights_sitenote_note":"","_monsterinsights_sitenote_category":0,"_kadence_starter_templates_imported_post":false,"footnotes":""},"class_list":["post-2","page","type-page","status-publish","hentry"],"aioseo_notices":[],"_links":{"self":[{"href":"https:\/\/law.prf.cuni.cz\/conference2022\/wp-json\/wp\/v2\/pages\/2","targetHints":{"allow":["GET"]}}],"collection":[{"href":"https:\/\/law.prf.cuni.cz\/conference2022\/wp-json\/wp\/v2\/pages"}],"about":[{"href":"https:\/\/law.prf.cuni.cz\/conference2022\/wp-json\/wp\/v2\/types\/page"}],"author":[{"embeddable":true,"href":"https:\/\/law.prf.cuni.cz\/conference2022\/wp-json\/wp\/v2\/users\/1"}],"replies":[{"embeddable":true,"href":"https:\/\/law.prf.cuni.cz\/conference2022\/wp-json\/wp\/v2\/comments?post=2"}],"version-history":[{"count":19,"href":"https:\/\/law.prf.cuni.cz\/conference2022\/wp-json\/wp\/v2\/pages\/2\/revisions"}],"predecessor-version":[{"id":72,"href":"https:\/\/law.prf.cuni.cz\/conference2022\/wp-json\/wp\/v2\/pages\/2\/revisions\/72"}],"wp:attachment":[{"href":"https:\/\/law.prf.cuni.cz\/conference2022\/wp-json\/wp\/v2\/media?parent=2"}],"curies":[{"name":"wp","href":"https:\/\/api.w.org\/{rel}","templated":true}]}}