{"id":869,"date":"2026-03-16T13:17:59","date_gmt":"2026-03-16T12:17:59","guid":{"rendered":"https:\/\/law.prf.cuni.cz\/cios\/?page_id=869"},"modified":"2026-03-16T17:06:12","modified_gmt":"2026-03-16T16:06:12","slug":"about","status":"publish","type":"page","link":"https:\/\/law.prf.cuni.cz\/cios\/about\/","title":{"rendered":"About"},"content":{"rendered":"\n<section id=\"section-g-qflgbs8\" class=\"wp-block-gutentor-divider section-g-qflgbs8 gutentor-element gutentor-section gutentor-divider text-center\"><div class=\"grid-container\"><div class=\"gutentor-divider-box\"><span class=\"gutentor-divider-separator\"><\/span><\/div><\/div><\/section>\n\n\n\n<div id=\"section-g-fs9mssr\" class=\"wp-block-gutentor-e1 alignwide section-g-fs9mssr gutentor-element gutentor-element-advanced-text text-align-justify-desktop\"><div class=\"gutentor-text-wrap\"><p class=\"gutentor-text\">The aim of the project is to conduct cutting-edge research on issues of inequality and other challenges faced by open societies, to develop excellent research teams, and to strengthen international doctoral education and research collaboration with leading academics, including research mobility. The outcomes will include international publications in top-tier scientific journals, new academic positions filled by candidates with outstanding academic backgrounds, and strategic partnerships with foreign institutions.<br><br>The project is implemented by the Faculty of Law of Charles University in cooperation with its partners: the Faculty of Social Sciences of Charles University, Masaryk University, and the Prague University of Economics and Business.<\/p><\/div><\/div>\n\n\n\n<section id=\"section-g-8nee6e5\" class=\"wp-block-gutentor-divider section-g-8nee6e5 gutentor-element gutentor-section gutentor-divider text-center\"><div class=\"grid-container\"><div class=\"gutentor-divider-box\"><span class=\"gutentor-divider-separator\"><\/span><\/div><\/div><\/section>\n\n\n\n<div class=\"wp-block-columns alignwide is-style-default has-large-font-size is-layout-flex wp-container-core-columns-is-layout-1 wp-block-columns-is-layout-flex\" style=\"margin-top:0;margin-bottom:0\">\n<div class=\"wp-block-column is-style-default is-layout-flow wp-block-column-is-layout-flow\">\n<p class=\"has-large-font-size\" style=\"padding-right:var(--wp--preset--spacing--40);padding-left:var(--wp--preset--spacing--40)\"><strong>English title:<\/strong> Center for inequality and open society (CIOS)<br><br><strong>Czech title: <\/strong>(Centrum pro ot\u00e1zky nerovnosti a otev\u0159en\u00e9 spole\u010dnosti (CONOS)<br><br><strong>Registration Number:&nbsp;<\/strong>CZ.02.01.01\/00\/23_025\/0008690<br><br><strong>Operational Programme:&nbsp;<\/strong>Jan Amos Komensk\u00fd<br><br><strong>Call title<\/strong>: Social Sciences and Humanities: Humanity and the Individual in the Face of Today\u2019s Global Challenges (Spole\u010densk\u00e9 a humanitn\u00ed v\u011bdy: \u010clov\u011bk a lidstvo v glob\u00e1ln\u00edch v\u00fdzv\u00e1ch sou\u010dasnosti)<br><br><strong>Total Project Costs:&nbsp;<\/strong>148 306 925,29 CZK<\/p>\n<\/div>\n\n\n\n<div class=\"wp-block-column is-layout-flow wp-block-column-is-layout-flow\">\n<p class=\"has-large-font-size\"><strong>Start of the Project:<\/strong> January 1, 2025<br><br><strong>Expected Completion Date:<\/strong> December 31, 2028<br><br><strong>Coordinator:<\/strong> Faculty of Law, Charles University<br><br><strong>Partners:<\/strong> <br><a href=\"https:\/\/fsv.cuni.cz\/en\" target=\"_blank\" rel=\"noopener\" title=\"\">Faculty of Social Sciences, Charles University<\/a><br><a href=\"https:\/\/www.law.muni.cz\/content\/en\/\" target=\"_blank\" rel=\"noopener\" title=\"\">Faculty of Law, Masaryk University<\/a><br><a href=\"https:\/\/www.vse.cz\/english\/\" target=\"_blank\" rel=\"noopener\" title=\"\">Prague University of Economics and Business<\/a><br><br><strong>Contact Person: <\/strong><a href=\"https:\/\/law.prf.cuni.cz\/cios\/contact\/\" title=\"Contact\">doc. Ing. Josef Montag , Ph.D.<\/a><br><br><strong>E-mail:<\/strong>&nbsp;<a href=\"mailto:montagj@prf.cuni.cz\">montagj@prf.cuni.cz<\/a><\/p>\n<\/div>\n<\/div>\n","protected":false},"excerpt":{"rendered":"<p>English title: Center for inequality and open society (CIOS) Czech title: (Centrum pro ot\u00e1zky nerovnosti a otev\u0159en\u00e9 spole\u010dnosti (CONOS) Registration Number:&nbsp;CZ.02.01.01\/00\/23_025\/0008690 Operational Programme:&nbsp;Jan Amos Komensk\u00fd Call title: Social Sciences and [&hellip;]<\/p>\n","protected":false},"author":22,"featured_media":0,"parent":0,"menu_order":0,"comment_status":"closed","ping_status":"closed","template":"","meta":{"_monsterinsights_skip_tracking":false,"_monsterinsights_sitenote_active":false,"_monsterinsights_sitenote_note":"","_monsterinsights_sitenote_category":0,"_price":"","_stock":"","_tribe_ticket_header":"","_tribe_default_ticket_provider":"","_tribe_ticket_capacity":"0","_ticket_start_date":"","_ticket_end_date":"","_tribe_ticket_show_description":"","_tribe_ticket_show_not_going":false,"_tribe_ticket_use_global_stock":"","_tribe_ticket_global_stock_level":"","_global_stock_mode":"","_global_stock_cap":"","_tribe_rsvp_for_event":"","_tribe_ticket_going_count":"","_tribe_ticket_not_going_count":"","_tribe_tickets_list":"[]","_tribe_ticket_has_attendee_info_fields":false,"_EventAllDay":false,"_EventTimezone":"","_EventStartDate":"","_EventEndDate":"","_EventStartDateUTC":"","_EventEndDateUTC":"","_EventShowMap":false,"_EventShowMapLink":false,"_EventURL":"","_EventCost":"","_EventCostDescription":"","_EventCurrencySymbol":"","_EventCurrencyCode":"","_EventCurrencyPosition":"","_EventDateTimeSeparator":"","_EventTimeRangeSeparator":"","_EventOrganizerID":[],"_EventVenueID":[],"_OrganizerEmail":"","_OrganizerPhone":"","_OrganizerWebsite":"","_VenueAddress":"","_VenueCity":"","_VenueCountry":"","_VenueProvince":"","_VenueState":"","_VenueZip":"","_VenuePhone":"","_VenueURL":"","_VenueStateProvince":"","_VenueLat":"","_VenueLng":"","_VenueShowMap":false,"_VenueShowMapLink":false,"_kadence_starter_templates_imported_post":false,"footnotes":"","_tec_slr_enabled":"","_tec_slr_layout":""},"class_list":["post-869","page","type-page","status-publish","hentry"],"aioseo_notices":[],"ticketed":false,"_links":{"self":[{"href":"https:\/\/law.prf.cuni.cz\/cios\/wp-json\/wp\/v2\/pages\/869","targetHints":{"allow":["GET"]}}],"collection":[{"href":"https:\/\/law.prf.cuni.cz\/cios\/wp-json\/wp\/v2\/pages"}],"about":[{"href":"https:\/\/law.prf.cuni.cz\/cios\/wp-json\/wp\/v2\/types\/page"}],"author":[{"embeddable":true,"href":"https:\/\/law.prf.cuni.cz\/cios\/wp-json\/wp\/v2\/users\/22"}],"replies":[{"embeddable":true,"href":"https:\/\/law.prf.cuni.cz\/cios\/wp-json\/wp\/v2\/comments?post=869"}],"version-history":[{"count":10,"href":"https:\/\/law.prf.cuni.cz\/cios\/wp-json\/wp\/v2\/pages\/869\/revisions"}],"predecessor-version":[{"id":900,"href":"https:\/\/law.prf.cuni.cz\/cios\/wp-json\/wp\/v2\/pages\/869\/revisions\/900"}],"wp:attachment":[{"href":"https:\/\/law.prf.cuni.cz\/cios\/wp-json\/wp\/v2\/media?parent=869"}],"curies":[{"name":"wp","href":"https:\/\/api.w.org\/{rel}","templated":true}]}}