{"id":286,"date":"2026-03-11T15:34:45","date_gmt":"2026-03-11T14:34:45","guid":{"rendered":"https:\/\/law.prf.cuni.cz\/cios\/our-donors\/"},"modified":"2026-03-16T13:31:53","modified_gmt":"2026-03-16T12:31:53","slug":"our-donors","status":"publish","type":"page","link":"https:\/\/law.prf.cuni.cz\/cios\/our-donors\/","title":{"rendered":"About"},"content":{"rendered":"\n<div id=\"section-g-7o1zptt\" class=\"wp-block-gutentor-e6 alignwide section-g-7o1zptt gutentor-element gutentor-element-image gutentor-enabled-width text-align-center-desktop\"><div class=\"gutentor-element-image-box\"><div class=\"gutentor-image-thumb\"><img decoding=\"async\" class=\"normal-image\" src=\"https:\/\/law.prf.cuni.cz\/cios\/wp-content\/uploads\/sites\/32\/2026\/03\/foto_spolecne-1.png\" \/><\/div><\/div><\/div>\n\n\n\n<h3 class=\"wp-block-heading\"><\/h3>\n\n\n\n<div id=\"section-g-17dm17w\" class=\"wp-block-gutentor-e1 section-g-17dm17w gutentor-element gutentor-element-advanced-text enable-title-design text-align-justify-desktop\"><div class=\"gutentor-text-wrap divider-top\"><div class=\"gutentor-separator gutentor-separator-before\"><span><\/span><\/div><p class=\"gutentor-text\">The project is implemented by the Faculty of Law of Charles University in cooperation with its partners: the Faculty of Social Sciences of Charles University, Masaryk University, and the Prague University of Economics and Business.<br><br>The aim of the project is to conduct cutting-edge research on issues of inequality and other challenges faced by open societies, to develop excellent research teams, and to strengthen international doctoral education and research collaboration with leading academics, including research mobility. The outcomes will include international publications in top-tier scientific journals, new academic positions filled by candidates with outstanding academic backgrounds, and strategic partnerships with foreign institutions.<br><br><strong>English title:<\/strong> Centre for inequality and open society (CIOS)<br><br><strong>Czech title:<\/strong> Centrum pro ot\u00e1zky nerovnosti a otev\u0159en\u00e9 spole\u010dnosti (CONOS)<br><br><strong>Registration Number:&nbsp;<\/strong>CZ.02.01.01\/00\/23_025\/0008690<br><br><strong>Operational Programme:&nbsp;<\/strong>Jan Amos Komensk\u00fd<br><br><strong>Call title<\/strong>: Social Sciences and Humanities: Humanity and the Individual in the Face of Today\u2019s Global Challenges (Spole\u010densk\u00e9 a humanitn\u00ed v\u011bdy: \u010clov\u011bk a lidstvo v glob\u00e1ln\u00edch v\u00fdzv\u00e1ch sou\u010dasnosti)<br><br><strong>Total Project Costs:&nbsp;<\/strong>148 306 925,29 CZK<br><br><strong>Start of the Project:<\/strong> January 1, 2025<br><br><strong>Expected Completion Date:<\/strong> December 31, 2028<br><br><strong>Coordinator:<\/strong> Faculty of Law, Charles University<br><br><strong>Partners:<\/strong><br><a href=\"https:\/\/fsv.cuni.cz\/en\" target=\"_blank\" rel=\"noopener\" title=\"\">Faculty of Social Sciences, Charles University<\/a><br><a href=\"https:\/\/www.law.muni.cz\/content\/en\/\" target=\"_blank\" rel=\"noopener\" title=\"\">Faculty of Law, Masaryk University<\/a><br><a href=\"http:\/\/vse.cz\/english\" target=\"_blank\" rel=\"noopener\" title=\"\">Prague University of Economics and Business<\/a><br><br><strong>Contact Person: <\/strong>doc. Ing. Josef Montag , Ph.D.<br><br><strong>E-mail:<\/strong>&nbsp;<a href=\"https:\/\/law.prf.cuni.cz\/cios\/wp-admin\/montagj@prf.cuni.cz\">mon<\/a><a href=\"https:\/\/law.prf.cuni.cz\/cios\/contact\/\" title=\"Contact\">tagj@prf.cuni.cz<\/a><\/p><\/div><\/div>\n","protected":false},"excerpt":{"rendered":"","protected":false},"author":22,"featured_media":836,"parent":0,"menu_order":0,"comment_status":"closed","ping_status":"closed","template":"","meta":{"_monsterinsights_skip_tracking":false,"_monsterinsights_sitenote_active":false,"_monsterinsights_sitenote_note":"","_monsterinsights_sitenote_category":0,"_price":"","_stock":"","_tribe_ticket_header":"","_tribe_default_ticket_provider":"","_tribe_ticket_capacity":"0","_ticket_start_date":"","_ticket_end_date":"","_tribe_ticket_show_description":"","_tribe_ticket_show_not_going":false,"_tribe_ticket_use_global_stock":"","_tribe_ticket_global_stock_level":"","_global_stock_mode":"","_global_stock_cap":"","_tribe_rsvp_for_event":"","_tribe_ticket_going_count":"","_tribe_ticket_not_going_count":"","_tribe_tickets_list":"[]","_tribe_ticket_has_attendee_info_fields":false,"_EventAllDay":false,"_EventTimezone":"","_EventStartDate":"","_EventEndDate":"","_EventStartDateUTC":"","_EventEndDateUTC":"","_EventShowMap":false,"_EventShowMapLink":false,"_EventURL":"","_EventCost":"","_EventCostDescription":"","_EventCurrencySymbol":"","_EventCurrencyCode":"","_EventCurrencyPosition":"","_EventDateTimeSeparator":"","_EventTimeRangeSeparator":"","_EventOrganizerID":[],"_EventVenueID":[],"_OrganizerEmail":"","_OrganizerPhone":"","_OrganizerWebsite":"","_VenueAddress":"","_VenueCity":"","_VenueCountry":"","_VenueProvince":"","_VenueState":"","_VenueZip":"","_VenuePhone":"","_VenueURL":"","_VenueStateProvince":"","_VenueLat":"","_VenueLng":"","_VenueShowMap":false,"_VenueShowMapLink":false,"_kadence_starter_templates_imported_post":true,"footnotes":"","_tec_slr_enabled":"","_tec_slr_layout":""},"class_list":["post-286","page","type-page","status-publish","has-post-thumbnail","hentry"],"aioseo_notices":[],"ticketed":false,"_links":{"self":[{"href":"https:\/\/law.prf.cuni.cz\/cios\/wp-json\/wp\/v2\/pages\/286","targetHints":{"allow":["GET"]}}],"collection":[{"href":"https:\/\/law.prf.cuni.cz\/cios\/wp-json\/wp\/v2\/pages"}],"about":[{"href":"https:\/\/law.prf.cuni.cz\/cios\/wp-json\/wp\/v2\/types\/page"}],"author":[{"embeddable":true,"href":"https:\/\/law.prf.cuni.cz\/cios\/wp-json\/wp\/v2\/users\/22"}],"replies":[{"embeddable":true,"href":"https:\/\/law.prf.cuni.cz\/cios\/wp-json\/wp\/v2\/comments?post=286"}],"version-history":[{"count":24,"href":"https:\/\/law.prf.cuni.cz\/cios\/wp-json\/wp\/v2\/pages\/286\/revisions"}],"predecessor-version":[{"id":882,"href":"https:\/\/law.prf.cuni.cz\/cios\/wp-json\/wp\/v2\/pages\/286\/revisions\/882"}],"wp:featuredmedia":[{"embeddable":true,"href":"https:\/\/law.prf.cuni.cz\/cios\/wp-json\/wp\/v2\/media\/836"}],"wp:attachment":[{"href":"https:\/\/law.prf.cuni.cz\/cios\/wp-json\/wp\/v2\/media?parent=286"}],"curies":[{"name":"wp","href":"https:\/\/api.w.org\/{rel}","templated":true}]}}