{"id":7,"date":"2022-06-17T10:26:02","date_gmt":"2022-06-17T10:26:02","guid":{"rendered":""},"modified":"2025-05-12T00:56:13","modified_gmt":"2025-05-11T22:56:13","slug":"home","status":"publish","type":"page","link":"https:\/\/law.prf.cuni.cz\/akce\/","title":{"rendered":"Home"},"content":{"rendered":"<style>.kb-row-layout-id7_cce9b7-dc > .kt-row-column-wrap{align-content:start;}:where(.kb-row-layout-id7_cce9b7-dc > .kt-row-column-wrap) > .wp-block-kadence-column{justify-content:start;}.kb-row-layout-id7_cce9b7-dc > .kt-row-column-wrap{column-gap:var(--global-kb-gap-lg, 4rem);row-gap:var(--global-kb-gap-md, 2rem);max-width:var( --global-content-width, 1290px );padding-left:var(--global-content-edge-padding);padding-right:var(--global-content-edge-padding);padding-top:var(--global-kb-spacing-xxl, 5rem);padding-bottom:var(--global-kb-spacing-xxl, 5rem);grid-template-columns:minmax(0, 1fr);}.kb-row-layout-id7_cce9b7-dc{background-color:#0a3550;}.kb-row-layout-id7_cce9b7-dc > .kt-row-layout-overlay{opacity:0.08;background-image:url('https:\/\/law.prf.cuni.cz\/akce\/wp-content\/uploads\/sites\/29\/2025\/05\/f230fdf9-e28a-4a15-8518-8ef735ee2710.jpg');background-size:cover;background-position:49% 63%;background-attachment:scroll;background-repeat:no-repeat;}.kb-row-layout-id7_cce9b7-dc ,.kb-row-layout-id7_cce9b7-dc h1,.kb-row-layout-id7_cce9b7-dc h2,.kb-row-layout-id7_cce9b7-dc h3,.kb-row-layout-id7_cce9b7-dc h4,.kb-row-layout-id7_cce9b7-dc h5,.kb-row-layout-id7_cce9b7-dc h6{color:var(--global-palette9, #ffffff);}.kb-row-layout-id7_cce9b7-dc a{color:var(--global-palette8, #F7FAFC);}.kb-row-layout-id7_cce9b7-dc a:hover{color:var(--global-palette7, #EDF2F7);}@media all and (max-width: 1024px){.kb-row-layout-id7_cce9b7-dc > .kt-row-column-wrap{padding-top:var(--global-kb-spacing-4xl, 8rem);grid-template-columns:minmax(0, 1fr);}}@media all and (max-width: 767px){.kb-row-layout-id7_cce9b7-dc > .kt-row-column-wrap{padding-top:var(--global-kb-spacing-3xl, 6.5rem);padding-bottom:var(--global-kb-spacing-lg, 3rem);grid-template-columns:minmax(0, 1fr);}}<\/style><div class=\"kb-row-layout-wrap kb-row-layout-id7_cce9b7-dc alignnone kt-row-has-bg wp-block-kadence-rowlayout\"><div class=\"kt-row-layout-overlay kt-row-overlay-normal\"><\/div><div class=\"kt-row-column-wrap kt-has-1-columns kt-row-layout-equal kt-tab-layout-inherit kt-mobile-layout-row kt-row-valign-top kb-theme-content-width\">\n<style>.kadence-column7_ce2068-f6 > .kt-inside-inner-col{padding-right:var(--global-kb-spacing-lg, 3rem);}.kadence-column7_ce2068-f6 > .kt-inside-inner-col,.kadence-column7_ce2068-f6 > .kt-inside-inner-col:before{border-top-left-radius:0px;border-top-right-radius:0px;border-bottom-right-radius:0px;border-bottom-left-radius:0px;}.kadence-column7_ce2068-f6 > .kt-inside-inner-col{column-gap:var(--global-kb-gap-sm, 1rem);}.kadence-column7_ce2068-f6 > .kt-inside-inner-col{flex-direction:column;}.kadence-column7_ce2068-f6 > .kt-inside-inner-col > .aligncenter{width:100%;}.kadence-column7_ce2068-f6 > .kt-inside-inner-col:before{opacity:0.3;}.kadence-column7_ce2068-f6{position:relative;}@media all and (max-width: 1024px){.kadence-column7_ce2068-f6 > .kt-inside-inner-col{flex-direction:column;justify-content:center;}}@media all and (max-width: 767px){.kadence-column7_ce2068-f6 > .kt-inside-inner-col{flex-direction:column;justify-content:center;}}<\/style>\n<div class=\"wp-block-kadence-column kadence-column7_ce2068-f6\"><div class=\"kt-inside-inner-col\"><style>.wp-block-kadence-advancedheading.kt-adv-heading7_663c0f-d8, .wp-block-kadence-advancedheading.kt-adv-heading7_663c0f-d8[data-kb-block=\"kb-adv-heading7_663c0f-d8\"]{margin-top:0px;margin-right:var(--global-kb-spacing-4xl, 8rem);font-size:var(--global-kb-font-size-xxl, 4rem);line-height:1;font-weight:600;font-style:normal;font-family:Poppins;text-transform:none;}.wp-block-kadence-advancedheading.kt-adv-heading7_663c0f-d8 mark.kt-highlight, .wp-block-kadence-advancedheading.kt-adv-heading7_663c0f-d8[data-kb-block=\"kb-adv-heading7_663c0f-d8\"] mark.kt-highlight{font-family:Poppins;font-weight:600;font-style:normal;color:#f76a0c;-webkit-box-decoration-break:clone;box-decoration-break:clone;padding-top:0px;padding-right:0px;padding-bottom:0px;padding-left:0px;}<\/style>\n<h2 class=\"kt-adv-heading7_663c0f-d8 wp-block-kadence-advancedheading\" data-kb-block=\"kb-adv-heading7_663c0f-d8\">Manu\u00e1l po\u0159\u00e1d\u00e1n\u00ed akc\u00ed<\/h2>\n\n\n<style>.wp-block-kadence-advancedbtn.kb-btns7_168e69-ea{gap:var(--global-kb-gap-xs, 0.5rem );justify-content:flex-start;align-items:center;}.kt-btns7_168e69-ea .kt-button{font-weight:normal;font-style:normal;}.kt-btns7_168e69-ea .kt-btn-wrap-0{margin-right:5px;}.wp-block-kadence-advancedbtn.kt-btns7_168e69-ea .kt-btn-wrap-0 .kt-button{color:#555555;border-color:#555555;}.wp-block-kadence-advancedbtn.kt-btns7_168e69-ea .kt-btn-wrap-0 .kt-button:hover, .wp-block-kadence-advancedbtn.kt-btns7_168e69-ea .kt-btn-wrap-0 .kt-button:focus{color:#ffffff;border-color:#444444;}.wp-block-kadence-advancedbtn.kt-btns7_168e69-ea .kt-btn-wrap-0 .kt-button::before{display:none;}.wp-block-kadence-advancedbtn.kt-btns7_168e69-ea .kt-btn-wrap-0 .kt-button:hover, .wp-block-kadence-advancedbtn.kt-btns7_168e69-ea .kt-btn-wrap-0 .kt-button:focus{background:#444444;}<\/style>\n<div class=\"wp-block-kadence-advancedbtn kb-buttons-wrap kb-btns7_168e69-ea\"><style>ul.menu .wp-block-kadence-advancedbtn .kb-btn7_348280-1b.kb-button{width:initial;}.wp-block-kadence-advancedbtn .kb-btn7_348280-1b.kb-button{color:var(--global-palette9, #ffffff);background:#c6143e;}.wp-block-kadence-advancedbtn .kb-btn7_348280-1b.kb-button:hover, .wp-block-kadence-advancedbtn .kb-btn7_348280-1b.kb-button:focus{color:var(--global-palette9, #ffffff);background:var(--global-palette4, #2D3748);}<\/style><span class=\"kb-button kt-button button kb-btn7_348280-1b kt-btn-size-standard kt-btn-width-type-auto kb-btn-global-inherit  kt-btn-has-text-true kt-btn-has-svg-false  wp-block-button__link wp-block-kadence-singlebtn\"><span class=\"kt-btn-inner-text\">Call To Action<\/span><\/span>\n\n<style>ul.menu .wp-block-kadence-advancedbtn .kb-btn7_d00d01-83.kb-button{width:initial;}.wp-block-kadence-advancedbtn .kb-btn7_d00d01-83.kb-button{color:var(--global-palette9, #ffffff);border-top-color:var(--global-palette9, #ffffff);border-top-style:solid;border-right-color:var(--global-palette9, #ffffff);border-right-style:solid;border-bottom-color:var(--global-palette9, #ffffff);border-bottom-style:solid;border-left-color:var(--global-palette9, #ffffff);border-left-style:solid;}.wp-block-kadence-advancedbtn .kb-btn7_d00d01-83.kb-button:hover, .wp-block-kadence-advancedbtn .kb-btn7_d00d01-83.kb-button:focus{color:var(--global-palette9, #ffffff);border-top-color:var(--global-palette9, #ffffff);border-top-style:solid;border-right-color:var(--global-palette9, #ffffff);border-right-style:solid;border-bottom-color:var(--global-palette9, #ffffff);border-bottom-style:solid;border-left-color:var(--global-palette9, #ffffff);border-left-style:solid;}@media all and (max-width: 1024px){.wp-block-kadence-advancedbtn .kb-btn7_d00d01-83.kb-button{border-top-color:var(--global-palette9, #ffffff);border-top-style:solid;border-right-color:var(--global-palette9, #ffffff);border-right-style:solid;border-bottom-color:var(--global-palette9, #ffffff);border-bottom-style:solid;border-left-color:var(--global-palette9, #ffffff);border-left-style:solid;}}@media all and (max-width: 1024px){.wp-block-kadence-advancedbtn .kb-btn7_d00d01-83.kb-button:hover, .wp-block-kadence-advancedbtn .kb-btn7_d00d01-83.kb-button:focus{border-top-color:var(--global-palette9, #ffffff);border-top-style:solid;border-right-color:var(--global-palette9, #ffffff);border-right-style:solid;border-bottom-color:var(--global-palette9, #ffffff);border-bottom-style:solid;border-left-color:var(--global-palette9, #ffffff);border-left-style:solid;}}@media all and (max-width: 767px){.wp-block-kadence-advancedbtn .kb-btn7_d00d01-83.kb-button{border-top-color:var(--global-palette9, #ffffff);border-top-style:solid;border-right-color:var(--global-palette9, #ffffff);border-right-style:solid;border-bottom-color:var(--global-palette9, #ffffff);border-bottom-style:solid;border-left-color:var(--global-palette9, #ffffff);border-left-style:solid;}.wp-block-kadence-advancedbtn .kb-btn7_d00d01-83.kb-button:hover, .wp-block-kadence-advancedbtn .kb-btn7_d00d01-83.kb-button:focus{border-top-color:var(--global-palette9, #ffffff);border-top-style:solid;border-right-color:var(--global-palette9, #ffffff);border-right-style:solid;border-bottom-color:var(--global-palette9, #ffffff);border-bottom-style:solid;border-left-color:var(--global-palette9, #ffffff);border-left-style:solid;}}<\/style><span class=\"kb-button kt-button button kb-btn7_d00d01-83 kt-btn-size-standard kt-btn-width-type-auto kb-btn-global-outline  kt-btn-has-text-true kt-btn-has-svg-false  kb-btn-global-inherit wp-block-kadence-singlebtn\"><span class=\"kt-btn-inner-text\">Secondary Button<\/span><\/span><\/div>\n<\/div><\/div>\n\n<\/div><\/div>\n\n<style>.kb-row-layout-id7_4a7c88-44 > .kt-row-column-wrap{align-content:start;}:where(.kb-row-layout-id7_4a7c88-44 > .kt-row-column-wrap) > .wp-block-kadence-column{justify-content:start;}.kb-row-layout-id7_4a7c88-44 > .kt-row-column-wrap{column-gap:var(--global-kb-gap-lg, 4rem);row-gap:var(--global-kb-gap-md, 2rem);max-width:var( --global-content-width, 1290px );padding-left:var(--global-content-edge-padding);padding-right:var(--global-content-edge-padding);padding-top:var(--global-kb-spacing-lg, 3rem);grid-template-columns:minmax(0, 1fr);}.kb-row-layout-id7_4a7c88-44 > .kt-row-layout-overlay{opacity:0.30;}.kb-row-layout-id7_4a7c88-44 ,.kb-row-layout-id7_4a7c88-44 h1,.kb-row-layout-id7_4a7c88-44 h2,.kb-row-layout-id7_4a7c88-44 h3,.kb-row-layout-id7_4a7c88-44 h4,.kb-row-layout-id7_4a7c88-44 h5,.kb-row-layout-id7_4a7c88-44 h6{color:var(--global-palette3, #1A202C);}.kb-row-layout-id7_4a7c88-44 a{color:var(--global-palette4, #2D3748);}.kb-row-layout-id7_4a7c88-44 a:hover{color:var(--global-palette5, #4A5568);}@media all and (max-width: 1024px){.kb-row-layout-id7_4a7c88-44 > .kt-row-column-wrap{row-gap:var(--global-kb-gap-lg, 4rem);grid-template-columns:minmax(0, 1fr);}}@media all and (max-width: 767px){.kb-row-layout-id7_4a7c88-44 > .kt-row-column-wrap{grid-template-columns:minmax(0, 1fr);}}<\/style><div class=\"kb-row-layout-wrap kb-row-layout-id7_4a7c88-44 alignfull has-theme-palette8-background-color kt-row-has-bg wp-block-kadence-rowlayout\"><div class=\"kt-row-column-wrap kt-has-2-columns kt-row-layout-row kt-tab-layout-row kt-mobile-layout-row kt-row-valign-top kb-theme-content-width\">\n<style>.kadence-column7_d082f3-f0 > .kt-inside-inner-col{display:flex;}.kadence-column7_d082f3-f0 > .kt-inside-inner-col{padding-right:var(--global-kb-spacing-lg, 3rem);}.kadence-column7_d082f3-f0 > .kt-inside-inner-col,.kadence-column7_d082f3-f0 > .kt-inside-inner-col:before{border-top-left-radius:0px;border-top-right-radius:0px;border-bottom-right-radius:0px;border-bottom-left-radius:0px;}.kadence-column7_d082f3-f0 > .kt-inside-inner-col{column-gap:var(--global-kb-gap-sm, 1rem);}.kadence-column7_d082f3-f0 > .kt-inside-inner-col{flex-direction:column;justify-content:flex-start;}.kadence-column7_d082f3-f0 > .kt-inside-inner-col > .aligncenter{width:100%;}.kt-row-column-wrap > .kadence-column7_d082f3-f0{align-self:flex-start;}.kt-inner-column-height-full:not(.kt-has-1-columns) > .wp-block-kadence-column.kadence-column7_d082f3-f0{align-self:auto;}.kt-inner-column-height-full:not(.kt-has-1-columns) > .wp-block-kadence-column.kadence-column7_d082f3-f0 > .kt-inside-inner-col{flex-direction:column;justify-content:flex-start;}.kadence-column7_d082f3-f0 > .kt-inside-inner-col:before{opacity:0.3;}.kadence-column7_d082f3-f0{position:relative;}@media all and (max-width: 1024px){.kt-row-column-wrap > .kadence-column7_d082f3-f0{align-self:flex-start;}}@media all and (max-width: 1024px){.kt-inner-column-height-full:not(.kt-has-1-columns) > .wp-block-kadence-column.kadence-column7_d082f3-f0{align-self:auto;}}@media all and (max-width: 1024px){.kt-inner-column-height-full:not(.kt-has-1-columns) > .wp-block-kadence-column.kadence-column7_d082f3-f0 > .kt-inside-inner-col{flex-direction:column;justify-content:flex-start;}}@media all and (max-width: 1024px){.kadence-column7_d082f3-f0 > .kt-inside-inner-col{flex-direction:column;justify-content:flex-start;}}@media all and (max-width: 767px){.kt-row-column-wrap > .kadence-column7_d082f3-f0{align-self:flex-start;}.kt-inner-column-height-full:not(.kt-has-1-columns) > .wp-block-kadence-column.kadence-column7_d082f3-f0{align-self:auto;}.kt-inner-column-height-full:not(.kt-has-1-columns) > .wp-block-kadence-column.kadence-column7_d082f3-f0 > .kt-inside-inner-col{flex-direction:column;justify-content:flex-start;}.kadence-column7_d082f3-f0 > .kt-inside-inner-col{flex-direction:column;justify-content:flex-start;}}<\/style>\n<div class=\"wp-block-kadence-column kadence-column7_d082f3-f0\"><div class=\"kt-inside-inner-col\"><style>.kb-row-layout-id7_0b523a-10 > .kt-row-column-wrap{align-content:start;}:where(.kb-row-layout-id7_0b523a-10 > .kt-row-column-wrap) > .wp-block-kadence-column{justify-content:start;}.kb-row-layout-id7_0b523a-10 > .kt-row-column-wrap{column-gap:var(--global-kb-gap-md, 2rem);row-gap:var(--global-kb-gap-md, 2rem);padding-top:var(--global-kb-spacing-sm, 1.5rem);grid-template-columns:minmax(0, calc(10% - ((var(--global-kb-gap-md, 2rem) * 1 )\/2)))minmax(0, calc(90% - ((var(--global-kb-gap-md, 2rem) * 1 )\/2)));}.kb-row-layout-id7_0b523a-10 > .kt-row-layout-overlay{opacity:0.30;}@media all and (max-width: 1024px){.kb-row-layout-id7_0b523a-10 > .kt-row-column-wrap{grid-template-columns:repeat(2, minmax(0, 1fr));}}@media all and (max-width: 767px){.kb-row-layout-id7_0b523a-10 > .kt-row-column-wrap{padding-bottom:var(--global-kb-spacing-xs, 1rem);grid-template-columns:minmax(0, 1fr);}}<\/style><div class=\"kb-row-layout-wrap kb-row-layout-id7_0b523a-10 alignnone wp-block-kadence-rowlayout\"><div class=\"kt-row-column-wrap kt-has-2-columns kt-row-layout-equal kt-tab-layout-inherit kt-mobile-layout-row kt-row-valign-top\">\n<style>.kadence-column7_001ea7-18 > .kt-inside-inner-col{display:flex;}.kadence-column7_001ea7-18 > .kt-inside-inner-col{padding-top:0px;}.kadence-column7_001ea7-18 > .kt-inside-inner-col{min-height:3px;}.kadence-column7_001ea7-18 > .kt-inside-inner-col,.kadence-column7_001ea7-18 > .kt-inside-inner-col:before{border-top-left-radius:0px;border-top-right-radius:0px;border-bottom-right-radius:0px;border-bottom-left-radius:0px;}.kadence-column7_001ea7-18 > .kt-inside-inner-col{column-gap:var(--global-kb-gap-sm, 1rem);}.kadence-column7_001ea7-18 > .kt-inside-inner-col{flex-direction:column;justify-content:center;}.kadence-column7_001ea7-18 > .kt-inside-inner-col > .aligncenter{width:100%;}.kt-row-column-wrap > .kadence-column7_001ea7-18{align-self:center;}.kt-inner-column-height-full:not(.kt-has-1-columns) > .wp-block-kadence-column.kadence-column7_001ea7-18{align-self:auto;}.kt-inner-column-height-full:not(.kt-has-1-columns) > .wp-block-kadence-column.kadence-column7_001ea7-18 > .kt-inside-inner-col{flex-direction:column;justify-content:center;}.kadence-column7_001ea7-18 > .kt-inside-inner-col:before{opacity:0.3;}.kadence-column7_001ea7-18{position:relative;}@media all and (max-width: 1024px){.kt-row-column-wrap > .kadence-column7_001ea7-18{align-self:center;}}@media all and (max-width: 1024px){.kt-inner-column-height-full:not(.kt-has-1-columns) > .wp-block-kadence-column.kadence-column7_001ea7-18{align-self:auto;}}@media all and (max-width: 1024px){.kt-inner-column-height-full:not(.kt-has-1-columns) > .wp-block-kadence-column.kadence-column7_001ea7-18 > .kt-inside-inner-col{flex-direction:column;justify-content:center;}}@media all and (max-width: 1024px){.kadence-column7_001ea7-18 > .kt-inside-inner-col{flex-direction:column;justify-content:center;}}@media all and (max-width: 767px){.kt-row-column-wrap > .kadence-column7_001ea7-18{align-self:center;}.kt-inner-column-height-full:not(.kt-has-1-columns) > .wp-block-kadence-column.kadence-column7_001ea7-18{align-self:auto;}.kt-inner-column-height-full:not(.kt-has-1-columns) > .wp-block-kadence-column.kadence-column7_001ea7-18 > .kt-inside-inner-col{flex-direction:column;justify-content:center;}.kadence-column7_001ea7-18 > .kt-inside-inner-col{flex-direction:column;justify-content:center;}}<\/style>\n<div class=\"wp-block-kadence-column kadence-column7_001ea7-18 kvs-sm-false\"><div class=\"kt-inside-inner-col\"><style>.wp-block-kadence-spacer.kt-block-spacer-7_804b0e-37 .kt-block-spacer{height:60px;}.wp-block-kadence-spacer.kt-block-spacer-7_804b0e-37 .kt-divider{border-top-width:3px;height:1px;border-top-color:#c6143e;width:100%;border-top-style:solid;}<\/style>\n<div class=\"wp-block-kadence-spacer aligncenter kt-block-spacer-7_804b0e-37\"><div class=\"kt-block-spacer kt-block-spacer-halign-center\"><hr class=\"kt-divider\" \/><\/div><\/div>\n<\/div><\/div>\n\n\n<style>.kadence-column7_414840-6b > .kt-inside-inner-col,.kadence-column7_414840-6b > .kt-inside-inner-col:before{border-top-left-radius:0px;border-top-right-radius:0px;border-bottom-right-radius:0px;border-bottom-left-radius:0px;}.kadence-column7_414840-6b > .kt-inside-inner-col{column-gap:var(--global-kb-gap-sm, 1rem);}.kadence-column7_414840-6b > .kt-inside-inner-col{flex-direction:column;}.kadence-column7_414840-6b > .kt-inside-inner-col > .aligncenter{width:100%;}.kadence-column7_414840-6b > .kt-inside-inner-col:before{opacity:0.3;}.kadence-column7_414840-6b{position:relative;}@media all and (max-width: 1024px){.kadence-column7_414840-6b > .kt-inside-inner-col{flex-direction:column;justify-content:center;}}@media all and (max-width: 767px){.kadence-column7_414840-6b > .kt-inside-inner-col{flex-direction:column;justify-content:center;}}<\/style>\n<div class=\"wp-block-kadence-column kadence-column7_414840-6b\"><div class=\"kt-inside-inner-col\"><style>.wp-block-kadence-advancedheading.kt-adv-heading7_03f6ea-12, .wp-block-kadence-advancedheading.kt-adv-heading7_03f6ea-12[data-kb-block=\"kb-adv-heading7_03f6ea-12\"]{padding-top:0px;font-size:var(--global-kb-font-size-lg, 2rem);line-height:1.2;font-weight:400;font-style:normal;font-family:Poppins;text-transform:none;}.wp-block-kadence-advancedheading.kt-adv-heading7_03f6ea-12 mark.kt-highlight, .wp-block-kadence-advancedheading.kt-adv-heading7_03f6ea-12[data-kb-block=\"kb-adv-heading7_03f6ea-12\"] mark.kt-highlight{font-style:normal;color:#f76a0c;-webkit-box-decoration-break:clone;box-decoration-break:clone;padding-top:0px;padding-right:0px;padding-bottom:0px;padding-left:0px;}@media all and (max-width: 1024px){.wp-block-kadence-advancedheading.kt-adv-heading7_03f6ea-12, .wp-block-kadence-advancedheading.kt-adv-heading7_03f6ea-12[data-kb-block=\"kb-adv-heading7_03f6ea-12\"]{padding-top:0px;}}<\/style>\n<h2 class=\"kt-adv-heading7_03f6ea-12 wp-block-kadence-advancedheading\" data-kb-block=\"kb-adv-heading7_03f6ea-12\"><em>Tento web je ur\u010den v\u0161em, kte\u0159\u00ed cht\u011bj\u00ed na Pr\u00e1vnick\u00e9 fakult\u011b UK uspo\u0159\u00e1dat konferenci, semin\u00e1\u0159 nebo jinou akci a t\u00e1pou, <\/em><br><em>kde za\u010d\u00edt.<\/em><\/h2>\n<\/div><\/div>\n\n<\/div><\/div><\/div><\/div>\n\n\n<style>.kadence-column7_212f07-6c > .kt-inside-inner-col,.kadence-column7_212f07-6c > .kt-inside-inner-col:before{border-top-left-radius:0px;border-top-right-radius:0px;border-bottom-right-radius:0px;border-bottom-left-radius:0px;}.kadence-column7_212f07-6c > .kt-inside-inner-col{column-gap:var(--global-kb-gap-sm, 1rem);}.kadence-column7_212f07-6c > .kt-inside-inner-col{flex-direction:column;}.kadence-column7_212f07-6c > .kt-inside-inner-col > .aligncenter{width:100%;}.kadence-column7_212f07-6c > .kt-inside-inner-col:before{opacity:0.3;}.kadence-column7_212f07-6c{position:relative;}@media all and (max-width: 1024px){.kadence-column7_212f07-6c > .kt-inside-inner-col{flex-direction:column;justify-content:center;}}@media all and (max-width: 767px){.kadence-column7_212f07-6c > .kt-inside-inner-col{flex-direction:column;justify-content:center;}}<\/style>\n<div class=\"wp-block-kadence-column kadence-column7_212f07-6c\"><div class=\"kt-inside-inner-col\"><\/div><\/div>\n\n<\/div><\/div>\n\n\n<p><\/p>\n","protected":false},"excerpt":{"rendered":"<p>Manu\u00e1l po\u0159\u00e1d\u00e1n\u00ed akc\u00ed Tento web je ur\u010den v\u0161em, kte\u0159\u00ed cht\u011bj\u00ed na Pr\u00e1vnick\u00e9 fakult\u011b UK uspo\u0159\u00e1dat konferenci, semin\u00e1\u0159 nebo jinou akci a t\u00e1pou, kde za\u010d\u00edt.<\/p>\n","protected":false},"author":2,"featured_media":0,"parent":0,"menu_order":0,"comment_status":"closed","ping_status":"closed","template":"","meta":{"_kad_blocks_custom_css":"","_kad_blocks_head_custom_js":"","_kad_blocks_body_custom_js":"","_kad_blocks_footer_custom_js":"","_monsterinsights_skip_tracking":false,"_monsterinsights_sitenote_active":false,"_monsterinsights_sitenote_note":"","_monsterinsights_sitenote_category":0,"_EventAllDay":false,"_EventTimezone":"","_EventStartDate":"","_EventEndDate":"","_EventStartDateUTC":"","_EventEndDateUTC":"","_EventShowMap":false,"_EventShowMapLink":false,"_EventURL":"","_EventCost":"","_EventCostDescription":"","_EventCurrencySymbol":"","_EventCurrencyCode":"","_EventCurrencyPosition":"","_EventDateTimeSeparator":"","_EventTimeRangeSeparator":"","_EventOrganizerID":[],"_EventVenueID":[],"_OrganizerEmail":"","_OrganizerPhone":"","_OrganizerWebsite":"","_VenueAddress":"","_VenueCity":"","_VenueCountry":"","_VenueProvince":"","_VenueState":"","_VenueZip":"","_VenuePhone":"","_VenueURL":"","_VenueStateProvince":"","_VenueLat":"","_VenueLng":"","_VenueShowMap":false,"_VenueShowMapLink":false,"_kadence_starter_templates_imported_post":true,"_kad_post_transparent":"","_kad_post_title":"hide","_kad_post_layout":"fullwidth","_kad_post_sidebar_id":"","_kad_post_content_style":"unboxed","_kad_post_vertical_padding":"hide","_kad_post_feature":"hide","_kad_post_feature_position":"","_kad_post_header":false,"_kad_post_footer":true,"footnotes":""},"class_list":["post-7","page","type-page","status-publish","hentry"],"aioseo_notices":[],"taxonomy_info":[],"featured_image_src_large":false,"author_info":{"display_name":"sojka","author_link":"https:\/\/law.prf.cuni.cz\/akce\/author\/sojka\/"},"comment_info":0,"_links":{"self":[{"href":"https:\/\/law.prf.cuni.cz\/akce\/wp-json\/wp\/v2\/pages\/7","targetHints":{"allow":["GET"]}}],"collection":[{"href":"https:\/\/law.prf.cuni.cz\/akce\/wp-json\/wp\/v2\/pages"}],"about":[{"href":"https:\/\/law.prf.cuni.cz\/akce\/wp-json\/wp\/v2\/types\/page"}],"author":[{"embeddable":true,"href":"https:\/\/law.prf.cuni.cz\/akce\/wp-json\/wp\/v2\/users\/2"}],"replies":[{"embeddable":true,"href":"https:\/\/law.prf.cuni.cz\/akce\/wp-json\/wp\/v2\/comments?post=7"}],"version-history":[{"count":14,"href":"https:\/\/law.prf.cuni.cz\/akce\/wp-json\/wp\/v2\/pages\/7\/revisions"}],"predecessor-version":[{"id":1083,"href":"https:\/\/law.prf.cuni.cz\/akce\/wp-json\/wp\/v2\/pages\/7\/revisions\/1083"}],"wp:attachment":[{"href":"https:\/\/law.prf.cuni.cz\/akce\/wp-json\/wp\/v2\/media?parent=7"}],"curies":[{"name":"wp","href":"https:\/\/api.w.org\/{rel}","templated":true}]}}