{"id":12,"date":"2022-06-17T10:32:35","date_gmt":"2022-06-17T10:32:35","guid":{"rendered":"https:\/\/law.prf.cuni.cz\/akce\/directions\/"},"modified":"2025-05-12T01:02:04","modified_gmt":"2025-05-11T23:02:04","slug":"directions","status":"publish","type":"page","link":"https:\/\/law.prf.cuni.cz\/akce\/directions\/","title":{"rendered":"POSTUP"},"content":{"rendered":"\n<p><\/p>\n\n\n\n\n<div class=\"wp-block-kadence-column kadence-column12_c7863c-ba\"><div class=\"kt-inside-inner-col\">\n<h2 class=\"kt-adv-heading12_82dfff-40 wp-block-kadence-advancedheading\" data-kb-block=\"kb-adv-heading12_82dfff-40\">Postup krok za krokem<\/h2>\n\n\n\n<div class=\"wp-block-kadence-column kadence-column12_5b48df-68 kb-section-dir-horizontal\"><div class=\"kt-inside-inner-col\">\n<p class=\"kt-adv-heading12_788de5-46 wp-block-kadence-advancedheading\" data-kb-block=\"kb-adv-heading12_788de5-46\">Use this paragraph section to get your website visitors to know you. Consider writing about you or your organization, the products or services you offer, or why you exist. Keep a consistent communication style.<\/p>\n\n\n\n<div class=\"wp-block-kadence-advancedbtn kb-buttons-wrap kb-btns12_d41411-53\"><\/div>\n<\/div><\/div>\n\n\n\n\n<div class=\"wp-block-kadence-column kadence-column12_f11faf-99\"><div class=\"kt-inside-inner-col\">\n<p class=\"kt-adv-heading12_1cd96b-f1 wp-block-kadence-advancedheading has-theme-palette-3-color has-text-color\" data-kb-block=\"kb-adv-heading12_1cd96b-f1\"><strong>Rozhodov\u00e1n\u00ed o uspo\u0159\u00e1d\u00e1n\u00ed vzd\u011bl\u00e1vac\u00ed akce a jej\u00edm typu<\/strong><\/p>\n<\/div><\/div>\n\n\n\n<div class=\"wp-block-kadence-column kadence-column12_17aa69-f4\"><div class=\"kt-inside-inner-col\"><\/div><\/div>\n\n\n\n<div class=\"wp-block-kadence-column kadence-column12_59f40f-c6\"><div class=\"kt-inside-inner-col\">\n<p class=\"kt-adv-heading12_2d0b55-88 wp-block-kadence-advancedheading has-theme-palette-6-color has-text-color\" data-kb-block=\"kb-adv-heading12_2d0b55-88\">Add a list item<\/p>\n<\/div><\/div>\n\n\n\n<div class=\"wp-block-kadence-column kadence-column12_f73942-e4\"><div class=\"kt-inside-inner-col\">\n<div class=\"wp-block-kadence-advancedbtn kb-buttons-wrap kb-btns12_2ed0ea-8f\"><\/div>\n<\/div><\/div>\n\n\n\n\n\n<div class=\"wp-block-kadence-column kadence-column12_cd615e-e2\"><div class=\"kt-inside-inner-col\">\n<p class=\"kt-adv-heading12_2f92d0-cc wp-block-kadence-advancedheading has-theme-palette-3-color has-text-color\" data-kb-block=\"kb-adv-heading12_2f92d0-cc\"><strong>Sestaven\u00ed organiza\u010dn\u00edho t\u00fdmu<\/strong><\/p>\n<\/div><\/div>\n\n\n\n<div class=\"wp-block-kadence-column kadence-column12_bdbf3c-2e\"><div class=\"kt-inside-inner-col\">\n<div class=\"wp-block-kadence-image kb-image12_2b74a7-d0\"><figure class=\"aligncenter size-large kb-image-is-ratio-size\"><div class=\"kb-is-ratio-image kb-image-ratio-square\"><img loading=\"lazy\" decoding=\"async\" width=\"1024\" height=\"683\" src=\"https:\/\/law.prf.cuni.cz\/akce\/wp-content\/uploads\/sites\/29\/2025\/05\/Example-Portrait-Image-1024x683-1.jpg\" alt=\"\" class=\"kb-img wp-image-1018\" \/><\/div><\/figure><\/div>\n<\/div><\/div>\n\n\n\n<div class=\"wp-block-kadence-column kadence-column12_dd0d93-5a\"><div class=\"kt-inside-inner-col\">\n<p class=\"kt-adv-heading12_aa8b52-8a wp-block-kadence-advancedheading has-theme-palette-6-color has-text-color\" data-kb-block=\"kb-adv-heading12_aa8b52-8a\">Add a list item<\/p>\n<\/div><\/div>\n\n\n\n<div class=\"wp-block-kadence-column kadence-column12_6eb43b-34\"><div class=\"kt-inside-inner-col\">\n<div class=\"wp-block-kadence-advancedbtn kb-buttons-wrap kb-btns12_efc32c-8d\"><\/div>\n<\/div><\/div>\n\n\n\n\n\n<div class=\"wp-block-kadence-column kadence-column12_81470c-d7\"><div class=\"kt-inside-inner-col\">\n<p class=\"kt-adv-heading12_a48c06-25 wp-block-kadence-advancedheading has-theme-palette-3-color has-text-color\" data-kb-block=\"kb-adv-heading12_a48c06-25\">Use this space to add a medium length description. Be brief and give enough information to earn their attention.<\/p>\n<\/div><\/div>\n\n\n\n<div class=\"wp-block-kadence-column kadence-column12_ea1f45-85\"><div class=\"kt-inside-inner-col\">\n<div class=\"wp-block-kadence-image kb-image12_7ae4ae-90\"><figure class=\"aligncenter size-large kb-image-is-ratio-size\"><div class=\"kb-is-ratio-image kb-image-ratio-square\"><img loading=\"lazy\" decoding=\"async\" width=\"1024\" height=\"683\" src=\"https:\/\/law.prf.cuni.cz\/akce\/wp-content\/uploads\/sites\/29\/2025\/05\/Example-Portrait-Image-1024x683-1.jpg\" alt=\"\" class=\"kb-img wp-image-1018\" \/><\/div><\/figure><\/div>\n<\/div><\/div>\n\n\n\n<div class=\"wp-block-kadence-column kadence-column12_276ab3-69\"><div class=\"kt-inside-inner-col\">\n<p class=\"kt-adv-heading12_f9e360-f0 wp-block-kadence-advancedheading has-theme-palette-6-color has-text-color\" data-kb-block=\"kb-adv-heading12_f9e360-f0\">Add a list item<\/p>\n<\/div><\/div>\n\n\n\n<div class=\"wp-block-kadence-column kadence-column12_22c498-45\"><div class=\"kt-inside-inner-col\">\n<div class=\"wp-block-kadence-advancedbtn kb-buttons-wrap kb-btns12_007624-7a\"><\/div>\n<\/div><\/div>\n\n\n\n\n\n<div class=\"wp-block-kadence-column kadence-column12_6d29c3-ca\"><div class=\"kt-inside-inner-col\">\n<p class=\"kt-adv-heading12_40a3d8-64 wp-block-kadence-advancedheading has-theme-palette-3-color has-text-color\" data-kb-block=\"kb-adv-heading12_40a3d8-64\">Use this space to add a medium length description. Be brief and give enough information to earn their attention.<\/p>\n<\/div><\/div>\n\n\n\n<div class=\"wp-block-kadence-column kadence-column12_1395fd-6d\"><div class=\"kt-inside-inner-col\">\n<div class=\"wp-block-kadence-image kb-image12_79ff4f-c0\"><figure class=\"aligncenter size-large kb-image-is-ratio-size\"><div class=\"kb-is-ratio-image kb-image-ratio-square\"><img loading=\"lazy\" decoding=\"async\" width=\"1024\" height=\"793\" src=\"https:\/\/law.prf.cuni.cz\/akce\/wp-content\/uploads\/sites\/29\/2025\/05\/Example-A-Roll-Image-1024x793-1.jpg\" alt=\"\" class=\"kb-img wp-image-1017\" \/><\/div><\/figure><\/div>\n<\/div><\/div>\n\n\n\n<div class=\"wp-block-kadence-column kadence-column12_e08a4a-9a\"><div class=\"kt-inside-inner-col\">\n<p class=\"kt-adv-heading12_180e9c-85 wp-block-kadence-advancedheading has-theme-palette-6-color has-text-color\" data-kb-block=\"kb-adv-heading12_180e9c-85\">Add a list item<\/p>\n<\/div><\/div>\n\n\n\n<div class=\"wp-block-kadence-column kadence-column12_586961-69\"><div class=\"kt-inside-inner-col\">\n<div class=\"wp-block-kadence-advancedbtn kb-buttons-wrap kb-btns12_5489f6-ff\"><\/div>\n<\/div><\/div>\n\n<\/div><\/div>\n\n\n\n\n<p><\/p>\n","protected":false},"excerpt":{"rendered":"","protected":false},"author":2,"featured_media":0,"parent":0,"menu_order":0,"comment_status":"closed","ping_status":"closed","template":"","meta":{"_monsterinsights_skip_tracking":false,"_monsterinsights_sitenote_active":false,"_monsterinsights_sitenote_note":"","_monsterinsights_sitenote_category":0,"_EventAllDay":false,"_EventTimezone":"","_EventStartDate":"","_EventEndDate":"","_EventStartDateUTC":"","_EventEndDateUTC":"","_EventShowMap":false,"_EventShowMapLink":false,"_EventURL":"","_EventCost":"","_EventCostDescription":"","_EventCurrencySymbol":"","_EventCurrencyCode":"","_EventCurrencyPosition":"","_EventDateTimeSeparator":"","_EventTimeRangeSeparator":"","_EventOrganizerID":[],"_EventVenueID":[],"_OrganizerEmail":"","_OrganizerPhone":"","_OrganizerWebsite":"","_VenueAddress":"","_VenueCity":"","_VenueCountry":"","_VenueProvince":"","_VenueState":"","_VenueZip":"","_VenuePhone":"","_VenueURL":"","_VenueStateProvince":"","_VenueLat":"","_VenueLng":"","_VenueShowMap":false,"_VenueShowMapLink":false,"_kadence_starter_templates_imported_post":true,"_kad_post_transparent":"","_kad_post_title":"hide","_kad_post_layout":"fullwidth","_kad_post_sidebar_id":"","_kad_post_content_style":"unboxed","_kad_post_vertical_padding":"hide","_kad_post_feature":"hide","_kad_post_feature_position":"","_kad_post_header":false,"_kad_post_footer":true,"_kad_post_classname":"","footnotes":""},"class_list":["post-12","page","type-page","status-publish","hentry"],"aioseo_notices":[],"_links":{"self":[{"href":"https:\/\/law.prf.cuni.cz\/akce\/wp-json\/wp\/v2\/pages\/12","targetHints":{"allow":["GET"]}}],"collection":[{"href":"https:\/\/law.prf.cuni.cz\/akce\/wp-json\/wp\/v2\/pages"}],"about":[{"href":"https:\/\/law.prf.cuni.cz\/akce\/wp-json\/wp\/v2\/types\/page"}],"author":[{"embeddable":true,"href":"https:\/\/law.prf.cuni.cz\/akce\/wp-json\/wp\/v2\/users\/2"}],"replies":[{"embeddable":true,"href":"https:\/\/law.prf.cuni.cz\/akce\/wp-json\/wp\/v2\/comments?post=12"}],"version-history":[{"count":18,"href":"https:\/\/law.prf.cuni.cz\/akce\/wp-json\/wp\/v2\/pages\/12\/revisions"}],"predecessor-version":[{"id":1086,"href":"https:\/\/law.prf.cuni.cz\/akce\/wp-json\/wp\/v2\/pages\/12\/revisions\/1086"}],"wp:attachment":[{"href":"https:\/\/law.prf.cuni.cz\/akce\/wp-json\/wp\/v2\/media?parent=12"}],"curies":[{"name":"wp","href":"https:\/\/api.w.org\/{rel}","templated":true}]}}