{"id":337,"date":"2024-03-14T18:17:53","date_gmt":"2024-03-14T17:17:53","guid":{"rendered":"https:\/\/law.prf.cuni.cz\/ai-public-sector\/zkusebni-stranka-2\/"},"modified":"2025-09-04T13:13:39","modified_gmt":"2025-09-04T11:13:39","slug":"zkusebni-stranka-2","status":"publish","type":"page","link":"https:\/\/law.prf.cuni.cz\/ai-public-sector\/","title":{"rendered":"Dom\u016f"},"content":{"rendered":"\n<div class=\"wp-block-group alignfull is-layout-flow wp-block-group-is-layout-flow\">\n<div class=\"wp-block-cover alignfull is-light\" style=\"min-height:600px;aspect-ratio:unset;\"><span aria-hidden=\"true\" class=\"wp-block-cover__background has-contrast-background-color has-background-dim\"><\/span><img loading=\"lazy\" decoding=\"async\" width=\"1792\" height=\"1024\" class=\"wp-block-cover__image-background wp-image-436\" alt=\"\" src=\"https:\/\/law.prf.cuni.cz\/ai-public-sector\/wp-content\/uploads\/sites\/31\/2025\/08\/DALL\u00b7E-7-1-1.webp\" data-object-fit=\"cover\"\/><div class=\"wp-block-cover__inner-container is-layout-flow wp-block-cover-is-layout-flow\">\n<p class=\"has-text-align-center has-base-color has-text-color has-medium-font-size has-x-large-font-size\">Conference<\/p>\n\n\n\n<h1 class=\"wp-block-heading has-text-align-center has-base-color has-text-color\"><strong>Swan song of the anthropocentric administration in Europe<\/strong><\/h1>\n\n\n\n<div style=\"height:5px\" aria-hidden=\"true\" class=\"wp-block-spacer\"><\/div>\n\n\n\n<p class=\"has-text-align-center has-base-color has-text-color has-medium-font-size has-large-font-size\">which will take place on <strong>27<sup>th<\/sup> and 28<sup>th<\/sup> November 2025<\/strong>, <br>in room 117 <strong>at the Law Faculty<\/strong>, N\u00e1m. Curieov\u00fdch 7, Praha 1<\/p>\n<\/div><\/div>\n<\/div>\n\n\n\n<div style=\"height:50px\" aria-hidden=\"true\" class=\"wp-block-spacer\"><\/div>\n\n\n\n<div class=\"wp-block-group is-layout-flow wp-block-group-is-layout-flow\">\n<p>Department of Administrative Law, Law Faculty at Charles University cordially invites you to the international conference<\/p>\n\n\n\n<p><strong>Swan song of the anthropocentric administration in Europe<\/strong><\/p>\n\n\n\n<p>which will take place <strong>on<\/strong> <strong>27<sup>th<\/sup> and 28<sup>th<\/sup> November 2025<\/strong>, <br><strong>in room 117 at the Law Faculty<\/strong>, <strong>N\u00e1m. Curieov\u00fdch 7, Praha 1<\/strong><\/p>\n<\/div>\n\n\n\n<div style=\"height:50px\" aria-hidden=\"true\" class=\"wp-block-spacer\"><\/div>\n\n\n\n<div class=\"wp-block-columns is-layout-flex wp-container-core-columns-is-layout-1 wp-block-columns-is-layout-flex\" id=\"registration\">\n<div class=\"wp-block-column is-layout-flow wp-block-column-is-layout-flow\">\n<div class=\"wp-block-buttons is-content-justification-center is-layout-flex wp-container-core-buttons-is-layout-1 wp-block-buttons-is-layout-flex\">\n<div class=\"wp-block-button\"><a class=\"wp-block-button__link wp-element-button\" href=\"https:\/\/forms.office.com\/Pages\/ResponsePage.aspx?id=2naS4DT5hkC_CIgWogQUosAE4U3ELiVIo9VD51aZL7JUNENQVllZTFVVOFkzT0NPRk5QS0FIUkoxVi4u\"><strong>Registration<\/strong><\/a><\/div>\n\n\n\n<div class=\"wp-block-button is-style-outline is-style-outline--1\"><a class=\"wp-block-button__link has-text-color has-link-color has-border-color wp-element-button\" href=\"https:\/\/law.prf.cuni.cz\/ai-public-sector\/wp-content\/uploads\/sites\/31\/2025\/08\/01082025Swansong31.pdf\" style=\"border-color:#d22f3f;color:#d22f3f\"><strong>Invitation &amp; Programme<\/strong><\/a><\/div>\n<\/div>\n<\/div>\n<\/div>\n\n\n\n<div style=\"height:50px\" aria-hidden=\"true\" class=\"wp-block-spacer\"><\/div>\n\n\n\n<h4 class=\"wp-block-heading\" id=\"programme\"><strong>PROGRAMME<\/strong><\/h4>\n\n\n\n<p class=\"has-medium-font-size\"><strong><em>Thursday, 27<sup>th<\/sup> November 2025<\/em><\/strong><\/p>\n\n\n\n<div style=\"height:10px\" aria-hidden=\"true\" class=\"wp-block-spacer\"><\/div>\n\n\n\n<p><strong>14.00 &#8211; Book presentation of Artificial Intelligence and Public Administration: A Journey. (Editoriale Scientifica, Napoli, 2025).<\/strong><\/p>\n\n\n\n<p class=\"has-accent-4-color has-text-color has-link-color has-medium-font-size wp-elements-9747d3b9e52b3e2635328459ca6627f1\">Prof. Diana Urania Galetta, University of Milan<br>moderated by Prof. Jakub Handrlica, Charles University<\/p>\n\n\n\n<div style=\"height:40px\" aria-hidden=\"true\" class=\"wp-block-spacer\"><\/div>\n\n\n\n<h4 class=\"wp-block-heading\"><strong>KEYNOTE SPEECHES<\/strong><\/h4>\n\n\n\n<p class=\"has-accent-4-color has-text-color has-link-color has-medium-font-size wp-elements-d24448cd53f29c718b9dbb557aef5577\">moderated by Prof. Jakub Handrlica, Charles University<\/p>\n\n\n\n<div style=\"height:10px\" aria-hidden=\"true\" class=\"wp-block-spacer\"><\/div>\n\n\n\n<p><strong>14.30 &#8211; AI and Interaction Between Machines and Humans in the EU Regulation of 2024: Discretionary Powers, Human Reserve and Human in the Loop in the Public Sector<\/strong><\/p>\n\n\n\n<p class=\"has-accent-4-color has-text-color has-link-color has-medium-font-size wp-elements-e426d1032d5121ecb6872794af1188b4\">Prof. Julio Ponce Sole, University of Barcelona<\/p>\n\n\n\n<p><strong>15.00 &#8211; The Council of Europe Framework Convention on Artificial Intelligence and Human Rights, Democracy and the Rule of Law: State of the Art<\/strong><\/p>\n\n\n\n<p class=\"has-accent-4-color has-text-color has-link-color has-medium-font-size wp-elements-d6da22601a25c76ccce9132b0c548c02\">Prof. Jacques Ziller, University of Pavia <em>&amp; University Paris 1 Panth\u00e9on-Sorbonne<\/em><\/p>\n\n\n\n<div style=\"height:40px\" aria-hidden=\"true\" class=\"wp-block-spacer\"><\/div>\n\n\n\n<p><strong>15.30 \u2013 16.00 coffee break<\/strong><\/p>\n\n\n\n<div style=\"height:40px\" aria-hidden=\"true\" class=\"wp-block-spacer\"><\/div>\n\n\n\n<h4 class=\"wp-block-heading\"><strong>1. USE OF AI IN THE NEWLY ADOPTED LEGISLATION IN EUROPE<\/strong><\/h4>\n\n\n\n<p class=\"has-accent-4-color has-text-color has-link-color has-medium-font-size wp-elements-d83fd6b1107bae021fd325cf2c2b53a0\">moderated by Prof. Diana Urania Galetta, University of Milan<\/p>\n\n\n\n<div style=\"height:10px\" aria-hidden=\"true\" class=\"wp-block-spacer\"><\/div>\n\n\n\n<p><strong>16.00 &#8211; Technology-driven harmonization? \u2013 The AI Act and its impact on national administrative authorities and courts<\/strong><\/p>\n\n\n\n<p class=\"has-accent-4-color has-text-color has-link-color has-medium-font-size wp-elements-6ff50948895276f90accacbbee8462df\">Pavl\u00edna Hubkov\u00e1, University of Exeter<\/p>\n\n\n\n<p><strong>16.20 \u2013 AI for Public Administration in Spain: regulatory framework and some practices on automated administration<\/strong><\/p>\n\n\n\n<p class=\"has-accent-4-color has-text-color has-link-color has-medium-font-size wp-elements-80b08e1a02bcbd4a4aed30c5a31da256\">Prof. Oscar Capdeferro Villagrasa, University of Barcelona<\/p>\n\n\n\n<div style=\"height:40px\" aria-hidden=\"true\" class=\"wp-block-spacer\"><\/div>\n\n\n\n<h4 class=\"wp-block-heading\"><strong>Discussants<\/strong><\/h4>\n\n\n\n<p class=\"has-accent-4-color has-text-color has-link-color has-medium-font-size wp-elements-9cf405edb9e537bc91120c33eef0ca16\">Prof. Cristina Fraenkel Haeberle, National Institute for Public Administration, Speyer (AI in the German Code of Administrative Procedure)<\/p>\n\n\n\n<p class=\"has-accent-4-color has-text-color has-link-color has-medium-font-size wp-elements-227210df9f37c3f655c4e29b430cc5e8\">Vladim\u00edr Sharp, Charles University (AI in the draft amendment of the Czech Code of Administrative Procedure)<\/p>\n\n\n\n<p class=\"has-accent-4-color has-text-color has-link-color has-medium-font-size wp-elements-35212fc63757ec1b45bbb520887c53be\">Diana Repi\u0161\u010d\u00e1kov\u00e1, Luk\u00e1\u0161 Jan\u010d\u00e1t, University of Ko\u0161ice (AI and the draft of a new legal framework in Slovakia)<\/p>\n\n\n\n<div style=\"height:40px\" aria-hidden=\"true\" class=\"wp-block-spacer\"><\/div>\n\n\n\n<p><strong>17.20 \u2013 AI in the Italian Public Administration: From Case Law to Cidification in the Public Contracts Code<\/strong><\/p>\n\n\n\n<p class=\"has-accent-4-color has-text-color has-link-color has-medium-font-size wp-elements-209db6c404e83443c91920c8bc9a7b23\">Corso Tozzi Martelli, University of Milan<\/p>\n\n\n\n<p><strong>17.40 &#8211; From Human to Robot Interpreters: Legal reflexions on the Draft Amendment to Foreign Nationals Residence Act<\/strong><\/p>\n\n\n\n<p class=\"has-accent-4-color has-text-color has-link-color has-medium-font-size wp-elements-fa617eba02637cc404160fa003a28a6a\">Kamila Balounov\u00e1, Charles University in Prague<\/p>\n\n\n\n<div style=\"height:10px\" aria-hidden=\"true\" class=\"wp-block-spacer\"><\/div>\n\n\n\n<p><strong>18.00 &#8211; 18.30 \u2013 discussion<\/strong><\/p>\n\n\n\n<p><strong>18.30 \u2013 end of the first day of the conference<\/strong><\/p>\n\n\n\n<p><strong>20.00 \u2013 dinner at Caf\u00e9 Louvre, N\u00e1rodn\u00ed 22, Praha 1 (for speakers and chairs)<\/strong> <\/p>\n\n\n\n<p class=\"has-accent-4-color has-text-color has-link-color has-medium-font-size wp-elements-ffaaf440a5f99918af40c6041a52ebcf\"><a href=\"https:\/\/www.cafelouvre.cz\/\">https:\/\/www.cafelouvre.cz\/<\/a><\/p>\n\n\n\n<div style=\"height:40px\" aria-hidden=\"true\" class=\"wp-block-spacer\"><\/div>\n\n\n\n<p class=\"has-medium-font-size\"><strong><em>Friday, 28<sup>th<\/sup> November 2025<\/em><\/strong><\/p>\n\n\n\n<p><strong>9.30 \u2013 10.00 \u2013 coffee time<\/strong><\/p>\n\n\n\n<div style=\"height:40px\" aria-hidden=\"true\" class=\"wp-block-spacer\"><\/div>\n\n\n\n<h4 class=\"wp-block-heading\"><strong>2. AI IN THE ADMINISTRATIVE PRACTICE IN EUROPE TODAY<\/strong><\/h4>\n\n\n\n<p class=\"has-accent-4-color has-text-color has-link-color has-medium-font-size wp-elements-04d01bcc15876a8702821c63b9f2f8e1\">moderated by Prof. Oscar Capdeferro Villagrasa, University of Barcelona<\/p>\n\n\n\n<div style=\"height:10px\" aria-hidden=\"true\" class=\"wp-block-spacer\"><\/div>\n\n\n\n<p><strong>10.00 \u2013 Access to Healthcare: Managing Waiting Lists through the Italian National Platform<\/strong><\/p>\n\n\n\n<p class=\"has-accent-4-color has-text-color has-link-color has-medium-font-size wp-elements-42bae4c46650774db22782a97df81e3a\">Alessia Monica, University of Milan<\/p>\n\n\n\n<p><strong>10.15 &#8211; Trusting the authorities use of AI \u2013 the Swiss &#8218;terms of uses&#8216; at the forefront<\/strong><\/p>\n\n\n\n<p class=\"has-accent-4-color has-text-color has-link-color has-medium-font-size wp-elements-db305782544845e5d3ea029dbbf62866\">Marc-Olivier Buslinger, University of Geneva<\/p>\n\n\n\n<p><strong>10.30 \u2013 Environmental Sustainability Meets Digital Innovation: The Legal Architecture of Carbon Credits in Italy in Light of EU Law \u2013 Practical Issues and Implementation Challenges<\/strong><\/p>\n\n\n\n<p class=\"has-accent-4-color has-text-color has-link-color has-medium-font-size wp-elements-02dddcc6b2e4d4446af5f482c7d0d7ed\">Leonardo Scuto, University of Milan<\/p>\n\n\n\n<p><strong>10.45 &#8211; AI administration in construction: Vienna\u2019s Innovative Solution<\/strong><\/p>\n\n\n\n<p class=\"has-accent-4-color has-text-color has-link-color has-medium-font-size wp-elements-e1c3a039758080180d240c8422083695\">Radka Semancov\u00e1, University of Trnava<\/p>\n\n\n\n<p><strong>11.00 &#8211; Administrative Modernization Through AI: The Case of the Information and Analytical System for Internally Displaced Persons in Ukraine (title TBC)<\/strong><\/p>\n\n\n\n<p class=\"has-accent-4-color has-text-color has-link-color has-medium-font-size wp-elements-49adb4f6b513f42f03f3f35838cbec16\">Liliia Serhiichuk, Natalya Isayeva, Charles University in Prague<\/p>\n\n\n\n<p><strong>11.15 &#8211; Disinformarmation in xAI\u2019s Grok system prompts &#8211; freedom of expression revisited<\/strong><\/p>\n\n\n\n<p class=\"has-accent-4-color has-text-color has-link-color has-medium-font-size wp-elements-0d9aa0a690b168a5d77e0fee1f8d08a6\">Sylva \u0158ezn\u00edkov\u00e1, Charles University in Prague<\/p>\n\n\n\n<div style=\"height:10px\" aria-hidden=\"true\" class=\"wp-block-spacer\"><\/div>\n\n\n\n<p><strong>11.30 \u2013 12.00 \u2013 discussion<\/strong><\/p>\n\n\n\n<p><strong>12.00 \u2013 12.30 &#8211; coffee break<\/strong><\/p>\n\n\n\n<div style=\"height:40px\" aria-hidden=\"true\" class=\"wp-block-spacer\"><\/div>\n\n\n\n<h4 class=\"wp-block-heading\"><strong>3. TOWARDS A FUTURE USE OF AI IN PUBLIC ADMINISTRATION<\/strong><\/h4>\n\n\n\n<p class=\"has-accent-4-color has-text-color has-link-color has-medium-font-size wp-elements-c05a29dffa45c7bec7e19e32f9b138b0\">moderated by Prof. Jacques Ziller, University of Pavia &amp; University Paris 1 Panth\u00e9on-Sorbonne<\/p>\n\n\n\n<div style=\"height:10px\" aria-hidden=\"true\" class=\"wp-block-spacer\"><\/div>\n\n\n\n<p><strong>12.30 &#8211; Supervision of Financial and Economic Activities Based on AI: Any Limits to Be Set?<\/strong><\/p>\n\n\n\n<p class=\"has-accent-4-color has-text-color has-link-color has-medium-font-size wp-elements-9823a823bcd7973d458c33651cbc5692\">Prof. Adrien Alberini, University of Geneva<\/p>\n\n\n\n<p><strong>12.45 &#8211; Possibilities and challenges of using administrative discretion in AI controlled administrative processes<\/strong><\/p>\n\n\n\n<p class=\"has-accent-4-color has-text-color has-link-color has-medium-font-size wp-elements-7bfd6fdfdb3ad3e221dc5d7cfe76a4bc\">Prof. Radom\u00edr Jakab, University of Ko\u0161ice<\/p>\n\n\n\n<p><strong>13.00 &#8211; Space Algorithms: Can Current Regulation Keep Up with AI Beyond Earth?<\/strong><\/p>\n\n\n\n<p class=\"has-accent-4-color has-text-color has-link-color has-medium-font-size wp-elements-79a57efb05abc82e06a4ff4e1a3b487c\">Kristyna \u0160opkov\u00e1, Charles University in Prague<\/p>\n\n\n\n<p><strong>13.15 \u2013 Closing remarks: New Principles of Administrative Law in the Era of AI?<\/strong><\/p>\n\n\n\n<p class=\"has-accent-4-color has-text-color has-link-color has-medium-font-size wp-elements-c4b178833372edeea45fff3e3e9f2794\">Prof. Richard Pomaha\u010d, Charles University in Prague<\/p>\n\n\n\n<div style=\"height:10px\" aria-hidden=\"true\" class=\"wp-block-spacer\"><\/div>\n\n\n\n<p><strong>13.30 \u2013 light lunch<\/strong><\/p>\n\n\n\n<div style=\"height:50px\" aria-hidden=\"true\" class=\"wp-block-spacer\"><\/div>\n\n\n\n<p class=\"has-text-align-center has-medium-font-size\"><strong>This conference is being organised under the umbrella of the project <\/strong><br><strong>\u201eEurope: A Laboratory of a Digital State\u201c<\/strong><br><strong>supported by the 4 EU+ European University Alliance.<\/strong><\/p>\n\n\n\n<figure class=\"wp-block-image aligncenter size-full is-resized\"><img loading=\"lazy\" decoding=\"async\" width=\"800\" height=\"347\" src=\"https:\/\/law.prf.cuni.cz\/ai-public-sector\/wp-content\/uploads\/sites\/31\/2025\/08\/800px-Logo-4eu.png\" alt=\"\" class=\"wp-image-475\" style=\"width:459px;height:auto\"\/><\/figure>\n\n\n\n<div style=\"height:40px\" aria-hidden=\"true\" class=\"wp-block-spacer\"><\/div>\n\n\n\n<p class=\"has-text-align-center has-medium-font-size\"><strong>The conference is being organised with kind support of:<\/strong><\/p>\n\n\n\n<figure class=\"wp-block-image aligncenter size-full is-resized\"><img loading=\"lazy\" decoding=\"async\" width=\"1400\" height=\"300\" src=\"https:\/\/law.prf.cuni.cz\/ai-public-sector\/wp-content\/uploads\/sites\/31\/2025\/08\/white-case-logo-new-wwh-4-15-2015.jpg\" alt=\"\" class=\"wp-image-478\" style=\"width:616px;height:auto\"\/><\/figure>\n\n\n\n<div style=\"height:50px\" aria-hidden=\"true\" class=\"wp-block-spacer\"><\/div>\n\n\n\n<h4 class=\"wp-block-heading\" id=\"about-speakers\"><strong>ABOUT THE SPEAKERS<\/strong><\/h4>\n\n\n\n<p><em><strong>Prof. Diana Urania Galetta<\/strong> is Full Professor of Administrative Law at the Law Faculty, University of Milan. She holds an university Degree cum laude both in Law and in Political Science (Universit\u00e0 degli Studi di Milano), as well as an LL.M. degree cum laude (Osnabr\u00fcck University- Germany). Professor Galetta is Deputy Director of the Department of Italian and Supranational Public Law and Director of the PhD Program in Public, International and EU Law at the University of Milan. She is member of Societas Juris Publici Europei (SIPE) and the Italian association of Administrative Law professors. She i salso the Editor-in-Chief of the journal CERIDAP.<\/em><\/p>\n\n\n\n<p><em><strong>Prof. Jakub Handrlica<\/strong> is Full Professor of Administrative Law and Vice-Dean for Postgraduate Studies at the Law Faculty, Charles University. He is also the principal investigator of the 4 EU+ project \u201eEurope: A Laboratory of a Digital State\u201d, under which this conference is being organised.<\/em><\/p>\n\n\n\n<p><em><strong>Prof. Julio Ponce Sole<\/strong> is Full Professor of Administrative Law at the Law Faculty, University of Barcelona, a former Assistant Dean at the University of Barcelona Law School, a former Director of the Public Administration School of Catalonia and a former Director of the TransJus, the transdisciplinary research institute at the University of Barcelona Law School which develops research activities in the fields of Law, Political Science, Criminology and Public Management, exploring their links with Neurosciences, Economics and other sciences.<\/em><\/p>\n\n\n\n<p><em><strong>Prof. Jacques Ziller<\/strong> is Former Full Professor of European Union Law at the University of Pavia, Former Professor of Comparative Public Law and European Union Law at the European University Institute of Fiesole, and Former Professor of Public Law at the University Paris 1 Panth\u00e9on-Sorbonne.<\/em><\/p>\n\n\n\n<p><em><strong>JUDr. Pavl\u00edna Hubkov\u00e1, Ph.D.<\/strong> <em>is a research fellow at the University of Exeter<\/em>.<\/em><\/p>\n\n\n\n<p><em><strong>Prof. Oscar Capdeferro Villagrasa<\/strong> is Professor of Administrative Law at the University of Barcelona and winner of the 2015 Ferrer Eguiz\u00e1bal Legal Prize in Administrative Law.<\/em><\/p>\n\n\n\n<p><em><strong>Prof. Cristina Fraenkel Haeberle<\/strong> is Senior Researcher and the National Institute for Public Administration, Speyer.<\/em><\/p>\n\n\n\n<p><em><strong>JUDr. Vladim\u00edr Sharp, Ph.D.<\/strong> is Senior Lecturer at the Law Faculty, Charles University.<\/em><\/p>\n\n\n\n<p><em><strong>JUDr. Diana Repi\u0161\u010d\u00e1kov\u00e1, Ph.D.<\/strong> is Senior Lecturer at the Law Faculty, University of Ko\u0161ice.<\/em> <em>She is also the co-investigator of the research project supported by the Scientific Grant Agency VEGA no. 1\/0062\/25 \u201eAutomatization of decion-making processes in public administration\u201d.<\/em><\/p>\n\n\n\n<p><em><strong>JUDr. Luk\u00e1\u0161 Jan\u010d\u00e1t, Ph.D.<\/strong> is Senior Lecturer at the Law Faculty, University of Ko\u0161ice.<\/em> <em>He is also the co-investigator of the research project supported by the Scientific Grant Agency VEGA no. 1\/0062\/25 \u201eAutomatization of decion-making processes in public administration\u201d.<\/em><\/p>\n\n\n\n<p><em><strong>Dr. Corso Tozzi Martelli<\/strong> is Researcher in Administrative Law at the Law Faculty, University of Milan.<\/em><\/p>\n\n\n\n<p><em><strong>Mgr. et Mgr. Kamila Balounov\u00e1<\/strong> is Lecturer at the Law Faculty, Charles University.<\/em><\/p>\n\n\n\n<p><em><strong>Dr. Alessia Monica<\/strong> is Senior Researcher in Administrative Law at the Law Faculty, University of Milan.<\/em><\/p>\n\n\n\n<p><em><strong>Marc-Olivier Buslinger<\/strong> is a Ph.D. student at the Law Faculty, University of Geneva.<\/em><\/p>\n\n\n\n<p><em><strong>Dr. Leonardo Scuto<\/strong> is Researcher in Administrative Law at the Law Faculty, University of Milan.<\/em><\/p>\n\n\n\n<p><em><strong>Radka Semancov\u00e1<\/strong> is a Ph.D. student at the Law Faculty, University of Trnava.<\/em><\/p>\n\n\n\n<p><em><strong>Liliia Serhiichuk<\/strong> is a Ph.D. student at the Law Faculty, Charles University.<\/em><\/p>\n\n\n\n<p><em><strong>Natalya Isayeva<\/strong> is a Ph.D. student at the Law Faculty, Charles University.<\/em> <em>Nataliya is a co-founder&nbsp;and Board member&nbsp;of the Czech-Ukrainian Scientific Society. She is also a practicing attorney in both Ukraine and the Czech Republic.<\/em><\/p>\n\n\n\n<p><em><strong>JUDr. Sylva \u0158ezn\u00edkov\u00e1, Ph.D.<\/strong> Senior Researcher in Administrative Law at the Law Faculty, Charles University.<\/em><\/p>\n\n\n\n<p><em><strong>Prof. Adrien Alberini <\/strong>is Full Professor at the Law Faculty, University of Geneva.<\/em><\/p>\n\n\n\n<p><em><strong>Prof. Radom\u00edr Jakab<\/strong> is Associate Professor at the Law Faculty, University of Ko\u0161ice<em>and Former Vice-Dean for scientific research, PhD. study and further education at the same faculty. He is also the principal investigator of the research project supported by the Scientific Grant Agency VEGA no. 1\/0062\/25 \u201eAutomatization of decision-making processes in public administration\u201d.<\/em>\u00a0<\/em><\/p>\n\n\n\n<p><em><strong>Krist\u00fdna \u0160opkov\u00e1<\/strong> is a Ph.D. student at the Law Faculty, Charles University.<\/em><\/p>\n\n\n\n<p><em><strong>Prof. Richard Pomaha\u010d<\/strong> is Full Professor at the Law Faculty, Charles University.<\/em><\/p>\n\n\n\n<div style=\"height:100px\" aria-hidden=\"true\" class=\"wp-block-spacer\"><\/div>\n","protected":false},"excerpt":{"rendered":"<p>Department of Administrative Law, Law Faculty at Charles University cordially invites you to the international conference Swan song of the anthropocentric administration in Europe which will take place on 27th and 28th November 2025, in room 117 at the Law Faculty, N\u00e1m. Curieov\u00fdch 7, Praha 1 PROGRAMME Thursday, 27th November 2025 14.00 &#8211; Book presentation [&hellip;]<\/p>\n","protected":false},"author":1,"featured_media":0,"parent":0,"menu_order":1,"comment_status":"closed","ping_status":"closed","template":"","meta":{"_monsterinsights_skip_tracking":false,"_monsterinsights_sitenote_active":false,"_monsterinsights_sitenote_note":"","_monsterinsights_sitenote_category":0,"_kadence_starter_templates_imported_post":false,"footnotes":""},"class_list":["post-337","page","type-page","status-publish","hentry"],"aioseo_notices":[],"_links":{"self":[{"href":"https:\/\/law.prf.cuni.cz\/ai-public-sector\/wp-json\/wp\/v2\/pages\/337","targetHints":{"allow":["GET"]}}],"collection":[{"href":"https:\/\/law.prf.cuni.cz\/ai-public-sector\/wp-json\/wp\/v2\/pages"}],"about":[{"href":"https:\/\/law.prf.cuni.cz\/ai-public-sector\/wp-json\/wp\/v2\/types\/page"}],"author":[{"embeddable":true,"href":"https:\/\/law.prf.cuni.cz\/ai-public-sector\/wp-json\/wp\/v2\/users\/1"}],"replies":[{"embeddable":true,"href":"https:\/\/law.prf.cuni.cz\/ai-public-sector\/wp-json\/wp\/v2\/comments?post=337"}],"version-history":[{"count":46,"href":"https:\/\/law.prf.cuni.cz\/ai-public-sector\/wp-json\/wp\/v2\/pages\/337\/revisions"}],"predecessor-version":[{"id":507,"href":"https:\/\/law.prf.cuni.cz\/ai-public-sector\/wp-json\/wp\/v2\/pages\/337\/revisions\/507"}],"wp:attachment":[{"href":"https:\/\/law.prf.cuni.cz\/ai-public-sector\/wp-json\/wp\/v2\/media?parent=337"}],"curies":[{"name":"wp","href":"https:\/\/api.w.org\/{rel}","templated":true}]}}